{"id":1659,"date":"2024-11-28T14:19:38","date_gmt":"2024-11-28T14:19:38","guid":{"rendered":"https:\/\/florisicadouri.ro\/?post_type=product&#038;p=1659"},"modified":"2026-02-23T14:00:35","modified_gmt":"2026-02-23T12:00:35","slug":"aranjament-floral-classical-flowerbox","status":"publish","type":"product","link":"https:\/\/florisicadouri.ro\/en\/product\/aranjament-floral-classical-flowerbox\/","title":{"rendered":"ARANJAMENT FLORAL \u201dClassical flowerbox\u201d"},"content":{"rendered":"","protected":false},"excerpt":{"rendered":"<p><strong>Acest produs se livreaz\u0103 doar pe raza municipiului lui Cluj Napoca.<\/strong><br \/>\nAcest aranjament floral delicat \u00een cutie impresioneaz\u0103 prin rafinament, armonie cromatic\u0103 \u0219i aten\u021bia acordat\u0103 detaliilor. Realizat \u00eentr-o cutie elegant\u0103, de culoare deschis\u0103, aranjamentul \u00eembin\u0103 hortensia roz pastel \u2013 piesa central\u0103 a compozi\u021biei \u2013 cu trandafiri albi catifela\u021bi, trandafiri miniaturali, lisianthus \u0219i accente fine de verdea\u021b\u0103 natural\u0103.<br \/>\nAccesorizat cu o panglic\u0103 satinat\u0103 roz pal, acest aranjament este ideal pentru a transmite emo\u021bie, tandre\u021be \u0219i apreciere. Se potrive\u0219te perfect ca dar pentru anivers\u0103ri, zile de na\u0219tere, botez, mul\u021bumire sau momente speciale, dar \u0219i ca element decorativ elegant \u00eentr-un living sau birou.<br \/>\nFiecare aranjament este realizat manual, iar florile pot varia u\u0219or \u00een func\u021bie de sezonalitate, p\u0103str\u00e2nd \u00eens\u0103 stilul, cromatica \u0219i elegan\u021ba prezentate.<\/p>\n<p><strong>Completeaz\u0103 cadoul t\u0103u cu:<\/strong><\/p>\n<p><a href=\"https:\/\/florisicadouri.ro\/index.php\/product-category\/ciocolata\/\"><img loading=\"lazy\" decoding=\"async\" class=\"alignnone wp-image-1633 size-full\" src=\"https:\/\/florisicadouri.ro\/wp-content\/uploads\/2016\/11\/9025711112222-150x150-1.jpg\" alt=\"\" width=\"164\" height=\"150\" \/><\/a> <a href=\"https:\/\/florisicadouri.ro\/index.php\/product-category\/vinuri\/\"><img loading=\"lazy\" decoding=\"async\" class=\"alignnone size-full wp-image-1637\" src=\"https:\/\/florisicadouri.ro\/wp-content\/uploads\/2016\/11\/aurelia-visinescu-karakter-rose-1.jpg\" alt=\"\" width=\"84\" height=\"150\" \/><\/a><a href=\"https:\/\/florisicadouri.ro\/index.php\/product-category\/jucarii-plus\/\"><img loading=\"lazy\" decoding=\"async\" class=\"alignnone size-full wp-image-1636\" src=\"https:\/\/florisicadouri.ro\/wp-content\/uploads\/2016\/11\/th-150x150-1.jpg\" alt=\"\" width=\"150\" height=\"150\" srcset=\"https:\/\/florisicadouri.ro\/wp-content\/uploads\/2016\/11\/th-150x150-1.jpg 150w, https:\/\/florisicadouri.ro\/wp-content\/uploads\/2016\/11\/th-150x150-1-80x80.jpg 80w, https:\/\/florisicadouri.ro\/wp-content\/uploads\/2016\/11\/th-150x150-1-100x100.jpg 100w, https:\/\/florisicadouri.ro\/wp-content\/uploads\/2016\/11\/th-150x150-1-96x96.jpg 96w\" sizes=\"auto, (max-width: 150px) 100vw, 150px\" \/><\/a><a href=\"https:\/\/florisicadouri.ro\/index.php\/product-category\/ceai\/\"><img loading=\"lazy\" decoding=\"async\" class=\"alignnone wp-image-1648 size-full\" src=\"https:\/\/florisicadouri.ro\/wp-content\/uploads\/2024\/11\/file-copy.jpg\" alt=\"\" width=\"88\" height=\"150\" \/><\/a><br \/>\n\u00cengrijire: A\u0219eza\u021bi florile departe de surse de c\u0103ldur\u0103 sau expunerea direct\u0103 la soare.<br \/>\nAceste produse nu sunt destinate consumului uman, sunt perisabile \u0219i nu se pot returna<br \/>\nRecomand\u0103m verificarea telefonic\u0103 a disponibilit\u0103\u021bii produsului \u00eenainte de finalizarea comenzii.<\/p>\n","protected":false},"featured_media":4033,"template":"","meta":[],"product_brand":[],"product_cat":[81,87],"product_tag":[],"class_list":{"0":"post-1659","1":"product","2":"type-product","3":"status-publish","4":"has-post-thumbnail","6":"product_cat-aranjamente-flori-naturale","7":"product_cat-flori-si-cadouri-absolvire","9":"first","10":"instock","11":"shipping-taxable","12":"purchasable","13":"product-type-simple"},"yoast_head":"<!-- This site is optimized with the Yoast SEO plugin v27.4 - https:\/\/yoast.com\/product\/yoast-seo-wordpress\/ -->\n<title>ARANJAMENT FLORAL \u201dClassical flowerbox\u201d - Flori si Cadouri<\/title>\n<meta name=\"description\" content=\"Aranjament floral delicat \u00een nuan\u021be pastel, cu hortensie roz, trandafiri crem \u0219i accente fine, ideal pentru cadouri elegante \u0219i momente speciale.\" \/>\n<meta name=\"robots\" content=\"index, follow, max-snippet:-1, max-image-preview:large, max-video-preview:-1\" \/>\n<link rel=\"canonical\" href=\"https:\/\/florisicadouri.ro\/en\/product\/aranjament-floral-classical-flowerbox\/\" \/>\n<meta property=\"og:locale\" content=\"en_US\" \/>\n<meta property=\"og:type\" content=\"article\" \/>\n<meta property=\"og:title\" content=\"ARANJAMENT FLORAL \u201dClassical flowerbox\u201d - Flori si Cadouri\" \/>\n<meta property=\"og:description\" content=\"Aranjament floral delicat \u00een nuan\u021be pastel, cu hortensie roz, trandafiri crem \u0219i accente fine, ideal pentru cadouri elegante \u0219i momente speciale.\" \/>\n<meta property=\"og:url\" content=\"https:\/\/florisicadouri.ro\/en\/product\/aranjament-floral-classical-flowerbox\/\" \/>\n<meta property=\"og:site_name\" content=\"Flori si Cadouri\" \/>\n<meta property=\"article:modified_time\" content=\"2026-02-23T12:00:35+00:00\" \/>\n<meta property=\"og:image\" content=\"https:\/\/florisicadouri.ro\/wp-content\/uploads\/2026\/02\/ARANJAMENT-FLORAL-CLASSICAL-FLOWERBOX.webp\" \/>\n\t<meta property=\"og:image:width\" content=\"1024\" \/>\n\t<meta property=\"og:image:height\" content=\"1024\" \/>\n\t<meta property=\"og:image:type\" content=\"image\/webp\" \/>\n<meta name=\"twitter:card\" content=\"summary_large_image\" \/>\n<meta name=\"twitter:label1\" content=\"Est. reading time\" \/>\n\t<meta name=\"twitter:data1\" content=\"1 minute\" \/>\n<script type=\"application\/ld+json\" class=\"yoast-schema-graph\">{\"@context\":\"https:\\\/\\\/schema.org\",\"@graph\":[{\"@type\":\"WebPage\",\"@id\":\"https:\\\/\\\/florisicadouri.ro\\\/en\\\/product\\\/aranjament-floral-classical-flowerbox\\\/\",\"url\":\"https:\\\/\\\/florisicadouri.ro\\\/en\\\/product\\\/aranjament-floral-classical-flowerbox\\\/\",\"name\":\"ARANJAMENT FLORAL \u201dClassical flowerbox\u201d - Flori si Cadouri\",\"isPartOf\":{\"@id\":\"https:\\\/\\\/florisicadouri.ro\\\/en\\\/#website\"},\"primaryImageOfPage\":{\"@id\":\"https:\\\/\\\/florisicadouri.ro\\\/en\\\/product\\\/aranjament-floral-classical-flowerbox\\\/#primaryimage\"},\"image\":{\"@id\":\"https:\\\/\\\/florisicadouri.ro\\\/en\\\/product\\\/aranjament-floral-classical-flowerbox\\\/#primaryimage\"},\"thumbnailUrl\":\"https:\\\/\\\/florisicadouri.ro\\\/wp-content\\\/uploads\\\/2026\\\/02\\\/ARANJAMENT-FLORAL-CLASSICAL-FLOWERBOX.webp\",\"datePublished\":\"2024-11-28T14:19:38+00:00\",\"dateModified\":\"2026-02-23T12:00:35+00:00\",\"description\":\"Aranjament floral delicat \u00een nuan\u021be pastel, cu hortensie roz, trandafiri crem \u0219i accente fine, ideal pentru cadouri elegante \u0219i momente speciale.\",\"breadcrumb\":{\"@id\":\"https:\\\/\\\/florisicadouri.ro\\\/en\\\/product\\\/aranjament-floral-classical-flowerbox\\\/#breadcrumb\"},\"inLanguage\":\"en-US\",\"potentialAction\":[{\"@type\":\"ReadAction\",\"target\":[\"https:\\\/\\\/florisicadouri.ro\\\/en\\\/product\\\/aranjament-floral-classical-flowerbox\\\/\"]}]},{\"@type\":\"ImageObject\",\"inLanguage\":\"en-US\",\"@id\":\"https:\\\/\\\/florisicadouri.ro\\\/en\\\/product\\\/aranjament-floral-classical-flowerbox\\\/#primaryimage\",\"url\":\"https:\\\/\\\/florisicadouri.ro\\\/wp-content\\\/uploads\\\/2026\\\/02\\\/ARANJAMENT-FLORAL-CLASSICAL-FLOWERBOX.webp\",\"contentUrl\":\"https:\\\/\\\/florisicadouri.ro\\\/wp-content\\\/uploads\\\/2026\\\/02\\\/ARANJAMENT-FLORAL-CLASSICAL-FLOWERBOX.webp\",\"width\":1024,\"height\":1024},{\"@type\":\"BreadcrumbList\",\"@id\":\"https:\\\/\\\/florisicadouri.ro\\\/en\\\/product\\\/aranjament-floral-classical-flowerbox\\\/#breadcrumb\",\"itemListElement\":[{\"@type\":\"ListItem\",\"position\":1,\"name\":\"Prima pagin\u0103\",\"item\":\"https:\\\/\\\/florisicadouri.ro\\\/en\\\/\"},{\"@type\":\"ListItem\",\"position\":2,\"name\":\"Shop\",\"item\":\"https:\\\/\\\/florisicadouri.ro\\\/en\\\/shop\\\/\"},{\"@type\":\"ListItem\",\"position\":3,\"name\":\"ARANJAMENT FLORAL \u201dClassical flowerbox\u201d\"}]},{\"@type\":\"WebSite\",\"@id\":\"https:\\\/\\\/florisicadouri.ro\\\/en\\\/#website\",\"url\":\"https:\\\/\\\/florisicadouri.ro\\\/en\\\/\",\"name\":\"Flori\",\"description\":\"\",\"potentialAction\":[{\"@type\":\"SearchAction\",\"target\":{\"@type\":\"EntryPoint\",\"urlTemplate\":\"https:\\\/\\\/florisicadouri.ro\\\/en\\\/?s={search_term_string}\"},\"query-input\":{\"@type\":\"PropertyValueSpecification\",\"valueRequired\":true,\"valueName\":\"search_term_string\"}}],\"inLanguage\":\"en-US\"}]}<\/script>\n<!-- \/ Yoast SEO plugin. -->","yoast_head_json":{"title":"ARANJAMENT FLORAL \u201dClassical flowerbox\u201d - Flori si Cadouri","description":"Aranjament floral delicat \u00een nuan\u021be pastel, cu hortensie roz, trandafiri crem \u0219i accente fine, ideal pentru cadouri elegante \u0219i momente speciale.","robots":{"index":"index","follow":"follow","max-snippet":"max-snippet:-1","max-image-preview":"max-image-preview:large","max-video-preview":"max-video-preview:-1"},"canonical":"https:\/\/florisicadouri.ro\/en\/product\/aranjament-floral-classical-flowerbox\/","og_locale":"en_US","og_type":"article","og_title":"ARANJAMENT FLORAL \u201dClassical flowerbox\u201d - Flori si Cadouri","og_description":"Aranjament floral delicat \u00een nuan\u021be pastel, cu hortensie roz, trandafiri crem \u0219i accente fine, ideal pentru cadouri elegante \u0219i momente speciale.","og_url":"https:\/\/florisicadouri.ro\/en\/product\/aranjament-floral-classical-flowerbox\/","og_site_name":"Flori si Cadouri","article_modified_time":"2026-02-23T12:00:35+00:00","og_image":[{"width":1024,"height":1024,"url":"https:\/\/florisicadouri.ro\/wp-content\/uploads\/2026\/02\/ARANJAMENT-FLORAL-CLASSICAL-FLOWERBOX.webp","type":"image\/webp"}],"twitter_card":"summary_large_image","twitter_misc":{"Est. reading time":"1 minute"},"schema":{"@context":"https:\/\/schema.org","@graph":[{"@type":"WebPage","@id":"https:\/\/florisicadouri.ro\/en\/product\/aranjament-floral-classical-flowerbox\/","url":"https:\/\/florisicadouri.ro\/en\/product\/aranjament-floral-classical-flowerbox\/","name":"ARANJAMENT FLORAL \u201dClassical flowerbox\u201d - Flori si Cadouri","isPartOf":{"@id":"https:\/\/florisicadouri.ro\/en\/#website"},"primaryImageOfPage":{"@id":"https:\/\/florisicadouri.ro\/en\/product\/aranjament-floral-classical-flowerbox\/#primaryimage"},"image":{"@id":"https:\/\/florisicadouri.ro\/en\/product\/aranjament-floral-classical-flowerbox\/#primaryimage"},"thumbnailUrl":"https:\/\/florisicadouri.ro\/wp-content\/uploads\/2026\/02\/ARANJAMENT-FLORAL-CLASSICAL-FLOWERBOX.webp","datePublished":"2024-11-28T14:19:38+00:00","dateModified":"2026-02-23T12:00:35+00:00","description":"Aranjament floral delicat \u00een nuan\u021be pastel, cu hortensie roz, trandafiri crem \u0219i accente fine, ideal pentru cadouri elegante \u0219i momente speciale.","breadcrumb":{"@id":"https:\/\/florisicadouri.ro\/en\/product\/aranjament-floral-classical-flowerbox\/#breadcrumb"},"inLanguage":"en-US","potentialAction":[{"@type":"ReadAction","target":["https:\/\/florisicadouri.ro\/en\/product\/aranjament-floral-classical-flowerbox\/"]}]},{"@type":"ImageObject","inLanguage":"en-US","@id":"https:\/\/florisicadouri.ro\/en\/product\/aranjament-floral-classical-flowerbox\/#primaryimage","url":"https:\/\/florisicadouri.ro\/wp-content\/uploads\/2026\/02\/ARANJAMENT-FLORAL-CLASSICAL-FLOWERBOX.webp","contentUrl":"https:\/\/florisicadouri.ro\/wp-content\/uploads\/2026\/02\/ARANJAMENT-FLORAL-CLASSICAL-FLOWERBOX.webp","width":1024,"height":1024},{"@type":"BreadcrumbList","@id":"https:\/\/florisicadouri.ro\/en\/product\/aranjament-floral-classical-flowerbox\/#breadcrumb","itemListElement":[{"@type":"ListItem","position":1,"name":"Prima pagin\u0103","item":"https:\/\/florisicadouri.ro\/en\/"},{"@type":"ListItem","position":2,"name":"Shop","item":"https:\/\/florisicadouri.ro\/en\/shop\/"},{"@type":"ListItem","position":3,"name":"ARANJAMENT FLORAL \u201dClassical flowerbox\u201d"}]},{"@type":"WebSite","@id":"https:\/\/florisicadouri.ro\/en\/#website","url":"https:\/\/florisicadouri.ro\/en\/","name":"Flori","description":"","potentialAction":[{"@type":"SearchAction","target":{"@type":"EntryPoint","urlTemplate":"https:\/\/florisicadouri.ro\/en\/?s={search_term_string}"},"query-input":{"@type":"PropertyValueSpecification","valueRequired":true,"valueName":"search_term_string"}}],"inLanguage":"en-US"}]}},"_links":{"self":[{"href":"https:\/\/florisicadouri.ro\/en\/wp-json\/wp\/v2\/product\/1659","targetHints":{"allow":["GET"]}}],"collection":[{"href":"https:\/\/florisicadouri.ro\/en\/wp-json\/wp\/v2\/product"}],"about":[{"href":"https:\/\/florisicadouri.ro\/en\/wp-json\/wp\/v2\/types\/product"}],"wp:featuredmedia":[{"embeddable":true,"href":"https:\/\/florisicadouri.ro\/en\/wp-json\/wp\/v2\/media\/4033"}],"wp:attachment":[{"href":"https:\/\/florisicadouri.ro\/en\/wp-json\/wp\/v2\/media?parent=1659"}],"wp:term":[{"taxonomy":"product_brand","embeddable":true,"href":"https:\/\/florisicadouri.ro\/en\/wp-json\/wp\/v2\/product_brand?post=1659"},{"taxonomy":"product_cat","embeddable":true,"href":"https:\/\/florisicadouri.ro\/en\/wp-json\/wp\/v2\/product_cat?post=1659"},{"taxonomy":"product_tag","embeddable":true,"href":"https:\/\/florisicadouri.ro\/en\/wp-json\/wp\/v2\/product_tag?post=1659"}],"curies":[{"name":"wp","href":"https:\/\/api.w.org\/{rel}","templated":true}]}}