{"id":1748,"date":"2024-11-29T02:41:22","date_gmt":"2024-11-29T02:41:22","guid":{"rendered":"https:\/\/florisicadouri.ro\/?post_type=product&#038;p=1748"},"modified":"2024-11-29T02:41:22","modified_gmt":"2024-11-29T02:41:22","slug":"tablou-licheni-copacul-tanarului-absolvent2","status":"publish","type":"product","link":"https:\/\/florisicadouri.ro\/en\/product\/tablou-licheni-copacul-tanarului-absolvent2\/","title":{"rendered":"TABLOU LICHENI \u201dCopacul t\u00e2n\u0103rului absolvent\u201d2"},"content":{"rendered":"","protected":false},"excerpt":{"rendered":"<p>Tablou decorativ \u00een ram\u0103 imitatie de lemn (dimensiune exterioar\u0103 \u2013 17cm\/20cm) .<br \/>\nDecorul este realizat manual cu licheni stabiliza\u021bi \u0219i este accesorizat cu o toc\u0103 din lemn, fiind un cadou minunat pentru absolven\u021bii de toate v\u00e2rstele.<br \/>\nCuloarea sau modelul ramei \u0219i al lichenilor poate varia \u00een func\u021bie de stoc.<br \/>\nLichenii stabiliza\u021bi sunt 100% naturali \u0219i \u00ee\u0219i p\u0103streaz\u0103 \u00een permanen\u021b\u0103 culoarea printr-un proces de conservare special.<br \/>\nNu necesit\u0103 \u00eengrijire suplimentar\u0103, lumin\u0103 sau ap\u0103, purific\u0103 aerul \u0219i regleaz\u0103 umiditatea din cas\u0103.<br \/>\nTabloul se poate personaliza cu text la alegere \u2013 Pre\u021b la cerere.<br \/>\nSpecifica\u021bi modific\u0103rile dorite \u00een nota de comand\u0103 sau telefonic.<br \/>\nRecomand\u0103m verificarea telefonic\u0103 a disponibilit\u0103\u021bii produsului \u00eenainte de finalizarea comenzii.<\/p>\n<p>&nbsp;<\/p>\n<p><strong>Completeaz\u0103 cadoul t\u0103u cu:<\/strong><\/p>\n<p><a href=\"https:\/\/florisicadouri.ro\/index.php\/product-category\/ciocolata\/\"><img loading=\"lazy\" decoding=\"async\" class=\"alignnone wp-image-1633 size-full\" src=\"https:\/\/florisicadouri.ro\/wp-content\/uploads\/2016\/11\/9025711112222-150x150-1.jpg\" alt=\"\" width=\"164\" height=\"150\" \/><\/a> <a href=\"https:\/\/florisicadouri.ro\/index.php\/product-category\/vinuri\/\"><img loading=\"lazy\" decoding=\"async\" class=\"alignnone size-full wp-image-1637\" src=\"https:\/\/florisicadouri.ro\/wp-content\/uploads\/2016\/11\/aurelia-visinescu-karakter-rose-1.jpg\" alt=\"\" width=\"84\" height=\"150\" \/><\/a><a href=\"https:\/\/florisicadouri.ro\/index.php\/product-category\/jucarii-plus\/\"><img loading=\"lazy\" decoding=\"async\" class=\"alignnone size-full wp-image-1636\" src=\"https:\/\/florisicadouri.ro\/wp-content\/uploads\/2016\/11\/th-150x150-1.jpg\" alt=\"\" width=\"150\" height=\"150\" srcset=\"https:\/\/florisicadouri.ro\/wp-content\/uploads\/2016\/11\/th-150x150-1.jpg 150w, https:\/\/florisicadouri.ro\/wp-content\/uploads\/2016\/11\/th-150x150-1-80x80.jpg 80w, https:\/\/florisicadouri.ro\/wp-content\/uploads\/2016\/11\/th-150x150-1-100x100.jpg 100w, https:\/\/florisicadouri.ro\/wp-content\/uploads\/2016\/11\/th-150x150-1-96x96.jpg 96w\" sizes=\"auto, (max-width: 150px) 100vw, 150px\" \/><\/a><a href=\"https:\/\/florisicadouri.ro\/index.php\/product-category\/ceai\/\"><img loading=\"lazy\" decoding=\"async\" class=\"alignnone wp-image-1648 size-full\" src=\"https:\/\/florisicadouri.ro\/wp-content\/uploads\/2024\/11\/file-copy.jpg\" alt=\"\" width=\"88\" height=\"150\" \/><\/a><\/p>\n<p>&nbsp;<\/p>\n<p>&nbsp;<\/p>\n","protected":false},"featured_media":1749,"template":"","meta":[],"product_brand":[],"product_cat":[87],"product_tag":[],"class_list":{"0":"post-1748","1":"product","2":"type-product","3":"status-publish","4":"has-post-thumbnail","6":"product_cat-flori-si-cadouri-absolvire","8":"first","9":"instock","10":"shipping-taxable","11":"purchasable","12":"product-type-simple"},"yoast_head":"<!-- This site is optimized with the Yoast SEO plugin v27.4 - https:\/\/yoast.com\/product\/yoast-seo-wordpress\/ -->\n<title>TABLOU LICHENI \u201dCopacul t\u00e2n\u0103rului absolvent\u201d2 - Flori si Cadouri<\/title>\n<meta name=\"robots\" content=\"index, follow, max-snippet:-1, max-image-preview:large, max-video-preview:-1\" \/>\n<link rel=\"canonical\" href=\"https:\/\/florisicadouri.ro\/en\/product\/tablou-licheni-copacul-tanarului-absolvent2\/\" \/>\n<meta property=\"og:locale\" content=\"en_US\" \/>\n<meta property=\"og:type\" content=\"article\" \/>\n<meta property=\"og:title\" content=\"TABLOU LICHENI \u201dCopacul t\u00e2n\u0103rului absolvent\u201d2 - Flori si Cadouri\" \/>\n<meta property=\"og:description\" content=\"Tablou decorativ \u00een ram\u0103 imitatie de lemn (dimensiune exterioar\u0103 \u2013 17cm\/20cm) . Decorul este realizat manual cu licheni stabiliza\u021bi \u0219i este accesorizat cu o toc\u0103 din lemn, fiind un cadou minunat pentru absolven\u021bii de toate v\u00e2rstele. Culoarea sau modelul ramei \u0219i al lichenilor poate varia \u00een func\u021bie de stoc. Lichenii stabiliza\u021bi sunt 100% naturali \u0219i \u00ee\u0219i p\u0103streaz\u0103 \u00een permanen\u021b\u0103 culoarea printr-un proces de conservare special. Nu necesit\u0103 \u00eengrijire suplimentar\u0103, lumin\u0103 sau ap\u0103, purific\u0103 aerul \u0219i regleaz\u0103 umiditatea din cas\u0103. Tabloul se poate personaliza cu text la alegere \u2013 Pre\u021b la cerere. Specifica\u021bi modific\u0103rile dorite \u00een nota de comand\u0103 sau telefonic. Recomand\u0103m verificarea telefonic\u0103 a disponibilit\u0103\u021bii produsului \u00eenainte de finalizarea comenzii.  &nbsp;  Completeaz\u0103 cadoul t\u0103u cu:     &nbsp;  &nbsp;\" \/>\n<meta property=\"og:url\" content=\"https:\/\/florisicadouri.ro\/en\/product\/tablou-licheni-copacul-tanarului-absolvent2\/\" \/>\n<meta property=\"og:site_name\" content=\"Flori si Cadouri\" \/>\n<meta property=\"og:image\" content=\"https:\/\/florisicadouri.ro\/wp-content\/uploads\/2024\/11\/TABLOU-LICHENI-Copacul-tanarului-absolvent2.png\" \/>\n\t<meta property=\"og:image:width\" content=\"600\" \/>\n\t<meta property=\"og:image:height\" content=\"777\" \/>\n\t<meta property=\"og:image:type\" content=\"image\/png\" \/>\n<meta name=\"twitter:card\" content=\"summary_large_image\" \/>\n<meta name=\"twitter:label1\" content=\"Est. reading time\" \/>\n\t<meta name=\"twitter:data1\" content=\"1 minute\" \/>\n<script type=\"application\/ld+json\" class=\"yoast-schema-graph\">{\"@context\":\"https:\\\/\\\/schema.org\",\"@graph\":[{\"@type\":\"WebPage\",\"@id\":\"https:\\\/\\\/florisicadouri.ro\\\/en\\\/product\\\/tablou-licheni-copacul-tanarului-absolvent2\\\/\",\"url\":\"https:\\\/\\\/florisicadouri.ro\\\/en\\\/product\\\/tablou-licheni-copacul-tanarului-absolvent2\\\/\",\"name\":\"TABLOU LICHENI \u201dCopacul t\u00e2n\u0103rului absolvent\u201d2 - Flori si Cadouri\",\"isPartOf\":{\"@id\":\"https:\\\/\\\/florisicadouri.ro\\\/en\\\/#website\"},\"primaryImageOfPage\":{\"@id\":\"https:\\\/\\\/florisicadouri.ro\\\/en\\\/product\\\/tablou-licheni-copacul-tanarului-absolvent2\\\/#primaryimage\"},\"image\":{\"@id\":\"https:\\\/\\\/florisicadouri.ro\\\/en\\\/product\\\/tablou-licheni-copacul-tanarului-absolvent2\\\/#primaryimage\"},\"thumbnailUrl\":\"https:\\\/\\\/florisicadouri.ro\\\/wp-content\\\/uploads\\\/2024\\\/11\\\/TABLOU-LICHENI-Copacul-tanarului-absolvent2.png\",\"datePublished\":\"2024-11-29T02:41:22+00:00\",\"breadcrumb\":{\"@id\":\"https:\\\/\\\/florisicadouri.ro\\\/en\\\/product\\\/tablou-licheni-copacul-tanarului-absolvent2\\\/#breadcrumb\"},\"inLanguage\":\"en-US\",\"potentialAction\":[{\"@type\":\"ReadAction\",\"target\":[\"https:\\\/\\\/florisicadouri.ro\\\/en\\\/product\\\/tablou-licheni-copacul-tanarului-absolvent2\\\/\"]}]},{\"@type\":\"ImageObject\",\"inLanguage\":\"en-US\",\"@id\":\"https:\\\/\\\/florisicadouri.ro\\\/en\\\/product\\\/tablou-licheni-copacul-tanarului-absolvent2\\\/#primaryimage\",\"url\":\"https:\\\/\\\/florisicadouri.ro\\\/wp-content\\\/uploads\\\/2024\\\/11\\\/TABLOU-LICHENI-Copacul-tanarului-absolvent2.png\",\"contentUrl\":\"https:\\\/\\\/florisicadouri.ro\\\/wp-content\\\/uploads\\\/2024\\\/11\\\/TABLOU-LICHENI-Copacul-tanarului-absolvent2.png\",\"width\":600,\"height\":777},{\"@type\":\"BreadcrumbList\",\"@id\":\"https:\\\/\\\/florisicadouri.ro\\\/en\\\/product\\\/tablou-licheni-copacul-tanarului-absolvent2\\\/#breadcrumb\",\"itemListElement\":[{\"@type\":\"ListItem\",\"position\":1,\"name\":\"Prima pagin\u0103\",\"item\":\"https:\\\/\\\/florisicadouri.ro\\\/en\\\/\"},{\"@type\":\"ListItem\",\"position\":2,\"name\":\"Shop\",\"item\":\"https:\\\/\\\/florisicadouri.ro\\\/en\\\/shop\\\/\"},{\"@type\":\"ListItem\",\"position\":3,\"name\":\"TABLOU LICHENI \u201dCopacul t\u00e2n\u0103rului absolvent\u201d2\"}]},{\"@type\":\"WebSite\",\"@id\":\"https:\\\/\\\/florisicadouri.ro\\\/en\\\/#website\",\"url\":\"https:\\\/\\\/florisicadouri.ro\\\/en\\\/\",\"name\":\"Flori\",\"description\":\"\",\"potentialAction\":[{\"@type\":\"SearchAction\",\"target\":{\"@type\":\"EntryPoint\",\"urlTemplate\":\"https:\\\/\\\/florisicadouri.ro\\\/en\\\/?s={search_term_string}\"},\"query-input\":{\"@type\":\"PropertyValueSpecification\",\"valueRequired\":true,\"valueName\":\"search_term_string\"}}],\"inLanguage\":\"en-US\"}]}<\/script>\n<!-- \/ Yoast SEO plugin. -->","yoast_head_json":{"title":"TABLOU LICHENI \u201dCopacul t\u00e2n\u0103rului absolvent\u201d2 - Flori si Cadouri","robots":{"index":"index","follow":"follow","max-snippet":"max-snippet:-1","max-image-preview":"max-image-preview:large","max-video-preview":"max-video-preview:-1"},"canonical":"https:\/\/florisicadouri.ro\/en\/product\/tablou-licheni-copacul-tanarului-absolvent2\/","og_locale":"en_US","og_type":"article","og_title":"TABLOU LICHENI \u201dCopacul t\u00e2n\u0103rului absolvent\u201d2 - Flori si Cadouri","og_description":"Tablou decorativ \u00een ram\u0103 imitatie de lemn (dimensiune exterioar\u0103 \u2013 17cm\/20cm) . Decorul este realizat manual cu licheni stabiliza\u021bi \u0219i este accesorizat cu o toc\u0103 din lemn, fiind un cadou minunat pentru absolven\u021bii de toate v\u00e2rstele. Culoarea sau modelul ramei \u0219i al lichenilor poate varia \u00een func\u021bie de stoc. Lichenii stabiliza\u021bi sunt 100% naturali \u0219i \u00ee\u0219i p\u0103streaz\u0103 \u00een permanen\u021b\u0103 culoarea printr-un proces de conservare special. Nu necesit\u0103 \u00eengrijire suplimentar\u0103, lumin\u0103 sau ap\u0103, purific\u0103 aerul \u0219i regleaz\u0103 umiditatea din cas\u0103. Tabloul se poate personaliza cu text la alegere \u2013 Pre\u021b la cerere. Specifica\u021bi modific\u0103rile dorite \u00een nota de comand\u0103 sau telefonic. Recomand\u0103m verificarea telefonic\u0103 a disponibilit\u0103\u021bii produsului \u00eenainte de finalizarea comenzii.  &nbsp;  Completeaz\u0103 cadoul t\u0103u cu:     &nbsp;  &nbsp;","og_url":"https:\/\/florisicadouri.ro\/en\/product\/tablou-licheni-copacul-tanarului-absolvent2\/","og_site_name":"Flori si Cadouri","og_image":[{"width":600,"height":777,"url":"https:\/\/florisicadouri.ro\/wp-content\/uploads\/2024\/11\/TABLOU-LICHENI-Copacul-tanarului-absolvent2.png","type":"image\/png"}],"twitter_card":"summary_large_image","twitter_misc":{"Est. reading time":"1 minute"},"schema":{"@context":"https:\/\/schema.org","@graph":[{"@type":"WebPage","@id":"https:\/\/florisicadouri.ro\/en\/product\/tablou-licheni-copacul-tanarului-absolvent2\/","url":"https:\/\/florisicadouri.ro\/en\/product\/tablou-licheni-copacul-tanarului-absolvent2\/","name":"TABLOU LICHENI \u201dCopacul t\u00e2n\u0103rului absolvent\u201d2 - Flori si Cadouri","isPartOf":{"@id":"https:\/\/florisicadouri.ro\/en\/#website"},"primaryImageOfPage":{"@id":"https:\/\/florisicadouri.ro\/en\/product\/tablou-licheni-copacul-tanarului-absolvent2\/#primaryimage"},"image":{"@id":"https:\/\/florisicadouri.ro\/en\/product\/tablou-licheni-copacul-tanarului-absolvent2\/#primaryimage"},"thumbnailUrl":"https:\/\/florisicadouri.ro\/wp-content\/uploads\/2024\/11\/TABLOU-LICHENI-Copacul-tanarului-absolvent2.png","datePublished":"2024-11-29T02:41:22+00:00","breadcrumb":{"@id":"https:\/\/florisicadouri.ro\/en\/product\/tablou-licheni-copacul-tanarului-absolvent2\/#breadcrumb"},"inLanguage":"en-US","potentialAction":[{"@type":"ReadAction","target":["https:\/\/florisicadouri.ro\/en\/product\/tablou-licheni-copacul-tanarului-absolvent2\/"]}]},{"@type":"ImageObject","inLanguage":"en-US","@id":"https:\/\/florisicadouri.ro\/en\/product\/tablou-licheni-copacul-tanarului-absolvent2\/#primaryimage","url":"https:\/\/florisicadouri.ro\/wp-content\/uploads\/2024\/11\/TABLOU-LICHENI-Copacul-tanarului-absolvent2.png","contentUrl":"https:\/\/florisicadouri.ro\/wp-content\/uploads\/2024\/11\/TABLOU-LICHENI-Copacul-tanarului-absolvent2.png","width":600,"height":777},{"@type":"BreadcrumbList","@id":"https:\/\/florisicadouri.ro\/en\/product\/tablou-licheni-copacul-tanarului-absolvent2\/#breadcrumb","itemListElement":[{"@type":"ListItem","position":1,"name":"Prima pagin\u0103","item":"https:\/\/florisicadouri.ro\/en\/"},{"@type":"ListItem","position":2,"name":"Shop","item":"https:\/\/florisicadouri.ro\/en\/shop\/"},{"@type":"ListItem","position":3,"name":"TABLOU LICHENI \u201dCopacul t\u00e2n\u0103rului absolvent\u201d2"}]},{"@type":"WebSite","@id":"https:\/\/florisicadouri.ro\/en\/#website","url":"https:\/\/florisicadouri.ro\/en\/","name":"Flori","description":"","potentialAction":[{"@type":"SearchAction","target":{"@type":"EntryPoint","urlTemplate":"https:\/\/florisicadouri.ro\/en\/?s={search_term_string}"},"query-input":{"@type":"PropertyValueSpecification","valueRequired":true,"valueName":"search_term_string"}}],"inLanguage":"en-US"}]}},"_links":{"self":[{"href":"https:\/\/florisicadouri.ro\/en\/wp-json\/wp\/v2\/product\/1748","targetHints":{"allow":["GET"]}}],"collection":[{"href":"https:\/\/florisicadouri.ro\/en\/wp-json\/wp\/v2\/product"}],"about":[{"href":"https:\/\/florisicadouri.ro\/en\/wp-json\/wp\/v2\/types\/product"}],"wp:featuredmedia":[{"embeddable":true,"href":"https:\/\/florisicadouri.ro\/en\/wp-json\/wp\/v2\/media\/1749"}],"wp:attachment":[{"href":"https:\/\/florisicadouri.ro\/en\/wp-json\/wp\/v2\/media?parent=1748"}],"wp:term":[{"taxonomy":"product_brand","embeddable":true,"href":"https:\/\/florisicadouri.ro\/en\/wp-json\/wp\/v2\/product_brand?post=1748"},{"taxonomy":"product_cat","embeddable":true,"href":"https:\/\/florisicadouri.ro\/en\/wp-json\/wp\/v2\/product_cat?post=1748"},{"taxonomy":"product_tag","embeddable":true,"href":"https:\/\/florisicadouri.ro\/en\/wp-json\/wp\/v2\/product_tag?post=1748"}],"curies":[{"name":"wp","href":"https:\/\/api.w.org\/{rel}","templated":true}]}}