{"id":1769,"date":"2024-11-29T03:10:51","date_gmt":"2024-11-29T03:10:51","guid":{"rendered":"https:\/\/florisicadouri.ro\/?post_type=product&#038;p=1769"},"modified":"2026-03-31T07:37:31","modified_gmt":"2026-03-31T05:37:31","slug":"coronita-paste-easter-on-your-door","status":"publish","type":"product","link":"https:\/\/florisicadouri.ro\/en\/product\/coronita-paste-easter-on-your-door\/","title":{"rendered":"CORONI\u021a\u0102 PA\u0218TE \u201dEaster on your door\u201d"},"content":{"rendered":"","protected":false},"excerpt":{"rendered":"<p>Coroni\u021b\u0103 decorativ\u0103 din nuiele \u2013 30\/50 cm .<br \/>\nDecor realizat manual din licheni stabiliza\u021bi, flori \u0219i verdea\u021b\u0103 artificiale \u0219i decora\u021biuni specifice S\u0103rb\u0103torii Pascale.<br \/>\nCuloarea decora\u021biunilor poate varia fa\u021b\u0103 de imaginea prezentat\u0103 \u00een func\u021bie de stocul disponibil.<br \/>\nCoroni\u021ba se poate personaliza cu nume sau num\u0103rul casei\/apartamentului \u2013 Pre\u021b la cerere.<br \/>\nSpecifica\u021bi modific\u0103rile dorite \u00een nota de comand\u0103 sau telefonic.<br \/>\nRecomand\u0103m verificarea telefonic\u0103 a disponibilit\u0103\u021bii produsului \u00eenainte de finalizarea comenzii.<br \/>\n<strong>Completeaz\u0103 cadoul t\u0103u cu:<\/strong><\/p>\n<p><a href=\"https:\/\/florisicadouri.ro\/index.php\/product-category\/ciocolata\/\"><img loading=\"lazy\" decoding=\"async\" class=\"alignnone wp-image-1633 size-full\" src=\"https:\/\/florisicadouri.ro\/wp-content\/uploads\/2016\/11\/9025711112222-150x150-1.jpg\" alt=\"\" width=\"164\" height=\"150\" \/><\/a> <a href=\"https:\/\/florisicadouri.ro\/index.php\/product-category\/vinuri\/\"><img loading=\"lazy\" decoding=\"async\" class=\"alignnone size-full wp-image-1637\" src=\"https:\/\/florisicadouri.ro\/wp-content\/uploads\/2016\/11\/aurelia-visinescu-karakter-rose-1.jpg\" alt=\"\" width=\"84\" height=\"150\" \/><\/a><a href=\"https:\/\/florisicadouri.ro\/index.php\/product-category\/jucarii-plus\/\"><img loading=\"lazy\" decoding=\"async\" class=\"alignnone size-full wp-image-1636\" src=\"https:\/\/florisicadouri.ro\/wp-content\/uploads\/2016\/11\/th-150x150-1.jpg\" alt=\"\" width=\"150\" height=\"150\" srcset=\"https:\/\/florisicadouri.ro\/wp-content\/uploads\/2016\/11\/th-150x150-1.jpg 150w, https:\/\/florisicadouri.ro\/wp-content\/uploads\/2016\/11\/th-150x150-1-80x80.jpg 80w, https:\/\/florisicadouri.ro\/wp-content\/uploads\/2016\/11\/th-150x150-1-100x100.jpg 100w, https:\/\/florisicadouri.ro\/wp-content\/uploads\/2016\/11\/th-150x150-1-96x96.jpg 96w\" sizes=\"auto, (max-width: 150px) 100vw, 150px\" \/><\/a><a href=\"https:\/\/florisicadouri.ro\/index.php\/product-category\/ceai\/\"><img loading=\"lazy\" decoding=\"async\" class=\"alignnone wp-image-1648 size-full\" src=\"https:\/\/florisicadouri.ro\/wp-content\/uploads\/2024\/11\/file-copy.jpg\" alt=\"\" width=\"88\" height=\"150\" \/><\/a><\/p>\n","protected":false},"featured_media":1770,"template":"","meta":[],"product_brand":[],"product_cat":[90],"product_tag":[],"class_list":{"0":"post-1769","1":"product","2":"type-product","3":"status-publish","4":"has-post-thumbnail","6":"product_cat-decoratiuni-paste","8":"first","9":"outofstock","10":"shipping-taxable","11":"purchasable","12":"product-type-simple"},"yoast_head":"<!-- This site is optimized with the Yoast SEO plugin v27.4 - https:\/\/yoast.com\/product\/yoast-seo-wordpress\/ -->\n<title>CORONI\u021a\u0102 PA\u0218TE \u201dEaster on your door\u201d - Flori si Cadouri<\/title>\n<meta name=\"robots\" content=\"index, follow, max-snippet:-1, max-image-preview:large, max-video-preview:-1\" \/>\n<link rel=\"canonical\" href=\"https:\/\/florisicadouri.ro\/en\/product\/coronita-paste-easter-on-your-door\/\" \/>\n<meta property=\"og:locale\" content=\"en_US\" \/>\n<meta property=\"og:type\" content=\"article\" \/>\n<meta property=\"og:title\" content=\"CORONI\u021a\u0102 PA\u0218TE \u201dEaster on your door\u201d - Flori si Cadouri\" \/>\n<meta property=\"og:description\" content=\"Coroni\u021b\u0103 decorativ\u0103 din nuiele \u2013 30\/50 cm . Decor realizat manual din licheni stabiliza\u021bi, flori \u0219i verdea\u021b\u0103 artificiale \u0219i decora\u021biuni specifice S\u0103rb\u0103torii Pascale. Culoarea decora\u021biunilor poate varia fa\u021b\u0103 de imaginea prezentat\u0103 \u00een func\u021bie de stocul disponibil. Coroni\u021ba se poate personaliza cu nume sau num\u0103rul casei\/apartamentului \u2013 Pre\u021b la cerere. Specifica\u021bi modific\u0103rile dorite \u00een nota de comand\u0103 sau telefonic. Recomand\u0103m verificarea telefonic\u0103 a disponibilit\u0103\u021bii produsului \u00eenainte de finalizarea comenzii. Completeaz\u0103 cadoul t\u0103u cu:\" \/>\n<meta property=\"og:url\" content=\"https:\/\/florisicadouri.ro\/en\/product\/coronita-paste-easter-on-your-door\/\" \/>\n<meta property=\"og:site_name\" content=\"Flori si Cadouri\" \/>\n<meta property=\"article:modified_time\" content=\"2026-03-31T05:37:31+00:00\" \/>\n<meta property=\"og:image\" content=\"https:\/\/florisicadouri.ro\/wp-content\/uploads\/2024\/11\/CORONITA-PASTE-Easter-on-your-door.webp\" \/>\n\t<meta property=\"og:image:width\" content=\"600\" \/>\n\t<meta property=\"og:image:height\" content=\"767\" \/>\n\t<meta property=\"og:image:type\" content=\"image\/webp\" \/>\n<meta name=\"twitter:card\" content=\"summary_large_image\" \/>\n<meta name=\"twitter:label1\" content=\"Est. reading time\" \/>\n\t<meta name=\"twitter:data1\" content=\"1 minute\" \/>\n<script type=\"application\/ld+json\" class=\"yoast-schema-graph\">{\"@context\":\"https:\\\/\\\/schema.org\",\"@graph\":[{\"@type\":\"WebPage\",\"@id\":\"https:\\\/\\\/florisicadouri.ro\\\/en\\\/product\\\/coronita-paste-easter-on-your-door\\\/\",\"url\":\"https:\\\/\\\/florisicadouri.ro\\\/en\\\/product\\\/coronita-paste-easter-on-your-door\\\/\",\"name\":\"CORONI\u021a\u0102 PA\u0218TE \u201dEaster on your door\u201d - Flori si Cadouri\",\"isPartOf\":{\"@id\":\"https:\\\/\\\/florisicadouri.ro\\\/en\\\/#website\"},\"primaryImageOfPage\":{\"@id\":\"https:\\\/\\\/florisicadouri.ro\\\/en\\\/product\\\/coronita-paste-easter-on-your-door\\\/#primaryimage\"},\"image\":{\"@id\":\"https:\\\/\\\/florisicadouri.ro\\\/en\\\/product\\\/coronita-paste-easter-on-your-door\\\/#primaryimage\"},\"thumbnailUrl\":\"https:\\\/\\\/florisicadouri.ro\\\/wp-content\\\/uploads\\\/2024\\\/11\\\/CORONITA-PASTE-Easter-on-your-door.webp\",\"datePublished\":\"2024-11-29T03:10:51+00:00\",\"dateModified\":\"2026-03-31T05:37:31+00:00\",\"breadcrumb\":{\"@id\":\"https:\\\/\\\/florisicadouri.ro\\\/en\\\/product\\\/coronita-paste-easter-on-your-door\\\/#breadcrumb\"},\"inLanguage\":\"en-US\",\"potentialAction\":[{\"@type\":\"ReadAction\",\"target\":[\"https:\\\/\\\/florisicadouri.ro\\\/en\\\/product\\\/coronita-paste-easter-on-your-door\\\/\"]}]},{\"@type\":\"ImageObject\",\"inLanguage\":\"en-US\",\"@id\":\"https:\\\/\\\/florisicadouri.ro\\\/en\\\/product\\\/coronita-paste-easter-on-your-door\\\/#primaryimage\",\"url\":\"https:\\\/\\\/florisicadouri.ro\\\/wp-content\\\/uploads\\\/2024\\\/11\\\/CORONITA-PASTE-Easter-on-your-door.webp\",\"contentUrl\":\"https:\\\/\\\/florisicadouri.ro\\\/wp-content\\\/uploads\\\/2024\\\/11\\\/CORONITA-PASTE-Easter-on-your-door.webp\",\"width\":600,\"height\":767},{\"@type\":\"BreadcrumbList\",\"@id\":\"https:\\\/\\\/florisicadouri.ro\\\/en\\\/product\\\/coronita-paste-easter-on-your-door\\\/#breadcrumb\",\"itemListElement\":[{\"@type\":\"ListItem\",\"position\":1,\"name\":\"Prima pagin\u0103\",\"item\":\"https:\\\/\\\/florisicadouri.ro\\\/en\\\/\"},{\"@type\":\"ListItem\",\"position\":2,\"name\":\"Shop\",\"item\":\"https:\\\/\\\/florisicadouri.ro\\\/en\\\/shop\\\/\"},{\"@type\":\"ListItem\",\"position\":3,\"name\":\"CORONI\u021a\u0102 PA\u0218TE \u201dEaster on your door\u201d\"}]},{\"@type\":\"WebSite\",\"@id\":\"https:\\\/\\\/florisicadouri.ro\\\/en\\\/#website\",\"url\":\"https:\\\/\\\/florisicadouri.ro\\\/en\\\/\",\"name\":\"Flori\",\"description\":\"\",\"potentialAction\":[{\"@type\":\"SearchAction\",\"target\":{\"@type\":\"EntryPoint\",\"urlTemplate\":\"https:\\\/\\\/florisicadouri.ro\\\/en\\\/?s={search_term_string}\"},\"query-input\":{\"@type\":\"PropertyValueSpecification\",\"valueRequired\":true,\"valueName\":\"search_term_string\"}}],\"inLanguage\":\"en-US\"}]}<\/script>\n<!-- \/ Yoast SEO plugin. -->","yoast_head_json":{"title":"CORONI\u021a\u0102 PA\u0218TE \u201dEaster on your door\u201d - Flori si Cadouri","robots":{"index":"index","follow":"follow","max-snippet":"max-snippet:-1","max-image-preview":"max-image-preview:large","max-video-preview":"max-video-preview:-1"},"canonical":"https:\/\/florisicadouri.ro\/en\/product\/coronita-paste-easter-on-your-door\/","og_locale":"en_US","og_type":"article","og_title":"CORONI\u021a\u0102 PA\u0218TE \u201dEaster on your door\u201d - Flori si Cadouri","og_description":"Coroni\u021b\u0103 decorativ\u0103 din nuiele \u2013 30\/50 cm . Decor realizat manual din licheni stabiliza\u021bi, flori \u0219i verdea\u021b\u0103 artificiale \u0219i decora\u021biuni specifice S\u0103rb\u0103torii Pascale. Culoarea decora\u021biunilor poate varia fa\u021b\u0103 de imaginea prezentat\u0103 \u00een func\u021bie de stocul disponibil. Coroni\u021ba se poate personaliza cu nume sau num\u0103rul casei\/apartamentului \u2013 Pre\u021b la cerere. Specifica\u021bi modific\u0103rile dorite \u00een nota de comand\u0103 sau telefonic. Recomand\u0103m verificarea telefonic\u0103 a disponibilit\u0103\u021bii produsului \u00eenainte de finalizarea comenzii. Completeaz\u0103 cadoul t\u0103u cu:","og_url":"https:\/\/florisicadouri.ro\/en\/product\/coronita-paste-easter-on-your-door\/","og_site_name":"Flori si Cadouri","article_modified_time":"2026-03-31T05:37:31+00:00","og_image":[{"width":600,"height":767,"url":"https:\/\/florisicadouri.ro\/wp-content\/uploads\/2024\/11\/CORONITA-PASTE-Easter-on-your-door.webp","type":"image\/webp"}],"twitter_card":"summary_large_image","twitter_misc":{"Est. reading time":"1 minute"},"schema":{"@context":"https:\/\/schema.org","@graph":[{"@type":"WebPage","@id":"https:\/\/florisicadouri.ro\/en\/product\/coronita-paste-easter-on-your-door\/","url":"https:\/\/florisicadouri.ro\/en\/product\/coronita-paste-easter-on-your-door\/","name":"CORONI\u021a\u0102 PA\u0218TE \u201dEaster on your door\u201d - Flori si Cadouri","isPartOf":{"@id":"https:\/\/florisicadouri.ro\/en\/#website"},"primaryImageOfPage":{"@id":"https:\/\/florisicadouri.ro\/en\/product\/coronita-paste-easter-on-your-door\/#primaryimage"},"image":{"@id":"https:\/\/florisicadouri.ro\/en\/product\/coronita-paste-easter-on-your-door\/#primaryimage"},"thumbnailUrl":"https:\/\/florisicadouri.ro\/wp-content\/uploads\/2024\/11\/CORONITA-PASTE-Easter-on-your-door.webp","datePublished":"2024-11-29T03:10:51+00:00","dateModified":"2026-03-31T05:37:31+00:00","breadcrumb":{"@id":"https:\/\/florisicadouri.ro\/en\/product\/coronita-paste-easter-on-your-door\/#breadcrumb"},"inLanguage":"en-US","potentialAction":[{"@type":"ReadAction","target":["https:\/\/florisicadouri.ro\/en\/product\/coronita-paste-easter-on-your-door\/"]}]},{"@type":"ImageObject","inLanguage":"en-US","@id":"https:\/\/florisicadouri.ro\/en\/product\/coronita-paste-easter-on-your-door\/#primaryimage","url":"https:\/\/florisicadouri.ro\/wp-content\/uploads\/2024\/11\/CORONITA-PASTE-Easter-on-your-door.webp","contentUrl":"https:\/\/florisicadouri.ro\/wp-content\/uploads\/2024\/11\/CORONITA-PASTE-Easter-on-your-door.webp","width":600,"height":767},{"@type":"BreadcrumbList","@id":"https:\/\/florisicadouri.ro\/en\/product\/coronita-paste-easter-on-your-door\/#breadcrumb","itemListElement":[{"@type":"ListItem","position":1,"name":"Prima pagin\u0103","item":"https:\/\/florisicadouri.ro\/en\/"},{"@type":"ListItem","position":2,"name":"Shop","item":"https:\/\/florisicadouri.ro\/en\/shop\/"},{"@type":"ListItem","position":3,"name":"CORONI\u021a\u0102 PA\u0218TE \u201dEaster on your door\u201d"}]},{"@type":"WebSite","@id":"https:\/\/florisicadouri.ro\/en\/#website","url":"https:\/\/florisicadouri.ro\/en\/","name":"Flori","description":"","potentialAction":[{"@type":"SearchAction","target":{"@type":"EntryPoint","urlTemplate":"https:\/\/florisicadouri.ro\/en\/?s={search_term_string}"},"query-input":{"@type":"PropertyValueSpecification","valueRequired":true,"valueName":"search_term_string"}}],"inLanguage":"en-US"}]}},"_links":{"self":[{"href":"https:\/\/florisicadouri.ro\/en\/wp-json\/wp\/v2\/product\/1769","targetHints":{"allow":["GET"]}}],"collection":[{"href":"https:\/\/florisicadouri.ro\/en\/wp-json\/wp\/v2\/product"}],"about":[{"href":"https:\/\/florisicadouri.ro\/en\/wp-json\/wp\/v2\/types\/product"}],"wp:featuredmedia":[{"embeddable":true,"href":"https:\/\/florisicadouri.ro\/en\/wp-json\/wp\/v2\/media\/1770"}],"wp:attachment":[{"href":"https:\/\/florisicadouri.ro\/en\/wp-json\/wp\/v2\/media?parent=1769"}],"wp:term":[{"taxonomy":"product_brand","embeddable":true,"href":"https:\/\/florisicadouri.ro\/en\/wp-json\/wp\/v2\/product_brand?post=1769"},{"taxonomy":"product_cat","embeddable":true,"href":"https:\/\/florisicadouri.ro\/en\/wp-json\/wp\/v2\/product_cat?post=1769"},{"taxonomy":"product_tag","embeddable":true,"href":"https:\/\/florisicadouri.ro\/en\/wp-json\/wp\/v2\/product_tag?post=1769"}],"curies":[{"name":"wp","href":"https:\/\/api.w.org\/{rel}","templated":true}]}}