{"id":1879,"date":"2024-11-30T15:53:34","date_gmt":"2024-11-30T15:53:34","guid":{"rendered":"https:\/\/florisicadouri.ro\/?post_type=product&#038;p=1879"},"modified":"2025-12-05T13:19:00","modified_gmt":"2025-12-05T11:19:00","slug":"bradut-craciun-hanging-joyfull-little-christmas-tree","status":"publish","type":"product","link":"https:\/\/florisicadouri.ro\/en\/product\/bradut-craciun-hanging-joyfull-little-christmas-tree\/","title":{"rendered":"BR\u0102DU\u021a CR\u0102CIUN \u201dHanging Joyfull little Christmas tree\u201d"},"content":{"rendered":"","protected":false},"excerpt":{"rendered":"<p>Colec\u021bia noastr\u0103 de decora\u021biuni de Cr\u0103ciun este menit\u0103 s\u0103 aduc\u0103 bucurie \u0219i poveste \u00een casele voastre. Realizate cu migal\u0103 \u0219i aten\u021bie pentru detalii, aranjamentele noastre sunt alegerea potrivit\u0103 pentru un cadou special sau pentru a aduce atmosfera magic\u0103 a Cr\u0103ciunului \u00een case \u0219i \u00een suflete.<br \/>\nBrad de Cr\u0103ciun stilizat \u2013 \u00een\u0103l\u021bime 40cm\/80cm.<br \/>\nDecora\u021biunea, realizat\u0103 manual din crengi naturale de mesteac\u0103n, este accesorizat\u0103 cu elemente de sezon, lumini\u021be led, cu lumin\u0103 cald\u0103.<br \/>\nAcest br\u0103du\u021b \u00eel poate \u00eenlocui cu succes pe cel clasic de Cr\u0103ciun, asigur\u00eend o atmosfer\u0103 juc\u0103u\u0219\u0103 \u0219i cald\u0103 spa\u021biului pe care \u00eel \u00eempodobe\u0219te.<br \/>\nCuloarea sau modelul decorului poate varia \u00een func\u021bie de stocul disponibil sau de dorin\u021bele clientului.<br \/>\nSpecifica\u021bi modific\u0103rile dorite \u00een nota de comand\u0103 sau telefonic.<br \/>\nRecomand\u0103m verificarea telefonic\u0103 a disponibilit\u0103\u021bii produsului \u00eenainte de finalizarea comenzii.<\/p>\n<p><strong>Completeaz\u0103 cadoul t\u0103u cu:<\/strong><\/p>\n<p><a href=\"https:\/\/florisicadouri.ro\/index.php\/product-category\/ciocolata\/\"><img loading=\"lazy\" decoding=\"async\" class=\"alignnone wp-image-1633 size-full\" src=\"https:\/\/florisicadouri.ro\/wp-content\/uploads\/2016\/11\/9025711112222-150x150-1.jpg\" alt=\"\" width=\"164\" height=\"150\" \/><\/a> <a href=\"https:\/\/florisicadouri.ro\/index.php\/product-category\/vinuri\/\"><img loading=\"lazy\" decoding=\"async\" class=\"alignnone size-full wp-image-1637\" src=\"https:\/\/florisicadouri.ro\/wp-content\/uploads\/2016\/11\/aurelia-visinescu-karakter-rose-1.jpg\" alt=\"\" width=\"84\" height=\"150\" \/><\/a><a href=\"https:\/\/florisicadouri.ro\/index.php\/product-category\/jucarii-plus\/\"><img loading=\"lazy\" decoding=\"async\" class=\"alignnone size-full wp-image-1636\" src=\"https:\/\/florisicadouri.ro\/wp-content\/uploads\/2016\/11\/th-150x150-1.jpg\" alt=\"\" width=\"150\" height=\"150\" srcset=\"https:\/\/florisicadouri.ro\/wp-content\/uploads\/2016\/11\/th-150x150-1.jpg 150w, https:\/\/florisicadouri.ro\/wp-content\/uploads\/2016\/11\/th-150x150-1-80x80.jpg 80w, https:\/\/florisicadouri.ro\/wp-content\/uploads\/2016\/11\/th-150x150-1-100x100.jpg 100w, https:\/\/florisicadouri.ro\/wp-content\/uploads\/2016\/11\/th-150x150-1-96x96.jpg 96w\" sizes=\"auto, (max-width: 150px) 100vw, 150px\" \/><\/a><a href=\"https:\/\/florisicadouri.ro\/index.php\/product-category\/ceai\/\"><img loading=\"lazy\" decoding=\"async\" class=\"alignnone wp-image-1648 size-full\" src=\"https:\/\/florisicadouri.ro\/wp-content\/uploads\/2024\/11\/file-copy.jpg\" alt=\"\" width=\"88\" height=\"150\" \/><\/a><\/p>\n<p>&nbsp;<\/p>\n","protected":false},"featured_media":0,"template":"","meta":[],"product_brand":[],"product_cat":[15],"product_tag":[],"class_list":{"0":"post-1879","1":"product","2":"type-product","3":"status-publish","5":"product_cat-uncategorized","7":"first","8":"outofstock","9":"shipping-taxable","10":"purchasable","11":"product-type-simple"},"yoast_head":"<!-- This site is optimized with the Yoast SEO plugin v27.4 - https:\/\/yoast.com\/product\/yoast-seo-wordpress\/ -->\n<title>BR\u0102DU\u021a CR\u0102CIUN \u201dHanging Joyfull little Christmas tree\u201d - Flori si Cadouri<\/title>\n<meta name=\"robots\" content=\"index, follow, max-snippet:-1, max-image-preview:large, max-video-preview:-1\" \/>\n<link rel=\"canonical\" href=\"https:\/\/florisicadouri.ro\/en\/product\/bradut-craciun-hanging-joyfull-little-christmas-tree\/\" \/>\n<meta property=\"og:locale\" content=\"en_US\" \/>\n<meta property=\"og:type\" content=\"article\" \/>\n<meta property=\"og:title\" content=\"BR\u0102DU\u021a CR\u0102CIUN \u201dHanging Joyfull little Christmas tree\u201d - Flori si Cadouri\" \/>\n<meta property=\"og:description\" content=\"Colec\u021bia noastr\u0103 de decora\u021biuni de Cr\u0103ciun este menit\u0103 s\u0103 aduc\u0103 bucurie \u0219i poveste \u00een casele voastre. Realizate cu migal\u0103 \u0219i aten\u021bie pentru detalii, aranjamentele noastre sunt alegerea potrivit\u0103 pentru un cadou special sau pentru a aduce atmosfera magic\u0103 a Cr\u0103ciunului \u00een case \u0219i \u00een suflete. Brad de Cr\u0103ciun stilizat \u2013 \u00een\u0103l\u021bime 40cm\/80cm. Decora\u021biunea, realizat\u0103 manual din crengi naturale de mesteac\u0103n, este accesorizat\u0103 cu elemente de sezon, lumini\u021be led, cu lumin\u0103 cald\u0103. Acest br\u0103du\u021b \u00eel poate \u00eenlocui cu succes pe cel clasic de Cr\u0103ciun, asigur\u00eend o atmosfer\u0103 juc\u0103u\u0219\u0103 \u0219i cald\u0103 spa\u021biului pe care \u00eel \u00eempodobe\u0219te. Culoarea sau modelul decorului poate varia \u00een func\u021bie de stocul disponibil sau de dorin\u021bele clientului. Specifica\u021bi modific\u0103rile dorite \u00een nota de comand\u0103 sau telefonic. Recomand\u0103m verificarea telefonic\u0103 a disponibilit\u0103\u021bii produsului \u00eenainte de finalizarea comenzii.  Completeaz\u0103 cadoul t\u0103u cu:     &nbsp;\" \/>\n<meta property=\"og:url\" content=\"https:\/\/florisicadouri.ro\/en\/product\/bradut-craciun-hanging-joyfull-little-christmas-tree\/\" \/>\n<meta property=\"og:site_name\" content=\"Flori si Cadouri\" \/>\n<meta property=\"article:modified_time\" content=\"2025-12-05T11:19:00+00:00\" \/>\n<meta property=\"og:image\" content=\"https:\/\/florisicadouri.ro\/wp-content\/uploads\/2024\/11\/BRADUT-CRACIUN-Hanging-Joyfull-little-Christmas-tree.jpg\" \/>\n\t<meta property=\"og:image:width\" content=\"600\" \/>\n\t<meta property=\"og:image:height\" content=\"854\" \/>\n\t<meta property=\"og:image:type\" content=\"image\/jpeg\" \/>\n<meta name=\"twitter:card\" content=\"summary_large_image\" \/>\n<meta name=\"twitter:label1\" content=\"Est. reading time\" \/>\n\t<meta name=\"twitter:data1\" content=\"1 minute\" \/>\n<script type=\"application\/ld+json\" class=\"yoast-schema-graph\">{\"@context\":\"https:\\\/\\\/schema.org\",\"@graph\":[{\"@type\":\"WebPage\",\"@id\":\"https:\\\/\\\/florisicadouri.ro\\\/en\\\/product\\\/bradut-craciun-hanging-joyfull-little-christmas-tree\\\/\",\"url\":\"https:\\\/\\\/florisicadouri.ro\\\/en\\\/product\\\/bradut-craciun-hanging-joyfull-little-christmas-tree\\\/\",\"name\":\"BR\u0102DU\u021a CR\u0102CIUN \u201dHanging Joyfull little Christmas tree\u201d - Flori si Cadouri\",\"isPartOf\":{\"@id\":\"https:\\\/\\\/florisicadouri.ro\\\/en\\\/#website\"},\"datePublished\":\"2024-11-30T15:53:34+00:00\",\"dateModified\":\"2025-12-05T11:19:00+00:00\",\"breadcrumb\":{\"@id\":\"https:\\\/\\\/florisicadouri.ro\\\/en\\\/product\\\/bradut-craciun-hanging-joyfull-little-christmas-tree\\\/#breadcrumb\"},\"inLanguage\":\"en-US\",\"potentialAction\":[{\"@type\":\"ReadAction\",\"target\":[\"https:\\\/\\\/florisicadouri.ro\\\/en\\\/product\\\/bradut-craciun-hanging-joyfull-little-christmas-tree\\\/\"]}]},{\"@type\":\"BreadcrumbList\",\"@id\":\"https:\\\/\\\/florisicadouri.ro\\\/en\\\/product\\\/bradut-craciun-hanging-joyfull-little-christmas-tree\\\/#breadcrumb\",\"itemListElement\":[{\"@type\":\"ListItem\",\"position\":1,\"name\":\"Prima pagin\u0103\",\"item\":\"https:\\\/\\\/florisicadouri.ro\\\/en\\\/\"},{\"@type\":\"ListItem\",\"position\":2,\"name\":\"Shop\",\"item\":\"https:\\\/\\\/florisicadouri.ro\\\/en\\\/shop\\\/\"},{\"@type\":\"ListItem\",\"position\":3,\"name\":\"BR\u0102DU\u021a CR\u0102CIUN \u201dHanging Joyfull little Christmas tree\u201d\"}]},{\"@type\":\"WebSite\",\"@id\":\"https:\\\/\\\/florisicadouri.ro\\\/en\\\/#website\",\"url\":\"https:\\\/\\\/florisicadouri.ro\\\/en\\\/\",\"name\":\"Flori\",\"description\":\"\",\"potentialAction\":[{\"@type\":\"SearchAction\",\"target\":{\"@type\":\"EntryPoint\",\"urlTemplate\":\"https:\\\/\\\/florisicadouri.ro\\\/en\\\/?s={search_term_string}\"},\"query-input\":{\"@type\":\"PropertyValueSpecification\",\"valueRequired\":true,\"valueName\":\"search_term_string\"}}],\"inLanguage\":\"en-US\"}]}<\/script>\n<!-- \/ Yoast SEO plugin. -->","yoast_head_json":{"title":"BR\u0102DU\u021a CR\u0102CIUN \u201dHanging Joyfull little Christmas tree\u201d - Flori si Cadouri","robots":{"index":"index","follow":"follow","max-snippet":"max-snippet:-1","max-image-preview":"max-image-preview:large","max-video-preview":"max-video-preview:-1"},"canonical":"https:\/\/florisicadouri.ro\/en\/product\/bradut-craciun-hanging-joyfull-little-christmas-tree\/","og_locale":"en_US","og_type":"article","og_title":"BR\u0102DU\u021a CR\u0102CIUN \u201dHanging Joyfull little Christmas tree\u201d - Flori si Cadouri","og_description":"Colec\u021bia noastr\u0103 de decora\u021biuni de Cr\u0103ciun este menit\u0103 s\u0103 aduc\u0103 bucurie \u0219i poveste \u00een casele voastre. Realizate cu migal\u0103 \u0219i aten\u021bie pentru detalii, aranjamentele noastre sunt alegerea potrivit\u0103 pentru un cadou special sau pentru a aduce atmosfera magic\u0103 a Cr\u0103ciunului \u00een case \u0219i \u00een suflete. Brad de Cr\u0103ciun stilizat \u2013 \u00een\u0103l\u021bime 40cm\/80cm. Decora\u021biunea, realizat\u0103 manual din crengi naturale de mesteac\u0103n, este accesorizat\u0103 cu elemente de sezon, lumini\u021be led, cu lumin\u0103 cald\u0103. Acest br\u0103du\u021b \u00eel poate \u00eenlocui cu succes pe cel clasic de Cr\u0103ciun, asigur\u00eend o atmosfer\u0103 juc\u0103u\u0219\u0103 \u0219i cald\u0103 spa\u021biului pe care \u00eel \u00eempodobe\u0219te. Culoarea sau modelul decorului poate varia \u00een func\u021bie de stocul disponibil sau de dorin\u021bele clientului. Specifica\u021bi modific\u0103rile dorite \u00een nota de comand\u0103 sau telefonic. Recomand\u0103m verificarea telefonic\u0103 a disponibilit\u0103\u021bii produsului \u00eenainte de finalizarea comenzii.  Completeaz\u0103 cadoul t\u0103u cu:     &nbsp;","og_url":"https:\/\/florisicadouri.ro\/en\/product\/bradut-craciun-hanging-joyfull-little-christmas-tree\/","og_site_name":"Flori si Cadouri","article_modified_time":"2025-12-05T11:19:00+00:00","og_image":[{"width":600,"height":854,"url":"https:\/\/florisicadouri.ro\/wp-content\/uploads\/2024\/11\/BRADUT-CRACIUN-Hanging-Joyfull-little-Christmas-tree.jpg","type":"image\/jpeg"}],"twitter_card":"summary_large_image","twitter_misc":{"Est. reading time":"1 minute"},"schema":{"@context":"https:\/\/schema.org","@graph":[{"@type":"WebPage","@id":"https:\/\/florisicadouri.ro\/en\/product\/bradut-craciun-hanging-joyfull-little-christmas-tree\/","url":"https:\/\/florisicadouri.ro\/en\/product\/bradut-craciun-hanging-joyfull-little-christmas-tree\/","name":"BR\u0102DU\u021a CR\u0102CIUN \u201dHanging Joyfull little Christmas tree\u201d - Flori si Cadouri","isPartOf":{"@id":"https:\/\/florisicadouri.ro\/en\/#website"},"datePublished":"2024-11-30T15:53:34+00:00","dateModified":"2025-12-05T11:19:00+00:00","breadcrumb":{"@id":"https:\/\/florisicadouri.ro\/en\/product\/bradut-craciun-hanging-joyfull-little-christmas-tree\/#breadcrumb"},"inLanguage":"en-US","potentialAction":[{"@type":"ReadAction","target":["https:\/\/florisicadouri.ro\/en\/product\/bradut-craciun-hanging-joyfull-little-christmas-tree\/"]}]},{"@type":"BreadcrumbList","@id":"https:\/\/florisicadouri.ro\/en\/product\/bradut-craciun-hanging-joyfull-little-christmas-tree\/#breadcrumb","itemListElement":[{"@type":"ListItem","position":1,"name":"Prima pagin\u0103","item":"https:\/\/florisicadouri.ro\/en\/"},{"@type":"ListItem","position":2,"name":"Shop","item":"https:\/\/florisicadouri.ro\/en\/shop\/"},{"@type":"ListItem","position":3,"name":"BR\u0102DU\u021a CR\u0102CIUN \u201dHanging Joyfull little Christmas tree\u201d"}]},{"@type":"WebSite","@id":"https:\/\/florisicadouri.ro\/en\/#website","url":"https:\/\/florisicadouri.ro\/en\/","name":"Flori","description":"","potentialAction":[{"@type":"SearchAction","target":{"@type":"EntryPoint","urlTemplate":"https:\/\/florisicadouri.ro\/en\/?s={search_term_string}"},"query-input":{"@type":"PropertyValueSpecification","valueRequired":true,"valueName":"search_term_string"}}],"inLanguage":"en-US"}]}},"_links":{"self":[{"href":"https:\/\/florisicadouri.ro\/en\/wp-json\/wp\/v2\/product\/1879","targetHints":{"allow":["GET"]}}],"collection":[{"href":"https:\/\/florisicadouri.ro\/en\/wp-json\/wp\/v2\/product"}],"about":[{"href":"https:\/\/florisicadouri.ro\/en\/wp-json\/wp\/v2\/types\/product"}],"wp:attachment":[{"href":"https:\/\/florisicadouri.ro\/en\/wp-json\/wp\/v2\/media?parent=1879"}],"wp:term":[{"taxonomy":"product_brand","embeddable":true,"href":"https:\/\/florisicadouri.ro\/en\/wp-json\/wp\/v2\/product_brand?post=1879"},{"taxonomy":"product_cat","embeddable":true,"href":"https:\/\/florisicadouri.ro\/en\/wp-json\/wp\/v2\/product_cat?post=1879"},{"taxonomy":"product_tag","embeddable":true,"href":"https:\/\/florisicadouri.ro\/en\/wp-json\/wp\/v2\/product_tag?post=1879"}],"curies":[{"name":"wp","href":"https:\/\/api.w.org\/{rel}","templated":true}]}}