{"id":1934,"date":"2024-12-01T02:19:21","date_gmt":"2024-12-01T02:19:21","guid":{"rendered":"https:\/\/florisicadouri.ro\/?post_type=product&#038;p=1934"},"modified":"2024-12-01T02:19:21","modified_gmt":"2024-12-01T02:19:21","slug":"tablou-haios-mare-our-family-of-4-rocks","status":"publish","type":"product","link":"https:\/\/florisicadouri.ro\/en\/product\/tablou-haios-mare-our-family-of-4-rocks\/","title":{"rendered":"TABLOU HAIOS MARE \u201dOur Family of 4 Rocks\u201d"},"content":{"rendered":"","protected":false},"excerpt":{"rendered":"<p>Tablou haios \u2013 20cm\/40cm \u2013 cadou inedit pentru familia ta sau pentru acei prieteni care pe care vrei sa \u00eei faci s\u0103 z\u00e2mbeasc\u0103 \u00een fiecare zi.<br \/>\nTabloul este realizat pe fond textil, cu pietre artificiale \u0219i elemente naturale \u2013 lemn \u0219i licheni stabiliza\u021bi.<br \/>\nCuloarea sau modelul ramei \u0219i al decorului poate varia \u00een func\u021bie de stocul disponibil.<br \/>\nLichenii stabiliza\u021bi sunt 100% naturali \u0219i \u00ee\u0219i p\u0103streaz\u0103 \u00een permanen\u021b\u0103 culoarea printr-un proces de conservare special.<br \/>\nNu necesit\u0103 \u00eengrijire suplimentar\u0103, lumin\u0103 sau ap\u0103, purific\u0103 aerul \u0219i regleaz\u0103 umiditatea din cas\u0103.<br \/>\nTabloul se poate personaliza cu nume, cifre sau alte simblouri \u2013 Pre\u021b la cerere.<br \/>\nSpecifica\u021bi modific\u0103rile dorite \u00een nota de comand\u0103 sau telefonic.<\/p>\n<p><strong>Completeaz\u0103 cadoul t\u0103u cu:<\/strong><\/p>\n<p><a href=\"https:\/\/florisicadouri.ro\/index.php\/product-category\/ciocolata\/\"><img loading=\"lazy\" decoding=\"async\" class=\"alignnone wp-image-1633 size-full\" src=\"https:\/\/florisicadouri.ro\/wp-content\/uploads\/2016\/11\/9025711112222-150x150-1.jpg\" alt=\"\" width=\"164\" height=\"150\" \/><\/a> <a href=\"https:\/\/florisicadouri.ro\/index.php\/product-category\/vinuri\/\"><img loading=\"lazy\" decoding=\"async\" class=\"alignnone size-full wp-image-1637\" src=\"https:\/\/florisicadouri.ro\/wp-content\/uploads\/2016\/11\/aurelia-visinescu-karakter-rose-1.jpg\" alt=\"\" width=\"84\" height=\"150\" \/><\/a><a href=\"https:\/\/florisicadouri.ro\/index.php\/product-category\/jucarii-plus\/\"><img loading=\"lazy\" decoding=\"async\" class=\"alignnone size-full wp-image-1636\" src=\"https:\/\/florisicadouri.ro\/wp-content\/uploads\/2016\/11\/th-150x150-1.jpg\" alt=\"\" width=\"150\" height=\"150\" srcset=\"https:\/\/florisicadouri.ro\/wp-content\/uploads\/2016\/11\/th-150x150-1.jpg 150w, https:\/\/florisicadouri.ro\/wp-content\/uploads\/2016\/11\/th-150x150-1-80x80.jpg 80w, https:\/\/florisicadouri.ro\/wp-content\/uploads\/2016\/11\/th-150x150-1-100x100.jpg 100w, https:\/\/florisicadouri.ro\/wp-content\/uploads\/2016\/11\/th-150x150-1-96x96.jpg 96w\" sizes=\"auto, (max-width: 150px) 100vw, 150px\" \/><\/a><a href=\"https:\/\/florisicadouri.ro\/index.php\/product-category\/ceai\/\"><img loading=\"lazy\" decoding=\"async\" class=\"alignnone wp-image-1648 size-full\" src=\"https:\/\/florisicadouri.ro\/wp-content\/uploads\/2024\/11\/file-copy.jpg\" alt=\"\" width=\"88\" height=\"150\" \/><\/a><\/p>\n<p>&nbsp;<\/p>\n","protected":false},"featured_media":1939,"template":"","meta":[],"product_brand":[],"product_cat":[92],"product_tag":[],"class_list":{"0":"post-1934","1":"product","2":"type-product","3":"status-publish","4":"has-post-thumbnail","6":"product_cat-decoratiuni-licheni","8":"first","9":"instock","10":"shipping-taxable","11":"purchasable","12":"product-type-simple"},"yoast_head":"<!-- This site is optimized with the Yoast SEO plugin v27.4 - https:\/\/yoast.com\/product\/yoast-seo-wordpress\/ -->\n<title>TABLOU HAIOS MARE \u201dOur Family of 4 Rocks\u201d - Flori si Cadouri<\/title>\n<meta name=\"robots\" content=\"index, follow, max-snippet:-1, max-image-preview:large, max-video-preview:-1\" \/>\n<link rel=\"canonical\" href=\"https:\/\/florisicadouri.ro\/en\/product\/tablou-haios-mare-our-family-of-4-rocks\/\" \/>\n<meta property=\"og:locale\" content=\"en_US\" \/>\n<meta property=\"og:type\" content=\"article\" \/>\n<meta property=\"og:title\" content=\"TABLOU HAIOS MARE \u201dOur Family of 4 Rocks\u201d - Flori si Cadouri\" \/>\n<meta property=\"og:description\" content=\"Tablou haios \u2013 20cm\/40cm \u2013 cadou inedit pentru familia ta sau pentru acei prieteni care pe care vrei sa \u00eei faci s\u0103 z\u00e2mbeasc\u0103 \u00een fiecare zi. Tabloul este realizat pe fond textil, cu pietre artificiale \u0219i elemente naturale \u2013 lemn \u0219i licheni stabiliza\u021bi. Culoarea sau modelul ramei \u0219i al decorului poate varia \u00een func\u021bie de stocul disponibil. Lichenii stabiliza\u021bi sunt 100% naturali \u0219i \u00ee\u0219i p\u0103streaz\u0103 \u00een permanen\u021b\u0103 culoarea printr-un proces de conservare special. Nu necesit\u0103 \u00eengrijire suplimentar\u0103, lumin\u0103 sau ap\u0103, purific\u0103 aerul \u0219i regleaz\u0103 umiditatea din cas\u0103. Tabloul se poate personaliza cu nume, cifre sau alte simblouri \u2013 Pre\u021b la cerere. Specifica\u021bi modific\u0103rile dorite \u00een nota de comand\u0103 sau telefonic.  Completeaz\u0103 cadoul t\u0103u cu:     &nbsp;\" \/>\n<meta property=\"og:url\" content=\"https:\/\/florisicadouri.ro\/en\/product\/tablou-haios-mare-our-family-of-4-rocks\/\" \/>\n<meta property=\"og:site_name\" content=\"Flori si Cadouri\" \/>\n<meta property=\"og:image\" content=\"https:\/\/florisicadouri.ro\/wp-content\/uploads\/2024\/12\/TABLOU-HAIOS-MARE-Our-Family-of-4-Rocks.jpg\" \/>\n\t<meta property=\"og:image:width\" content=\"600\" \/>\n\t<meta property=\"og:image:height\" content=\"374\" \/>\n\t<meta property=\"og:image:type\" content=\"image\/jpeg\" \/>\n<meta name=\"twitter:card\" content=\"summary_large_image\" \/>\n<meta name=\"twitter:label1\" content=\"Est. reading time\" \/>\n\t<meta name=\"twitter:data1\" content=\"1 minute\" \/>\n<script type=\"application\/ld+json\" class=\"yoast-schema-graph\">{\"@context\":\"https:\\\/\\\/schema.org\",\"@graph\":[{\"@type\":\"WebPage\",\"@id\":\"https:\\\/\\\/florisicadouri.ro\\\/en\\\/product\\\/tablou-haios-mare-our-family-of-4-rocks\\\/\",\"url\":\"https:\\\/\\\/florisicadouri.ro\\\/en\\\/product\\\/tablou-haios-mare-our-family-of-4-rocks\\\/\",\"name\":\"TABLOU HAIOS MARE \u201dOur Family of 4 Rocks\u201d - Flori si Cadouri\",\"isPartOf\":{\"@id\":\"https:\\\/\\\/florisicadouri.ro\\\/en\\\/#website\"},\"primaryImageOfPage\":{\"@id\":\"https:\\\/\\\/florisicadouri.ro\\\/en\\\/product\\\/tablou-haios-mare-our-family-of-4-rocks\\\/#primaryimage\"},\"image\":{\"@id\":\"https:\\\/\\\/florisicadouri.ro\\\/en\\\/product\\\/tablou-haios-mare-our-family-of-4-rocks\\\/#primaryimage\"},\"thumbnailUrl\":\"https:\\\/\\\/florisicadouri.ro\\\/wp-content\\\/uploads\\\/2024\\\/12\\\/TABLOU-HAIOS-MARE-Our-Family-of-4-Rocks.jpg\",\"datePublished\":\"2024-12-01T02:19:21+00:00\",\"breadcrumb\":{\"@id\":\"https:\\\/\\\/florisicadouri.ro\\\/en\\\/product\\\/tablou-haios-mare-our-family-of-4-rocks\\\/#breadcrumb\"},\"inLanguage\":\"en-US\",\"potentialAction\":[{\"@type\":\"ReadAction\",\"target\":[\"https:\\\/\\\/florisicadouri.ro\\\/en\\\/product\\\/tablou-haios-mare-our-family-of-4-rocks\\\/\"]}]},{\"@type\":\"ImageObject\",\"inLanguage\":\"en-US\",\"@id\":\"https:\\\/\\\/florisicadouri.ro\\\/en\\\/product\\\/tablou-haios-mare-our-family-of-4-rocks\\\/#primaryimage\",\"url\":\"https:\\\/\\\/florisicadouri.ro\\\/wp-content\\\/uploads\\\/2024\\\/12\\\/TABLOU-HAIOS-MARE-Our-Family-of-4-Rocks.jpg\",\"contentUrl\":\"https:\\\/\\\/florisicadouri.ro\\\/wp-content\\\/uploads\\\/2024\\\/12\\\/TABLOU-HAIOS-MARE-Our-Family-of-4-Rocks.jpg\",\"width\":600,\"height\":374},{\"@type\":\"BreadcrumbList\",\"@id\":\"https:\\\/\\\/florisicadouri.ro\\\/en\\\/product\\\/tablou-haios-mare-our-family-of-4-rocks\\\/#breadcrumb\",\"itemListElement\":[{\"@type\":\"ListItem\",\"position\":1,\"name\":\"Prima pagin\u0103\",\"item\":\"https:\\\/\\\/florisicadouri.ro\\\/en\\\/\"},{\"@type\":\"ListItem\",\"position\":2,\"name\":\"Shop\",\"item\":\"https:\\\/\\\/florisicadouri.ro\\\/en\\\/shop\\\/\"},{\"@type\":\"ListItem\",\"position\":3,\"name\":\"TABLOU HAIOS MARE \u201dOur Family of 4 Rocks\u201d\"}]},{\"@type\":\"WebSite\",\"@id\":\"https:\\\/\\\/florisicadouri.ro\\\/en\\\/#website\",\"url\":\"https:\\\/\\\/florisicadouri.ro\\\/en\\\/\",\"name\":\"Flori\",\"description\":\"\",\"potentialAction\":[{\"@type\":\"SearchAction\",\"target\":{\"@type\":\"EntryPoint\",\"urlTemplate\":\"https:\\\/\\\/florisicadouri.ro\\\/en\\\/?s={search_term_string}\"},\"query-input\":{\"@type\":\"PropertyValueSpecification\",\"valueRequired\":true,\"valueName\":\"search_term_string\"}}],\"inLanguage\":\"en-US\"}]}<\/script>\n<!-- \/ Yoast SEO plugin. -->","yoast_head_json":{"title":"TABLOU HAIOS MARE \u201dOur Family of 4 Rocks\u201d - Flori si Cadouri","robots":{"index":"index","follow":"follow","max-snippet":"max-snippet:-1","max-image-preview":"max-image-preview:large","max-video-preview":"max-video-preview:-1"},"canonical":"https:\/\/florisicadouri.ro\/en\/product\/tablou-haios-mare-our-family-of-4-rocks\/","og_locale":"en_US","og_type":"article","og_title":"TABLOU HAIOS MARE \u201dOur Family of 4 Rocks\u201d - Flori si Cadouri","og_description":"Tablou haios \u2013 20cm\/40cm \u2013 cadou inedit pentru familia ta sau pentru acei prieteni care pe care vrei sa \u00eei faci s\u0103 z\u00e2mbeasc\u0103 \u00een fiecare zi. Tabloul este realizat pe fond textil, cu pietre artificiale \u0219i elemente naturale \u2013 lemn \u0219i licheni stabiliza\u021bi. Culoarea sau modelul ramei \u0219i al decorului poate varia \u00een func\u021bie de stocul disponibil. Lichenii stabiliza\u021bi sunt 100% naturali \u0219i \u00ee\u0219i p\u0103streaz\u0103 \u00een permanen\u021b\u0103 culoarea printr-un proces de conservare special. Nu necesit\u0103 \u00eengrijire suplimentar\u0103, lumin\u0103 sau ap\u0103, purific\u0103 aerul \u0219i regleaz\u0103 umiditatea din cas\u0103. Tabloul se poate personaliza cu nume, cifre sau alte simblouri \u2013 Pre\u021b la cerere. Specifica\u021bi modific\u0103rile dorite \u00een nota de comand\u0103 sau telefonic.  Completeaz\u0103 cadoul t\u0103u cu:     &nbsp;","og_url":"https:\/\/florisicadouri.ro\/en\/product\/tablou-haios-mare-our-family-of-4-rocks\/","og_site_name":"Flori si Cadouri","og_image":[{"width":600,"height":374,"url":"https:\/\/florisicadouri.ro\/wp-content\/uploads\/2024\/12\/TABLOU-HAIOS-MARE-Our-Family-of-4-Rocks.jpg","type":"image\/jpeg"}],"twitter_card":"summary_large_image","twitter_misc":{"Est. reading time":"1 minute"},"schema":{"@context":"https:\/\/schema.org","@graph":[{"@type":"WebPage","@id":"https:\/\/florisicadouri.ro\/en\/product\/tablou-haios-mare-our-family-of-4-rocks\/","url":"https:\/\/florisicadouri.ro\/en\/product\/tablou-haios-mare-our-family-of-4-rocks\/","name":"TABLOU HAIOS MARE \u201dOur Family of 4 Rocks\u201d - Flori si Cadouri","isPartOf":{"@id":"https:\/\/florisicadouri.ro\/en\/#website"},"primaryImageOfPage":{"@id":"https:\/\/florisicadouri.ro\/en\/product\/tablou-haios-mare-our-family-of-4-rocks\/#primaryimage"},"image":{"@id":"https:\/\/florisicadouri.ro\/en\/product\/tablou-haios-mare-our-family-of-4-rocks\/#primaryimage"},"thumbnailUrl":"https:\/\/florisicadouri.ro\/wp-content\/uploads\/2024\/12\/TABLOU-HAIOS-MARE-Our-Family-of-4-Rocks.jpg","datePublished":"2024-12-01T02:19:21+00:00","breadcrumb":{"@id":"https:\/\/florisicadouri.ro\/en\/product\/tablou-haios-mare-our-family-of-4-rocks\/#breadcrumb"},"inLanguage":"en-US","potentialAction":[{"@type":"ReadAction","target":["https:\/\/florisicadouri.ro\/en\/product\/tablou-haios-mare-our-family-of-4-rocks\/"]}]},{"@type":"ImageObject","inLanguage":"en-US","@id":"https:\/\/florisicadouri.ro\/en\/product\/tablou-haios-mare-our-family-of-4-rocks\/#primaryimage","url":"https:\/\/florisicadouri.ro\/wp-content\/uploads\/2024\/12\/TABLOU-HAIOS-MARE-Our-Family-of-4-Rocks.jpg","contentUrl":"https:\/\/florisicadouri.ro\/wp-content\/uploads\/2024\/12\/TABLOU-HAIOS-MARE-Our-Family-of-4-Rocks.jpg","width":600,"height":374},{"@type":"BreadcrumbList","@id":"https:\/\/florisicadouri.ro\/en\/product\/tablou-haios-mare-our-family-of-4-rocks\/#breadcrumb","itemListElement":[{"@type":"ListItem","position":1,"name":"Prima pagin\u0103","item":"https:\/\/florisicadouri.ro\/en\/"},{"@type":"ListItem","position":2,"name":"Shop","item":"https:\/\/florisicadouri.ro\/en\/shop\/"},{"@type":"ListItem","position":3,"name":"TABLOU HAIOS MARE \u201dOur Family of 4 Rocks\u201d"}]},{"@type":"WebSite","@id":"https:\/\/florisicadouri.ro\/en\/#website","url":"https:\/\/florisicadouri.ro\/en\/","name":"Flori","description":"","potentialAction":[{"@type":"SearchAction","target":{"@type":"EntryPoint","urlTemplate":"https:\/\/florisicadouri.ro\/en\/?s={search_term_string}"},"query-input":{"@type":"PropertyValueSpecification","valueRequired":true,"valueName":"search_term_string"}}],"inLanguage":"en-US"}]}},"_links":{"self":[{"href":"https:\/\/florisicadouri.ro\/en\/wp-json\/wp\/v2\/product\/1934","targetHints":{"allow":["GET"]}}],"collection":[{"href":"https:\/\/florisicadouri.ro\/en\/wp-json\/wp\/v2\/product"}],"about":[{"href":"https:\/\/florisicadouri.ro\/en\/wp-json\/wp\/v2\/types\/product"}],"wp:featuredmedia":[{"embeddable":true,"href":"https:\/\/florisicadouri.ro\/en\/wp-json\/wp\/v2\/media\/1939"}],"wp:attachment":[{"href":"https:\/\/florisicadouri.ro\/en\/wp-json\/wp\/v2\/media?parent=1934"}],"wp:term":[{"taxonomy":"product_brand","embeddable":true,"href":"https:\/\/florisicadouri.ro\/en\/wp-json\/wp\/v2\/product_brand?post=1934"},{"taxonomy":"product_cat","embeddable":true,"href":"https:\/\/florisicadouri.ro\/en\/wp-json\/wp\/v2\/product_cat?post=1934"},{"taxonomy":"product_tag","embeddable":true,"href":"https:\/\/florisicadouri.ro\/en\/wp-json\/wp\/v2\/product_tag?post=1934"}],"curies":[{"name":"wp","href":"https:\/\/api.w.org\/{rel}","templated":true}]}}