{"id":2031,"date":"2024-12-01T16:00:09","date_gmt":"2024-12-01T16:00:09","guid":{"rendered":"https:\/\/florisicadouri.ro\/?post_type=product&#038;p=2031"},"modified":"2026-01-14T13:20:41","modified_gmt":"2026-01-14T11:20:41","slug":"vin-domeniul-bogdan-cuvee-experience-rosu","status":"publish","type":"product","link":"https:\/\/florisicadouri.ro\/en\/product\/vin-domeniul-bogdan-cuvee-experience-rosu\/","title":{"rendered":"VIN \u201dDomeniul Bogdan Cuvee Experience\u201d Ro\u0219u"},"content":{"rendered":"","protected":false},"excerpt":{"rendered":"<p>Vin ro\u0219u sec \u2013 0,75 L<br \/>\nVolum alcool \u2013 14%<br \/>\nSoi: Cupaj Merlot, Cabernet Sauvignon, Feteasc\u0103 Neagr\u0103<br \/>\nPodgorie: Domeniul Bogdan \u2013 Murfatlar<br \/>\nGust: mure, iz de p\u00e2ine pr\u0103jit\u0103, cire\u0219e negre \u0219i taninuri moi. Nas: elegant de cire\u0219e negre, prun\u0103 uscat\u0103, miez de nuc\u0103 coapt\u0103.<br \/>\nServire: Recomand\u0103m servirea vinului la o temperatur\u0103 de 15-17 \u00b0C al\u0103turi de preparate precum paella cu fructe de mare, salat\u0103 de spanac cu ton, creve\u021bi \u00een sos de vin \u0219i br\u00e2nzeturi u\u0219oare de capr\u0103.<\/p>\n","protected":false},"featured_media":2033,"template":"","meta":[],"product_brand":[],"product_cat":[111],"product_tag":[],"class_list":{"0":"post-2031","1":"product","2":"type-product","3":"status-publish","4":"has-post-thumbnail","6":"product_cat-vinuri","8":"first","9":"outofstock","10":"shipping-taxable","11":"purchasable","12":"product-type-simple"},"yoast_head":"<!-- This site is optimized with the Yoast SEO plugin v27.4 - https:\/\/yoast.com\/product\/yoast-seo-wordpress\/ -->\n<title>VIN \u201dDomeniul Bogdan Cuvee Experience\u201d Ro\u0219u - Flori si Cadouri<\/title>\n<meta name=\"robots\" content=\"index, follow, max-snippet:-1, max-image-preview:large, max-video-preview:-1\" \/>\n<link rel=\"canonical\" href=\"https:\/\/florisicadouri.ro\/en\/product\/vin-domeniul-bogdan-cuvee-experience-rosu\/\" \/>\n<meta property=\"og:locale\" content=\"en_US\" \/>\n<meta property=\"og:type\" content=\"article\" \/>\n<meta property=\"og:title\" content=\"VIN \u201dDomeniul Bogdan Cuvee Experience\u201d Ro\u0219u - Flori si Cadouri\" \/>\n<meta property=\"og:description\" content=\"Vin ro\u0219u sec \u2013 0,75 L Volum alcool \u2013 14% Soi: Cupaj Merlot, Cabernet Sauvignon, Feteasc\u0103 Neagr\u0103 Podgorie: Domeniul Bogdan \u2013 Murfatlar Gust: mure, iz de p\u00e2ine pr\u0103jit\u0103, cire\u0219e negre \u0219i taninuri moi. Nas: elegant de cire\u0219e negre, prun\u0103 uscat\u0103, miez de nuc\u0103 coapt\u0103. Servire: Recomand\u0103m servirea vinului la o temperatur\u0103 de 15-17 \u00b0C al\u0103turi de preparate precum paella cu fructe de mare, salat\u0103 de spanac cu ton, creve\u021bi \u00een sos de vin \u0219i br\u00e2nzeturi u\u0219oare de capr\u0103.\" \/>\n<meta property=\"og:url\" content=\"https:\/\/florisicadouri.ro\/en\/product\/vin-domeniul-bogdan-cuvee-experience-rosu\/\" \/>\n<meta property=\"og:site_name\" content=\"Flori si Cadouri\" \/>\n<meta property=\"article:modified_time\" content=\"2026-01-14T11:20:41+00:00\" \/>\n<meta property=\"og:image\" content=\"https:\/\/florisicadouri.ro\/wp-content\/uploads\/2024\/12\/Vin-sec-\u2013-075-L.jpg\" \/>\n\t<meta property=\"og:image:width\" content=\"700\" \/>\n\t<meta property=\"og:image:height\" content=\"700\" \/>\n\t<meta property=\"og:image:type\" content=\"image\/jpeg\" \/>\n<meta name=\"twitter:card\" content=\"summary_large_image\" \/>\n<meta name=\"twitter:label1\" content=\"Est. reading time\" \/>\n\t<meta name=\"twitter:data1\" content=\"1 minute\" \/>\n<script type=\"application\/ld+json\" class=\"yoast-schema-graph\">{\"@context\":\"https:\\\/\\\/schema.org\",\"@graph\":[{\"@type\":\"WebPage\",\"@id\":\"https:\\\/\\\/florisicadouri.ro\\\/en\\\/product\\\/vin-domeniul-bogdan-cuvee-experience-rosu\\\/\",\"url\":\"https:\\\/\\\/florisicadouri.ro\\\/en\\\/product\\\/vin-domeniul-bogdan-cuvee-experience-rosu\\\/\",\"name\":\"VIN \u201dDomeniul Bogdan Cuvee Experience\u201d Ro\u0219u - Flori si Cadouri\",\"isPartOf\":{\"@id\":\"https:\\\/\\\/florisicadouri.ro\\\/en\\\/#website\"},\"primaryImageOfPage\":{\"@id\":\"https:\\\/\\\/florisicadouri.ro\\\/en\\\/product\\\/vin-domeniul-bogdan-cuvee-experience-rosu\\\/#primaryimage\"},\"image\":{\"@id\":\"https:\\\/\\\/florisicadouri.ro\\\/en\\\/product\\\/vin-domeniul-bogdan-cuvee-experience-rosu\\\/#primaryimage\"},\"thumbnailUrl\":\"https:\\\/\\\/florisicadouri.ro\\\/wp-content\\\/uploads\\\/2024\\\/12\\\/Vin-sec-\u2013-075-L.jpg\",\"datePublished\":\"2024-12-01T16:00:09+00:00\",\"dateModified\":\"2026-01-14T11:20:41+00:00\",\"breadcrumb\":{\"@id\":\"https:\\\/\\\/florisicadouri.ro\\\/en\\\/product\\\/vin-domeniul-bogdan-cuvee-experience-rosu\\\/#breadcrumb\"},\"inLanguage\":\"en-US\",\"potentialAction\":[{\"@type\":\"ReadAction\",\"target\":[\"https:\\\/\\\/florisicadouri.ro\\\/en\\\/product\\\/vin-domeniul-bogdan-cuvee-experience-rosu\\\/\"]}]},{\"@type\":\"ImageObject\",\"inLanguage\":\"en-US\",\"@id\":\"https:\\\/\\\/florisicadouri.ro\\\/en\\\/product\\\/vin-domeniul-bogdan-cuvee-experience-rosu\\\/#primaryimage\",\"url\":\"https:\\\/\\\/florisicadouri.ro\\\/wp-content\\\/uploads\\\/2024\\\/12\\\/Vin-sec-\u2013-075-L.jpg\",\"contentUrl\":\"https:\\\/\\\/florisicadouri.ro\\\/wp-content\\\/uploads\\\/2024\\\/12\\\/Vin-sec-\u2013-075-L.jpg\",\"width\":700,\"height\":700},{\"@type\":\"BreadcrumbList\",\"@id\":\"https:\\\/\\\/florisicadouri.ro\\\/en\\\/product\\\/vin-domeniul-bogdan-cuvee-experience-rosu\\\/#breadcrumb\",\"itemListElement\":[{\"@type\":\"ListItem\",\"position\":1,\"name\":\"Prima pagin\u0103\",\"item\":\"https:\\\/\\\/florisicadouri.ro\\\/en\\\/\"},{\"@type\":\"ListItem\",\"position\":2,\"name\":\"Shop\",\"item\":\"https:\\\/\\\/florisicadouri.ro\\\/en\\\/shop\\\/\"},{\"@type\":\"ListItem\",\"position\":3,\"name\":\"VIN \u201dDomeniul Bogdan Cuvee Experience\u201d Ro\u0219u\"}]},{\"@type\":\"WebSite\",\"@id\":\"https:\\\/\\\/florisicadouri.ro\\\/en\\\/#website\",\"url\":\"https:\\\/\\\/florisicadouri.ro\\\/en\\\/\",\"name\":\"Flori\",\"description\":\"\",\"potentialAction\":[{\"@type\":\"SearchAction\",\"target\":{\"@type\":\"EntryPoint\",\"urlTemplate\":\"https:\\\/\\\/florisicadouri.ro\\\/en\\\/?s={search_term_string}\"},\"query-input\":{\"@type\":\"PropertyValueSpecification\",\"valueRequired\":true,\"valueName\":\"search_term_string\"}}],\"inLanguage\":\"en-US\"}]}<\/script>\n<!-- \/ Yoast SEO plugin. -->","yoast_head_json":{"title":"VIN \u201dDomeniul Bogdan Cuvee Experience\u201d Ro\u0219u - Flori si Cadouri","robots":{"index":"index","follow":"follow","max-snippet":"max-snippet:-1","max-image-preview":"max-image-preview:large","max-video-preview":"max-video-preview:-1"},"canonical":"https:\/\/florisicadouri.ro\/en\/product\/vin-domeniul-bogdan-cuvee-experience-rosu\/","og_locale":"en_US","og_type":"article","og_title":"VIN \u201dDomeniul Bogdan Cuvee Experience\u201d Ro\u0219u - Flori si Cadouri","og_description":"Vin ro\u0219u sec \u2013 0,75 L Volum alcool \u2013 14% Soi: Cupaj Merlot, Cabernet Sauvignon, Feteasc\u0103 Neagr\u0103 Podgorie: Domeniul Bogdan \u2013 Murfatlar Gust: mure, iz de p\u00e2ine pr\u0103jit\u0103, cire\u0219e negre \u0219i taninuri moi. Nas: elegant de cire\u0219e negre, prun\u0103 uscat\u0103, miez de nuc\u0103 coapt\u0103. Servire: Recomand\u0103m servirea vinului la o temperatur\u0103 de 15-17 \u00b0C al\u0103turi de preparate precum paella cu fructe de mare, salat\u0103 de spanac cu ton, creve\u021bi \u00een sos de vin \u0219i br\u00e2nzeturi u\u0219oare de capr\u0103.","og_url":"https:\/\/florisicadouri.ro\/en\/product\/vin-domeniul-bogdan-cuvee-experience-rosu\/","og_site_name":"Flori si Cadouri","article_modified_time":"2026-01-14T11:20:41+00:00","og_image":[{"width":700,"height":700,"url":"https:\/\/florisicadouri.ro\/wp-content\/uploads\/2024\/12\/Vin-sec-\u2013-075-L.jpg","type":"image\/jpeg"}],"twitter_card":"summary_large_image","twitter_misc":{"Est. reading time":"1 minute"},"schema":{"@context":"https:\/\/schema.org","@graph":[{"@type":"WebPage","@id":"https:\/\/florisicadouri.ro\/en\/product\/vin-domeniul-bogdan-cuvee-experience-rosu\/","url":"https:\/\/florisicadouri.ro\/en\/product\/vin-domeniul-bogdan-cuvee-experience-rosu\/","name":"VIN \u201dDomeniul Bogdan Cuvee Experience\u201d Ro\u0219u - Flori si Cadouri","isPartOf":{"@id":"https:\/\/florisicadouri.ro\/en\/#website"},"primaryImageOfPage":{"@id":"https:\/\/florisicadouri.ro\/en\/product\/vin-domeniul-bogdan-cuvee-experience-rosu\/#primaryimage"},"image":{"@id":"https:\/\/florisicadouri.ro\/en\/product\/vin-domeniul-bogdan-cuvee-experience-rosu\/#primaryimage"},"thumbnailUrl":"https:\/\/florisicadouri.ro\/wp-content\/uploads\/2024\/12\/Vin-sec-\u2013-075-L.jpg","datePublished":"2024-12-01T16:00:09+00:00","dateModified":"2026-01-14T11:20:41+00:00","breadcrumb":{"@id":"https:\/\/florisicadouri.ro\/en\/product\/vin-domeniul-bogdan-cuvee-experience-rosu\/#breadcrumb"},"inLanguage":"en-US","potentialAction":[{"@type":"ReadAction","target":["https:\/\/florisicadouri.ro\/en\/product\/vin-domeniul-bogdan-cuvee-experience-rosu\/"]}]},{"@type":"ImageObject","inLanguage":"en-US","@id":"https:\/\/florisicadouri.ro\/en\/product\/vin-domeniul-bogdan-cuvee-experience-rosu\/#primaryimage","url":"https:\/\/florisicadouri.ro\/wp-content\/uploads\/2024\/12\/Vin-sec-\u2013-075-L.jpg","contentUrl":"https:\/\/florisicadouri.ro\/wp-content\/uploads\/2024\/12\/Vin-sec-\u2013-075-L.jpg","width":700,"height":700},{"@type":"BreadcrumbList","@id":"https:\/\/florisicadouri.ro\/en\/product\/vin-domeniul-bogdan-cuvee-experience-rosu\/#breadcrumb","itemListElement":[{"@type":"ListItem","position":1,"name":"Prima pagin\u0103","item":"https:\/\/florisicadouri.ro\/en\/"},{"@type":"ListItem","position":2,"name":"Shop","item":"https:\/\/florisicadouri.ro\/en\/shop\/"},{"@type":"ListItem","position":3,"name":"VIN \u201dDomeniul Bogdan Cuvee Experience\u201d Ro\u0219u"}]},{"@type":"WebSite","@id":"https:\/\/florisicadouri.ro\/en\/#website","url":"https:\/\/florisicadouri.ro\/en\/","name":"Flori","description":"","potentialAction":[{"@type":"SearchAction","target":{"@type":"EntryPoint","urlTemplate":"https:\/\/florisicadouri.ro\/en\/?s={search_term_string}"},"query-input":{"@type":"PropertyValueSpecification","valueRequired":true,"valueName":"search_term_string"}}],"inLanguage":"en-US"}]}},"_links":{"self":[{"href":"https:\/\/florisicadouri.ro\/en\/wp-json\/wp\/v2\/product\/2031","targetHints":{"allow":["GET"]}}],"collection":[{"href":"https:\/\/florisicadouri.ro\/en\/wp-json\/wp\/v2\/product"}],"about":[{"href":"https:\/\/florisicadouri.ro\/en\/wp-json\/wp\/v2\/types\/product"}],"wp:featuredmedia":[{"embeddable":true,"href":"https:\/\/florisicadouri.ro\/en\/wp-json\/wp\/v2\/media\/2033"}],"wp:attachment":[{"href":"https:\/\/florisicadouri.ro\/en\/wp-json\/wp\/v2\/media?parent=2031"}],"wp:term":[{"taxonomy":"product_brand","embeddable":true,"href":"https:\/\/florisicadouri.ro\/en\/wp-json\/wp\/v2\/product_brand?post=2031"},{"taxonomy":"product_cat","embeddable":true,"href":"https:\/\/florisicadouri.ro\/en\/wp-json\/wp\/v2\/product_cat?post=2031"},{"taxonomy":"product_tag","embeddable":true,"href":"https:\/\/florisicadouri.ro\/en\/wp-json\/wp\/v2\/product_tag?post=2031"}],"curies":[{"name":"wp","href":"https:\/\/api.w.org\/{rel}","templated":true}]}}