{"id":2035,"date":"2024-12-01T16:04:44","date_gmt":"2024-12-01T16:04:44","guid":{"rendered":"https:\/\/florisicadouri.ro\/?post_type=product&#038;p=2035"},"modified":"2025-07-11T13:57:59","modified_gmt":"2025-07-11T11:57:59","slug":"red-artisan","status":"publish","type":"product","link":"https:\/\/florisicadouri.ro\/en\/product\/red-artisan\/","title":{"rendered":"RED ARTISAN"},"content":{"rendered":"","protected":false},"excerpt":{"rendered":"<p>Vin ro\u0219u sec \u2013 0,75 L<br \/>\nVolum alcool \u2013 13,5%<br \/>\nPodgorie\u2013 Domeniile S\u0103h\u0103teni \u2013 Aurelia Vi\u0219inescu<br \/>\nUn vin elegant \u0219i generos, cu miros de cafea \u0219i tabac. Gustul, dominat de arome de ciocolat\u0103 am\u0103ruie, condimente \u0219i vanilie, este bine integrat \u00eentr-o structura complex\u0103 \u0219i corpolent\u0103.<br \/>\nVinul este \u00eenvechit \u00een baricuri timp de 12 luni.<br \/>\nSe recomand\u0103 a fi servit cu m\u00e2nc\u0103ruri pe baz\u0103 de carne de miel, porc, vit\u0103.<\/p>\n","protected":false},"featured_media":2037,"template":"","meta":[],"product_brand":[],"product_cat":[15],"product_tag":[],"class_list":{"0":"post-2035","1":"product","2":"type-product","3":"status-publish","4":"has-post-thumbnail","6":"product_cat-uncategorized","8":"first","9":"outofstock","10":"shipping-taxable","11":"purchasable","12":"product-type-simple"},"yoast_head":"<!-- This site is optimized with the Yoast SEO plugin v27.4 - https:\/\/yoast.com\/product\/yoast-seo-wordpress\/ -->\n<title>RED ARTISAN - Flori si Cadouri<\/title>\n<meta name=\"robots\" content=\"index, follow, max-snippet:-1, max-image-preview:large, max-video-preview:-1\" \/>\n<link rel=\"canonical\" href=\"https:\/\/florisicadouri.ro\/en\/product\/red-artisan\/\" \/>\n<meta property=\"og:locale\" content=\"en_US\" \/>\n<meta property=\"og:type\" content=\"article\" \/>\n<meta property=\"og:title\" content=\"RED ARTISAN - Flori si Cadouri\" \/>\n<meta property=\"og:description\" content=\"Vin ro\u0219u sec \u2013 0,75 L Volum alcool \u2013 13,5% Podgorie\u2013 Domeniile S\u0103h\u0103teni \u2013 Aurelia Vi\u0219inescu Un vin elegant \u0219i generos, cu miros de cafea \u0219i tabac. Gustul, dominat de arome de ciocolat\u0103 am\u0103ruie, condimente \u0219i vanilie, este bine integrat \u00eentr-o structura complex\u0103 \u0219i corpolent\u0103. Vinul este \u00eenvechit \u00een baricuri timp de 12 luni. Se recomand\u0103 a fi servit cu m\u00e2nc\u0103ruri pe baz\u0103 de carne de miel, porc, vit\u0103.\" \/>\n<meta property=\"og:url\" content=\"https:\/\/florisicadouri.ro\/en\/product\/red-artisan\/\" \/>\n<meta property=\"og:site_name\" content=\"Flori si Cadouri\" \/>\n<meta property=\"article:modified_time\" content=\"2025-07-11T11:57:59+00:00\" \/>\n<meta property=\"og:image\" content=\"https:\/\/florisicadouri.ro\/wp-content\/uploads\/2024\/12\/Vin-r.jpg\" \/>\n\t<meta property=\"og:image:width\" content=\"700\" \/>\n\t<meta property=\"og:image:height\" content=\"700\" \/>\n\t<meta property=\"og:image:type\" content=\"image\/jpeg\" \/>\n<meta name=\"twitter:card\" content=\"summary_large_image\" \/>\n<meta name=\"twitter:label1\" content=\"Est. reading time\" \/>\n\t<meta name=\"twitter:data1\" content=\"1 minute\" \/>\n<script type=\"application\/ld+json\" class=\"yoast-schema-graph\">{\"@context\":\"https:\\\/\\\/schema.org\",\"@graph\":[{\"@type\":\"WebPage\",\"@id\":\"https:\\\/\\\/florisicadouri.ro\\\/en\\\/product\\\/red-artisan\\\/\",\"url\":\"https:\\\/\\\/florisicadouri.ro\\\/en\\\/product\\\/red-artisan\\\/\",\"name\":\"RED ARTISAN - Flori si Cadouri\",\"isPartOf\":{\"@id\":\"https:\\\/\\\/florisicadouri.ro\\\/en\\\/#website\"},\"primaryImageOfPage\":{\"@id\":\"https:\\\/\\\/florisicadouri.ro\\\/en\\\/product\\\/red-artisan\\\/#primaryimage\"},\"image\":{\"@id\":\"https:\\\/\\\/florisicadouri.ro\\\/en\\\/product\\\/red-artisan\\\/#primaryimage\"},\"thumbnailUrl\":\"https:\\\/\\\/florisicadouri.ro\\\/wp-content\\\/uploads\\\/2024\\\/12\\\/Vin-r.jpg\",\"datePublished\":\"2024-12-01T16:04:44+00:00\",\"dateModified\":\"2025-07-11T11:57:59+00:00\",\"breadcrumb\":{\"@id\":\"https:\\\/\\\/florisicadouri.ro\\\/en\\\/product\\\/red-artisan\\\/#breadcrumb\"},\"inLanguage\":\"en-US\",\"potentialAction\":[{\"@type\":\"ReadAction\",\"target\":[\"https:\\\/\\\/florisicadouri.ro\\\/en\\\/product\\\/red-artisan\\\/\"]}]},{\"@type\":\"ImageObject\",\"inLanguage\":\"en-US\",\"@id\":\"https:\\\/\\\/florisicadouri.ro\\\/en\\\/product\\\/red-artisan\\\/#primaryimage\",\"url\":\"https:\\\/\\\/florisicadouri.ro\\\/wp-content\\\/uploads\\\/2024\\\/12\\\/Vin-r.jpg\",\"contentUrl\":\"https:\\\/\\\/florisicadouri.ro\\\/wp-content\\\/uploads\\\/2024\\\/12\\\/Vin-r.jpg\",\"width\":700,\"height\":700},{\"@type\":\"BreadcrumbList\",\"@id\":\"https:\\\/\\\/florisicadouri.ro\\\/en\\\/product\\\/red-artisan\\\/#breadcrumb\",\"itemListElement\":[{\"@type\":\"ListItem\",\"position\":1,\"name\":\"Prima pagin\u0103\",\"item\":\"https:\\\/\\\/florisicadouri.ro\\\/en\\\/\"},{\"@type\":\"ListItem\",\"position\":2,\"name\":\"Shop\",\"item\":\"https:\\\/\\\/florisicadouri.ro\\\/en\\\/shop\\\/\"},{\"@type\":\"ListItem\",\"position\":3,\"name\":\"RED ARTISAN\"}]},{\"@type\":\"WebSite\",\"@id\":\"https:\\\/\\\/florisicadouri.ro\\\/en\\\/#website\",\"url\":\"https:\\\/\\\/florisicadouri.ro\\\/en\\\/\",\"name\":\"Flori\",\"description\":\"\",\"potentialAction\":[{\"@type\":\"SearchAction\",\"target\":{\"@type\":\"EntryPoint\",\"urlTemplate\":\"https:\\\/\\\/florisicadouri.ro\\\/en\\\/?s={search_term_string}\"},\"query-input\":{\"@type\":\"PropertyValueSpecification\",\"valueRequired\":true,\"valueName\":\"search_term_string\"}}],\"inLanguage\":\"en-US\"}]}<\/script>\n<!-- \/ Yoast SEO plugin. -->","yoast_head_json":{"title":"RED ARTISAN - Flori si Cadouri","robots":{"index":"index","follow":"follow","max-snippet":"max-snippet:-1","max-image-preview":"max-image-preview:large","max-video-preview":"max-video-preview:-1"},"canonical":"https:\/\/florisicadouri.ro\/en\/product\/red-artisan\/","og_locale":"en_US","og_type":"article","og_title":"RED ARTISAN - Flori si Cadouri","og_description":"Vin ro\u0219u sec \u2013 0,75 L Volum alcool \u2013 13,5% Podgorie\u2013 Domeniile S\u0103h\u0103teni \u2013 Aurelia Vi\u0219inescu Un vin elegant \u0219i generos, cu miros de cafea \u0219i tabac. Gustul, dominat de arome de ciocolat\u0103 am\u0103ruie, condimente \u0219i vanilie, este bine integrat \u00eentr-o structura complex\u0103 \u0219i corpolent\u0103. Vinul este \u00eenvechit \u00een baricuri timp de 12 luni. Se recomand\u0103 a fi servit cu m\u00e2nc\u0103ruri pe baz\u0103 de carne de miel, porc, vit\u0103.","og_url":"https:\/\/florisicadouri.ro\/en\/product\/red-artisan\/","og_site_name":"Flori si Cadouri","article_modified_time":"2025-07-11T11:57:59+00:00","og_image":[{"width":700,"height":700,"url":"https:\/\/florisicadouri.ro\/wp-content\/uploads\/2024\/12\/Vin-r.jpg","type":"image\/jpeg"}],"twitter_card":"summary_large_image","twitter_misc":{"Est. reading time":"1 minute"},"schema":{"@context":"https:\/\/schema.org","@graph":[{"@type":"WebPage","@id":"https:\/\/florisicadouri.ro\/en\/product\/red-artisan\/","url":"https:\/\/florisicadouri.ro\/en\/product\/red-artisan\/","name":"RED ARTISAN - Flori si Cadouri","isPartOf":{"@id":"https:\/\/florisicadouri.ro\/en\/#website"},"primaryImageOfPage":{"@id":"https:\/\/florisicadouri.ro\/en\/product\/red-artisan\/#primaryimage"},"image":{"@id":"https:\/\/florisicadouri.ro\/en\/product\/red-artisan\/#primaryimage"},"thumbnailUrl":"https:\/\/florisicadouri.ro\/wp-content\/uploads\/2024\/12\/Vin-r.jpg","datePublished":"2024-12-01T16:04:44+00:00","dateModified":"2025-07-11T11:57:59+00:00","breadcrumb":{"@id":"https:\/\/florisicadouri.ro\/en\/product\/red-artisan\/#breadcrumb"},"inLanguage":"en-US","potentialAction":[{"@type":"ReadAction","target":["https:\/\/florisicadouri.ro\/en\/product\/red-artisan\/"]}]},{"@type":"ImageObject","inLanguage":"en-US","@id":"https:\/\/florisicadouri.ro\/en\/product\/red-artisan\/#primaryimage","url":"https:\/\/florisicadouri.ro\/wp-content\/uploads\/2024\/12\/Vin-r.jpg","contentUrl":"https:\/\/florisicadouri.ro\/wp-content\/uploads\/2024\/12\/Vin-r.jpg","width":700,"height":700},{"@type":"BreadcrumbList","@id":"https:\/\/florisicadouri.ro\/en\/product\/red-artisan\/#breadcrumb","itemListElement":[{"@type":"ListItem","position":1,"name":"Prima pagin\u0103","item":"https:\/\/florisicadouri.ro\/en\/"},{"@type":"ListItem","position":2,"name":"Shop","item":"https:\/\/florisicadouri.ro\/en\/shop\/"},{"@type":"ListItem","position":3,"name":"RED ARTISAN"}]},{"@type":"WebSite","@id":"https:\/\/florisicadouri.ro\/en\/#website","url":"https:\/\/florisicadouri.ro\/en\/","name":"Flori","description":"","potentialAction":[{"@type":"SearchAction","target":{"@type":"EntryPoint","urlTemplate":"https:\/\/florisicadouri.ro\/en\/?s={search_term_string}"},"query-input":{"@type":"PropertyValueSpecification","valueRequired":true,"valueName":"search_term_string"}}],"inLanguage":"en-US"}]}},"_links":{"self":[{"href":"https:\/\/florisicadouri.ro\/en\/wp-json\/wp\/v2\/product\/2035","targetHints":{"allow":["GET"]}}],"collection":[{"href":"https:\/\/florisicadouri.ro\/en\/wp-json\/wp\/v2\/product"}],"about":[{"href":"https:\/\/florisicadouri.ro\/en\/wp-json\/wp\/v2\/types\/product"}],"wp:featuredmedia":[{"embeddable":true,"href":"https:\/\/florisicadouri.ro\/en\/wp-json\/wp\/v2\/media\/2037"}],"wp:attachment":[{"href":"https:\/\/florisicadouri.ro\/en\/wp-json\/wp\/v2\/media?parent=2035"}],"wp:term":[{"taxonomy":"product_brand","embeddable":true,"href":"https:\/\/florisicadouri.ro\/en\/wp-json\/wp\/v2\/product_brand?post=2035"},{"taxonomy":"product_cat","embeddable":true,"href":"https:\/\/florisicadouri.ro\/en\/wp-json\/wp\/v2\/product_cat?post=2035"},{"taxonomy":"product_tag","embeddable":true,"href":"https:\/\/florisicadouri.ro\/en\/wp-json\/wp\/v2\/product_tag?post=2035"}],"curies":[{"name":"wp","href":"https:\/\/api.w.org\/{rel}","templated":true}]}}