{"id":2552,"date":"2024-12-02T12:36:58","date_gmt":"2024-12-02T12:36:58","guid":{"rendered":"https:\/\/florisicadouri.ro\/?post_type=product&#038;p=2552"},"modified":"2025-10-13T12:42:06","modified_gmt":"2025-10-13T10:42:06","slug":"jardiniera-in-your-memory2","status":"publish","type":"product","link":"https:\/\/florisicadouri.ro\/en\/product\/jardiniera-in-your-memory2\/","title":{"rendered":"ARANJAMENT FUNERAR \u201dIn your memory\u201d1"},"content":{"rendered":"","protected":false},"excerpt":{"rendered":"<p><strong>Acest produs nu se poate returna \u0219i se livreaz\u0103 doar pe raza ora\u0219ului Cluj Napoca \u0219i a localit\u0103\u021bilor limitrofe.<\/strong><\/p>\n<p>Aranjament funerar realizat cu doua plante de exterior, \u00een jardinier\u0103 natur (L32 cm).<\/p>\n<p>Este o decora\u021biune potrivit\u0103 at\u00e2t pentru \u00eenmorm\u00e2ntare, c\u00e2t \u0219i pentru S\u0103rb\u0103toarea Lumina\u021biei\/1 Noiembrie.<\/p>\n<p>Not\u0103: Plantele pote diferi fa\u021b\u0103 de imaginea prezentat\u0103, \u00een func\u021bie de stocul disponibil.<br \/>\nAranjamentul poate fi realizat \u0219i cu alte tipuri de plante \u0219i accesorii.<br \/>\nSpecifica\u021bi modific\u0103rile dorite \u00een nota de comand\u0103.<br \/>\nRecomand\u0103m verificarea telefonic\u0103 a disponibilit\u0103\u021bii produsului \u00eenainte de finalizarea comenzii.<br \/>\nAcest produs nu este destinat consumului uman \u0219i este perisabil.<\/p>\n","protected":false},"featured_media":3534,"template":"","meta":[],"product_brand":[],"product_cat":[105],"product_tag":[],"class_list":{"0":"post-2552","1":"product","2":"type-product","3":"status-publish","4":"has-post-thumbnail","6":"product_cat-aranjamente-funerare-speciale","8":"first","9":"instock","10":"shipping-taxable","11":"purchasable","12":"product-type-simple"},"yoast_head":"<!-- This site is optimized with the Yoast SEO plugin v27.4 - https:\/\/yoast.com\/product\/yoast-seo-wordpress\/ -->\n<title>ARANJAMENT FUNERAR \u201dIn your memory\u201d1 - Flori si Cadouri<\/title>\n<meta name=\"robots\" content=\"index, follow, max-snippet:-1, max-image-preview:large, max-video-preview:-1\" \/>\n<link rel=\"canonical\" href=\"https:\/\/florisicadouri.ro\/en\/product\/jardiniera-in-your-memory2\/\" \/>\n<meta property=\"og:locale\" content=\"en_US\" \/>\n<meta property=\"og:type\" content=\"article\" \/>\n<meta property=\"og:title\" content=\"ARANJAMENT FUNERAR \u201dIn your memory\u201d1 - Flori si Cadouri\" \/>\n<meta property=\"og:description\" content=\"Acest produs nu se poate returna \u0219i se livreaz\u0103 doar pe raza ora\u0219ului Cluj Napoca \u0219i a localit\u0103\u021bilor limitrofe.  Aranjament funerar realizat cu doua plante de exterior, \u00een jardinier\u0103 natur (L32 cm).  Este o decora\u021biune potrivit\u0103 at\u00e2t pentru \u00eenmorm\u00e2ntare, c\u00e2t \u0219i pentru S\u0103rb\u0103toarea Lumina\u021biei\/1 Noiembrie.  Not\u0103: Plantele pote diferi fa\u021b\u0103 de imaginea prezentat\u0103, \u00een func\u021bie de stocul disponibil. Aranjamentul poate fi realizat \u0219i cu alte tipuri de plante \u0219i accesorii. Specifica\u021bi modific\u0103rile dorite \u00een nota de comand\u0103. Recomand\u0103m verificarea telefonic\u0103 a disponibilit\u0103\u021bii produsului \u00eenainte de finalizarea comenzii. Acest produs nu este destinat consumului uman \u0219i este perisabil.\" \/>\n<meta property=\"og:url\" content=\"https:\/\/florisicadouri.ro\/en\/product\/jardiniera-in-your-memory2\/\" \/>\n<meta property=\"og:site_name\" content=\"Flori si Cadouri\" \/>\n<meta property=\"article:modified_time\" content=\"2025-10-13T10:42:06+00:00\" \/>\n<meta property=\"og:image\" content=\"https:\/\/florisicadouri.ro\/wp-content\/uploads\/2024\/12\/ARANJAMENT-FUNERAR-In-your-memory1.jpg\" \/>\n\t<meta property=\"og:image:width\" content=\"823\" \/>\n\t<meta property=\"og:image:height\" content=\"828\" \/>\n\t<meta property=\"og:image:type\" content=\"image\/jpeg\" \/>\n<meta name=\"twitter:card\" content=\"summary_large_image\" \/>\n<meta name=\"twitter:label1\" content=\"Est. reading time\" \/>\n\t<meta name=\"twitter:data1\" content=\"1 minute\" \/>\n<script type=\"application\/ld+json\" class=\"yoast-schema-graph\">{\"@context\":\"https:\\\/\\\/schema.org\",\"@graph\":[{\"@type\":\"WebPage\",\"@id\":\"https:\\\/\\\/florisicadouri.ro\\\/en\\\/product\\\/jardiniera-in-your-memory2\\\/\",\"url\":\"https:\\\/\\\/florisicadouri.ro\\\/en\\\/product\\\/jardiniera-in-your-memory2\\\/\",\"name\":\"ARANJAMENT FUNERAR \u201dIn your memory\u201d1 - Flori si Cadouri\",\"isPartOf\":{\"@id\":\"https:\\\/\\\/florisicadouri.ro\\\/en\\\/#website\"},\"primaryImageOfPage\":{\"@id\":\"https:\\\/\\\/florisicadouri.ro\\\/en\\\/product\\\/jardiniera-in-your-memory2\\\/#primaryimage\"},\"image\":{\"@id\":\"https:\\\/\\\/florisicadouri.ro\\\/en\\\/product\\\/jardiniera-in-your-memory2\\\/#primaryimage\"},\"thumbnailUrl\":\"https:\\\/\\\/florisicadouri.ro\\\/wp-content\\\/uploads\\\/2024\\\/12\\\/ARANJAMENT-FUNERAR-In-your-memory1.jpg\",\"datePublished\":\"2024-12-02T12:36:58+00:00\",\"dateModified\":\"2025-10-13T10:42:06+00:00\",\"breadcrumb\":{\"@id\":\"https:\\\/\\\/florisicadouri.ro\\\/en\\\/product\\\/jardiniera-in-your-memory2\\\/#breadcrumb\"},\"inLanguage\":\"en-US\",\"potentialAction\":[{\"@type\":\"ReadAction\",\"target\":[\"https:\\\/\\\/florisicadouri.ro\\\/en\\\/product\\\/jardiniera-in-your-memory2\\\/\"]}]},{\"@type\":\"ImageObject\",\"inLanguage\":\"en-US\",\"@id\":\"https:\\\/\\\/florisicadouri.ro\\\/en\\\/product\\\/jardiniera-in-your-memory2\\\/#primaryimage\",\"url\":\"https:\\\/\\\/florisicadouri.ro\\\/wp-content\\\/uploads\\\/2024\\\/12\\\/ARANJAMENT-FUNERAR-In-your-memory1.jpg\",\"contentUrl\":\"https:\\\/\\\/florisicadouri.ro\\\/wp-content\\\/uploads\\\/2024\\\/12\\\/ARANJAMENT-FUNERAR-In-your-memory1.jpg\",\"width\":823,\"height\":828},{\"@type\":\"BreadcrumbList\",\"@id\":\"https:\\\/\\\/florisicadouri.ro\\\/en\\\/product\\\/jardiniera-in-your-memory2\\\/#breadcrumb\",\"itemListElement\":[{\"@type\":\"ListItem\",\"position\":1,\"name\":\"Prima pagin\u0103\",\"item\":\"https:\\\/\\\/florisicadouri.ro\\\/en\\\/\"},{\"@type\":\"ListItem\",\"position\":2,\"name\":\"Shop\",\"item\":\"https:\\\/\\\/florisicadouri.ro\\\/en\\\/shop\\\/\"},{\"@type\":\"ListItem\",\"position\":3,\"name\":\"ARANJAMENT FUNERAR \u201dIn your memory\u201d1\"}]},{\"@type\":\"WebSite\",\"@id\":\"https:\\\/\\\/florisicadouri.ro\\\/en\\\/#website\",\"url\":\"https:\\\/\\\/florisicadouri.ro\\\/en\\\/\",\"name\":\"Flori\",\"description\":\"\",\"potentialAction\":[{\"@type\":\"SearchAction\",\"target\":{\"@type\":\"EntryPoint\",\"urlTemplate\":\"https:\\\/\\\/florisicadouri.ro\\\/en\\\/?s={search_term_string}\"},\"query-input\":{\"@type\":\"PropertyValueSpecification\",\"valueRequired\":true,\"valueName\":\"search_term_string\"}}],\"inLanguage\":\"en-US\"}]}<\/script>\n<!-- \/ Yoast SEO plugin. -->","yoast_head_json":{"title":"ARANJAMENT FUNERAR \u201dIn your memory\u201d1 - Flori si Cadouri","robots":{"index":"index","follow":"follow","max-snippet":"max-snippet:-1","max-image-preview":"max-image-preview:large","max-video-preview":"max-video-preview:-1"},"canonical":"https:\/\/florisicadouri.ro\/en\/product\/jardiniera-in-your-memory2\/","og_locale":"en_US","og_type":"article","og_title":"ARANJAMENT FUNERAR \u201dIn your memory\u201d1 - Flori si Cadouri","og_description":"Acest produs nu se poate returna \u0219i se livreaz\u0103 doar pe raza ora\u0219ului Cluj Napoca \u0219i a localit\u0103\u021bilor limitrofe.  Aranjament funerar realizat cu doua plante de exterior, \u00een jardinier\u0103 natur (L32 cm).  Este o decora\u021biune potrivit\u0103 at\u00e2t pentru \u00eenmorm\u00e2ntare, c\u00e2t \u0219i pentru S\u0103rb\u0103toarea Lumina\u021biei\/1 Noiembrie.  Not\u0103: Plantele pote diferi fa\u021b\u0103 de imaginea prezentat\u0103, \u00een func\u021bie de stocul disponibil. Aranjamentul poate fi realizat \u0219i cu alte tipuri de plante \u0219i accesorii. Specifica\u021bi modific\u0103rile dorite \u00een nota de comand\u0103. Recomand\u0103m verificarea telefonic\u0103 a disponibilit\u0103\u021bii produsului \u00eenainte de finalizarea comenzii. Acest produs nu este destinat consumului uman \u0219i este perisabil.","og_url":"https:\/\/florisicadouri.ro\/en\/product\/jardiniera-in-your-memory2\/","og_site_name":"Flori si Cadouri","article_modified_time":"2025-10-13T10:42:06+00:00","og_image":[{"width":823,"height":828,"url":"https:\/\/florisicadouri.ro\/wp-content\/uploads\/2024\/12\/ARANJAMENT-FUNERAR-In-your-memory1.jpg","type":"image\/jpeg"}],"twitter_card":"summary_large_image","twitter_misc":{"Est. reading time":"1 minute"},"schema":{"@context":"https:\/\/schema.org","@graph":[{"@type":"WebPage","@id":"https:\/\/florisicadouri.ro\/en\/product\/jardiniera-in-your-memory2\/","url":"https:\/\/florisicadouri.ro\/en\/product\/jardiniera-in-your-memory2\/","name":"ARANJAMENT FUNERAR \u201dIn your memory\u201d1 - Flori si Cadouri","isPartOf":{"@id":"https:\/\/florisicadouri.ro\/en\/#website"},"primaryImageOfPage":{"@id":"https:\/\/florisicadouri.ro\/en\/product\/jardiniera-in-your-memory2\/#primaryimage"},"image":{"@id":"https:\/\/florisicadouri.ro\/en\/product\/jardiniera-in-your-memory2\/#primaryimage"},"thumbnailUrl":"https:\/\/florisicadouri.ro\/wp-content\/uploads\/2024\/12\/ARANJAMENT-FUNERAR-In-your-memory1.jpg","datePublished":"2024-12-02T12:36:58+00:00","dateModified":"2025-10-13T10:42:06+00:00","breadcrumb":{"@id":"https:\/\/florisicadouri.ro\/en\/product\/jardiniera-in-your-memory2\/#breadcrumb"},"inLanguage":"en-US","potentialAction":[{"@type":"ReadAction","target":["https:\/\/florisicadouri.ro\/en\/product\/jardiniera-in-your-memory2\/"]}]},{"@type":"ImageObject","inLanguage":"en-US","@id":"https:\/\/florisicadouri.ro\/en\/product\/jardiniera-in-your-memory2\/#primaryimage","url":"https:\/\/florisicadouri.ro\/wp-content\/uploads\/2024\/12\/ARANJAMENT-FUNERAR-In-your-memory1.jpg","contentUrl":"https:\/\/florisicadouri.ro\/wp-content\/uploads\/2024\/12\/ARANJAMENT-FUNERAR-In-your-memory1.jpg","width":823,"height":828},{"@type":"BreadcrumbList","@id":"https:\/\/florisicadouri.ro\/en\/product\/jardiniera-in-your-memory2\/#breadcrumb","itemListElement":[{"@type":"ListItem","position":1,"name":"Prima pagin\u0103","item":"https:\/\/florisicadouri.ro\/en\/"},{"@type":"ListItem","position":2,"name":"Shop","item":"https:\/\/florisicadouri.ro\/en\/shop\/"},{"@type":"ListItem","position":3,"name":"ARANJAMENT FUNERAR \u201dIn your memory\u201d1"}]},{"@type":"WebSite","@id":"https:\/\/florisicadouri.ro\/en\/#website","url":"https:\/\/florisicadouri.ro\/en\/","name":"Flori","description":"","potentialAction":[{"@type":"SearchAction","target":{"@type":"EntryPoint","urlTemplate":"https:\/\/florisicadouri.ro\/en\/?s={search_term_string}"},"query-input":{"@type":"PropertyValueSpecification","valueRequired":true,"valueName":"search_term_string"}}],"inLanguage":"en-US"}]}},"_links":{"self":[{"href":"https:\/\/florisicadouri.ro\/en\/wp-json\/wp\/v2\/product\/2552","targetHints":{"allow":["GET"]}}],"collection":[{"href":"https:\/\/florisicadouri.ro\/en\/wp-json\/wp\/v2\/product"}],"about":[{"href":"https:\/\/florisicadouri.ro\/en\/wp-json\/wp\/v2\/types\/product"}],"wp:featuredmedia":[{"embeddable":true,"href":"https:\/\/florisicadouri.ro\/en\/wp-json\/wp\/v2\/media\/3534"}],"wp:attachment":[{"href":"https:\/\/florisicadouri.ro\/en\/wp-json\/wp\/v2\/media?parent=2552"}],"wp:term":[{"taxonomy":"product_brand","embeddable":true,"href":"https:\/\/florisicadouri.ro\/en\/wp-json\/wp\/v2\/product_brand?post=2552"},{"taxonomy":"product_cat","embeddable":true,"href":"https:\/\/florisicadouri.ro\/en\/wp-json\/wp\/v2\/product_cat?post=2552"},{"taxonomy":"product_tag","embeddable":true,"href":"https:\/\/florisicadouri.ro\/en\/wp-json\/wp\/v2\/product_tag?post=2552"}],"curies":[{"name":"wp","href":"https:\/\/api.w.org\/{rel}","templated":true}]}}