{"id":2613,"date":"2024-12-02T14:36:50","date_gmt":"2024-12-02T14:36:50","guid":{"rendered":"https:\/\/florisicadouri.ro\/?post_type=product&#038;p=2613"},"modified":"2024-12-02T14:36:50","modified_gmt":"2024-12-02T14:36:50","slug":"coroana-funerara-de-muschi-cu-ingeras","status":"publish","type":"product","link":"https:\/\/florisicadouri.ro\/en\/product\/coroana-funerara-de-muschi-cu-ingeras\/","title":{"rendered":"COROAN\u0102 FUNERAR\u0102 DE MU\u0218CHI CU \u00ceNGERA\u0218"},"content":{"rendered":"","protected":false},"excerpt":{"rendered":"<p>Aranjament funerar diametru 20 cm. Aranjamentul permanent este realizat pe o structur\u0103 de nuiele.<br \/>\nAranjamentul are central o statuet\u0103 \u00eengera\u0219 din poliurezin \u0219i este accesorizat cu flori \u0219i verdea\u021b\u0103 artificiale.<br \/>\nSe poate ata\u0219a mesaj pe panglic\u0103 funerar\u0103.<br \/>\nCuloarea florilor poate varia fa\u021b\u0103 de imaginea prezentat\u0103.<br \/>\nSpecifica\u021bi modific\u0103rile dorite \u00een nota de comand\u0103 sau telefonic.<\/p>\n","protected":false},"featured_media":2618,"template":"","meta":[],"product_brand":[],"product_cat":[107],"product_tag":[],"class_list":{"0":"post-2613","1":"product","2":"type-product","3":"status-publish","4":"has-post-thumbnail","6":"product_cat-aranjamente-coroana","8":"first","9":"instock","10":"shipping-taxable","11":"purchasable","12":"product-type-simple"},"yoast_head":"<!-- This site is optimized with the Yoast SEO plugin v27.4 - https:\/\/yoast.com\/product\/yoast-seo-wordpress\/ -->\n<title>COROAN\u0102 FUNERAR\u0102 DE MU\u0218CHI CU \u00ceNGERA\u0218 - Flori si Cadouri<\/title>\n<meta name=\"robots\" content=\"index, follow, max-snippet:-1, max-image-preview:large, max-video-preview:-1\" \/>\n<link rel=\"canonical\" href=\"https:\/\/florisicadouri.ro\/en\/product\/coroana-funerara-de-muschi-cu-ingeras\/\" \/>\n<meta property=\"og:locale\" content=\"en_US\" \/>\n<meta property=\"og:type\" content=\"article\" \/>\n<meta property=\"og:title\" content=\"COROAN\u0102 FUNERAR\u0102 DE MU\u0218CHI CU \u00ceNGERA\u0218 - Flori si Cadouri\" \/>\n<meta property=\"og:description\" content=\"Aranjament funerar diametru 20 cm. Aranjamentul permanent este realizat pe o structur\u0103 de nuiele. Aranjamentul are central o statuet\u0103 \u00eengera\u0219 din poliurezin \u0219i este accesorizat cu flori \u0219i verdea\u021b\u0103 artificiale. Se poate ata\u0219a mesaj pe panglic\u0103 funerar\u0103. Culoarea florilor poate varia fa\u021b\u0103 de imaginea prezentat\u0103. Specifica\u021bi modific\u0103rile dorite \u00een nota de comand\u0103 sau telefonic.\" \/>\n<meta property=\"og:url\" content=\"https:\/\/florisicadouri.ro\/en\/product\/coroana-funerara-de-muschi-cu-ingeras\/\" \/>\n<meta property=\"og:site_name\" content=\"Flori si Cadouri\" \/>\n<meta property=\"og:image\" content=\"https:\/\/florisicadouri.ro\/wp-content\/uploads\/2024\/12\/COROANA-FUNERARA-DE-MUSCHI-CU-INGERAS.png\" \/>\n\t<meta property=\"og:image:width\" content=\"600\" \/>\n\t<meta property=\"og:image:height\" content=\"579\" \/>\n\t<meta property=\"og:image:type\" content=\"image\/png\" \/>\n<meta name=\"twitter:card\" content=\"summary_large_image\" \/>\n<meta name=\"twitter:label1\" content=\"Est. reading time\" \/>\n\t<meta name=\"twitter:data1\" content=\"1 minute\" \/>\n<script type=\"application\/ld+json\" class=\"yoast-schema-graph\">{\"@context\":\"https:\\\/\\\/schema.org\",\"@graph\":[{\"@type\":\"WebPage\",\"@id\":\"https:\\\/\\\/florisicadouri.ro\\\/en\\\/product\\\/coroana-funerara-de-muschi-cu-ingeras\\\/\",\"url\":\"https:\\\/\\\/florisicadouri.ro\\\/en\\\/product\\\/coroana-funerara-de-muschi-cu-ingeras\\\/\",\"name\":\"COROAN\u0102 FUNERAR\u0102 DE MU\u0218CHI CU \u00ceNGERA\u0218 - Flori si Cadouri\",\"isPartOf\":{\"@id\":\"https:\\\/\\\/florisicadouri.ro\\\/en\\\/#website\"},\"primaryImageOfPage\":{\"@id\":\"https:\\\/\\\/florisicadouri.ro\\\/en\\\/product\\\/coroana-funerara-de-muschi-cu-ingeras\\\/#primaryimage\"},\"image\":{\"@id\":\"https:\\\/\\\/florisicadouri.ro\\\/en\\\/product\\\/coroana-funerara-de-muschi-cu-ingeras\\\/#primaryimage\"},\"thumbnailUrl\":\"https:\\\/\\\/florisicadouri.ro\\\/wp-content\\\/uploads\\\/2024\\\/12\\\/COROANA-FUNERARA-DE-MUSCHI-CU-INGERAS.png\",\"datePublished\":\"2024-12-02T14:36:50+00:00\",\"breadcrumb\":{\"@id\":\"https:\\\/\\\/florisicadouri.ro\\\/en\\\/product\\\/coroana-funerara-de-muschi-cu-ingeras\\\/#breadcrumb\"},\"inLanguage\":\"en-US\",\"potentialAction\":[{\"@type\":\"ReadAction\",\"target\":[\"https:\\\/\\\/florisicadouri.ro\\\/en\\\/product\\\/coroana-funerara-de-muschi-cu-ingeras\\\/\"]}]},{\"@type\":\"ImageObject\",\"inLanguage\":\"en-US\",\"@id\":\"https:\\\/\\\/florisicadouri.ro\\\/en\\\/product\\\/coroana-funerara-de-muschi-cu-ingeras\\\/#primaryimage\",\"url\":\"https:\\\/\\\/florisicadouri.ro\\\/wp-content\\\/uploads\\\/2024\\\/12\\\/COROANA-FUNERARA-DE-MUSCHI-CU-INGERAS.png\",\"contentUrl\":\"https:\\\/\\\/florisicadouri.ro\\\/wp-content\\\/uploads\\\/2024\\\/12\\\/COROANA-FUNERARA-DE-MUSCHI-CU-INGERAS.png\",\"width\":600,\"height\":579},{\"@type\":\"BreadcrumbList\",\"@id\":\"https:\\\/\\\/florisicadouri.ro\\\/en\\\/product\\\/coroana-funerara-de-muschi-cu-ingeras\\\/#breadcrumb\",\"itemListElement\":[{\"@type\":\"ListItem\",\"position\":1,\"name\":\"Prima pagin\u0103\",\"item\":\"https:\\\/\\\/florisicadouri.ro\\\/en\\\/\"},{\"@type\":\"ListItem\",\"position\":2,\"name\":\"Shop\",\"item\":\"https:\\\/\\\/florisicadouri.ro\\\/en\\\/shop\\\/\"},{\"@type\":\"ListItem\",\"position\":3,\"name\":\"COROAN\u0102 FUNERAR\u0102 DE MU\u0218CHI CU \u00ceNGERA\u0218\"}]},{\"@type\":\"WebSite\",\"@id\":\"https:\\\/\\\/florisicadouri.ro\\\/en\\\/#website\",\"url\":\"https:\\\/\\\/florisicadouri.ro\\\/en\\\/\",\"name\":\"Flori\",\"description\":\"\",\"potentialAction\":[{\"@type\":\"SearchAction\",\"target\":{\"@type\":\"EntryPoint\",\"urlTemplate\":\"https:\\\/\\\/florisicadouri.ro\\\/en\\\/?s={search_term_string}\"},\"query-input\":{\"@type\":\"PropertyValueSpecification\",\"valueRequired\":true,\"valueName\":\"search_term_string\"}}],\"inLanguage\":\"en-US\"}]}<\/script>\n<!-- \/ Yoast SEO plugin. -->","yoast_head_json":{"title":"COROAN\u0102 FUNERAR\u0102 DE MU\u0218CHI CU \u00ceNGERA\u0218 - Flori si Cadouri","robots":{"index":"index","follow":"follow","max-snippet":"max-snippet:-1","max-image-preview":"max-image-preview:large","max-video-preview":"max-video-preview:-1"},"canonical":"https:\/\/florisicadouri.ro\/en\/product\/coroana-funerara-de-muschi-cu-ingeras\/","og_locale":"en_US","og_type":"article","og_title":"COROAN\u0102 FUNERAR\u0102 DE MU\u0218CHI CU \u00ceNGERA\u0218 - Flori si Cadouri","og_description":"Aranjament funerar diametru 20 cm. Aranjamentul permanent este realizat pe o structur\u0103 de nuiele. Aranjamentul are central o statuet\u0103 \u00eengera\u0219 din poliurezin \u0219i este accesorizat cu flori \u0219i verdea\u021b\u0103 artificiale. Se poate ata\u0219a mesaj pe panglic\u0103 funerar\u0103. Culoarea florilor poate varia fa\u021b\u0103 de imaginea prezentat\u0103. Specifica\u021bi modific\u0103rile dorite \u00een nota de comand\u0103 sau telefonic.","og_url":"https:\/\/florisicadouri.ro\/en\/product\/coroana-funerara-de-muschi-cu-ingeras\/","og_site_name":"Flori si Cadouri","og_image":[{"width":600,"height":579,"url":"https:\/\/florisicadouri.ro\/wp-content\/uploads\/2024\/12\/COROANA-FUNERARA-DE-MUSCHI-CU-INGERAS.png","type":"image\/png"}],"twitter_card":"summary_large_image","twitter_misc":{"Est. reading time":"1 minute"},"schema":{"@context":"https:\/\/schema.org","@graph":[{"@type":"WebPage","@id":"https:\/\/florisicadouri.ro\/en\/product\/coroana-funerara-de-muschi-cu-ingeras\/","url":"https:\/\/florisicadouri.ro\/en\/product\/coroana-funerara-de-muschi-cu-ingeras\/","name":"COROAN\u0102 FUNERAR\u0102 DE MU\u0218CHI CU \u00ceNGERA\u0218 - Flori si Cadouri","isPartOf":{"@id":"https:\/\/florisicadouri.ro\/en\/#website"},"primaryImageOfPage":{"@id":"https:\/\/florisicadouri.ro\/en\/product\/coroana-funerara-de-muschi-cu-ingeras\/#primaryimage"},"image":{"@id":"https:\/\/florisicadouri.ro\/en\/product\/coroana-funerara-de-muschi-cu-ingeras\/#primaryimage"},"thumbnailUrl":"https:\/\/florisicadouri.ro\/wp-content\/uploads\/2024\/12\/COROANA-FUNERARA-DE-MUSCHI-CU-INGERAS.png","datePublished":"2024-12-02T14:36:50+00:00","breadcrumb":{"@id":"https:\/\/florisicadouri.ro\/en\/product\/coroana-funerara-de-muschi-cu-ingeras\/#breadcrumb"},"inLanguage":"en-US","potentialAction":[{"@type":"ReadAction","target":["https:\/\/florisicadouri.ro\/en\/product\/coroana-funerara-de-muschi-cu-ingeras\/"]}]},{"@type":"ImageObject","inLanguage":"en-US","@id":"https:\/\/florisicadouri.ro\/en\/product\/coroana-funerara-de-muschi-cu-ingeras\/#primaryimage","url":"https:\/\/florisicadouri.ro\/wp-content\/uploads\/2024\/12\/COROANA-FUNERARA-DE-MUSCHI-CU-INGERAS.png","contentUrl":"https:\/\/florisicadouri.ro\/wp-content\/uploads\/2024\/12\/COROANA-FUNERARA-DE-MUSCHI-CU-INGERAS.png","width":600,"height":579},{"@type":"BreadcrumbList","@id":"https:\/\/florisicadouri.ro\/en\/product\/coroana-funerara-de-muschi-cu-ingeras\/#breadcrumb","itemListElement":[{"@type":"ListItem","position":1,"name":"Prima pagin\u0103","item":"https:\/\/florisicadouri.ro\/en\/"},{"@type":"ListItem","position":2,"name":"Shop","item":"https:\/\/florisicadouri.ro\/en\/shop\/"},{"@type":"ListItem","position":3,"name":"COROAN\u0102 FUNERAR\u0102 DE MU\u0218CHI CU \u00ceNGERA\u0218"}]},{"@type":"WebSite","@id":"https:\/\/florisicadouri.ro\/en\/#website","url":"https:\/\/florisicadouri.ro\/en\/","name":"Flori","description":"","potentialAction":[{"@type":"SearchAction","target":{"@type":"EntryPoint","urlTemplate":"https:\/\/florisicadouri.ro\/en\/?s={search_term_string}"},"query-input":{"@type":"PropertyValueSpecification","valueRequired":true,"valueName":"search_term_string"}}],"inLanguage":"en-US"}]}},"_links":{"self":[{"href":"https:\/\/florisicadouri.ro\/en\/wp-json\/wp\/v2\/product\/2613","targetHints":{"allow":["GET"]}}],"collection":[{"href":"https:\/\/florisicadouri.ro\/en\/wp-json\/wp\/v2\/product"}],"about":[{"href":"https:\/\/florisicadouri.ro\/en\/wp-json\/wp\/v2\/types\/product"}],"wp:featuredmedia":[{"embeddable":true,"href":"https:\/\/florisicadouri.ro\/en\/wp-json\/wp\/v2\/media\/2618"}],"wp:attachment":[{"href":"https:\/\/florisicadouri.ro\/en\/wp-json\/wp\/v2\/media?parent=2613"}],"wp:term":[{"taxonomy":"product_brand","embeddable":true,"href":"https:\/\/florisicadouri.ro\/en\/wp-json\/wp\/v2\/product_brand?post=2613"},{"taxonomy":"product_cat","embeddable":true,"href":"https:\/\/florisicadouri.ro\/en\/wp-json\/wp\/v2\/product_cat?post=2613"},{"taxonomy":"product_tag","embeddable":true,"href":"https:\/\/florisicadouri.ro\/en\/wp-json\/wp\/v2\/product_tag?post=2613"}],"curies":[{"name":"wp","href":"https:\/\/api.w.org\/{rel}","templated":true}]}}