{"id":2629,"date":"2024-12-02T14:44:02","date_gmt":"2024-12-02T14:44:02","guid":{"rendered":"https:\/\/florisicadouri.ro\/?post_type=product&#038;p=2629"},"modified":"2024-12-02T14:44:02","modified_gmt":"2024-12-02T14:44:02","slug":"cruce-funerara-cu-crini-albi-si-trandafiri","status":"publish","type":"product","link":"https:\/\/florisicadouri.ro\/en\/product\/cruce-funerara-cu-crini-albi-si-trandafiri\/","title":{"rendered":"CRUCE FUNERAR\u0102 CU CRINI ALBI \u0218I TRANDAFIRI"},"content":{"rendered":"","protected":false},"excerpt":{"rendered":"<p><strong>Acest produs\u00a0 se livreaz\u0103 doar pe raza municipiului Cluj Napoca.<\/strong><br \/>\nCruce funerar\u0103 85 cm, realizat\u0103 din mix de flori albe \u0219i verdea\u021b\u0103 special\u0103.<br \/>\nSe poate ata\u0219a mesaj pe panglic\u0103 funerar\u0103.<br \/>\nNot\u0103: Florile pot diferi fa\u021b\u0103 de imaginea prezentat\u0103, \u00een func\u021bie de stocul disponibil.<br \/>\nAranjamentul poate fi realizat \u0219i cu alte tipuri de flori \u0219i accesorii.<br \/>\nSe poate ata\u0219a mesaj pe panglic\u0103 funerar\u0103.<br \/>\nSpecifica\u021bi modific\u0103rile dorite \u00een nota de comand\u0103.<br \/>\nRecomand\u0103m verificarea telefonic\u0103 a disponibilit\u0103\u021bii produsului \u00eenainte de finalizarea comenzii.<br \/>\nAcest produs nu este destinat consumului uman, este perisabil \u0219i nu se poate returna.<\/p>\n","protected":false},"featured_media":2631,"template":"","meta":[],"product_brand":[],"product_cat":[108],"product_tag":[],"class_list":{"0":"post-2629","1":"product","2":"type-product","3":"status-publish","4":"has-post-thumbnail","6":"product_cat-aranjamente-cruce","8":"first","9":"instock","10":"shipping-taxable","11":"purchasable","12":"product-type-simple"},"yoast_head":"<!-- This site is optimized with the Yoast SEO plugin v27.5 - https:\/\/yoast.com\/product\/yoast-seo-wordpress\/ -->\n<title>CRUCE FUNERAR\u0102 CU CRINI ALBI \u0218I TRANDAFIRI - Flori si Cadouri<\/title>\n<meta name=\"robots\" content=\"index, follow, max-snippet:-1, max-image-preview:large, max-video-preview:-1\" \/>\n<link rel=\"canonical\" href=\"https:\/\/florisicadouri.ro\/en\/product\/cruce-funerara-cu-crini-albi-si-trandafiri\/\" \/>\n<meta property=\"og:locale\" content=\"en_US\" \/>\n<meta property=\"og:type\" content=\"article\" \/>\n<meta property=\"og:title\" content=\"CRUCE FUNERAR\u0102 CU CRINI ALBI \u0218I TRANDAFIRI - Flori si Cadouri\" \/>\n<meta property=\"og:description\" content=\"Acest produs\u00a0 se livreaz\u0103 doar pe raza municipiului Cluj Napoca. Cruce funerar\u0103 85 cm, realizat\u0103 din mix de flori albe \u0219i verdea\u021b\u0103 special\u0103. Se poate ata\u0219a mesaj pe panglic\u0103 funerar\u0103. Not\u0103: Florile pot diferi fa\u021b\u0103 de imaginea prezentat\u0103, \u00een func\u021bie de stocul disponibil. Aranjamentul poate fi realizat \u0219i cu alte tipuri de flori \u0219i accesorii. Se poate ata\u0219a mesaj pe panglic\u0103 funerar\u0103. Specifica\u021bi modific\u0103rile dorite \u00een nota de comand\u0103. Recomand\u0103m verificarea telefonic\u0103 a disponibilit\u0103\u021bii produsului \u00eenainte de finalizarea comenzii. Acest produs nu este destinat consumului uman, este perisabil \u0219i nu se poate returna.\" \/>\n<meta property=\"og:url\" content=\"https:\/\/florisicadouri.ro\/en\/product\/cruce-funerara-cu-crini-albi-si-trandafiri\/\" \/>\n<meta property=\"og:site_name\" content=\"Flori si Cadouri\" \/>\n<meta property=\"og:image\" content=\"https:\/\/florisicadouri.ro\/wp-content\/uploads\/2024\/12\/CRUCE-FUNERARA-CU-CRINI-ALBI-SI-TRANDAFIRI.jpg\" \/>\n\t<meta property=\"og:image:width\" content=\"600\" \/>\n\t<meta property=\"og:image:height\" content=\"873\" \/>\n\t<meta property=\"og:image:type\" content=\"image\/jpeg\" \/>\n<meta name=\"twitter:card\" content=\"summary_large_image\" \/>\n<meta name=\"twitter:label1\" content=\"Est. reading time\" \/>\n\t<meta name=\"twitter:data1\" content=\"1 minute\" \/>\n<script type=\"application\/ld+json\" class=\"yoast-schema-graph\">{\"@context\":\"https:\\\/\\\/schema.org\",\"@graph\":[{\"@type\":\"WebPage\",\"@id\":\"https:\\\/\\\/florisicadouri.ro\\\/en\\\/product\\\/cruce-funerara-cu-crini-albi-si-trandafiri\\\/\",\"url\":\"https:\\\/\\\/florisicadouri.ro\\\/en\\\/product\\\/cruce-funerara-cu-crini-albi-si-trandafiri\\\/\",\"name\":\"CRUCE FUNERAR\u0102 CU CRINI ALBI \u0218I TRANDAFIRI - Flori si Cadouri\",\"isPartOf\":{\"@id\":\"https:\\\/\\\/florisicadouri.ro\\\/en\\\/#website\"},\"primaryImageOfPage\":{\"@id\":\"https:\\\/\\\/florisicadouri.ro\\\/en\\\/product\\\/cruce-funerara-cu-crini-albi-si-trandafiri\\\/#primaryimage\"},\"image\":{\"@id\":\"https:\\\/\\\/florisicadouri.ro\\\/en\\\/product\\\/cruce-funerara-cu-crini-albi-si-trandafiri\\\/#primaryimage\"},\"thumbnailUrl\":\"https:\\\/\\\/florisicadouri.ro\\\/wp-content\\\/uploads\\\/2024\\\/12\\\/CRUCE-FUNERARA-CU-CRINI-ALBI-SI-TRANDAFIRI.jpg\",\"datePublished\":\"2024-12-02T14:44:02+00:00\",\"breadcrumb\":{\"@id\":\"https:\\\/\\\/florisicadouri.ro\\\/en\\\/product\\\/cruce-funerara-cu-crini-albi-si-trandafiri\\\/#breadcrumb\"},\"inLanguage\":\"en-US\",\"potentialAction\":[{\"@type\":\"ReadAction\",\"target\":[\"https:\\\/\\\/florisicadouri.ro\\\/en\\\/product\\\/cruce-funerara-cu-crini-albi-si-trandafiri\\\/\"]}]},{\"@type\":\"ImageObject\",\"inLanguage\":\"en-US\",\"@id\":\"https:\\\/\\\/florisicadouri.ro\\\/en\\\/product\\\/cruce-funerara-cu-crini-albi-si-trandafiri\\\/#primaryimage\",\"url\":\"https:\\\/\\\/florisicadouri.ro\\\/wp-content\\\/uploads\\\/2024\\\/12\\\/CRUCE-FUNERARA-CU-CRINI-ALBI-SI-TRANDAFIRI.jpg\",\"contentUrl\":\"https:\\\/\\\/florisicadouri.ro\\\/wp-content\\\/uploads\\\/2024\\\/12\\\/CRUCE-FUNERARA-CU-CRINI-ALBI-SI-TRANDAFIRI.jpg\",\"width\":600,\"height\":873},{\"@type\":\"BreadcrumbList\",\"@id\":\"https:\\\/\\\/florisicadouri.ro\\\/en\\\/product\\\/cruce-funerara-cu-crini-albi-si-trandafiri\\\/#breadcrumb\",\"itemListElement\":[{\"@type\":\"ListItem\",\"position\":1,\"name\":\"Prima pagin\u0103\",\"item\":\"https:\\\/\\\/florisicadouri.ro\\\/en\\\/\"},{\"@type\":\"ListItem\",\"position\":2,\"name\":\"Shop\",\"item\":\"https:\\\/\\\/florisicadouri.ro\\\/en\\\/shop\\\/\"},{\"@type\":\"ListItem\",\"position\":3,\"name\":\"CRUCE FUNERAR\u0102 CU CRINI ALBI \u0218I TRANDAFIRI\"}]},{\"@type\":\"WebSite\",\"@id\":\"https:\\\/\\\/florisicadouri.ro\\\/en\\\/#website\",\"url\":\"https:\\\/\\\/florisicadouri.ro\\\/en\\\/\",\"name\":\"Flori\",\"description\":\"\",\"potentialAction\":[{\"@type\":\"SearchAction\",\"target\":{\"@type\":\"EntryPoint\",\"urlTemplate\":\"https:\\\/\\\/florisicadouri.ro\\\/en\\\/?s={search_term_string}\"},\"query-input\":{\"@type\":\"PropertyValueSpecification\",\"valueRequired\":true,\"valueName\":\"search_term_string\"}}],\"inLanguage\":\"en-US\"}]}<\/script>\n<!-- \/ Yoast SEO plugin. -->","yoast_head_json":{"title":"CRUCE FUNERAR\u0102 CU CRINI ALBI \u0218I TRANDAFIRI - Flori si Cadouri","robots":{"index":"index","follow":"follow","max-snippet":"max-snippet:-1","max-image-preview":"max-image-preview:large","max-video-preview":"max-video-preview:-1"},"canonical":"https:\/\/florisicadouri.ro\/en\/product\/cruce-funerara-cu-crini-albi-si-trandafiri\/","og_locale":"en_US","og_type":"article","og_title":"CRUCE FUNERAR\u0102 CU CRINI ALBI \u0218I TRANDAFIRI - Flori si Cadouri","og_description":"Acest produs\u00a0 se livreaz\u0103 doar pe raza municipiului Cluj Napoca. Cruce funerar\u0103 85 cm, realizat\u0103 din mix de flori albe \u0219i verdea\u021b\u0103 special\u0103. Se poate ata\u0219a mesaj pe panglic\u0103 funerar\u0103. Not\u0103: Florile pot diferi fa\u021b\u0103 de imaginea prezentat\u0103, \u00een func\u021bie de stocul disponibil. Aranjamentul poate fi realizat \u0219i cu alte tipuri de flori \u0219i accesorii. Se poate ata\u0219a mesaj pe panglic\u0103 funerar\u0103. Specifica\u021bi modific\u0103rile dorite \u00een nota de comand\u0103. Recomand\u0103m verificarea telefonic\u0103 a disponibilit\u0103\u021bii produsului \u00eenainte de finalizarea comenzii. Acest produs nu este destinat consumului uman, este perisabil \u0219i nu se poate returna.","og_url":"https:\/\/florisicadouri.ro\/en\/product\/cruce-funerara-cu-crini-albi-si-trandafiri\/","og_site_name":"Flori si Cadouri","og_image":[{"width":600,"height":873,"url":"https:\/\/florisicadouri.ro\/wp-content\/uploads\/2024\/12\/CRUCE-FUNERARA-CU-CRINI-ALBI-SI-TRANDAFIRI.jpg","type":"image\/jpeg"}],"twitter_card":"summary_large_image","twitter_misc":{"Est. reading time":"1 minute"},"schema":{"@context":"https:\/\/schema.org","@graph":[{"@type":"WebPage","@id":"https:\/\/florisicadouri.ro\/en\/product\/cruce-funerara-cu-crini-albi-si-trandafiri\/","url":"https:\/\/florisicadouri.ro\/en\/product\/cruce-funerara-cu-crini-albi-si-trandafiri\/","name":"CRUCE FUNERAR\u0102 CU CRINI ALBI \u0218I TRANDAFIRI - Flori si Cadouri","isPartOf":{"@id":"https:\/\/florisicadouri.ro\/en\/#website"},"primaryImageOfPage":{"@id":"https:\/\/florisicadouri.ro\/en\/product\/cruce-funerara-cu-crini-albi-si-trandafiri\/#primaryimage"},"image":{"@id":"https:\/\/florisicadouri.ro\/en\/product\/cruce-funerara-cu-crini-albi-si-trandafiri\/#primaryimage"},"thumbnailUrl":"https:\/\/florisicadouri.ro\/wp-content\/uploads\/2024\/12\/CRUCE-FUNERARA-CU-CRINI-ALBI-SI-TRANDAFIRI.jpg","datePublished":"2024-12-02T14:44:02+00:00","breadcrumb":{"@id":"https:\/\/florisicadouri.ro\/en\/product\/cruce-funerara-cu-crini-albi-si-trandafiri\/#breadcrumb"},"inLanguage":"en-US","potentialAction":[{"@type":"ReadAction","target":["https:\/\/florisicadouri.ro\/en\/product\/cruce-funerara-cu-crini-albi-si-trandafiri\/"]}]},{"@type":"ImageObject","inLanguage":"en-US","@id":"https:\/\/florisicadouri.ro\/en\/product\/cruce-funerara-cu-crini-albi-si-trandafiri\/#primaryimage","url":"https:\/\/florisicadouri.ro\/wp-content\/uploads\/2024\/12\/CRUCE-FUNERARA-CU-CRINI-ALBI-SI-TRANDAFIRI.jpg","contentUrl":"https:\/\/florisicadouri.ro\/wp-content\/uploads\/2024\/12\/CRUCE-FUNERARA-CU-CRINI-ALBI-SI-TRANDAFIRI.jpg","width":600,"height":873},{"@type":"BreadcrumbList","@id":"https:\/\/florisicadouri.ro\/en\/product\/cruce-funerara-cu-crini-albi-si-trandafiri\/#breadcrumb","itemListElement":[{"@type":"ListItem","position":1,"name":"Prima pagin\u0103","item":"https:\/\/florisicadouri.ro\/en\/"},{"@type":"ListItem","position":2,"name":"Shop","item":"https:\/\/florisicadouri.ro\/en\/shop\/"},{"@type":"ListItem","position":3,"name":"CRUCE FUNERAR\u0102 CU CRINI ALBI \u0218I TRANDAFIRI"}]},{"@type":"WebSite","@id":"https:\/\/florisicadouri.ro\/en\/#website","url":"https:\/\/florisicadouri.ro\/en\/","name":"Flori","description":"","potentialAction":[{"@type":"SearchAction","target":{"@type":"EntryPoint","urlTemplate":"https:\/\/florisicadouri.ro\/en\/?s={search_term_string}"},"query-input":{"@type":"PropertyValueSpecification","valueRequired":true,"valueName":"search_term_string"}}],"inLanguage":"en-US"}]}},"_links":{"self":[{"href":"https:\/\/florisicadouri.ro\/en\/wp-json\/wp\/v2\/product\/2629","targetHints":{"allow":["GET"]}}],"collection":[{"href":"https:\/\/florisicadouri.ro\/en\/wp-json\/wp\/v2\/product"}],"about":[{"href":"https:\/\/florisicadouri.ro\/en\/wp-json\/wp\/v2\/types\/product"}],"wp:featuredmedia":[{"embeddable":true,"href":"https:\/\/florisicadouri.ro\/en\/wp-json\/wp\/v2\/media\/2631"}],"wp:attachment":[{"href":"https:\/\/florisicadouri.ro\/en\/wp-json\/wp\/v2\/media?parent=2629"}],"wp:term":[{"taxonomy":"product_brand","embeddable":true,"href":"https:\/\/florisicadouri.ro\/en\/wp-json\/wp\/v2\/product_brand?post=2629"},{"taxonomy":"product_cat","embeddable":true,"href":"https:\/\/florisicadouri.ro\/en\/wp-json\/wp\/v2\/product_cat?post=2629"},{"taxonomy":"product_tag","embeddable":true,"href":"https:\/\/florisicadouri.ro\/en\/wp-json\/wp\/v2\/product_tag?post=2629"}],"curies":[{"name":"wp","href":"https:\/\/api.w.org\/{rel}","templated":true}]}}