{"id":2823,"date":"2025-01-31T12:41:25","date_gmt":"2025-01-31T10:41:25","guid":{"rendered":"https:\/\/florisicadouri.ro\/?post_type=product&#038;p=2823"},"modified":"2026-02-02T12:50:07","modified_gmt":"2026-02-02T10:50:07","slug":"buchet-sweets-and-flowers","status":"publish","type":"product","link":"https:\/\/florisicadouri.ro\/en\/product\/buchet-sweets-and-flowers\/","title":{"rendered":"BUCHET CU TRANDAFIRI RO\u0218II \u0218I CIOCOLAT\u0102"},"content":{"rendered":"","protected":false},"excerpt":{"rendered":"<p><strong>Acest produs se livreaz\u0103 doar pe raza municipiului Cluj Napoca.<\/strong><br \/>\nAcest buchet cu trandafiri ro\u0219ii \u0219i praline Ferrero Rocher este alegerea ideal\u0103 atunci c\u00e2nd vrei s\u0103 impresionezi prin elegan\u021b\u0103 \u0219i rafinament. Trandafirii ro\u0219ii, simbol al iubirii \u0219i pasiunii, sunt combina\u021bi armonios cu praline Ferrero Rocher, oferind un cadou complet, floral \u0219i dulce \u00een acela\u0219i timp.<br \/>\nAranjamentul este realizat manual, cu verdea\u021b\u0103 decorativ\u0103 \u0219i ambalaj elegant, fiind potrivit pentru anivers\u0103ri, zile romantice, declara\u021bii de dragoste sau surprize speciale. Un buchet care transmite emo\u021bie, aten\u021bie \u0219i bun gust.<\/p>\n<p><strong>Completeaz\u0103 cadoul t\u0103u cu:<\/strong><\/p>\n<p><a href=\"https:\/\/florisicadouri.ro\/index.php\/product-category\/vaze\/\"><strong><img loading=\"lazy\" decoding=\"async\" class=\"alignnone wp-image-1654 size-full\" src=\"https:\/\/florisicadouri.ro\/wp-content\/uploads\/2024\/11\/vaza.jpg\" alt=\"\" width=\"80\" height=\"150\" \/><\/strong><\/a><\/p>\n<p><strong>Completeaz\u0103 cadoul t\u0103u cu:<\/strong><\/p>\n<p><a href=\"https:\/\/florisicadouri.ro\/index.php\/product-category\/ciocolata\/\"><img loading=\"lazy\" decoding=\"async\" class=\"alignnone wp-image-1633 size-full\" src=\"https:\/\/florisicadouri.ro\/wp-content\/uploads\/2016\/11\/9025711112222-150x150-1.jpg\" alt=\"\" width=\"164\" height=\"150\" \/><\/a> <a href=\"https:\/\/florisicadouri.ro\/index.php\/product-category\/vinuri\/\"><img loading=\"lazy\" decoding=\"async\" class=\"alignnone size-full wp-image-1637\" src=\"https:\/\/florisicadouri.ro\/wp-content\/uploads\/2016\/11\/aurelia-visinescu-karakter-rose-1.jpg\" alt=\"\" width=\"84\" height=\"150\" \/><\/a><a href=\"https:\/\/florisicadouri.ro\/index.php\/product-category\/jucarii-plus\/\"><img loading=\"lazy\" decoding=\"async\" class=\"alignnone size-full wp-image-1636\" src=\"https:\/\/florisicadouri.ro\/wp-content\/uploads\/2016\/11\/th-150x150-1.jpg\" alt=\"\" width=\"150\" height=\"150\" srcset=\"https:\/\/florisicadouri.ro\/wp-content\/uploads\/2016\/11\/th-150x150-1.jpg 150w, https:\/\/florisicadouri.ro\/wp-content\/uploads\/2016\/11\/th-150x150-1-80x80.jpg 80w, https:\/\/florisicadouri.ro\/wp-content\/uploads\/2016\/11\/th-150x150-1-100x100.jpg 100w, https:\/\/florisicadouri.ro\/wp-content\/uploads\/2016\/11\/th-150x150-1-96x96.jpg 96w\" sizes=\"auto, (max-width: 150px) 100vw, 150px\" \/><\/a><a href=\"https:\/\/florisicadouri.ro\/index.php\/product-category\/ceai\/\"><img loading=\"lazy\" decoding=\"async\" class=\"alignnone wp-image-1648 size-full\" src=\"https:\/\/florisicadouri.ro\/wp-content\/uploads\/2024\/11\/file-copy.jpg\" alt=\"\" width=\"88\" height=\"150\" \/><\/a><\/p>\n<p>Not\u0103: Florile pot diferi fa\u021b\u0103 de imaginea prezentat\u0103, \u00een func\u021bie de stocul disponibil.<br \/>\nBuchetul poate fi realizat \u0219i cu alte tipuri de flori \u0219i accesorii.<br \/>\nSpecifica\u021bi modific\u0103rile dorite \u00een nota de comand\u0103.<br \/>\n\u00cengrijire: A\u0219eza\u021bi florile departe de surse de c\u0103ldur\u0103 sau expunerea direct\u0103 la soare.<br \/>\nT\u0103ia\u021bi periodic tijele florilor \u0219i a verde\u021burilor cu un cu\u021bit, \u00eentr-un unghi de 45 grade la aprox.2-3 cm de baz\u0103.<br \/>\nSchimba\u021bi apa cel pu\u021bin odat\u0103 la 2-3 zile \u0219i ad\u0103uga\u021bi hran\u0103 floral\u0103.<br \/>\nRecomand\u0103m verificarea telefonic\u0103 a disponibilit\u0103\u021bii produsului \u00eenainte de finalizarea comenzii.<br \/>\nAcest produs nu este destinat consumului uman, este perisabil, nu se poate returna.<\/p>\n","protected":false},"featured_media":3974,"template":"","meta":[],"product_brand":[],"product_cat":[80,88],"product_tag":[],"class_list":{"0":"post-2823","1":"product","2":"type-product","3":"status-publish","4":"has-post-thumbnail","6":"product_cat-buchete-cochete","7":"product_cat-valentines-day-dragobete","9":"first","10":"instock","11":"shipping-taxable","12":"purchasable","13":"product-type-simple"},"yoast_head":"<!-- This site is optimized with the Yoast SEO plugin v27.6 - https:\/\/yoast.com\/product\/yoast-seo-wordpress\/ -->\n<title>BUCHET CU TRANDAFIRI RO\u0218II \u0218I CIOCOLAT\u0102 - Flori si Cadouri<\/title>\n<meta name=\"description\" content=\"Buchet elegant cu trandafiri ro\u0219ii \u0219i praline Ferrero Rocher. Cadoul perfect pentru momente romantice \u0219i ocazii speciale.\" \/>\n<meta name=\"robots\" content=\"index, follow, max-snippet:-1, max-image-preview:large, max-video-preview:-1\" \/>\n<link rel=\"canonical\" href=\"https:\/\/florisicadouri.ro\/en\/product\/buchet-sweets-and-flowers\/\" \/>\n<meta property=\"og:locale\" content=\"en_US\" \/>\n<meta property=\"og:type\" content=\"article\" \/>\n<meta property=\"og:title\" content=\"BUCHET CU TRANDAFIRI RO\u0218II \u0218I CIOCOLAT\u0102 - Flori si Cadouri\" \/>\n<meta property=\"og:description\" content=\"Buchet elegant cu trandafiri ro\u0219ii \u0219i praline Ferrero Rocher. Cadoul perfect pentru momente romantice \u0219i ocazii speciale.\" \/>\n<meta property=\"og:url\" content=\"https:\/\/florisicadouri.ro\/en\/product\/buchet-sweets-and-flowers\/\" \/>\n<meta property=\"og:site_name\" content=\"Flori si Cadouri\" \/>\n<meta property=\"article:modified_time\" content=\"2026-02-02T10:50:07+00:00\" \/>\n<meta property=\"og:image\" content=\"https:\/\/florisicadouri.ro\/wp-content\/uploads\/2025\/01\/BUCHET-CU-TRANDAFIRI-ROSII-SI-CIOCOLATA.webp\" \/>\n\t<meta property=\"og:image:width\" content=\"1024\" \/>\n\t<meta property=\"og:image:height\" content=\"1536\" \/>\n\t<meta property=\"og:image:type\" content=\"image\/webp\" \/>\n<meta name=\"twitter:card\" content=\"summary_large_image\" \/>\n<meta name=\"twitter:label1\" content=\"Est. reading time\" \/>\n\t<meta name=\"twitter:data1\" content=\"1 minute\" \/>\n<script type=\"application\/ld+json\" class=\"yoast-schema-graph\">{\"@context\":\"https:\\\/\\\/schema.org\",\"@graph\":[{\"@type\":\"WebPage\",\"@id\":\"https:\\\/\\\/florisicadouri.ro\\\/en\\\/product\\\/buchet-sweets-and-flowers\\\/\",\"url\":\"https:\\\/\\\/florisicadouri.ro\\\/en\\\/product\\\/buchet-sweets-and-flowers\\\/\",\"name\":\"BUCHET CU TRANDAFIRI RO\u0218II \u0218I CIOCOLAT\u0102 - Flori si Cadouri\",\"isPartOf\":{\"@id\":\"https:\\\/\\\/florisicadouri.ro\\\/en\\\/#website\"},\"primaryImageOfPage\":{\"@id\":\"https:\\\/\\\/florisicadouri.ro\\\/en\\\/product\\\/buchet-sweets-and-flowers\\\/#primaryimage\"},\"image\":{\"@id\":\"https:\\\/\\\/florisicadouri.ro\\\/en\\\/product\\\/buchet-sweets-and-flowers\\\/#primaryimage\"},\"thumbnailUrl\":\"https:\\\/\\\/florisicadouri.ro\\\/wp-content\\\/uploads\\\/2025\\\/01\\\/BUCHET-CU-TRANDAFIRI-ROSII-SI-CIOCOLATA.webp\",\"datePublished\":\"2025-01-31T10:41:25+00:00\",\"dateModified\":\"2026-02-02T10:50:07+00:00\",\"description\":\"Buchet elegant cu trandafiri ro\u0219ii \u0219i praline Ferrero Rocher. Cadoul perfect pentru momente romantice \u0219i ocazii speciale.\",\"breadcrumb\":{\"@id\":\"https:\\\/\\\/florisicadouri.ro\\\/en\\\/product\\\/buchet-sweets-and-flowers\\\/#breadcrumb\"},\"inLanguage\":\"en-US\",\"potentialAction\":[{\"@type\":\"ReadAction\",\"target\":[\"https:\\\/\\\/florisicadouri.ro\\\/en\\\/product\\\/buchet-sweets-and-flowers\\\/\"]}]},{\"@type\":\"ImageObject\",\"inLanguage\":\"en-US\",\"@id\":\"https:\\\/\\\/florisicadouri.ro\\\/en\\\/product\\\/buchet-sweets-and-flowers\\\/#primaryimage\",\"url\":\"https:\\\/\\\/florisicadouri.ro\\\/wp-content\\\/uploads\\\/2025\\\/01\\\/BUCHET-CU-TRANDAFIRI-ROSII-SI-CIOCOLATA.webp\",\"contentUrl\":\"https:\\\/\\\/florisicadouri.ro\\\/wp-content\\\/uploads\\\/2025\\\/01\\\/BUCHET-CU-TRANDAFIRI-ROSII-SI-CIOCOLATA.webp\",\"width\":1024,\"height\":1536},{\"@type\":\"BreadcrumbList\",\"@id\":\"https:\\\/\\\/florisicadouri.ro\\\/en\\\/product\\\/buchet-sweets-and-flowers\\\/#breadcrumb\",\"itemListElement\":[{\"@type\":\"ListItem\",\"position\":1,\"name\":\"Prima pagin\u0103\",\"item\":\"https:\\\/\\\/florisicadouri.ro\\\/en\\\/\"},{\"@type\":\"ListItem\",\"position\":2,\"name\":\"Shop\",\"item\":\"https:\\\/\\\/florisicadouri.ro\\\/en\\\/shop\\\/\"},{\"@type\":\"ListItem\",\"position\":3,\"name\":\"BUCHET CU TRANDAFIRI RO\u0218II \u0218I CIOCOLAT\u0102\"}]},{\"@type\":\"WebSite\",\"@id\":\"https:\\\/\\\/florisicadouri.ro\\\/en\\\/#website\",\"url\":\"https:\\\/\\\/florisicadouri.ro\\\/en\\\/\",\"name\":\"Flori\",\"description\":\"\",\"potentialAction\":[{\"@type\":\"SearchAction\",\"target\":{\"@type\":\"EntryPoint\",\"urlTemplate\":\"https:\\\/\\\/florisicadouri.ro\\\/en\\\/?s={search_term_string}\"},\"query-input\":{\"@type\":\"PropertyValueSpecification\",\"valueRequired\":true,\"valueName\":\"search_term_string\"}}],\"inLanguage\":\"en-US\"}]}<\/script>\n<!-- \/ Yoast SEO plugin. -->","yoast_head_json":{"title":"BUCHET CU TRANDAFIRI RO\u0218II \u0218I CIOCOLAT\u0102 - Flori si Cadouri","description":"Buchet elegant cu trandafiri ro\u0219ii \u0219i praline Ferrero Rocher. Cadoul perfect pentru momente romantice \u0219i ocazii speciale.","robots":{"index":"index","follow":"follow","max-snippet":"max-snippet:-1","max-image-preview":"max-image-preview:large","max-video-preview":"max-video-preview:-1"},"canonical":"https:\/\/florisicadouri.ro\/en\/product\/buchet-sweets-and-flowers\/","og_locale":"en_US","og_type":"article","og_title":"BUCHET CU TRANDAFIRI RO\u0218II \u0218I CIOCOLAT\u0102 - Flori si Cadouri","og_description":"Buchet elegant cu trandafiri ro\u0219ii \u0219i praline Ferrero Rocher. Cadoul perfect pentru momente romantice \u0219i ocazii speciale.","og_url":"https:\/\/florisicadouri.ro\/en\/product\/buchet-sweets-and-flowers\/","og_site_name":"Flori si Cadouri","article_modified_time":"2026-02-02T10:50:07+00:00","og_image":[{"width":1024,"height":1536,"url":"https:\/\/florisicadouri.ro\/wp-content\/uploads\/2025\/01\/BUCHET-CU-TRANDAFIRI-ROSII-SI-CIOCOLATA.webp","type":"image\/webp"}],"twitter_card":"summary_large_image","twitter_misc":{"Est. reading time":"1 minute"},"schema":{"@context":"https:\/\/schema.org","@graph":[{"@type":"WebPage","@id":"https:\/\/florisicadouri.ro\/en\/product\/buchet-sweets-and-flowers\/","url":"https:\/\/florisicadouri.ro\/en\/product\/buchet-sweets-and-flowers\/","name":"BUCHET CU TRANDAFIRI RO\u0218II \u0218I CIOCOLAT\u0102 - Flori si Cadouri","isPartOf":{"@id":"https:\/\/florisicadouri.ro\/en\/#website"},"primaryImageOfPage":{"@id":"https:\/\/florisicadouri.ro\/en\/product\/buchet-sweets-and-flowers\/#primaryimage"},"image":{"@id":"https:\/\/florisicadouri.ro\/en\/product\/buchet-sweets-and-flowers\/#primaryimage"},"thumbnailUrl":"https:\/\/florisicadouri.ro\/wp-content\/uploads\/2025\/01\/BUCHET-CU-TRANDAFIRI-ROSII-SI-CIOCOLATA.webp","datePublished":"2025-01-31T10:41:25+00:00","dateModified":"2026-02-02T10:50:07+00:00","description":"Buchet elegant cu trandafiri ro\u0219ii \u0219i praline Ferrero Rocher. Cadoul perfect pentru momente romantice \u0219i ocazii speciale.","breadcrumb":{"@id":"https:\/\/florisicadouri.ro\/en\/product\/buchet-sweets-and-flowers\/#breadcrumb"},"inLanguage":"en-US","potentialAction":[{"@type":"ReadAction","target":["https:\/\/florisicadouri.ro\/en\/product\/buchet-sweets-and-flowers\/"]}]},{"@type":"ImageObject","inLanguage":"en-US","@id":"https:\/\/florisicadouri.ro\/en\/product\/buchet-sweets-and-flowers\/#primaryimage","url":"https:\/\/florisicadouri.ro\/wp-content\/uploads\/2025\/01\/BUCHET-CU-TRANDAFIRI-ROSII-SI-CIOCOLATA.webp","contentUrl":"https:\/\/florisicadouri.ro\/wp-content\/uploads\/2025\/01\/BUCHET-CU-TRANDAFIRI-ROSII-SI-CIOCOLATA.webp","width":1024,"height":1536},{"@type":"BreadcrumbList","@id":"https:\/\/florisicadouri.ro\/en\/product\/buchet-sweets-and-flowers\/#breadcrumb","itemListElement":[{"@type":"ListItem","position":1,"name":"Prima pagin\u0103","item":"https:\/\/florisicadouri.ro\/en\/"},{"@type":"ListItem","position":2,"name":"Shop","item":"https:\/\/florisicadouri.ro\/en\/shop\/"},{"@type":"ListItem","position":3,"name":"BUCHET CU TRANDAFIRI RO\u0218II \u0218I CIOCOLAT\u0102"}]},{"@type":"WebSite","@id":"https:\/\/florisicadouri.ro\/en\/#website","url":"https:\/\/florisicadouri.ro\/en\/","name":"Flori","description":"","potentialAction":[{"@type":"SearchAction","target":{"@type":"EntryPoint","urlTemplate":"https:\/\/florisicadouri.ro\/en\/?s={search_term_string}"},"query-input":{"@type":"PropertyValueSpecification","valueRequired":true,"valueName":"search_term_string"}}],"inLanguage":"en-US"}]}},"_links":{"self":[{"href":"https:\/\/florisicadouri.ro\/en\/wp-json\/wp\/v2\/product\/2823","targetHints":{"allow":["GET"]}}],"collection":[{"href":"https:\/\/florisicadouri.ro\/en\/wp-json\/wp\/v2\/product"}],"about":[{"href":"https:\/\/florisicadouri.ro\/en\/wp-json\/wp\/v2\/types\/product"}],"wp:featuredmedia":[{"embeddable":true,"href":"https:\/\/florisicadouri.ro\/en\/wp-json\/wp\/v2\/media\/3974"}],"wp:attachment":[{"href":"https:\/\/florisicadouri.ro\/en\/wp-json\/wp\/v2\/media?parent=2823"}],"wp:term":[{"taxonomy":"product_brand","embeddable":true,"href":"https:\/\/florisicadouri.ro\/en\/wp-json\/wp\/v2\/product_brand?post=2823"},{"taxonomy":"product_cat","embeddable":true,"href":"https:\/\/florisicadouri.ro\/en\/wp-json\/wp\/v2\/product_cat?post=2823"},{"taxonomy":"product_tag","embeddable":true,"href":"https:\/\/florisicadouri.ro\/en\/wp-json\/wp\/v2\/product_tag?post=2823"}],"curies":[{"name":"wp","href":"https:\/\/api.w.org\/{rel}","templated":true}]}}