{"id":2883,"date":"2026-02-03T22:40:12","date_gmt":"2026-02-03T20:40:12","guid":{"rendered":"https:\/\/florisicadouri.ro\/?post_type=product&#038;p=2883"},"modified":"2026-02-24T10:57:59","modified_gmt":"2026-02-24T08:57:59","slug":"aranjament-floral-flowery-book","status":"publish","type":"product","link":"https:\/\/florisicadouri.ro\/en\/product\/aranjament-floral-flowery-book\/","title":{"rendered":"ARANJAMENT FLORAL \u201dFlowery book\u201d"},"content":{"rendered":"","protected":false},"excerpt":{"rendered":"<p><strong>Acest produs se livreaz\u0103 doar pe raza municipiului Cluj Napoca.<\/strong><br \/>\nAcest aranjament floral elegant este o compozi\u021bie rafinat\u0103, creat\u0103 pentru a impresiona prin delicate\u021be \u0219i echilibru cromatic. Realizat \u00eentr-o cutie tip carte, aranjamentul combin\u0103 armonios hortensie albastr\u0103 spectaculoas\u0103, trandafiri roz pudrat, lalele roz, flori albe fine \u0219i accente de verdea\u021b\u0103 natural\u0103, rezult\u00e2nd un design bogat, dar aerisit.<\/p>\n<p>Aranjamentul este completat de detalii atent alese, precum panglica delicat\u0103 \u0219i ambalajul fin, oferind un aspect premium \u0219i elegant. Este ideal at\u00e2t ca decor pentru living sau birou, c\u00e2t \u0219i ca dar special pentru anivers\u0103ri, zile de na\u0219tere, onomastici, evenimente de prim\u0103var\u0103 sau momente de apreciere.<\/p>\n<p>Fiecare aranjament este realizat manual, iar florile pot varia u\u0219or \u00een func\u021bie de sezon \u0219i disponibilitate, p\u0103str\u00e2nd \u00eens\u0103 stilul, cromatica \u0219i elegan\u021ba prezentate.<br \/>\n<strong>Completeaz\u0103 cadoul t\u0103u cu:<\/strong><\/p>\n<p><a href=\"https:\/\/florisicadouri.ro\/index.php\/product-category\/ciocolata\/\"><img loading=\"lazy\" decoding=\"async\" class=\"alignnone wp-image-1633 size-full\" src=\"https:\/\/florisicadouri.ro\/wp-content\/uploads\/2016\/11\/9025711112222-150x150-1.jpg\" alt=\"\" width=\"164\" height=\"150\" \/><\/a> <a href=\"https:\/\/florisicadouri.ro\/index.php\/product-category\/vinuri\/\"><img loading=\"lazy\" decoding=\"async\" class=\"alignnone size-full wp-image-1637\" src=\"https:\/\/florisicadouri.ro\/wp-content\/uploads\/2016\/11\/aurelia-visinescu-karakter-rose-1.jpg\" alt=\"\" width=\"84\" height=\"150\" \/><\/a><a href=\"https:\/\/florisicadouri.ro\/index.php\/product-category\/jucarii-plus\/\"><img loading=\"lazy\" decoding=\"async\" class=\"alignnone size-full wp-image-1636\" src=\"https:\/\/florisicadouri.ro\/wp-content\/uploads\/2016\/11\/th-150x150-1.jpg\" alt=\"\" width=\"150\" height=\"150\" srcset=\"https:\/\/florisicadouri.ro\/wp-content\/uploads\/2016\/11\/th-150x150-1.jpg 150w, https:\/\/florisicadouri.ro\/wp-content\/uploads\/2016\/11\/th-150x150-1-80x80.jpg 80w, https:\/\/florisicadouri.ro\/wp-content\/uploads\/2016\/11\/th-150x150-1-100x100.jpg 100w, https:\/\/florisicadouri.ro\/wp-content\/uploads\/2016\/11\/th-150x150-1-96x96.jpg 96w\" sizes=\"auto, (max-width: 150px) 100vw, 150px\" \/><\/a><a href=\"https:\/\/florisicadouri.ro\/index.php\/product-category\/ceai\/\"><img loading=\"lazy\" decoding=\"async\" class=\"alignnone wp-image-1648 size-full\" src=\"https:\/\/florisicadouri.ro\/wp-content\/uploads\/2024\/11\/file-copy.jpg\" alt=\"\" width=\"88\" height=\"150\" \/><\/a><\/p>\n<p>Not\u0103: Florile \u0219i cutia poat diferi fa\u021b\u0103 de imaginea prezentat\u0103, \u00een func\u021bie de stocul disponibil.<br \/>\nAranjamentul poate fi realizat \u0219i cu alte tipuri de flori \u0219i accesorii.<br \/>\nSpecifica\u021bi modific\u0103rile dorite \u00een nota de comand\u0103.<br \/>\n\u00cengrijire: A\u0219eza\u021bi florile departe de surse de c\u0103ldur\u0103 sau expunerea direct\u0103 la soare.<br \/>\nRecomand\u0103m verificarea telefonic\u0103 a disponibilit\u0103\u021bii produsului \u00eenainte de finalizarea comenzii.<br \/>\nAcest produs nu este destinat consumului uman, este perisabil, nu se poate returna.<\/p>\n","protected":false},"featured_media":4037,"template":"","meta":[],"product_brand":[],"product_cat":[91,81],"product_tag":[],"class_list":{"0":"post-2883","1":"product","2":"type-product","3":"status-publish","4":"has-post-thumbnail","6":"product_cat-1-8-martie-flori-plante-buchete-martisoare-cadouri-lalele","7":"product_cat-aranjamente-flori-naturale","9":"first","10":"instock","11":"shipping-taxable","12":"purchasable","13":"product-type-simple"},"yoast_head":"<!-- This site is optimized with the Yoast SEO plugin v27.5 - https:\/\/yoast.com\/product\/yoast-seo-wordpress\/ -->\n<title>ARANJAMENT FLORAL \u201dFlowery book\u201d - Flori si Cadouri<\/title>\n<meta name=\"description\" content=\"Aranjament Floral \u00een Cutie tip carte, cu cu flori pastelate, cu hortensie, trandafiri \u0219i flori de prim\u0103var\u0103. Ideal pentru cadou \u0219i decor interior elegant.\" \/>\n<meta name=\"robots\" content=\"index, follow, max-snippet:-1, max-image-preview:large, max-video-preview:-1\" \/>\n<link rel=\"canonical\" href=\"https:\/\/florisicadouri.ro\/en\/product\/aranjament-floral-flowery-book\/\" \/>\n<meta property=\"og:locale\" content=\"en_US\" \/>\n<meta property=\"og:type\" content=\"article\" \/>\n<meta property=\"og:title\" content=\"ARANJAMENT FLORAL \u201dFlowery book\u201d - Flori si Cadouri\" \/>\n<meta property=\"og:description\" content=\"Aranjament Floral \u00een Cutie tip carte, cu cu flori pastelate, cu hortensie, trandafiri \u0219i flori de prim\u0103var\u0103. Ideal pentru cadou \u0219i decor interior elegant.\" \/>\n<meta property=\"og:url\" content=\"https:\/\/florisicadouri.ro\/en\/product\/aranjament-floral-flowery-book\/\" \/>\n<meta property=\"og:site_name\" content=\"Flori si Cadouri\" \/>\n<meta property=\"article:modified_time\" content=\"2026-02-24T08:57:59+00:00\" \/>\n<meta property=\"og:image\" content=\"https:\/\/florisicadouri.ro\/wp-content\/uploads\/2025\/02\/ARANJAMENT-FLORAL-CARTE-IN-FLORI-TA-2.webp\" \/>\n\t<meta property=\"og:image:width\" content=\"1536\" \/>\n\t<meta property=\"og:image:height\" content=\"1024\" \/>\n\t<meta property=\"og:image:type\" content=\"image\/webp\" \/>\n<meta name=\"twitter:card\" content=\"summary_large_image\" \/>\n<meta name=\"twitter:label1\" content=\"Est. reading time\" \/>\n\t<meta name=\"twitter:data1\" content=\"1 minute\" \/>\n<script type=\"application\/ld+json\" class=\"yoast-schema-graph\">{\"@context\":\"https:\\\/\\\/schema.org\",\"@graph\":[{\"@type\":\"WebPage\",\"@id\":\"https:\\\/\\\/florisicadouri.ro\\\/en\\\/product\\\/aranjament-floral-flowery-book\\\/\",\"url\":\"https:\\\/\\\/florisicadouri.ro\\\/en\\\/product\\\/aranjament-floral-flowery-book\\\/\",\"name\":\"ARANJAMENT FLORAL \u201dFlowery book\u201d - Flori si Cadouri\",\"isPartOf\":{\"@id\":\"https:\\\/\\\/florisicadouri.ro\\\/en\\\/#website\"},\"primaryImageOfPage\":{\"@id\":\"https:\\\/\\\/florisicadouri.ro\\\/en\\\/product\\\/aranjament-floral-flowery-book\\\/#primaryimage\"},\"image\":{\"@id\":\"https:\\\/\\\/florisicadouri.ro\\\/en\\\/product\\\/aranjament-floral-flowery-book\\\/#primaryimage\"},\"thumbnailUrl\":\"https:\\\/\\\/florisicadouri.ro\\\/wp-content\\\/uploads\\\/2025\\\/02\\\/ARANJAMENT-FLORAL-CARTE-IN-FLORI-TA-2.webp\",\"datePublished\":\"2026-02-03T20:40:12+00:00\",\"dateModified\":\"2026-02-24T08:57:59+00:00\",\"description\":\"Aranjament Floral \u00een Cutie tip carte, cu cu flori pastelate, cu hortensie, trandafiri \u0219i flori de prim\u0103var\u0103. Ideal pentru cadou \u0219i decor interior elegant.\",\"breadcrumb\":{\"@id\":\"https:\\\/\\\/florisicadouri.ro\\\/en\\\/product\\\/aranjament-floral-flowery-book\\\/#breadcrumb\"},\"inLanguage\":\"en-US\",\"potentialAction\":[{\"@type\":\"ReadAction\",\"target\":[\"https:\\\/\\\/florisicadouri.ro\\\/en\\\/product\\\/aranjament-floral-flowery-book\\\/\"]}]},{\"@type\":\"ImageObject\",\"inLanguage\":\"en-US\",\"@id\":\"https:\\\/\\\/florisicadouri.ro\\\/en\\\/product\\\/aranjament-floral-flowery-book\\\/#primaryimage\",\"url\":\"https:\\\/\\\/florisicadouri.ro\\\/wp-content\\\/uploads\\\/2025\\\/02\\\/ARANJAMENT-FLORAL-CARTE-IN-FLORI-TA-2.webp\",\"contentUrl\":\"https:\\\/\\\/florisicadouri.ro\\\/wp-content\\\/uploads\\\/2025\\\/02\\\/ARANJAMENT-FLORAL-CARTE-IN-FLORI-TA-2.webp\",\"width\":1536,\"height\":1024},{\"@type\":\"BreadcrumbList\",\"@id\":\"https:\\\/\\\/florisicadouri.ro\\\/en\\\/product\\\/aranjament-floral-flowery-book\\\/#breadcrumb\",\"itemListElement\":[{\"@type\":\"ListItem\",\"position\":1,\"name\":\"Prima pagin\u0103\",\"item\":\"https:\\\/\\\/florisicadouri.ro\\\/en\\\/\"},{\"@type\":\"ListItem\",\"position\":2,\"name\":\"Shop\",\"item\":\"https:\\\/\\\/florisicadouri.ro\\\/en\\\/shop\\\/\"},{\"@type\":\"ListItem\",\"position\":3,\"name\":\"ARANJAMENT FLORAL \u201dFlowery book\u201d\"}]},{\"@type\":\"WebSite\",\"@id\":\"https:\\\/\\\/florisicadouri.ro\\\/en\\\/#website\",\"url\":\"https:\\\/\\\/florisicadouri.ro\\\/en\\\/\",\"name\":\"Flori\",\"description\":\"\",\"potentialAction\":[{\"@type\":\"SearchAction\",\"target\":{\"@type\":\"EntryPoint\",\"urlTemplate\":\"https:\\\/\\\/florisicadouri.ro\\\/en\\\/?s={search_term_string}\"},\"query-input\":{\"@type\":\"PropertyValueSpecification\",\"valueRequired\":true,\"valueName\":\"search_term_string\"}}],\"inLanguage\":\"en-US\"}]}<\/script>\n<!-- \/ Yoast SEO plugin. -->","yoast_head_json":{"title":"ARANJAMENT FLORAL \u201dFlowery book\u201d - Flori si Cadouri","description":"Aranjament Floral \u00een Cutie tip carte, cu cu flori pastelate, cu hortensie, trandafiri \u0219i flori de prim\u0103var\u0103. Ideal pentru cadou \u0219i decor interior elegant.","robots":{"index":"index","follow":"follow","max-snippet":"max-snippet:-1","max-image-preview":"max-image-preview:large","max-video-preview":"max-video-preview:-1"},"canonical":"https:\/\/florisicadouri.ro\/en\/product\/aranjament-floral-flowery-book\/","og_locale":"en_US","og_type":"article","og_title":"ARANJAMENT FLORAL \u201dFlowery book\u201d - Flori si Cadouri","og_description":"Aranjament Floral \u00een Cutie tip carte, cu cu flori pastelate, cu hortensie, trandafiri \u0219i flori de prim\u0103var\u0103. Ideal pentru cadou \u0219i decor interior elegant.","og_url":"https:\/\/florisicadouri.ro\/en\/product\/aranjament-floral-flowery-book\/","og_site_name":"Flori si Cadouri","article_modified_time":"2026-02-24T08:57:59+00:00","og_image":[{"width":1536,"height":1024,"url":"https:\/\/florisicadouri.ro\/wp-content\/uploads\/2025\/02\/ARANJAMENT-FLORAL-CARTE-IN-FLORI-TA-2.webp","type":"image\/webp"}],"twitter_card":"summary_large_image","twitter_misc":{"Est. reading time":"1 minute"},"schema":{"@context":"https:\/\/schema.org","@graph":[{"@type":"WebPage","@id":"https:\/\/florisicadouri.ro\/en\/product\/aranjament-floral-flowery-book\/","url":"https:\/\/florisicadouri.ro\/en\/product\/aranjament-floral-flowery-book\/","name":"ARANJAMENT FLORAL \u201dFlowery book\u201d - Flori si Cadouri","isPartOf":{"@id":"https:\/\/florisicadouri.ro\/en\/#website"},"primaryImageOfPage":{"@id":"https:\/\/florisicadouri.ro\/en\/product\/aranjament-floral-flowery-book\/#primaryimage"},"image":{"@id":"https:\/\/florisicadouri.ro\/en\/product\/aranjament-floral-flowery-book\/#primaryimage"},"thumbnailUrl":"https:\/\/florisicadouri.ro\/wp-content\/uploads\/2025\/02\/ARANJAMENT-FLORAL-CARTE-IN-FLORI-TA-2.webp","datePublished":"2026-02-03T20:40:12+00:00","dateModified":"2026-02-24T08:57:59+00:00","description":"Aranjament Floral \u00een Cutie tip carte, cu cu flori pastelate, cu hortensie, trandafiri \u0219i flori de prim\u0103var\u0103. Ideal pentru cadou \u0219i decor interior elegant.","breadcrumb":{"@id":"https:\/\/florisicadouri.ro\/en\/product\/aranjament-floral-flowery-book\/#breadcrumb"},"inLanguage":"en-US","potentialAction":[{"@type":"ReadAction","target":["https:\/\/florisicadouri.ro\/en\/product\/aranjament-floral-flowery-book\/"]}]},{"@type":"ImageObject","inLanguage":"en-US","@id":"https:\/\/florisicadouri.ro\/en\/product\/aranjament-floral-flowery-book\/#primaryimage","url":"https:\/\/florisicadouri.ro\/wp-content\/uploads\/2025\/02\/ARANJAMENT-FLORAL-CARTE-IN-FLORI-TA-2.webp","contentUrl":"https:\/\/florisicadouri.ro\/wp-content\/uploads\/2025\/02\/ARANJAMENT-FLORAL-CARTE-IN-FLORI-TA-2.webp","width":1536,"height":1024},{"@type":"BreadcrumbList","@id":"https:\/\/florisicadouri.ro\/en\/product\/aranjament-floral-flowery-book\/#breadcrumb","itemListElement":[{"@type":"ListItem","position":1,"name":"Prima pagin\u0103","item":"https:\/\/florisicadouri.ro\/en\/"},{"@type":"ListItem","position":2,"name":"Shop","item":"https:\/\/florisicadouri.ro\/en\/shop\/"},{"@type":"ListItem","position":3,"name":"ARANJAMENT FLORAL \u201dFlowery book\u201d"}]},{"@type":"WebSite","@id":"https:\/\/florisicadouri.ro\/en\/#website","url":"https:\/\/florisicadouri.ro\/en\/","name":"Flori","description":"","potentialAction":[{"@type":"SearchAction","target":{"@type":"EntryPoint","urlTemplate":"https:\/\/florisicadouri.ro\/en\/?s={search_term_string}"},"query-input":{"@type":"PropertyValueSpecification","valueRequired":true,"valueName":"search_term_string"}}],"inLanguage":"en-US"}]}},"_links":{"self":[{"href":"https:\/\/florisicadouri.ro\/en\/wp-json\/wp\/v2\/product\/2883","targetHints":{"allow":["GET"]}}],"collection":[{"href":"https:\/\/florisicadouri.ro\/en\/wp-json\/wp\/v2\/product"}],"about":[{"href":"https:\/\/florisicadouri.ro\/en\/wp-json\/wp\/v2\/types\/product"}],"wp:featuredmedia":[{"embeddable":true,"href":"https:\/\/florisicadouri.ro\/en\/wp-json\/wp\/v2\/media\/4037"}],"wp:attachment":[{"href":"https:\/\/florisicadouri.ro\/en\/wp-json\/wp\/v2\/media?parent=2883"}],"wp:term":[{"taxonomy":"product_brand","embeddable":true,"href":"https:\/\/florisicadouri.ro\/en\/wp-json\/wp\/v2\/product_brand?post=2883"},{"taxonomy":"product_cat","embeddable":true,"href":"https:\/\/florisicadouri.ro\/en\/wp-json\/wp\/v2\/product_cat?post=2883"},{"taxonomy":"product_tag","embeddable":true,"href":"https:\/\/florisicadouri.ro\/en\/wp-json\/wp\/v2\/product_tag?post=2883"}],"curies":[{"name":"wp","href":"https:\/\/api.w.org\/{rel}","templated":true}]}}