{"id":2903,"date":"2025-02-20T15:36:11","date_gmt":"2025-02-20T13:36:11","guid":{"rendered":"https:\/\/florisicadouri.ro\/?post_type=product&#038;p=2903"},"modified":"2025-03-12T10:30:38","modified_gmt":"2025-03-12T08:30:38","slug":"aranjament-plante-butterfly-and-plant","status":"publish","type":"product","link":"https:\/\/florisicadouri.ro\/en\/product\/aranjament-plante-butterfly-and-plant\/","title":{"rendered":"ARANJAMENT PLANTE \u201dButterfly and plant\u201d"},"content":{"rendered":"","protected":false},"excerpt":{"rendered":"<p><strong>Acest produs se livreaz\u0103 doar pe raza municipiului Cluj Napoca.<\/strong><\/p>\n<p>Aranjament cu plant\u0103 la ghiveci.<br \/>\nAranjamentul este realizat \u00een po\u0219etu\u021b\u0103 din carton impermeabil, o plant\u0103 cu flori la ghiveci \u0219i accesorizat cu un flutura\u0219.<\/p>\n<p><strong>Completeaz\u0103 cadoul t\u0103u cu:<\/strong><\/p>\n<p><a href=\"https:\/\/florisicadouri.ro\/index.php\/product-category\/ciocolata\/\"><img loading=\"lazy\" decoding=\"async\" class=\"alignnone wp-image-1633 size-full\" src=\"https:\/\/florisicadouri.ro\/wp-content\/uploads\/2016\/11\/9025711112222-150x150-1.jpg\" alt=\"\" width=\"164\" height=\"150\" \/><\/a> <a href=\"https:\/\/florisicadouri.ro\/index.php\/product-category\/vinuri\/\"><img loading=\"lazy\" decoding=\"async\" class=\"alignnone size-full wp-image-1637\" src=\"https:\/\/florisicadouri.ro\/wp-content\/uploads\/2016\/11\/aurelia-visinescu-karakter-rose-1.jpg\" alt=\"\" width=\"84\" height=\"150\" \/><\/a><a href=\"https:\/\/florisicadouri.ro\/index.php\/product-category\/jucarii-plus\/\"><img loading=\"lazy\" decoding=\"async\" class=\"alignnone size-full wp-image-1636\" src=\"https:\/\/florisicadouri.ro\/wp-content\/uploads\/2016\/11\/th-150x150-1.jpg\" alt=\"\" width=\"150\" height=\"150\" srcset=\"https:\/\/florisicadouri.ro\/wp-content\/uploads\/2016\/11\/th-150x150-1.jpg 150w, https:\/\/florisicadouri.ro\/wp-content\/uploads\/2016\/11\/th-150x150-1-80x80.jpg 80w, https:\/\/florisicadouri.ro\/wp-content\/uploads\/2016\/11\/th-150x150-1-100x100.jpg 100w, https:\/\/florisicadouri.ro\/wp-content\/uploads\/2016\/11\/th-150x150-1-96x96.jpg 96w\" sizes=\"auto, (max-width: 150px) 100vw, 150px\" \/><\/a><a href=\"https:\/\/florisicadouri.ro\/index.php\/product-category\/ceai\/\"><img loading=\"lazy\" decoding=\"async\" class=\"alignnone wp-image-1648 size-full\" src=\"https:\/\/florisicadouri.ro\/wp-content\/uploads\/2024\/11\/file-copy.jpg\" alt=\"\" width=\"88\" height=\"150\" \/><\/a><\/p>\n<p>Not\u0103: Planta \u0219i po\u0219etu\u021ba poate diferi fa\u021b\u0103 de imaginea prezentat\u0103, \u00een func\u021bie de stocul disponibil.<br \/>\nAranjmentul poate fi realizat \u0219i cu alte tipuri de flori \u0219i accesorii.<br \/>\nSpecifica\u021bi modific\u0103rile dorite \u00een nota de comand\u0103.<br \/>\n\u00cengrijire: A\u0219eza\u021bi florile departe de surse de c\u0103ldur\u0103 sau expunerea direct\u0103 la soare.<br \/>\nRecomand\u0103m verificarea telefonic\u0103 a disponibilit\u0103\u021bii produsului \u00eenainte de finalizarea comenzii.<br \/>\nAcest produs nu este destinat consumului uman, este perisabil, nu se poate returna.<\/p>\n","protected":false},"featured_media":0,"template":"","meta":[],"product_brand":[],"product_cat":[15],"product_tag":[],"class_list":{"0":"post-2903","1":"product","2":"type-product","3":"status-publish","5":"product_cat-uncategorized","7":"first","8":"outofstock","9":"shipping-taxable","10":"purchasable","11":"product-type-simple"},"yoast_head":"<!-- This site is optimized with the Yoast SEO plugin v27.4 - https:\/\/yoast.com\/product\/yoast-seo-wordpress\/ -->\n<title>ARANJAMENT PLANTE \u201dButterfly and plant\u201d - Flori si Cadouri<\/title>\n<meta name=\"robots\" content=\"index, follow, max-snippet:-1, max-image-preview:large, max-video-preview:-1\" \/>\n<link rel=\"canonical\" href=\"https:\/\/florisicadouri.ro\/en\/product\/aranjament-plante-butterfly-and-plant\/\" \/>\n<meta property=\"og:locale\" content=\"en_US\" \/>\n<meta property=\"og:type\" content=\"article\" \/>\n<meta property=\"og:title\" content=\"ARANJAMENT PLANTE \u201dButterfly and plant\u201d - Flori si Cadouri\" \/>\n<meta property=\"og:description\" content=\"Acest produs se livreaz\u0103 doar pe raza municipiului Cluj Napoca.  Aranjament cu plant\u0103 la ghiveci.  Aranjamentul este realizat \u00een po\u0219etu\u021b\u0103 din carton impermeabil, o plant\u0103 cu flori la ghiveci \u0219i accesorizat cu un flutura\u0219.  Completeaz\u0103 cadoul t\u0103u cu:     Not\u0103: Planta \u0219i po\u0219etu\u021ba poate diferi fa\u021b\u0103 de imaginea prezentat\u0103, \u00een func\u021bie de stocul disponibil. Aranjmentul poate fi realizat \u0219i cu alte tipuri de flori \u0219i accesorii. Specifica\u021bi modific\u0103rile dorite \u00een nota de comand\u0103. \u00cengrijire: A\u0219eza\u021bi florile departe de surse de c\u0103ldur\u0103 sau expunerea direct\u0103 la soare. Recomand\u0103m verificarea telefonic\u0103 a disponibilit\u0103\u021bii produsului \u00eenainte de finalizarea comenzii. Acest produs nu este destinat consumului uman, este perisabil, nu se poate returna.\" \/>\n<meta property=\"og:url\" content=\"https:\/\/florisicadouri.ro\/en\/product\/aranjament-plante-butterfly-and-plant\/\" \/>\n<meta property=\"og:site_name\" content=\"Flori si Cadouri\" \/>\n<meta property=\"article:modified_time\" content=\"2025-03-12T08:30:38+00:00\" \/>\n<meta property=\"og:image\" content=\"https:\/\/florisicadouri.ro\/wp-content\/uploads\/2025\/02\/ARANJAMENT-Butterfly-and-plant-scaled.webp\" \/>\n\t<meta property=\"og:image:width\" content=\"2560\" \/>\n\t<meta property=\"og:image:height\" content=\"2560\" \/>\n\t<meta property=\"og:image:type\" content=\"image\/webp\" \/>\n<meta name=\"twitter:card\" content=\"summary_large_image\" \/>\n<meta name=\"twitter:label1\" content=\"Est. reading time\" \/>\n\t<meta name=\"twitter:data1\" content=\"1 minute\" \/>\n<script type=\"application\/ld+json\" class=\"yoast-schema-graph\">{\"@context\":\"https:\\\/\\\/schema.org\",\"@graph\":[{\"@type\":\"WebPage\",\"@id\":\"https:\\\/\\\/florisicadouri.ro\\\/en\\\/product\\\/aranjament-plante-butterfly-and-plant\\\/\",\"url\":\"https:\\\/\\\/florisicadouri.ro\\\/en\\\/product\\\/aranjament-plante-butterfly-and-plant\\\/\",\"name\":\"ARANJAMENT PLANTE \u201dButterfly and plant\u201d - Flori si Cadouri\",\"isPartOf\":{\"@id\":\"https:\\\/\\\/florisicadouri.ro\\\/en\\\/#website\"},\"datePublished\":\"2025-02-20T13:36:11+00:00\",\"dateModified\":\"2025-03-12T08:30:38+00:00\",\"breadcrumb\":{\"@id\":\"https:\\\/\\\/florisicadouri.ro\\\/en\\\/product\\\/aranjament-plante-butterfly-and-plant\\\/#breadcrumb\"},\"inLanguage\":\"en-US\",\"potentialAction\":[{\"@type\":\"ReadAction\",\"target\":[\"https:\\\/\\\/florisicadouri.ro\\\/en\\\/product\\\/aranjament-plante-butterfly-and-plant\\\/\"]}]},{\"@type\":\"BreadcrumbList\",\"@id\":\"https:\\\/\\\/florisicadouri.ro\\\/en\\\/product\\\/aranjament-plante-butterfly-and-plant\\\/#breadcrumb\",\"itemListElement\":[{\"@type\":\"ListItem\",\"position\":1,\"name\":\"Prima pagin\u0103\",\"item\":\"https:\\\/\\\/florisicadouri.ro\\\/en\\\/\"},{\"@type\":\"ListItem\",\"position\":2,\"name\":\"Shop\",\"item\":\"https:\\\/\\\/florisicadouri.ro\\\/en\\\/shop\\\/\"},{\"@type\":\"ListItem\",\"position\":3,\"name\":\"ARANJAMENT PLANTE \u201dButterfly and plant\u201d\"}]},{\"@type\":\"WebSite\",\"@id\":\"https:\\\/\\\/florisicadouri.ro\\\/en\\\/#website\",\"url\":\"https:\\\/\\\/florisicadouri.ro\\\/en\\\/\",\"name\":\"Flori\",\"description\":\"\",\"potentialAction\":[{\"@type\":\"SearchAction\",\"target\":{\"@type\":\"EntryPoint\",\"urlTemplate\":\"https:\\\/\\\/florisicadouri.ro\\\/en\\\/?s={search_term_string}\"},\"query-input\":{\"@type\":\"PropertyValueSpecification\",\"valueRequired\":true,\"valueName\":\"search_term_string\"}}],\"inLanguage\":\"en-US\"}]}<\/script>\n<!-- \/ Yoast SEO plugin. -->","yoast_head_json":{"title":"ARANJAMENT PLANTE \u201dButterfly and plant\u201d - Flori si Cadouri","robots":{"index":"index","follow":"follow","max-snippet":"max-snippet:-1","max-image-preview":"max-image-preview:large","max-video-preview":"max-video-preview:-1"},"canonical":"https:\/\/florisicadouri.ro\/en\/product\/aranjament-plante-butterfly-and-plant\/","og_locale":"en_US","og_type":"article","og_title":"ARANJAMENT PLANTE \u201dButterfly and plant\u201d - Flori si Cadouri","og_description":"Acest produs se livreaz\u0103 doar pe raza municipiului Cluj Napoca.  Aranjament cu plant\u0103 la ghiveci.  Aranjamentul este realizat \u00een po\u0219etu\u021b\u0103 din carton impermeabil, o plant\u0103 cu flori la ghiveci \u0219i accesorizat cu un flutura\u0219.  Completeaz\u0103 cadoul t\u0103u cu:     Not\u0103: Planta \u0219i po\u0219etu\u021ba poate diferi fa\u021b\u0103 de imaginea prezentat\u0103, \u00een func\u021bie de stocul disponibil. Aranjmentul poate fi realizat \u0219i cu alte tipuri de flori \u0219i accesorii. Specifica\u021bi modific\u0103rile dorite \u00een nota de comand\u0103. \u00cengrijire: A\u0219eza\u021bi florile departe de surse de c\u0103ldur\u0103 sau expunerea direct\u0103 la soare. Recomand\u0103m verificarea telefonic\u0103 a disponibilit\u0103\u021bii produsului \u00eenainte de finalizarea comenzii. Acest produs nu este destinat consumului uman, este perisabil, nu se poate returna.","og_url":"https:\/\/florisicadouri.ro\/en\/product\/aranjament-plante-butterfly-and-plant\/","og_site_name":"Flori si Cadouri","article_modified_time":"2025-03-12T08:30:38+00:00","og_image":[{"width":2560,"height":2560,"url":"https:\/\/florisicadouri.ro\/wp-content\/uploads\/2025\/02\/ARANJAMENT-Butterfly-and-plant-scaled.webp","type":"image\/webp"}],"twitter_card":"summary_large_image","twitter_misc":{"Est. reading time":"1 minute"},"schema":{"@context":"https:\/\/schema.org","@graph":[{"@type":"WebPage","@id":"https:\/\/florisicadouri.ro\/en\/product\/aranjament-plante-butterfly-and-plant\/","url":"https:\/\/florisicadouri.ro\/en\/product\/aranjament-plante-butterfly-and-plant\/","name":"ARANJAMENT PLANTE \u201dButterfly and plant\u201d - Flori si Cadouri","isPartOf":{"@id":"https:\/\/florisicadouri.ro\/en\/#website"},"datePublished":"2025-02-20T13:36:11+00:00","dateModified":"2025-03-12T08:30:38+00:00","breadcrumb":{"@id":"https:\/\/florisicadouri.ro\/en\/product\/aranjament-plante-butterfly-and-plant\/#breadcrumb"},"inLanguage":"en-US","potentialAction":[{"@type":"ReadAction","target":["https:\/\/florisicadouri.ro\/en\/product\/aranjament-plante-butterfly-and-plant\/"]}]},{"@type":"BreadcrumbList","@id":"https:\/\/florisicadouri.ro\/en\/product\/aranjament-plante-butterfly-and-plant\/#breadcrumb","itemListElement":[{"@type":"ListItem","position":1,"name":"Prima pagin\u0103","item":"https:\/\/florisicadouri.ro\/en\/"},{"@type":"ListItem","position":2,"name":"Shop","item":"https:\/\/florisicadouri.ro\/en\/shop\/"},{"@type":"ListItem","position":3,"name":"ARANJAMENT PLANTE \u201dButterfly and plant\u201d"}]},{"@type":"WebSite","@id":"https:\/\/florisicadouri.ro\/en\/#website","url":"https:\/\/florisicadouri.ro\/en\/","name":"Flori","description":"","potentialAction":[{"@type":"SearchAction","target":{"@type":"EntryPoint","urlTemplate":"https:\/\/florisicadouri.ro\/en\/?s={search_term_string}"},"query-input":{"@type":"PropertyValueSpecification","valueRequired":true,"valueName":"search_term_string"}}],"inLanguage":"en-US"}]}},"_links":{"self":[{"href":"https:\/\/florisicadouri.ro\/en\/wp-json\/wp\/v2\/product\/2903","targetHints":{"allow":["GET"]}}],"collection":[{"href":"https:\/\/florisicadouri.ro\/en\/wp-json\/wp\/v2\/product"}],"about":[{"href":"https:\/\/florisicadouri.ro\/en\/wp-json\/wp\/v2\/types\/product"}],"wp:attachment":[{"href":"https:\/\/florisicadouri.ro\/en\/wp-json\/wp\/v2\/media?parent=2903"}],"wp:term":[{"taxonomy":"product_brand","embeddable":true,"href":"https:\/\/florisicadouri.ro\/en\/wp-json\/wp\/v2\/product_brand?post=2903"},{"taxonomy":"product_cat","embeddable":true,"href":"https:\/\/florisicadouri.ro\/en\/wp-json\/wp\/v2\/product_cat?post=2903"},{"taxonomy":"product_tag","embeddable":true,"href":"https:\/\/florisicadouri.ro\/en\/wp-json\/wp\/v2\/product_tag?post=2903"}],"curies":[{"name":"wp","href":"https:\/\/api.w.org\/{rel}","templated":true}]}}