{"id":3025,"date":"2025-02-22T14:00:36","date_gmt":"2025-02-22T12:00:36","guid":{"rendered":"https:\/\/florisicadouri.ro\/?post_type=product&#038;p=3025"},"modified":"2026-02-17T17:29:41","modified_gmt":"2026-02-17T15:29:41","slug":"aranjament-happy-colours-1","status":"publish","type":"product","link":"https:\/\/florisicadouri.ro\/en\/product\/aranjament-happy-colours-1\/","title":{"rendered":"ARANJAMENT \u201dHappy colours\u201d 1"},"content":{"rendered":"","protected":false},"excerpt":{"rendered":"<p><strong>Acest produs se livreaz\u0103 doar pe raza municipiului Cluj Napoca.<\/strong><\/p>\n<p>Aranjament floral \u00een cutie de lemn.<br \/>\nAranjamentul este realizat din flori \u00een culori vesele, m\u00e2\u021bi\u0219ori \u0219i verdea\u021b\u0103.<\/p>\n<p><strong>Completeaz\u0103 cadoul t\u0103u cu:<\/strong><\/p>\n<p><a href=\"https:\/\/florisicadouri.ro\/index.php\/product-category\/ciocolata\/\"><img loading=\"lazy\" decoding=\"async\" class=\"alignnone wp-image-1633 size-full\" src=\"https:\/\/florisicadouri.ro\/wp-content\/uploads\/2016\/11\/9025711112222-150x150-1.jpg\" alt=\"\" width=\"164\" height=\"150\" \/><\/a> <a href=\"https:\/\/florisicadouri.ro\/index.php\/product-category\/vinuri\/\"><img loading=\"lazy\" decoding=\"async\" class=\"alignnone size-full wp-image-1637\" src=\"https:\/\/florisicadouri.ro\/wp-content\/uploads\/2016\/11\/aurelia-visinescu-karakter-rose-1.jpg\" alt=\"\" width=\"84\" height=\"150\" \/><\/a><a href=\"https:\/\/florisicadouri.ro\/index.php\/product-category\/jucarii-plus\/\"><img loading=\"lazy\" decoding=\"async\" class=\"alignnone size-full wp-image-1636\" src=\"https:\/\/florisicadouri.ro\/wp-content\/uploads\/2016\/11\/th-150x150-1.jpg\" alt=\"\" width=\"150\" height=\"150\" srcset=\"https:\/\/florisicadouri.ro\/wp-content\/uploads\/2016\/11\/th-150x150-1.jpg 150w, https:\/\/florisicadouri.ro\/wp-content\/uploads\/2016\/11\/th-150x150-1-80x80.jpg 80w, https:\/\/florisicadouri.ro\/wp-content\/uploads\/2016\/11\/th-150x150-1-100x100.jpg 100w, https:\/\/florisicadouri.ro\/wp-content\/uploads\/2016\/11\/th-150x150-1-96x96.jpg 96w\" sizes=\"auto, (max-width: 150px) 100vw, 150px\" \/><\/a><a href=\"https:\/\/florisicadouri.ro\/index.php\/product-category\/ceai\/\"><img loading=\"lazy\" decoding=\"async\" class=\"alignnone wp-image-1648 size-full\" src=\"https:\/\/florisicadouri.ro\/wp-content\/uploads\/2024\/11\/file-copy.jpg\" alt=\"\" width=\"88\" height=\"150\" \/><\/a><\/p>\n<p>Not\u0103: Florile \u0219i cutia pot diferi fa\u021b\u0103 de imaginea prezentat\u0103, \u00een func\u021bie de stocul disponibil.<br \/>\nAranjamentul poate fi realizat \u0219i cu alte tipuri de flori \u0219i accesorii.<br \/>\nSpecifica\u021bi modific\u0103rile dorite \u00een nota de comand\u0103.<br \/>\n\u00cengrijire: A\u0219eza\u021bi florile departe de surse de c\u0103ldur\u0103 sau expunerea direct\u0103 la soare.<br \/>\nRecomand\u0103m verificarea telefonic\u0103 a disponibilit\u0103\u021bii produsului \u00eenainte de finalizarea comenzii.<br \/>\nAcest produs nu este destinat consumului uman, este perisabil, nu se poate returna.<\/p>\n","protected":false},"featured_media":3039,"template":"","meta":[],"product_brand":[],"product_cat":[15],"product_tag":[],"class_list":{"0":"post-3025","1":"product","2":"type-product","3":"status-publish","4":"has-post-thumbnail","6":"product_cat-uncategorized","8":"first","9":"outofstock","10":"shipping-taxable","11":"purchasable","12":"product-type-simple"},"yoast_head":"<!-- This site is optimized with the Yoast SEO plugin v27.4 - https:\/\/yoast.com\/product\/yoast-seo-wordpress\/ -->\n<title>ARANJAMENT \u201dHappy colours\u201d 1 - Flori si Cadouri<\/title>\n<meta name=\"description\" content=\"livrare flori, livrare flori cluj, livrare aranjamente florale, florarie cluj, flori si cadouri cluj, buchete de flori, delivering flowers cluj, delivering gifts, aranjamente de flori, flowershop cluj, cutii cu flori, cosuri cu flori, livrare flori proaspete, aranjamente flori frumoase, florarie centru cluj, flori pentru evenimente, flowerbox, aranjament flori naturale, floral arrangements, aranjament cu flori colorate, buchet cu flori colorate, aranjament cu flori de calitate, flori viu colorate, aranjamente aniversare, buchete aniversare, aranjmaente flori proaspete, buchete flori proaspete, cutii cu flori proaspete, happy colours arrangement, aranjament in culori vesele, ambalaje flori, burete floral,panglici buchete,\" \/>\n<meta name=\"robots\" content=\"index, follow, max-snippet:-1, max-image-preview:large, max-video-preview:-1\" \/>\n<link rel=\"canonical\" href=\"https:\/\/florisicadouri.ro\/en\/product\/aranjament-happy-colours-1\/\" \/>\n<meta property=\"og:locale\" content=\"en_US\" \/>\n<meta property=\"og:type\" content=\"article\" \/>\n<meta property=\"og:title\" content=\"ARANJAMENT \u201dHappy colours\u201d 1 - Flori si Cadouri\" \/>\n<meta property=\"og:description\" content=\"livrare flori, livrare flori cluj, livrare aranjamente florale, florarie cluj, flori si cadouri cluj, buchete de flori, delivering flowers cluj, delivering gifts, aranjamente de flori, flowershop cluj, cutii cu flori, cosuri cu flori, livrare flori proaspete, aranjamente flori frumoase, florarie centru cluj, flori pentru evenimente, flowerbox, aranjament flori naturale, floral arrangements, aranjament cu flori colorate, buchet cu flori colorate, aranjament cu flori de calitate, flori viu colorate, aranjamente aniversare, buchete aniversare, aranjmaente flori proaspete, buchete flori proaspete, cutii cu flori proaspete, happy colours arrangement, aranjament in culori vesele, ambalaje flori, burete floral,panglici buchete,\" \/>\n<meta property=\"og:url\" content=\"https:\/\/florisicadouri.ro\/en\/product\/aranjament-happy-colours-1\/\" \/>\n<meta property=\"og:site_name\" content=\"Flori si Cadouri\" \/>\n<meta property=\"article:modified_time\" content=\"2026-02-17T15:29:41+00:00\" \/>\n<meta property=\"og:image\" content=\"https:\/\/florisicadouri.ro\/wp-content\/uploads\/2025\/02\/Aranjament-Happy-colours1-scaled.webp\" \/>\n\t<meta property=\"og:image:width\" content=\"2560\" \/>\n\t<meta property=\"og:image:height\" content=\"2560\" \/>\n\t<meta property=\"og:image:type\" content=\"image\/webp\" \/>\n<meta name=\"twitter:card\" content=\"summary_large_image\" \/>\n<meta name=\"twitter:label1\" content=\"Est. reading time\" \/>\n\t<meta name=\"twitter:data1\" content=\"1 minute\" \/>\n<script type=\"application\/ld+json\" class=\"yoast-schema-graph\">{\"@context\":\"https:\\\/\\\/schema.org\",\"@graph\":[{\"@type\":\"WebPage\",\"@id\":\"https:\\\/\\\/florisicadouri.ro\\\/en\\\/product\\\/aranjament-happy-colours-1\\\/\",\"url\":\"https:\\\/\\\/florisicadouri.ro\\\/en\\\/product\\\/aranjament-happy-colours-1\\\/\",\"name\":\"ARANJAMENT \u201dHappy colours\u201d 1 - Flori si Cadouri\",\"isPartOf\":{\"@id\":\"https:\\\/\\\/florisicadouri.ro\\\/en\\\/#website\"},\"primaryImageOfPage\":{\"@id\":\"https:\\\/\\\/florisicadouri.ro\\\/en\\\/product\\\/aranjament-happy-colours-1\\\/#primaryimage\"},\"image\":{\"@id\":\"https:\\\/\\\/florisicadouri.ro\\\/en\\\/product\\\/aranjament-happy-colours-1\\\/#primaryimage\"},\"thumbnailUrl\":\"https:\\\/\\\/florisicadouri.ro\\\/wp-content\\\/uploads\\\/2025\\\/02\\\/Aranjament-Happy-colours1-scaled.webp\",\"datePublished\":\"2025-02-22T12:00:36+00:00\",\"dateModified\":\"2026-02-17T15:29:41+00:00\",\"description\":\"livrare flori, livrare flori cluj, livrare aranjamente florale, florarie cluj, flori si cadouri cluj, buchete de flori, delivering flowers cluj, delivering gifts, aranjamente de flori, flowershop cluj, cutii cu flori, cosuri cu flori, livrare flori proaspete, aranjamente flori frumoase, florarie centru cluj, flori pentru evenimente, flowerbox, aranjament flori naturale, floral arrangements, aranjament cu flori colorate, buchet cu flori colorate, aranjament cu flori de calitate, flori viu colorate, aranjamente aniversare, buchete aniversare, aranjmaente flori proaspete, buchete flori proaspete, cutii cu flori proaspete, happy colours arrangement, aranjament in culori vesele, ambalaje flori, burete floral,panglici buchete,\",\"breadcrumb\":{\"@id\":\"https:\\\/\\\/florisicadouri.ro\\\/en\\\/product\\\/aranjament-happy-colours-1\\\/#breadcrumb\"},\"inLanguage\":\"en-US\",\"potentialAction\":[{\"@type\":\"ReadAction\",\"target\":[\"https:\\\/\\\/florisicadouri.ro\\\/en\\\/product\\\/aranjament-happy-colours-1\\\/\"]}]},{\"@type\":\"ImageObject\",\"inLanguage\":\"en-US\",\"@id\":\"https:\\\/\\\/florisicadouri.ro\\\/en\\\/product\\\/aranjament-happy-colours-1\\\/#primaryimage\",\"url\":\"https:\\\/\\\/florisicadouri.ro\\\/wp-content\\\/uploads\\\/2025\\\/02\\\/Aranjament-Happy-colours1-scaled.webp\",\"contentUrl\":\"https:\\\/\\\/florisicadouri.ro\\\/wp-content\\\/uploads\\\/2025\\\/02\\\/Aranjament-Happy-colours1-scaled.webp\",\"width\":2560,\"height\":2560},{\"@type\":\"BreadcrumbList\",\"@id\":\"https:\\\/\\\/florisicadouri.ro\\\/en\\\/product\\\/aranjament-happy-colours-1\\\/#breadcrumb\",\"itemListElement\":[{\"@type\":\"ListItem\",\"position\":1,\"name\":\"Prima pagin\u0103\",\"item\":\"https:\\\/\\\/florisicadouri.ro\\\/en\\\/\"},{\"@type\":\"ListItem\",\"position\":2,\"name\":\"Shop\",\"item\":\"https:\\\/\\\/florisicadouri.ro\\\/en\\\/shop\\\/\"},{\"@type\":\"ListItem\",\"position\":3,\"name\":\"ARANJAMENT \u201dHappy colours\u201d 1\"}]},{\"@type\":\"WebSite\",\"@id\":\"https:\\\/\\\/florisicadouri.ro\\\/en\\\/#website\",\"url\":\"https:\\\/\\\/florisicadouri.ro\\\/en\\\/\",\"name\":\"Flori\",\"description\":\"\",\"potentialAction\":[{\"@type\":\"SearchAction\",\"target\":{\"@type\":\"EntryPoint\",\"urlTemplate\":\"https:\\\/\\\/florisicadouri.ro\\\/en\\\/?s={search_term_string}\"},\"query-input\":{\"@type\":\"PropertyValueSpecification\",\"valueRequired\":true,\"valueName\":\"search_term_string\"}}],\"inLanguage\":\"en-US\"}]}<\/script>\n<!-- \/ Yoast SEO plugin. -->","yoast_head_json":{"title":"ARANJAMENT \u201dHappy colours\u201d 1 - Flori si Cadouri","description":"livrare flori, livrare flori cluj, livrare aranjamente florale, florarie cluj, flori si cadouri cluj, buchete de flori, delivering flowers cluj, delivering gifts, aranjamente de flori, flowershop cluj, cutii cu flori, cosuri cu flori, livrare flori proaspete, aranjamente flori frumoase, florarie centru cluj, flori pentru evenimente, flowerbox, aranjament flori naturale, floral arrangements, aranjament cu flori colorate, buchet cu flori colorate, aranjament cu flori de calitate, flori viu colorate, aranjamente aniversare, buchete aniversare, aranjmaente flori proaspete, buchete flori proaspete, cutii cu flori proaspete, happy colours arrangement, aranjament in culori vesele, ambalaje flori, burete floral,panglici buchete,","robots":{"index":"index","follow":"follow","max-snippet":"max-snippet:-1","max-image-preview":"max-image-preview:large","max-video-preview":"max-video-preview:-1"},"canonical":"https:\/\/florisicadouri.ro\/en\/product\/aranjament-happy-colours-1\/","og_locale":"en_US","og_type":"article","og_title":"ARANJAMENT \u201dHappy colours\u201d 1 - Flori si Cadouri","og_description":"livrare flori, livrare flori cluj, livrare aranjamente florale, florarie cluj, flori si cadouri cluj, buchete de flori, delivering flowers cluj, delivering gifts, aranjamente de flori, flowershop cluj, cutii cu flori, cosuri cu flori, livrare flori proaspete, aranjamente flori frumoase, florarie centru cluj, flori pentru evenimente, flowerbox, aranjament flori naturale, floral arrangements, aranjament cu flori colorate, buchet cu flori colorate, aranjament cu flori de calitate, flori viu colorate, aranjamente aniversare, buchete aniversare, aranjmaente flori proaspete, buchete flori proaspete, cutii cu flori proaspete, happy colours arrangement, aranjament in culori vesele, ambalaje flori, burete floral,panglici buchete,","og_url":"https:\/\/florisicadouri.ro\/en\/product\/aranjament-happy-colours-1\/","og_site_name":"Flori si Cadouri","article_modified_time":"2026-02-17T15:29:41+00:00","og_image":[{"width":2560,"height":2560,"url":"https:\/\/florisicadouri.ro\/wp-content\/uploads\/2025\/02\/Aranjament-Happy-colours1-scaled.webp","type":"image\/webp"}],"twitter_card":"summary_large_image","twitter_misc":{"Est. reading time":"1 minute"},"schema":{"@context":"https:\/\/schema.org","@graph":[{"@type":"WebPage","@id":"https:\/\/florisicadouri.ro\/en\/product\/aranjament-happy-colours-1\/","url":"https:\/\/florisicadouri.ro\/en\/product\/aranjament-happy-colours-1\/","name":"ARANJAMENT \u201dHappy colours\u201d 1 - Flori si Cadouri","isPartOf":{"@id":"https:\/\/florisicadouri.ro\/en\/#website"},"primaryImageOfPage":{"@id":"https:\/\/florisicadouri.ro\/en\/product\/aranjament-happy-colours-1\/#primaryimage"},"image":{"@id":"https:\/\/florisicadouri.ro\/en\/product\/aranjament-happy-colours-1\/#primaryimage"},"thumbnailUrl":"https:\/\/florisicadouri.ro\/wp-content\/uploads\/2025\/02\/Aranjament-Happy-colours1-scaled.webp","datePublished":"2025-02-22T12:00:36+00:00","dateModified":"2026-02-17T15:29:41+00:00","description":"livrare flori, livrare flori cluj, livrare aranjamente florale, florarie cluj, flori si cadouri cluj, buchete de flori, delivering flowers cluj, delivering gifts, aranjamente de flori, flowershop cluj, cutii cu flori, cosuri cu flori, livrare flori proaspete, aranjamente flori frumoase, florarie centru cluj, flori pentru evenimente, flowerbox, aranjament flori naturale, floral arrangements, aranjament cu flori colorate, buchet cu flori colorate, aranjament cu flori de calitate, flori viu colorate, aranjamente aniversare, buchete aniversare, aranjmaente flori proaspete, buchete flori proaspete, cutii cu flori proaspete, happy colours arrangement, aranjament in culori vesele, ambalaje flori, burete floral,panglici buchete,","breadcrumb":{"@id":"https:\/\/florisicadouri.ro\/en\/product\/aranjament-happy-colours-1\/#breadcrumb"},"inLanguage":"en-US","potentialAction":[{"@type":"ReadAction","target":["https:\/\/florisicadouri.ro\/en\/product\/aranjament-happy-colours-1\/"]}]},{"@type":"ImageObject","inLanguage":"en-US","@id":"https:\/\/florisicadouri.ro\/en\/product\/aranjament-happy-colours-1\/#primaryimage","url":"https:\/\/florisicadouri.ro\/wp-content\/uploads\/2025\/02\/Aranjament-Happy-colours1-scaled.webp","contentUrl":"https:\/\/florisicadouri.ro\/wp-content\/uploads\/2025\/02\/Aranjament-Happy-colours1-scaled.webp","width":2560,"height":2560},{"@type":"BreadcrumbList","@id":"https:\/\/florisicadouri.ro\/en\/product\/aranjament-happy-colours-1\/#breadcrumb","itemListElement":[{"@type":"ListItem","position":1,"name":"Prima pagin\u0103","item":"https:\/\/florisicadouri.ro\/en\/"},{"@type":"ListItem","position":2,"name":"Shop","item":"https:\/\/florisicadouri.ro\/en\/shop\/"},{"@type":"ListItem","position":3,"name":"ARANJAMENT \u201dHappy colours\u201d 1"}]},{"@type":"WebSite","@id":"https:\/\/florisicadouri.ro\/en\/#website","url":"https:\/\/florisicadouri.ro\/en\/","name":"Flori","description":"","potentialAction":[{"@type":"SearchAction","target":{"@type":"EntryPoint","urlTemplate":"https:\/\/florisicadouri.ro\/en\/?s={search_term_string}"},"query-input":{"@type":"PropertyValueSpecification","valueRequired":true,"valueName":"search_term_string"}}],"inLanguage":"en-US"}]}},"_links":{"self":[{"href":"https:\/\/florisicadouri.ro\/en\/wp-json\/wp\/v2\/product\/3025","targetHints":{"allow":["GET"]}}],"collection":[{"href":"https:\/\/florisicadouri.ro\/en\/wp-json\/wp\/v2\/product"}],"about":[{"href":"https:\/\/florisicadouri.ro\/en\/wp-json\/wp\/v2\/types\/product"}],"wp:featuredmedia":[{"embeddable":true,"href":"https:\/\/florisicadouri.ro\/en\/wp-json\/wp\/v2\/media\/3039"}],"wp:attachment":[{"href":"https:\/\/florisicadouri.ro\/en\/wp-json\/wp\/v2\/media?parent=3025"}],"wp:term":[{"taxonomy":"product_brand","embeddable":true,"href":"https:\/\/florisicadouri.ro\/en\/wp-json\/wp\/v2\/product_brand?post=3025"},{"taxonomy":"product_cat","embeddable":true,"href":"https:\/\/florisicadouri.ro\/en\/wp-json\/wp\/v2\/product_cat?post=3025"},{"taxonomy":"product_tag","embeddable":true,"href":"https:\/\/florisicadouri.ro\/en\/wp-json\/wp\/v2\/product_tag?post=3025"}],"curies":[{"name":"wp","href":"https:\/\/api.w.org\/{rel}","templated":true}]}}