{"id":3155,"date":"2025-04-08T15:45:41","date_gmt":"2025-04-08T13:45:41","guid":{"rendered":"https:\/\/florisicadouri.ro\/?post_type=product&#038;p=3155"},"modified":"2026-03-26T10:23:10","modified_gmt":"2026-03-26T08:23:10","slug":"aranjament-paste-easter-bunny1","status":"publish","type":"product","link":"https:\/\/florisicadouri.ro\/en\/product\/aranjament-paste-easter-bunny1\/","title":{"rendered":"ARANJAMENT PA\u0218TE \u201dEaster bunny\u201d1"},"content":{"rendered":"","protected":false},"excerpt":{"rendered":"<p>Transform\u0103-\u021bi casa \u00eentr-un spa\u021biu plin de culoare \u0219i bucurie cu acest aranjament de Pa\u0219te realizat manual, perfect pentru decorul de sezon.<br \/>\nRealizat cu aten\u021bie la detalii, aranjamentul include un iepura\u0219 decorativ verde, ou\u0103 pastelate \u0219i flori mov elegante, completate de pene decorative \u0219i elemente naturale, toate integrate armonios \u00eentr-un suport rustic din crengu\u021be.(L30cmxh25cm)<br \/>\n<strong>Completeaz\u0103 cadoul t\u0103u cu:<\/strong><\/p>\n<p><a href=\"https:\/\/florisicadouri.ro\/index.php\/product-category\/ciocolata\/\"><img loading=\"lazy\" decoding=\"async\" class=\"alignnone wp-image-1633 size-full\" src=\"https:\/\/florisicadouri.ro\/wp-content\/uploads\/2016\/11\/9025711112222-150x150-1.jpg\" alt=\"\" width=\"164\" height=\"150\" \/><\/a> <a href=\"https:\/\/florisicadouri.ro\/index.php\/product-category\/vinuri\/\"><img loading=\"lazy\" decoding=\"async\" class=\"alignnone size-full wp-image-1637\" src=\"https:\/\/florisicadouri.ro\/wp-content\/uploads\/2016\/11\/aurelia-visinescu-karakter-rose-1.jpg\" alt=\"\" width=\"84\" height=\"150\" \/><\/a><a href=\"https:\/\/florisicadouri.ro\/index.php\/product-category\/jucarii-plus\/\"><img loading=\"lazy\" decoding=\"async\" class=\"alignnone size-full wp-image-1636\" src=\"https:\/\/florisicadouri.ro\/wp-content\/uploads\/2016\/11\/th-150x150-1.jpg\" alt=\"\" width=\"150\" height=\"150\" srcset=\"https:\/\/florisicadouri.ro\/wp-content\/uploads\/2016\/11\/th-150x150-1.jpg 150w, https:\/\/florisicadouri.ro\/wp-content\/uploads\/2016\/11\/th-150x150-1-80x80.jpg 80w, https:\/\/florisicadouri.ro\/wp-content\/uploads\/2016\/11\/th-150x150-1-100x100.jpg 100w, https:\/\/florisicadouri.ro\/wp-content\/uploads\/2016\/11\/th-150x150-1-96x96.jpg 96w\" sizes=\"auto, (max-width: 150px) 100vw, 150px\" \/><\/a><a href=\"https:\/\/florisicadouri.ro\/index.php\/product-category\/ceai\/\"><img loading=\"lazy\" decoding=\"async\" class=\"alignnone wp-image-1648 size-full\" src=\"https:\/\/florisicadouri.ro\/wp-content\/uploads\/2024\/11\/file-copy.jpg\" alt=\"\" width=\"88\" height=\"150\" \/><\/a><\/p>\n<p>Designul s\u0103u echilibrat \u00eembin\u0103 texturi naturale cu accente festive, fiind ideal at\u00e2t pentru decorul mesei de Pa\u0219te, c\u00e2t \u0219i pentru a aduce un strop de prim\u0103var\u0103 \u00een orice col\u021b al casei.<\/p>\n<p>\u2728 Beneficii<br \/>\n\u2714 realizat manual, cu aten\u021bie la detalii<br \/>\n\u2714 design rustic \u0219i natural<br \/>\n\u2714 culori vii, specifice prim\u0103verii<br \/>\n\u2714 decor versatil pentru interior<br \/>\n\u2714 potrivit pentru cadou de Pa\u0219te<br \/>\nCuloarea decora\u021biunilor poate varia fa\u021b\u0103 de imaginea prezentat\u0103 \u00een func\u021bie de stocul disponibil.<br \/>\nRecomand\u0103m verificarea telefonic\u0103 a disponibilit\u0103\u021bii produsului \u00eenainte de finalizarea comenzii.<\/p>\n","protected":false},"featured_media":4299,"template":"","meta":[],"product_brand":[],"product_cat":[90],"product_tag":[],"class_list":{"0":"post-3155","1":"product","2":"type-product","3":"status-publish","4":"has-post-thumbnail","6":"product_cat-decoratiuni-paste","8":"first","9":"instock","10":"shipping-taxable","11":"purchasable","12":"product-type-simple"},"yoast_head":"<!-- This site is optimized with the Yoast SEO plugin v27.4 - https:\/\/yoast.com\/product\/yoast-seo-wordpress\/ -->\n<title>ARANJAMENT PA\u0218TE \u201dEaster bunny\u201d1 - Flori si Cadouri<\/title>\n<meta name=\"description\" content=\"Aranjament de Pa\u0219te Easter Bunny cu iepura\u0219 verde, ou\u0103 decorative \u0219i flori mov, \u00een suport rustic. Ideal pentru decor sau cadou de prim\u0103var\u0103.\" \/>\n<meta name=\"robots\" content=\"index, follow, max-snippet:-1, max-image-preview:large, max-video-preview:-1\" \/>\n<link rel=\"canonical\" href=\"https:\/\/florisicadouri.ro\/en\/product\/aranjament-paste-easter-bunny1\/\" \/>\n<meta property=\"og:locale\" content=\"en_US\" \/>\n<meta property=\"og:type\" content=\"article\" \/>\n<meta property=\"og:title\" content=\"ARANJAMENT PA\u0218TE \u201dEaster bunny\u201d1 - Flori si Cadouri\" \/>\n<meta property=\"og:description\" content=\"Aranjament de Pa\u0219te Easter Bunny cu iepura\u0219 verde, ou\u0103 decorative \u0219i flori mov, \u00een suport rustic. Ideal pentru decor sau cadou de prim\u0103var\u0103.\" \/>\n<meta property=\"og:url\" content=\"https:\/\/florisicadouri.ro\/en\/product\/aranjament-paste-easter-bunny1\/\" \/>\n<meta property=\"og:site_name\" content=\"Flori si Cadouri\" \/>\n<meta property=\"article:modified_time\" content=\"2026-03-26T08:23:10+00:00\" \/>\n<meta property=\"og:image\" content=\"https:\/\/florisicadouri.ro\/wp-content\/uploads\/2025\/04\/ARANJAMENT-PASTE-Easter-bunny2.webp\" \/>\n\t<meta property=\"og:image:width\" content=\"1024\" \/>\n\t<meta property=\"og:image:height\" content=\"1024\" \/>\n\t<meta property=\"og:image:type\" content=\"image\/webp\" \/>\n<meta name=\"twitter:card\" content=\"summary_large_image\" \/>\n<meta name=\"twitter:label1\" content=\"Est. reading time\" \/>\n\t<meta name=\"twitter:data1\" content=\"1 minute\" \/>\n<script type=\"application\/ld+json\" class=\"yoast-schema-graph\">{\"@context\":\"https:\\\/\\\/schema.org\",\"@graph\":[{\"@type\":\"WebPage\",\"@id\":\"https:\\\/\\\/florisicadouri.ro\\\/en\\\/product\\\/aranjament-paste-easter-bunny1\\\/\",\"url\":\"https:\\\/\\\/florisicadouri.ro\\\/en\\\/product\\\/aranjament-paste-easter-bunny1\\\/\",\"name\":\"ARANJAMENT PA\u0218TE \u201dEaster bunny\u201d1 - Flori si Cadouri\",\"isPartOf\":{\"@id\":\"https:\\\/\\\/florisicadouri.ro\\\/en\\\/#website\"},\"primaryImageOfPage\":{\"@id\":\"https:\\\/\\\/florisicadouri.ro\\\/en\\\/product\\\/aranjament-paste-easter-bunny1\\\/#primaryimage\"},\"image\":{\"@id\":\"https:\\\/\\\/florisicadouri.ro\\\/en\\\/product\\\/aranjament-paste-easter-bunny1\\\/#primaryimage\"},\"thumbnailUrl\":\"https:\\\/\\\/florisicadouri.ro\\\/wp-content\\\/uploads\\\/2025\\\/04\\\/ARANJAMENT-PASTE-Easter-bunny2.webp\",\"datePublished\":\"2025-04-08T13:45:41+00:00\",\"dateModified\":\"2026-03-26T08:23:10+00:00\",\"description\":\"Aranjament de Pa\u0219te Easter Bunny cu iepura\u0219 verde, ou\u0103 decorative \u0219i flori mov, \u00een suport rustic. Ideal pentru decor sau cadou de prim\u0103var\u0103.\",\"breadcrumb\":{\"@id\":\"https:\\\/\\\/florisicadouri.ro\\\/en\\\/product\\\/aranjament-paste-easter-bunny1\\\/#breadcrumb\"},\"inLanguage\":\"en-US\",\"potentialAction\":[{\"@type\":\"ReadAction\",\"target\":[\"https:\\\/\\\/florisicadouri.ro\\\/en\\\/product\\\/aranjament-paste-easter-bunny1\\\/\"]}]},{\"@type\":\"ImageObject\",\"inLanguage\":\"en-US\",\"@id\":\"https:\\\/\\\/florisicadouri.ro\\\/en\\\/product\\\/aranjament-paste-easter-bunny1\\\/#primaryimage\",\"url\":\"https:\\\/\\\/florisicadouri.ro\\\/wp-content\\\/uploads\\\/2025\\\/04\\\/ARANJAMENT-PASTE-Easter-bunny2.webp\",\"contentUrl\":\"https:\\\/\\\/florisicadouri.ro\\\/wp-content\\\/uploads\\\/2025\\\/04\\\/ARANJAMENT-PASTE-Easter-bunny2.webp\",\"width\":1024,\"height\":1024,\"caption\":\"Aranjament decorativ de Pa\u0219te realizat manual, cu iepura\u0219 verde, flori artificiale mov \u0219i ou\u0103 colorate, ideal pentru decorul mesei festive sau cadou de sezon.\"},{\"@type\":\"BreadcrumbList\",\"@id\":\"https:\\\/\\\/florisicadouri.ro\\\/en\\\/product\\\/aranjament-paste-easter-bunny1\\\/#breadcrumb\",\"itemListElement\":[{\"@type\":\"ListItem\",\"position\":1,\"name\":\"Prima pagin\u0103\",\"item\":\"https:\\\/\\\/florisicadouri.ro\\\/en\\\/\"},{\"@type\":\"ListItem\",\"position\":2,\"name\":\"Shop\",\"item\":\"https:\\\/\\\/florisicadouri.ro\\\/en\\\/shop\\\/\"},{\"@type\":\"ListItem\",\"position\":3,\"name\":\"ARANJAMENT PA\u0218TE \u201dEaster bunny\u201d1\"}]},{\"@type\":\"WebSite\",\"@id\":\"https:\\\/\\\/florisicadouri.ro\\\/en\\\/#website\",\"url\":\"https:\\\/\\\/florisicadouri.ro\\\/en\\\/\",\"name\":\"Flori\",\"description\":\"\",\"potentialAction\":[{\"@type\":\"SearchAction\",\"target\":{\"@type\":\"EntryPoint\",\"urlTemplate\":\"https:\\\/\\\/florisicadouri.ro\\\/en\\\/?s={search_term_string}\"},\"query-input\":{\"@type\":\"PropertyValueSpecification\",\"valueRequired\":true,\"valueName\":\"search_term_string\"}}],\"inLanguage\":\"en-US\"}]}<\/script>\n<!-- \/ Yoast SEO plugin. -->","yoast_head_json":{"title":"ARANJAMENT PA\u0218TE \u201dEaster bunny\u201d1 - Flori si Cadouri","description":"Aranjament de Pa\u0219te Easter Bunny cu iepura\u0219 verde, ou\u0103 decorative \u0219i flori mov, \u00een suport rustic. Ideal pentru decor sau cadou de prim\u0103var\u0103.","robots":{"index":"index","follow":"follow","max-snippet":"max-snippet:-1","max-image-preview":"max-image-preview:large","max-video-preview":"max-video-preview:-1"},"canonical":"https:\/\/florisicadouri.ro\/en\/product\/aranjament-paste-easter-bunny1\/","og_locale":"en_US","og_type":"article","og_title":"ARANJAMENT PA\u0218TE \u201dEaster bunny\u201d1 - Flori si Cadouri","og_description":"Aranjament de Pa\u0219te Easter Bunny cu iepura\u0219 verde, ou\u0103 decorative \u0219i flori mov, \u00een suport rustic. Ideal pentru decor sau cadou de prim\u0103var\u0103.","og_url":"https:\/\/florisicadouri.ro\/en\/product\/aranjament-paste-easter-bunny1\/","og_site_name":"Flori si Cadouri","article_modified_time":"2026-03-26T08:23:10+00:00","og_image":[{"width":1024,"height":1024,"url":"https:\/\/florisicadouri.ro\/wp-content\/uploads\/2025\/04\/ARANJAMENT-PASTE-Easter-bunny2.webp","type":"image\/webp"}],"twitter_card":"summary_large_image","twitter_misc":{"Est. reading time":"1 minute"},"schema":{"@context":"https:\/\/schema.org","@graph":[{"@type":"WebPage","@id":"https:\/\/florisicadouri.ro\/en\/product\/aranjament-paste-easter-bunny1\/","url":"https:\/\/florisicadouri.ro\/en\/product\/aranjament-paste-easter-bunny1\/","name":"ARANJAMENT PA\u0218TE \u201dEaster bunny\u201d1 - Flori si Cadouri","isPartOf":{"@id":"https:\/\/florisicadouri.ro\/en\/#website"},"primaryImageOfPage":{"@id":"https:\/\/florisicadouri.ro\/en\/product\/aranjament-paste-easter-bunny1\/#primaryimage"},"image":{"@id":"https:\/\/florisicadouri.ro\/en\/product\/aranjament-paste-easter-bunny1\/#primaryimage"},"thumbnailUrl":"https:\/\/florisicadouri.ro\/wp-content\/uploads\/2025\/04\/ARANJAMENT-PASTE-Easter-bunny2.webp","datePublished":"2025-04-08T13:45:41+00:00","dateModified":"2026-03-26T08:23:10+00:00","description":"Aranjament de Pa\u0219te Easter Bunny cu iepura\u0219 verde, ou\u0103 decorative \u0219i flori mov, \u00een suport rustic. Ideal pentru decor sau cadou de prim\u0103var\u0103.","breadcrumb":{"@id":"https:\/\/florisicadouri.ro\/en\/product\/aranjament-paste-easter-bunny1\/#breadcrumb"},"inLanguage":"en-US","potentialAction":[{"@type":"ReadAction","target":["https:\/\/florisicadouri.ro\/en\/product\/aranjament-paste-easter-bunny1\/"]}]},{"@type":"ImageObject","inLanguage":"en-US","@id":"https:\/\/florisicadouri.ro\/en\/product\/aranjament-paste-easter-bunny1\/#primaryimage","url":"https:\/\/florisicadouri.ro\/wp-content\/uploads\/2025\/04\/ARANJAMENT-PASTE-Easter-bunny2.webp","contentUrl":"https:\/\/florisicadouri.ro\/wp-content\/uploads\/2025\/04\/ARANJAMENT-PASTE-Easter-bunny2.webp","width":1024,"height":1024,"caption":"Aranjament decorativ de Pa\u0219te realizat manual, cu iepura\u0219 verde, flori artificiale mov \u0219i ou\u0103 colorate, ideal pentru decorul mesei festive sau cadou de sezon."},{"@type":"BreadcrumbList","@id":"https:\/\/florisicadouri.ro\/en\/product\/aranjament-paste-easter-bunny1\/#breadcrumb","itemListElement":[{"@type":"ListItem","position":1,"name":"Prima pagin\u0103","item":"https:\/\/florisicadouri.ro\/en\/"},{"@type":"ListItem","position":2,"name":"Shop","item":"https:\/\/florisicadouri.ro\/en\/shop\/"},{"@type":"ListItem","position":3,"name":"ARANJAMENT PA\u0218TE \u201dEaster bunny\u201d1"}]},{"@type":"WebSite","@id":"https:\/\/florisicadouri.ro\/en\/#website","url":"https:\/\/florisicadouri.ro\/en\/","name":"Flori","description":"","potentialAction":[{"@type":"SearchAction","target":{"@type":"EntryPoint","urlTemplate":"https:\/\/florisicadouri.ro\/en\/?s={search_term_string}"},"query-input":{"@type":"PropertyValueSpecification","valueRequired":true,"valueName":"search_term_string"}}],"inLanguage":"en-US"}]}},"_links":{"self":[{"href":"https:\/\/florisicadouri.ro\/en\/wp-json\/wp\/v2\/product\/3155","targetHints":{"allow":["GET"]}}],"collection":[{"href":"https:\/\/florisicadouri.ro\/en\/wp-json\/wp\/v2\/product"}],"about":[{"href":"https:\/\/florisicadouri.ro\/en\/wp-json\/wp\/v2\/types\/product"}],"wp:featuredmedia":[{"embeddable":true,"href":"https:\/\/florisicadouri.ro\/en\/wp-json\/wp\/v2\/media\/4299"}],"wp:attachment":[{"href":"https:\/\/florisicadouri.ro\/en\/wp-json\/wp\/v2\/media?parent=3155"}],"wp:term":[{"taxonomy":"product_brand","embeddable":true,"href":"https:\/\/florisicadouri.ro\/en\/wp-json\/wp\/v2\/product_brand?post=3155"},{"taxonomy":"product_cat","embeddable":true,"href":"https:\/\/florisicadouri.ro\/en\/wp-json\/wp\/v2\/product_cat?post=3155"},{"taxonomy":"product_tag","embeddable":true,"href":"https:\/\/florisicadouri.ro\/en\/wp-json\/wp\/v2\/product_tag?post=3155"}],"curies":[{"name":"wp","href":"https:\/\/api.w.org\/{rel}","templated":true}]}}