{"id":3164,"date":"2025-04-08T15:50:26","date_gmt":"2025-04-08T13:50:26","guid":{"rendered":"https:\/\/florisicadouri.ro\/?post_type=product&#038;p=3164"},"modified":"2026-04-08T15:15:49","modified_gmt":"2026-04-08T13:15:49","slug":"aranjament-paste-easter-bunny2","status":"publish","type":"product","link":"https:\/\/florisicadouri.ro\/en\/product\/aranjament-paste-easter-bunny2\/","title":{"rendered":"ARANJAMENT PA\u0218TE \u201dEaster bunny\u201d2"},"content":{"rendered":"","protected":false},"excerpt":{"rendered":"<p><strong>Acest produs se livreaz\u0103 doar pe raza municipiului lui Cluj Napoca.<\/strong><br \/>\nAdu magia s\u0103rb\u0103torilor pascale \u00een casa ta cu acest aranjament decorativ delicat, realizat cu aten\u021bie la fiecare detaliu. A\u0219ezat \u00eentr-un co\u0219 alb \u00eempletit, decorul \u00eembin\u0103 armonios un iepura\u0219 verde decorativ, 3 plante naturale la ghiveci, ou\u0103 pastelate, evoc\u00e2nd prospe\u021bimea \u0219i frumuse\u021bea prim\u0103verii.<\/p>\n<p>Perfect pentru decorarea mesei festive, a livingului sau a unui col\u021b special din cas\u0103, acest aranjament aduce un plus de prospe\u021bime \u0219i c\u0103ldur\u0103 atmosferei de Pa\u0219te. De asemenea, poate fi oferit drept cadou celor dragi, fiind o alegere rafinat\u0103 \u0219i plin\u0103 de farmec.<\/p>\n<p><strong>Completeaz\u0103 cadoul t\u0103u cu:<\/strong><br \/>\n<a href=\"https:\/\/florisicadouri.ro\/index.php\/product-category\/ciocolata\/\"><img loading=\"lazy\" decoding=\"async\" class=\"alignnone wp-image-1633 size-full\" src=\"https:\/\/florisicadouri.ro\/wp-content\/uploads\/2016\/11\/9025711112222-150x150-1.jpg\" alt=\"\" width=\"164\" height=\"150\" \/><\/a> <a href=\"https:\/\/florisicadouri.ro\/index.php\/product-category\/vinuri\/\"><img loading=\"lazy\" decoding=\"async\" class=\"alignnone size-full wp-image-1637\" src=\"https:\/\/florisicadouri.ro\/wp-content\/uploads\/2016\/11\/aurelia-visinescu-karakter-rose-1.jpg\" alt=\"\" width=\"84\" height=\"150\" \/><\/a><a href=\"https:\/\/florisicadouri.ro\/index.php\/product-category\/jucarii-plus\/\"><img loading=\"lazy\" decoding=\"async\" class=\"alignnone size-full wp-image-1636\" src=\"https:\/\/florisicadouri.ro\/wp-content\/uploads\/2016\/11\/th-150x150-1.jpg\" alt=\"\" width=\"150\" height=\"150\" srcset=\"https:\/\/florisicadouri.ro\/wp-content\/uploads\/2016\/11\/th-150x150-1.jpg 150w, https:\/\/florisicadouri.ro\/wp-content\/uploads\/2016\/11\/th-150x150-1-80x80.jpg 80w, https:\/\/florisicadouri.ro\/wp-content\/uploads\/2016\/11\/th-150x150-1-100x100.jpg 100w, https:\/\/florisicadouri.ro\/wp-content\/uploads\/2016\/11\/th-150x150-1-96x96.jpg 96w\" sizes=\"auto, (max-width: 150px) 100vw, 150px\" \/><\/a><a href=\"https:\/\/florisicadouri.ro\/index.php\/product-category\/ceai\/\"><img loading=\"lazy\" decoding=\"async\" class=\"alignnone wp-image-1648 size-full\" src=\"https:\/\/florisicadouri.ro\/wp-content\/uploads\/2024\/11\/file-copy.jpg\" alt=\"\" width=\"88\" height=\"150\" \/><\/a><\/p>\n<p>Caracteristici:<br \/>\n\u2022 realizat manual<br \/>\n\u2022 elemente decorative de Pa\u0219te<br \/>\n\u2022 plante naturale \u0219i verdea\u021b\u0103 decorativ\u0103<br \/>\n\u2022 ideal pentru decor interior sau cadou<br \/>\nAlege un decor care \u00ee\u021bi transform\u0103 casa \u0219i aduce spiritul s\u0103rb\u0103torilor mai aproape \ud83c\udf38\ud83d\udc30<br \/>\nCuloarea decora\u021biunilor poate varia fa\u021b\u0103 de imaginea prezentat\u0103 \u00een func\u021bie de stocul disponibil.<br \/>\nRecomand\u0103m verificarea telefonic\u0103 a disponibilit\u0103\u021bii produsului \u00eenainte de finalizarea comenzii.<\/p>\n","protected":false},"featured_media":4389,"template":"","meta":[],"product_brand":[],"product_cat":[90],"product_tag":[],"class_list":{"0":"post-3164","1":"product","2":"type-product","3":"status-publish","4":"has-post-thumbnail","6":"product_cat-decoratiuni-paste","8":"first","9":"outofstock","10":"sold-individually","11":"shipping-taxable","12":"purchasable","13":"product-type-simple"},"yoast_head":"<!-- This site is optimized with the Yoast SEO plugin v27.4 - https:\/\/yoast.com\/product\/yoast-seo-wordpress\/ -->\n<title>ARANJAMENT PA\u0218TE \u201dEaster bunny\u201d2 - Flori si Cadouri<\/title>\n<meta name=\"description\" content=\"Aranjament de Pa\u0219te \u00een co\u0219 alb, cu iepura\u0219 decorativ, ou\u0103 pastel \u0219i 3 plante primavaratice. Decor elegant pentru cas\u0103 sau cadou special de s\u0103rb\u0103tori.\" \/>\n<meta name=\"robots\" content=\"index, follow, max-snippet:-1, max-image-preview:large, max-video-preview:-1\" \/>\n<link rel=\"canonical\" href=\"https:\/\/florisicadouri.ro\/en\/product\/aranjament-paste-easter-bunny2\/\" \/>\n<meta property=\"og:locale\" content=\"en_US\" \/>\n<meta property=\"og:type\" content=\"article\" \/>\n<meta property=\"og:title\" content=\"ARANJAMENT PA\u0218TE \u201dEaster bunny\u201d2 - Flori si Cadouri\" \/>\n<meta property=\"og:description\" content=\"Aranjament de Pa\u0219te \u00een co\u0219 alb, cu iepura\u0219 decorativ, ou\u0103 pastel \u0219i 3 plante primavaratice. Decor elegant pentru cas\u0103 sau cadou special de s\u0103rb\u0103tori.\" \/>\n<meta property=\"og:url\" content=\"https:\/\/florisicadouri.ro\/en\/product\/aranjament-paste-easter-bunny2\/\" \/>\n<meta property=\"og:site_name\" content=\"Flori si Cadouri\" \/>\n<meta property=\"article:modified_time\" content=\"2026-04-08T13:15:49+00:00\" \/>\n<meta property=\"og:image\" content=\"https:\/\/florisicadouri.ro\/wp-content\/uploads\/2025\/04\/ARANJAMENT-PASTE-Easter-bunny2-3.webp\" \/>\n\t<meta property=\"og:image:width\" content=\"1024\" \/>\n\t<meta property=\"og:image:height\" content=\"1024\" \/>\n\t<meta property=\"og:image:type\" content=\"image\/webp\" \/>\n<meta name=\"twitter:card\" content=\"summary_large_image\" \/>\n<meta name=\"twitter:label1\" content=\"Est. reading time\" \/>\n\t<meta name=\"twitter:data1\" content=\"1 minute\" \/>\n<script type=\"application\/ld+json\" class=\"yoast-schema-graph\">{\"@context\":\"https:\\\/\\\/schema.org\",\"@graph\":[{\"@type\":\"WebPage\",\"@id\":\"https:\\\/\\\/florisicadouri.ro\\\/en\\\/product\\\/aranjament-paste-easter-bunny2\\\/\",\"url\":\"https:\\\/\\\/florisicadouri.ro\\\/en\\\/product\\\/aranjament-paste-easter-bunny2\\\/\",\"name\":\"ARANJAMENT PA\u0218TE \u201dEaster bunny\u201d2 - Flori si Cadouri\",\"isPartOf\":{\"@id\":\"https:\\\/\\\/florisicadouri.ro\\\/en\\\/#website\"},\"primaryImageOfPage\":{\"@id\":\"https:\\\/\\\/florisicadouri.ro\\\/en\\\/product\\\/aranjament-paste-easter-bunny2\\\/#primaryimage\"},\"image\":{\"@id\":\"https:\\\/\\\/florisicadouri.ro\\\/en\\\/product\\\/aranjament-paste-easter-bunny2\\\/#primaryimage\"},\"thumbnailUrl\":\"https:\\\/\\\/florisicadouri.ro\\\/wp-content\\\/uploads\\\/2025\\\/04\\\/ARANJAMENT-PASTE-Easter-bunny2-3.webp\",\"datePublished\":\"2025-04-08T13:50:26+00:00\",\"dateModified\":\"2026-04-08T13:15:49+00:00\",\"description\":\"Aranjament de Pa\u0219te \u00een co\u0219 alb, cu iepura\u0219 decorativ, ou\u0103 pastel \u0219i 3 plante primavaratice. Decor elegant pentru cas\u0103 sau cadou special de s\u0103rb\u0103tori.\",\"breadcrumb\":{\"@id\":\"https:\\\/\\\/florisicadouri.ro\\\/en\\\/product\\\/aranjament-paste-easter-bunny2\\\/#breadcrumb\"},\"inLanguage\":\"en-US\",\"potentialAction\":[{\"@type\":\"ReadAction\",\"target\":[\"https:\\\/\\\/florisicadouri.ro\\\/en\\\/product\\\/aranjament-paste-easter-bunny2\\\/\"]}]},{\"@type\":\"ImageObject\",\"inLanguage\":\"en-US\",\"@id\":\"https:\\\/\\\/florisicadouri.ro\\\/en\\\/product\\\/aranjament-paste-easter-bunny2\\\/#primaryimage\",\"url\":\"https:\\\/\\\/florisicadouri.ro\\\/wp-content\\\/uploads\\\/2025\\\/04\\\/ARANJAMENT-PASTE-Easter-bunny2-3.webp\",\"contentUrl\":\"https:\\\/\\\/florisicadouri.ro\\\/wp-content\\\/uploads\\\/2025\\\/04\\\/ARANJAMENT-PASTE-Easter-bunny2-3.webp\",\"width\":1024,\"height\":1024,\"caption\":\"Aranjament festiv de Pa\u0219te, ideal pentru decorul casei sau pentru masa de s\u0103rb\u0103toare.\"},{\"@type\":\"BreadcrumbList\",\"@id\":\"https:\\\/\\\/florisicadouri.ro\\\/en\\\/product\\\/aranjament-paste-easter-bunny2\\\/#breadcrumb\",\"itemListElement\":[{\"@type\":\"ListItem\",\"position\":1,\"name\":\"Prima pagin\u0103\",\"item\":\"https:\\\/\\\/florisicadouri.ro\\\/en\\\/\"},{\"@type\":\"ListItem\",\"position\":2,\"name\":\"Shop\",\"item\":\"https:\\\/\\\/florisicadouri.ro\\\/en\\\/shop\\\/\"},{\"@type\":\"ListItem\",\"position\":3,\"name\":\"ARANJAMENT PA\u0218TE \u201dEaster bunny\u201d2\"}]},{\"@type\":\"WebSite\",\"@id\":\"https:\\\/\\\/florisicadouri.ro\\\/en\\\/#website\",\"url\":\"https:\\\/\\\/florisicadouri.ro\\\/en\\\/\",\"name\":\"Flori\",\"description\":\"\",\"potentialAction\":[{\"@type\":\"SearchAction\",\"target\":{\"@type\":\"EntryPoint\",\"urlTemplate\":\"https:\\\/\\\/florisicadouri.ro\\\/en\\\/?s={search_term_string}\"},\"query-input\":{\"@type\":\"PropertyValueSpecification\",\"valueRequired\":true,\"valueName\":\"search_term_string\"}}],\"inLanguage\":\"en-US\"}]}<\/script>\n<!-- \/ Yoast SEO plugin. -->","yoast_head_json":{"title":"ARANJAMENT PA\u0218TE \u201dEaster bunny\u201d2 - Flori si Cadouri","description":"Aranjament de Pa\u0219te \u00een co\u0219 alb, cu iepura\u0219 decorativ, ou\u0103 pastel \u0219i 3 plante primavaratice. Decor elegant pentru cas\u0103 sau cadou special de s\u0103rb\u0103tori.","robots":{"index":"index","follow":"follow","max-snippet":"max-snippet:-1","max-image-preview":"max-image-preview:large","max-video-preview":"max-video-preview:-1"},"canonical":"https:\/\/florisicadouri.ro\/en\/product\/aranjament-paste-easter-bunny2\/","og_locale":"en_US","og_type":"article","og_title":"ARANJAMENT PA\u0218TE \u201dEaster bunny\u201d2 - Flori si Cadouri","og_description":"Aranjament de Pa\u0219te \u00een co\u0219 alb, cu iepura\u0219 decorativ, ou\u0103 pastel \u0219i 3 plante primavaratice. Decor elegant pentru cas\u0103 sau cadou special de s\u0103rb\u0103tori.","og_url":"https:\/\/florisicadouri.ro\/en\/product\/aranjament-paste-easter-bunny2\/","og_site_name":"Flori si Cadouri","article_modified_time":"2026-04-08T13:15:49+00:00","og_image":[{"width":1024,"height":1024,"url":"https:\/\/florisicadouri.ro\/wp-content\/uploads\/2025\/04\/ARANJAMENT-PASTE-Easter-bunny2-3.webp","type":"image\/webp"}],"twitter_card":"summary_large_image","twitter_misc":{"Est. reading time":"1 minute"},"schema":{"@context":"https:\/\/schema.org","@graph":[{"@type":"WebPage","@id":"https:\/\/florisicadouri.ro\/en\/product\/aranjament-paste-easter-bunny2\/","url":"https:\/\/florisicadouri.ro\/en\/product\/aranjament-paste-easter-bunny2\/","name":"ARANJAMENT PA\u0218TE \u201dEaster bunny\u201d2 - Flori si Cadouri","isPartOf":{"@id":"https:\/\/florisicadouri.ro\/en\/#website"},"primaryImageOfPage":{"@id":"https:\/\/florisicadouri.ro\/en\/product\/aranjament-paste-easter-bunny2\/#primaryimage"},"image":{"@id":"https:\/\/florisicadouri.ro\/en\/product\/aranjament-paste-easter-bunny2\/#primaryimage"},"thumbnailUrl":"https:\/\/florisicadouri.ro\/wp-content\/uploads\/2025\/04\/ARANJAMENT-PASTE-Easter-bunny2-3.webp","datePublished":"2025-04-08T13:50:26+00:00","dateModified":"2026-04-08T13:15:49+00:00","description":"Aranjament de Pa\u0219te \u00een co\u0219 alb, cu iepura\u0219 decorativ, ou\u0103 pastel \u0219i 3 plante primavaratice. Decor elegant pentru cas\u0103 sau cadou special de s\u0103rb\u0103tori.","breadcrumb":{"@id":"https:\/\/florisicadouri.ro\/en\/product\/aranjament-paste-easter-bunny2\/#breadcrumb"},"inLanguage":"en-US","potentialAction":[{"@type":"ReadAction","target":["https:\/\/florisicadouri.ro\/en\/product\/aranjament-paste-easter-bunny2\/"]}]},{"@type":"ImageObject","inLanguage":"en-US","@id":"https:\/\/florisicadouri.ro\/en\/product\/aranjament-paste-easter-bunny2\/#primaryimage","url":"https:\/\/florisicadouri.ro\/wp-content\/uploads\/2025\/04\/ARANJAMENT-PASTE-Easter-bunny2-3.webp","contentUrl":"https:\/\/florisicadouri.ro\/wp-content\/uploads\/2025\/04\/ARANJAMENT-PASTE-Easter-bunny2-3.webp","width":1024,"height":1024,"caption":"Aranjament festiv de Pa\u0219te, ideal pentru decorul casei sau pentru masa de s\u0103rb\u0103toare."},{"@type":"BreadcrumbList","@id":"https:\/\/florisicadouri.ro\/en\/product\/aranjament-paste-easter-bunny2\/#breadcrumb","itemListElement":[{"@type":"ListItem","position":1,"name":"Prima pagin\u0103","item":"https:\/\/florisicadouri.ro\/en\/"},{"@type":"ListItem","position":2,"name":"Shop","item":"https:\/\/florisicadouri.ro\/en\/shop\/"},{"@type":"ListItem","position":3,"name":"ARANJAMENT PA\u0218TE \u201dEaster bunny\u201d2"}]},{"@type":"WebSite","@id":"https:\/\/florisicadouri.ro\/en\/#website","url":"https:\/\/florisicadouri.ro\/en\/","name":"Flori","description":"","potentialAction":[{"@type":"SearchAction","target":{"@type":"EntryPoint","urlTemplate":"https:\/\/florisicadouri.ro\/en\/?s={search_term_string}"},"query-input":{"@type":"PropertyValueSpecification","valueRequired":true,"valueName":"search_term_string"}}],"inLanguage":"en-US"}]}},"_links":{"self":[{"href":"https:\/\/florisicadouri.ro\/en\/wp-json\/wp\/v2\/product\/3164","targetHints":{"allow":["GET"]}}],"collection":[{"href":"https:\/\/florisicadouri.ro\/en\/wp-json\/wp\/v2\/product"}],"about":[{"href":"https:\/\/florisicadouri.ro\/en\/wp-json\/wp\/v2\/types\/product"}],"wp:featuredmedia":[{"embeddable":true,"href":"https:\/\/florisicadouri.ro\/en\/wp-json\/wp\/v2\/media\/4389"}],"wp:attachment":[{"href":"https:\/\/florisicadouri.ro\/en\/wp-json\/wp\/v2\/media?parent=3164"}],"wp:term":[{"taxonomy":"product_brand","embeddable":true,"href":"https:\/\/florisicadouri.ro\/en\/wp-json\/wp\/v2\/product_brand?post=3164"},{"taxonomy":"product_cat","embeddable":true,"href":"https:\/\/florisicadouri.ro\/en\/wp-json\/wp\/v2\/product_cat?post=3164"},{"taxonomy":"product_tag","embeddable":true,"href":"https:\/\/florisicadouri.ro\/en\/wp-json\/wp\/v2\/product_tag?post=3164"}],"curies":[{"name":"wp","href":"https:\/\/api.w.org\/{rel}","templated":true}]}}