{"id":3352,"date":"2025-07-16T16:39:07","date_gmt":"2025-07-16T14:39:07","guid":{"rendered":"https:\/\/florisicadouri.ro\/?post_type=product&#038;p=3352"},"modified":"2025-11-25T14:45:13","modified_gmt":"2025-11-25T12:45:13","slug":"aranjament-plants-for-the-soul","status":"publish","type":"product","link":"https:\/\/florisicadouri.ro\/en\/product\/aranjament-plants-for-the-soul\/","title":{"rendered":"ARANJAMENT \u201dPlants for the soul\u201d"},"content":{"rendered":"","protected":false},"excerpt":{"rendered":"<p><strong>Acest produs se livreaz\u0103 doar pe raza municipiului Cluj Napoca.<\/strong><br \/>\nAranjament cu 3 plante la ghiveci, \u00een vas de lemn oval.<br \/>\n<strong>Completeaz\u0103 cadoul t\u0103u cu:<\/strong><\/p>\n<p><a href=\"https:\/\/florisicadouri.ro\/index.php\/product-category\/ciocolata\/\"><img loading=\"lazy\" decoding=\"async\" class=\"alignnone wp-image-1633 size-full\" src=\"https:\/\/florisicadouri.ro\/wp-content\/uploads\/2016\/11\/9025711112222-150x150-1.jpg\" alt=\"\" width=\"164\" height=\"150\" \/><\/a> <a href=\"https:\/\/florisicadouri.ro\/index.php\/product-category\/vinuri\/\"><img loading=\"lazy\" decoding=\"async\" class=\"alignnone size-full wp-image-1637\" src=\"https:\/\/florisicadouri.ro\/wp-content\/uploads\/2016\/11\/aurelia-visinescu-karakter-rose-1.jpg\" alt=\"\" width=\"84\" height=\"150\" \/><\/a><a href=\"https:\/\/florisicadouri.ro\/index.php\/product-category\/jucarii-plus\/\"><img loading=\"lazy\" decoding=\"async\" class=\"alignnone size-full wp-image-1636\" src=\"https:\/\/florisicadouri.ro\/wp-content\/uploads\/2016\/11\/th-150x150-1.jpg\" alt=\"\" width=\"150\" height=\"150\" srcset=\"https:\/\/florisicadouri.ro\/wp-content\/uploads\/2016\/11\/th-150x150-1.jpg 150w, https:\/\/florisicadouri.ro\/wp-content\/uploads\/2016\/11\/th-150x150-1-80x80.jpg 80w, https:\/\/florisicadouri.ro\/wp-content\/uploads\/2016\/11\/th-150x150-1-100x100.jpg 100w, https:\/\/florisicadouri.ro\/wp-content\/uploads\/2016\/11\/th-150x150-1-96x96.jpg 96w\" sizes=\"auto, (max-width: 150px) 100vw, 150px\" \/><\/a><a href=\"https:\/\/florisicadouri.ro\/index.php\/product-category\/ceai\/\"><img loading=\"lazy\" decoding=\"async\" class=\"alignnone wp-image-1648 size-full\" src=\"https:\/\/florisicadouri.ro\/wp-content\/uploads\/2024\/11\/file-copy.jpg\" alt=\"\" width=\"88\" height=\"150\" \/><\/a><br \/>\nNot\u0103: Culoarea vasului \u0219i a plantelor poate varia fa\u021b\u0103 de imaginea prezentat\u0103, \u00een func\u021bie de stocul disponibil.<br \/>\nAranjamentul poate fi realizat \u0219i cu alte tipuri de plante \u0219i accesorii.<br \/>\nSpecifica\u021bi modific\u0103rile dorite \u00een nota de comand\u0103.<br \/>\nAceste produse nu sunt destinate consumului uman, sunt perisabile \u0219i nu se pot returna.<br \/>\n\u00cengrijire: A\u0219eza\u021bi plantele departe de surse de c\u0103ldur\u0103 sau expunerea direct\u0103 la soare.<br \/>\nSe recomand\u0103 p\u0103strarea plantelor la o temperatur\u0103 de 18-20 \u00b0C.<br \/>\nRecomand\u0103m verificarea telefonic\u0103 a disponibilit\u0103\u021bii produsului \u00eenainte de finalizarea comenzii.<\/p>\n","protected":false},"featured_media":3355,"template":"","meta":[],"product_brand":[],"product_cat":[15],"product_tag":[],"class_list":{"0":"post-3352","1":"product","2":"type-product","3":"status-publish","4":"has-post-thumbnail","6":"product_cat-uncategorized","8":"first","9":"outofstock","10":"shipping-taxable","11":"purchasable","12":"product-type-simple"},"yoast_head":"<!-- This site is optimized with the Yoast SEO plugin v27.4 - https:\/\/yoast.com\/product\/yoast-seo-wordpress\/ -->\n<title>ARANJAMENT \u201dPlants for the soul\u201d - Flori si Cadouri<\/title>\n<meta name=\"robots\" content=\"index, follow, max-snippet:-1, max-image-preview:large, max-video-preview:-1\" \/>\n<link rel=\"canonical\" href=\"https:\/\/florisicadouri.ro\/en\/product\/aranjament-plants-for-the-soul\/\" \/>\n<meta property=\"og:locale\" content=\"en_US\" \/>\n<meta property=\"og:type\" content=\"article\" \/>\n<meta property=\"og:title\" content=\"ARANJAMENT \u201dPlants for the soul\u201d - Flori si Cadouri\" \/>\n<meta property=\"og:description\" content=\"Acest produs se livreaz\u0103 doar pe raza municipiului Cluj Napoca. Aranjament cu 3 plante la ghiveci, \u00een vas de lemn oval. Completeaz\u0103 cadoul t\u0103u cu:    Not\u0103: Culoarea vasului \u0219i a plantelor poate varia fa\u021b\u0103 de imaginea prezentat\u0103, \u00een func\u021bie de stocul disponibil. Aranjamentul poate fi realizat \u0219i cu alte tipuri de plante \u0219i accesorii. Specifica\u021bi modific\u0103rile dorite \u00een nota de comand\u0103. Aceste produse nu sunt destinate consumului uman, sunt perisabile \u0219i nu se pot returna. \u00cengrijire: A\u0219eza\u021bi plantele departe de surse de c\u0103ldur\u0103 sau expunerea direct\u0103 la soare. Se recomand\u0103 p\u0103strarea plantelor la o temperatur\u0103 de 18-20 \u00b0C. Recomand\u0103m verificarea telefonic\u0103 a disponibilit\u0103\u021bii produsului \u00eenainte de finalizarea comenzii.\" \/>\n<meta property=\"og:url\" content=\"https:\/\/florisicadouri.ro\/en\/product\/aranjament-plants-for-the-soul\/\" \/>\n<meta property=\"og:site_name\" content=\"Flori si Cadouri\" \/>\n<meta property=\"article:modified_time\" content=\"2025-11-25T12:45:13+00:00\" \/>\n<meta property=\"og:image\" content=\"https:\/\/florisicadouri.ro\/wp-content\/uploads\/2025\/07\/ARANJAMENT-Plants-for-the-soul1.jpg\" \/>\n\t<meta property=\"og:image:width\" content=\"871\" \/>\n\t<meta property=\"og:image:height\" content=\"869\" \/>\n\t<meta property=\"og:image:type\" content=\"image\/jpeg\" \/>\n<meta name=\"twitter:card\" content=\"summary_large_image\" \/>\n<meta name=\"twitter:label1\" content=\"Est. reading time\" \/>\n\t<meta name=\"twitter:data1\" content=\"1 minute\" \/>\n<script type=\"application\/ld+json\" class=\"yoast-schema-graph\">{\"@context\":\"https:\\\/\\\/schema.org\",\"@graph\":[{\"@type\":\"WebPage\",\"@id\":\"https:\\\/\\\/florisicadouri.ro\\\/en\\\/product\\\/aranjament-plants-for-the-soul\\\/\",\"url\":\"https:\\\/\\\/florisicadouri.ro\\\/en\\\/product\\\/aranjament-plants-for-the-soul\\\/\",\"name\":\"ARANJAMENT \u201dPlants for the soul\u201d - Flori si Cadouri\",\"isPartOf\":{\"@id\":\"https:\\\/\\\/florisicadouri.ro\\\/en\\\/#website\"},\"primaryImageOfPage\":{\"@id\":\"https:\\\/\\\/florisicadouri.ro\\\/en\\\/product\\\/aranjament-plants-for-the-soul\\\/#primaryimage\"},\"image\":{\"@id\":\"https:\\\/\\\/florisicadouri.ro\\\/en\\\/product\\\/aranjament-plants-for-the-soul\\\/#primaryimage\"},\"thumbnailUrl\":\"https:\\\/\\\/florisicadouri.ro\\\/wp-content\\\/uploads\\\/2025\\\/07\\\/ARANJAMENT-Plants-for-the-soul1.jpg\",\"datePublished\":\"2025-07-16T14:39:07+00:00\",\"dateModified\":\"2025-11-25T12:45:13+00:00\",\"breadcrumb\":{\"@id\":\"https:\\\/\\\/florisicadouri.ro\\\/en\\\/product\\\/aranjament-plants-for-the-soul\\\/#breadcrumb\"},\"inLanguage\":\"en-US\",\"potentialAction\":[{\"@type\":\"ReadAction\",\"target\":[\"https:\\\/\\\/florisicadouri.ro\\\/en\\\/product\\\/aranjament-plants-for-the-soul\\\/\"]}]},{\"@type\":\"ImageObject\",\"inLanguage\":\"en-US\",\"@id\":\"https:\\\/\\\/florisicadouri.ro\\\/en\\\/product\\\/aranjament-plants-for-the-soul\\\/#primaryimage\",\"url\":\"https:\\\/\\\/florisicadouri.ro\\\/wp-content\\\/uploads\\\/2025\\\/07\\\/ARANJAMENT-Plants-for-the-soul1.jpg\",\"contentUrl\":\"https:\\\/\\\/florisicadouri.ro\\\/wp-content\\\/uploads\\\/2025\\\/07\\\/ARANJAMENT-Plants-for-the-soul1.jpg\",\"width\":871,\"height\":869},{\"@type\":\"BreadcrumbList\",\"@id\":\"https:\\\/\\\/florisicadouri.ro\\\/en\\\/product\\\/aranjament-plants-for-the-soul\\\/#breadcrumb\",\"itemListElement\":[{\"@type\":\"ListItem\",\"position\":1,\"name\":\"Prima pagin\u0103\",\"item\":\"https:\\\/\\\/florisicadouri.ro\\\/en\\\/\"},{\"@type\":\"ListItem\",\"position\":2,\"name\":\"Shop\",\"item\":\"https:\\\/\\\/florisicadouri.ro\\\/en\\\/shop\\\/\"},{\"@type\":\"ListItem\",\"position\":3,\"name\":\"ARANJAMENT \u201dPlants for the soul\u201d\"}]},{\"@type\":\"WebSite\",\"@id\":\"https:\\\/\\\/florisicadouri.ro\\\/en\\\/#website\",\"url\":\"https:\\\/\\\/florisicadouri.ro\\\/en\\\/\",\"name\":\"Flori\",\"description\":\"\",\"potentialAction\":[{\"@type\":\"SearchAction\",\"target\":{\"@type\":\"EntryPoint\",\"urlTemplate\":\"https:\\\/\\\/florisicadouri.ro\\\/en\\\/?s={search_term_string}\"},\"query-input\":{\"@type\":\"PropertyValueSpecification\",\"valueRequired\":true,\"valueName\":\"search_term_string\"}}],\"inLanguage\":\"en-US\"}]}<\/script>\n<!-- \/ Yoast SEO plugin. -->","yoast_head_json":{"title":"ARANJAMENT \u201dPlants for the soul\u201d - Flori si Cadouri","robots":{"index":"index","follow":"follow","max-snippet":"max-snippet:-1","max-image-preview":"max-image-preview:large","max-video-preview":"max-video-preview:-1"},"canonical":"https:\/\/florisicadouri.ro\/en\/product\/aranjament-plants-for-the-soul\/","og_locale":"en_US","og_type":"article","og_title":"ARANJAMENT \u201dPlants for the soul\u201d - Flori si Cadouri","og_description":"Acest produs se livreaz\u0103 doar pe raza municipiului Cluj Napoca. Aranjament cu 3 plante la ghiveci, \u00een vas de lemn oval. Completeaz\u0103 cadoul t\u0103u cu:    Not\u0103: Culoarea vasului \u0219i a plantelor poate varia fa\u021b\u0103 de imaginea prezentat\u0103, \u00een func\u021bie de stocul disponibil. Aranjamentul poate fi realizat \u0219i cu alte tipuri de plante \u0219i accesorii. Specifica\u021bi modific\u0103rile dorite \u00een nota de comand\u0103. Aceste produse nu sunt destinate consumului uman, sunt perisabile \u0219i nu se pot returna. \u00cengrijire: A\u0219eza\u021bi plantele departe de surse de c\u0103ldur\u0103 sau expunerea direct\u0103 la soare. Se recomand\u0103 p\u0103strarea plantelor la o temperatur\u0103 de 18-20 \u00b0C. Recomand\u0103m verificarea telefonic\u0103 a disponibilit\u0103\u021bii produsului \u00eenainte de finalizarea comenzii.","og_url":"https:\/\/florisicadouri.ro\/en\/product\/aranjament-plants-for-the-soul\/","og_site_name":"Flori si Cadouri","article_modified_time":"2025-11-25T12:45:13+00:00","og_image":[{"width":871,"height":869,"url":"https:\/\/florisicadouri.ro\/wp-content\/uploads\/2025\/07\/ARANJAMENT-Plants-for-the-soul1.jpg","type":"image\/jpeg"}],"twitter_card":"summary_large_image","twitter_misc":{"Est. reading time":"1 minute"},"schema":{"@context":"https:\/\/schema.org","@graph":[{"@type":"WebPage","@id":"https:\/\/florisicadouri.ro\/en\/product\/aranjament-plants-for-the-soul\/","url":"https:\/\/florisicadouri.ro\/en\/product\/aranjament-plants-for-the-soul\/","name":"ARANJAMENT \u201dPlants for the soul\u201d - Flori si Cadouri","isPartOf":{"@id":"https:\/\/florisicadouri.ro\/en\/#website"},"primaryImageOfPage":{"@id":"https:\/\/florisicadouri.ro\/en\/product\/aranjament-plants-for-the-soul\/#primaryimage"},"image":{"@id":"https:\/\/florisicadouri.ro\/en\/product\/aranjament-plants-for-the-soul\/#primaryimage"},"thumbnailUrl":"https:\/\/florisicadouri.ro\/wp-content\/uploads\/2025\/07\/ARANJAMENT-Plants-for-the-soul1.jpg","datePublished":"2025-07-16T14:39:07+00:00","dateModified":"2025-11-25T12:45:13+00:00","breadcrumb":{"@id":"https:\/\/florisicadouri.ro\/en\/product\/aranjament-plants-for-the-soul\/#breadcrumb"},"inLanguage":"en-US","potentialAction":[{"@type":"ReadAction","target":["https:\/\/florisicadouri.ro\/en\/product\/aranjament-plants-for-the-soul\/"]}]},{"@type":"ImageObject","inLanguage":"en-US","@id":"https:\/\/florisicadouri.ro\/en\/product\/aranjament-plants-for-the-soul\/#primaryimage","url":"https:\/\/florisicadouri.ro\/wp-content\/uploads\/2025\/07\/ARANJAMENT-Plants-for-the-soul1.jpg","contentUrl":"https:\/\/florisicadouri.ro\/wp-content\/uploads\/2025\/07\/ARANJAMENT-Plants-for-the-soul1.jpg","width":871,"height":869},{"@type":"BreadcrumbList","@id":"https:\/\/florisicadouri.ro\/en\/product\/aranjament-plants-for-the-soul\/#breadcrumb","itemListElement":[{"@type":"ListItem","position":1,"name":"Prima pagin\u0103","item":"https:\/\/florisicadouri.ro\/en\/"},{"@type":"ListItem","position":2,"name":"Shop","item":"https:\/\/florisicadouri.ro\/en\/shop\/"},{"@type":"ListItem","position":3,"name":"ARANJAMENT \u201dPlants for the soul\u201d"}]},{"@type":"WebSite","@id":"https:\/\/florisicadouri.ro\/en\/#website","url":"https:\/\/florisicadouri.ro\/en\/","name":"Flori","description":"","potentialAction":[{"@type":"SearchAction","target":{"@type":"EntryPoint","urlTemplate":"https:\/\/florisicadouri.ro\/en\/?s={search_term_string}"},"query-input":{"@type":"PropertyValueSpecification","valueRequired":true,"valueName":"search_term_string"}}],"inLanguage":"en-US"}]}},"_links":{"self":[{"href":"https:\/\/florisicadouri.ro\/en\/wp-json\/wp\/v2\/product\/3352","targetHints":{"allow":["GET"]}}],"collection":[{"href":"https:\/\/florisicadouri.ro\/en\/wp-json\/wp\/v2\/product"}],"about":[{"href":"https:\/\/florisicadouri.ro\/en\/wp-json\/wp\/v2\/types\/product"}],"wp:featuredmedia":[{"embeddable":true,"href":"https:\/\/florisicadouri.ro\/en\/wp-json\/wp\/v2\/media\/3355"}],"wp:attachment":[{"href":"https:\/\/florisicadouri.ro\/en\/wp-json\/wp\/v2\/media?parent=3352"}],"wp:term":[{"taxonomy":"product_brand","embeddable":true,"href":"https:\/\/florisicadouri.ro\/en\/wp-json\/wp\/v2\/product_brand?post=3352"},{"taxonomy":"product_cat","embeddable":true,"href":"https:\/\/florisicadouri.ro\/en\/wp-json\/wp\/v2\/product_cat?post=3352"},{"taxonomy":"product_tag","embeddable":true,"href":"https:\/\/florisicadouri.ro\/en\/wp-json\/wp\/v2\/product_tag?post=3352"}],"curies":[{"name":"wp","href":"https:\/\/api.w.org\/{rel}","templated":true}]}}