{"id":3408,"date":"2026-03-20T11:57:12","date_gmt":"2026-03-20T09:57:12","guid":{"rendered":"https:\/\/florisicadouri.ro\/?post_type=product&#038;p=3408"},"modified":"2026-03-24T09:08:23","modified_gmt":"2026-03-24T07:08:23","slug":"3408","status":"publish","type":"product","link":"https:\/\/florisicadouri.ro\/en\/product\/3408\/","title":{"rendered":"PACHET CADOU \u201dTEA AND FLOWERS\u201d"},"content":{"rendered":"","protected":false},"excerpt":{"rendered":"<p><strong>Acest produs se livreaz\u0103 doar pe raza municipiului Cluj Napoca.<\/strong><br \/>\nTransform\u0103 orice moment \u00eentr-o experien\u021b\u0103 de r\u0103sf\u0103\u021b cu acest set cadou elegant, conceput pentru relaxare \u0219i rafinament. Setul \u00eembin\u0103 armonios trei elemente esen\u021biale: o can\u0103 decorativ\u0103 cu aranjament floral delicat, o lum\u00e2nare parfumat\u0103 ce creeaz\u0103 o atmosfer\u0103 cald\u0103 \u0219i un ceai premium Rooibos Honey &#038; Lemongrass, f\u0103r\u0103 cofein\u0103.<br \/>\nFiecare detaliu este ales cu grij\u0103 pentru a oferi o experien\u021b\u0103 senzorial\u0103 complet\u0103 \u2013 de la aromele fine ale ceaiului, la lumina bl\u00e2nd\u0103 a lum\u00e2n\u0103rii \u0219i frumuse\u021bea natural\u0103 a florilor. Este alegerea ideal\u0103 pentru momentele de lini\u0219te sau pentru a surprinde pe cineva drag cu un cadou deosebit.<br \/>\n<strong>Completeaz\u0103 cadoul t\u0103u cu:<\/strong><\/p>\n<p><a href=\"https:\/\/florisicadouri.ro\/index.php\/product-category\/ciocolata\/\"><img loading=\"lazy\" decoding=\"async\" class=\"alignnone wp-image-1633 size-full\" src=\"https:\/\/florisicadouri.ro\/wp-content\/uploads\/2016\/11\/9025711112222-150x150-1.jpg\" alt=\"\" width=\"164\" height=\"150\" \/><\/a> <a href=\"https:\/\/florisicadouri.ro\/index.php\/product-category\/vinuri\/\"><img loading=\"lazy\" decoding=\"async\" class=\"alignnone size-full wp-image-1637\" src=\"https:\/\/florisicadouri.ro\/wp-content\/uploads\/2016\/11\/aurelia-visinescu-karakter-rose-1.jpg\" alt=\"\" width=\"84\" height=\"150\" \/><\/a><a href=\"https:\/\/florisicadouri.ro\/index.php\/product-category\/jucarii-plus\/\"><img loading=\"lazy\" decoding=\"async\" class=\"alignnone size-full wp-image-1636\" src=\"https:\/\/florisicadouri.ro\/wp-content\/uploads\/2016\/11\/th-150x150-1.jpg\" alt=\"\" width=\"150\" height=\"150\" srcset=\"https:\/\/florisicadouri.ro\/wp-content\/uploads\/2016\/11\/th-150x150-1.jpg 150w, https:\/\/florisicadouri.ro\/wp-content\/uploads\/2016\/11\/th-150x150-1-80x80.jpg 80w, https:\/\/florisicadouri.ro\/wp-content\/uploads\/2016\/11\/th-150x150-1-100x100.jpg 100w, https:\/\/florisicadouri.ro\/wp-content\/uploads\/2016\/11\/th-150x150-1-96x96.jpg 96w\" sizes=\"auto, (max-width: 150px) 100vw, 150px\" \/><\/a><a href=\"https:\/\/florisicadouri.ro\/index.php\/product-category\/ceai\/\"><img loading=\"lazy\" decoding=\"async\" class=\"alignnone wp-image-1648 size-full\" src=\"https:\/\/florisicadouri.ro\/wp-content\/uploads\/2024\/11\/file-copy.jpg\" alt=\"\" width=\"88\" height=\"150\" \/><\/a><br \/>\nSetul con\u021bine:<br \/>\nCan\u0103 decorativ\u0103 cu aranjament floral \u00een nuan\u021be pastel<br \/>\nLum\u00e2nare parfumat\u0103 cu design elegant<br \/>\nCeai Lovar\u00e9 Rooibos Honey &#038; Lemongrass<br \/>\nIdeal pentru:<br \/>\nCadouri elegante<br \/>\nMomente de relaxare acas\u0103<br \/>\nSurprize pentru persoanele dragi<br \/>\nDescriere meta (SEO)<br \/>\nSet cadou elegant cu can\u0103 floral\u0103, lum\u00e2nare parfumat\u0103 \u0219i ceai Lovar\u00e9 Rooibos Honey &#038; Lemongrass \u2013 perfect pentru relaxare sau un cadou rafinat. \ud83c\udf38<br \/>\nNot\u0103: Florile pot diferi fa\u021b\u0103 de imaginea prezentat\u0103, \u00een func\u021bie de stocul disponibil.<br \/>\nAranjamentul poate fi realizat \u0219i cu alte tipuri de flori \u0219i accesorii.<br \/>\nSpecifica\u021bi modific\u0103rile dorite \u00een nota de comand\u0103.<br \/>\n\u00cengrijire: A\u0219eza\u021bi florile departe de surse de c\u0103ldur\u0103 sau expunerea direct\u0103 la soare.<br \/>\nRecomand\u0103m verificarea telefonic\u0103 a disponibilit\u0103\u021bii produsului \u00eenainte de finalizarea comenzii.<br \/>\nAcest produs nu este destinat consumului uman, este perisabil, nu se poate returna.<\/p>\n","protected":false},"featured_media":4230,"template":"","meta":[],"product_brand":[],"product_cat":[93],"product_tag":[],"class_list":{"0":"post-3408","1":"product","2":"type-product","3":"status-publish","4":"has-post-thumbnail","6":"product_cat-pentru-ea","8":"first","9":"instock","10":"shipping-taxable","11":"purchasable","12":"product-type-simple"},"yoast_head":"<!-- This site is optimized with the Yoast SEO plugin v27.4 - https:\/\/yoast.com\/product\/yoast-seo-wordpress\/ -->\n<title>PACHET CADOU \u201dTEA AND FLOWERS\u201d - Flori si Cadouri<\/title>\n<meta name=\"description\" content=\"Pachet cadou \u201eTea &amp; Flowers\u201d cu ceai premium Lovar\u00e9, lum\u00e2nare parfumat\u0103 \u0219i aranjament floral delicat \u2013 alegerea perfect\u0103 pentru un cadou elegant.\" \/>\n<meta name=\"robots\" content=\"index, follow, max-snippet:-1, max-image-preview:large, max-video-preview:-1\" \/>\n<link rel=\"canonical\" href=\"https:\/\/florisicadouri.ro\/en\/product\/3408\/\" \/>\n<meta property=\"og:locale\" content=\"en_US\" \/>\n<meta property=\"og:type\" content=\"article\" \/>\n<meta property=\"og:title\" content=\"PACHET CADOU \u201dTEA AND FLOWERS\u201d - Flori si Cadouri\" \/>\n<meta property=\"og:description\" content=\"Pachet cadou \u201eTea &amp; Flowers\u201d cu ceai premium Lovar\u00e9, lum\u00e2nare parfumat\u0103 \u0219i aranjament floral delicat \u2013 alegerea perfect\u0103 pentru un cadou elegant.\" \/>\n<meta property=\"og:url\" content=\"https:\/\/florisicadouri.ro\/en\/product\/3408\/\" \/>\n<meta property=\"og:site_name\" content=\"Flori si Cadouri\" \/>\n<meta property=\"article:modified_time\" content=\"2026-03-24T07:08:23+00:00\" \/>\n<meta property=\"og:image\" content=\"https:\/\/florisicadouri.ro\/wp-content\/uploads\/2025\/08\/PACHET-CADOU-TEA-AND-FLOWERS.webp\" \/>\n\t<meta property=\"og:image:width\" content=\"1024\" \/>\n\t<meta property=\"og:image:height\" content=\"1024\" \/>\n\t<meta property=\"og:image:type\" content=\"image\/webp\" \/>\n<meta name=\"twitter:card\" content=\"summary_large_image\" \/>\n<meta name=\"twitter:label1\" content=\"Est. reading time\" \/>\n\t<meta name=\"twitter:data1\" content=\"1 minute\" \/>\n<script type=\"application\/ld+json\" class=\"yoast-schema-graph\">{\"@context\":\"https:\\\/\\\/schema.org\",\"@graph\":[{\"@type\":\"WebPage\",\"@id\":\"https:\\\/\\\/florisicadouri.ro\\\/en\\\/product\\\/3408\\\/\",\"url\":\"https:\\\/\\\/florisicadouri.ro\\\/en\\\/product\\\/3408\\\/\",\"name\":\"PACHET CADOU \u201dTEA AND FLOWERS\u201d - Flori si Cadouri\",\"isPartOf\":{\"@id\":\"https:\\\/\\\/florisicadouri.ro\\\/en\\\/#website\"},\"primaryImageOfPage\":{\"@id\":\"https:\\\/\\\/florisicadouri.ro\\\/en\\\/product\\\/3408\\\/#primaryimage\"},\"image\":{\"@id\":\"https:\\\/\\\/florisicadouri.ro\\\/en\\\/product\\\/3408\\\/#primaryimage\"},\"thumbnailUrl\":\"https:\\\/\\\/florisicadouri.ro\\\/wp-content\\\/uploads\\\/2025\\\/08\\\/PACHET-CADOU-TEA-AND-FLOWERS.webp\",\"datePublished\":\"2026-03-20T09:57:12+00:00\",\"dateModified\":\"2026-03-24T07:08:23+00:00\",\"description\":\"Pachet cadou \u201eTea & Flowers\u201d cu ceai premium Lovar\u00e9, lum\u00e2nare parfumat\u0103 \u0219i aranjament floral delicat \u2013 alegerea perfect\u0103 pentru un cadou elegant.\",\"breadcrumb\":{\"@id\":\"https:\\\/\\\/florisicadouri.ro\\\/en\\\/product\\\/3408\\\/#breadcrumb\"},\"inLanguage\":\"en-US\",\"potentialAction\":[{\"@type\":\"ReadAction\",\"target\":[\"https:\\\/\\\/florisicadouri.ro\\\/en\\\/product\\\/3408\\\/\"]}]},{\"@type\":\"ImageObject\",\"inLanguage\":\"en-US\",\"@id\":\"https:\\\/\\\/florisicadouri.ro\\\/en\\\/product\\\/3408\\\/#primaryimage\",\"url\":\"https:\\\/\\\/florisicadouri.ro\\\/wp-content\\\/uploads\\\/2025\\\/08\\\/PACHET-CADOU-TEA-AND-FLOWERS.webp\",\"contentUrl\":\"https:\\\/\\\/florisicadouri.ro\\\/wp-content\\\/uploads\\\/2025\\\/08\\\/PACHET-CADOU-TEA-AND-FLOWERS.webp\",\"width\":1024,\"height\":1024,\"caption\":\"Un cadou rafinat pentru iubitorii de ceai si flori, ideal pentru anivers\u0103ri sau momente speciale.\"},{\"@type\":\"BreadcrumbList\",\"@id\":\"https:\\\/\\\/florisicadouri.ro\\\/en\\\/product\\\/3408\\\/#breadcrumb\",\"itemListElement\":[{\"@type\":\"ListItem\",\"position\":1,\"name\":\"Prima pagin\u0103\",\"item\":\"https:\\\/\\\/florisicadouri.ro\\\/en\\\/\"},{\"@type\":\"ListItem\",\"position\":2,\"name\":\"Shop\",\"item\":\"https:\\\/\\\/florisicadouri.ro\\\/en\\\/shop\\\/\"},{\"@type\":\"ListItem\",\"position\":3,\"name\":\"PACHET CADOU \u201dTEA AND FLOWERS\u201d\"}]},{\"@type\":\"WebSite\",\"@id\":\"https:\\\/\\\/florisicadouri.ro\\\/en\\\/#website\",\"url\":\"https:\\\/\\\/florisicadouri.ro\\\/en\\\/\",\"name\":\"Flori\",\"description\":\"\",\"potentialAction\":[{\"@type\":\"SearchAction\",\"target\":{\"@type\":\"EntryPoint\",\"urlTemplate\":\"https:\\\/\\\/florisicadouri.ro\\\/en\\\/?s={search_term_string}\"},\"query-input\":{\"@type\":\"PropertyValueSpecification\",\"valueRequired\":true,\"valueName\":\"search_term_string\"}}],\"inLanguage\":\"en-US\"}]}<\/script>\n<!-- \/ Yoast SEO plugin. -->","yoast_head_json":{"title":"PACHET CADOU \u201dTEA AND FLOWERS\u201d - Flori si Cadouri","description":"Pachet cadou \u201eTea & Flowers\u201d cu ceai premium Lovar\u00e9, lum\u00e2nare parfumat\u0103 \u0219i aranjament floral delicat \u2013 alegerea perfect\u0103 pentru un cadou elegant.","robots":{"index":"index","follow":"follow","max-snippet":"max-snippet:-1","max-image-preview":"max-image-preview:large","max-video-preview":"max-video-preview:-1"},"canonical":"https:\/\/florisicadouri.ro\/en\/product\/3408\/","og_locale":"en_US","og_type":"article","og_title":"PACHET CADOU \u201dTEA AND FLOWERS\u201d - Flori si Cadouri","og_description":"Pachet cadou \u201eTea & Flowers\u201d cu ceai premium Lovar\u00e9, lum\u00e2nare parfumat\u0103 \u0219i aranjament floral delicat \u2013 alegerea perfect\u0103 pentru un cadou elegant.","og_url":"https:\/\/florisicadouri.ro\/en\/product\/3408\/","og_site_name":"Flori si Cadouri","article_modified_time":"2026-03-24T07:08:23+00:00","og_image":[{"width":1024,"height":1024,"url":"https:\/\/florisicadouri.ro\/wp-content\/uploads\/2025\/08\/PACHET-CADOU-TEA-AND-FLOWERS.webp","type":"image\/webp"}],"twitter_card":"summary_large_image","twitter_misc":{"Est. reading time":"1 minute"},"schema":{"@context":"https:\/\/schema.org","@graph":[{"@type":"WebPage","@id":"https:\/\/florisicadouri.ro\/en\/product\/3408\/","url":"https:\/\/florisicadouri.ro\/en\/product\/3408\/","name":"PACHET CADOU \u201dTEA AND FLOWERS\u201d - Flori si Cadouri","isPartOf":{"@id":"https:\/\/florisicadouri.ro\/en\/#website"},"primaryImageOfPage":{"@id":"https:\/\/florisicadouri.ro\/en\/product\/3408\/#primaryimage"},"image":{"@id":"https:\/\/florisicadouri.ro\/en\/product\/3408\/#primaryimage"},"thumbnailUrl":"https:\/\/florisicadouri.ro\/wp-content\/uploads\/2025\/08\/PACHET-CADOU-TEA-AND-FLOWERS.webp","datePublished":"2026-03-20T09:57:12+00:00","dateModified":"2026-03-24T07:08:23+00:00","description":"Pachet cadou \u201eTea & Flowers\u201d cu ceai premium Lovar\u00e9, lum\u00e2nare parfumat\u0103 \u0219i aranjament floral delicat \u2013 alegerea perfect\u0103 pentru un cadou elegant.","breadcrumb":{"@id":"https:\/\/florisicadouri.ro\/en\/product\/3408\/#breadcrumb"},"inLanguage":"en-US","potentialAction":[{"@type":"ReadAction","target":["https:\/\/florisicadouri.ro\/en\/product\/3408\/"]}]},{"@type":"ImageObject","inLanguage":"en-US","@id":"https:\/\/florisicadouri.ro\/en\/product\/3408\/#primaryimage","url":"https:\/\/florisicadouri.ro\/wp-content\/uploads\/2025\/08\/PACHET-CADOU-TEA-AND-FLOWERS.webp","contentUrl":"https:\/\/florisicadouri.ro\/wp-content\/uploads\/2025\/08\/PACHET-CADOU-TEA-AND-FLOWERS.webp","width":1024,"height":1024,"caption":"Un cadou rafinat pentru iubitorii de ceai si flori, ideal pentru anivers\u0103ri sau momente speciale."},{"@type":"BreadcrumbList","@id":"https:\/\/florisicadouri.ro\/en\/product\/3408\/#breadcrumb","itemListElement":[{"@type":"ListItem","position":1,"name":"Prima pagin\u0103","item":"https:\/\/florisicadouri.ro\/en\/"},{"@type":"ListItem","position":2,"name":"Shop","item":"https:\/\/florisicadouri.ro\/en\/shop\/"},{"@type":"ListItem","position":3,"name":"PACHET CADOU \u201dTEA AND FLOWERS\u201d"}]},{"@type":"WebSite","@id":"https:\/\/florisicadouri.ro\/en\/#website","url":"https:\/\/florisicadouri.ro\/en\/","name":"Flori","description":"","potentialAction":[{"@type":"SearchAction","target":{"@type":"EntryPoint","urlTemplate":"https:\/\/florisicadouri.ro\/en\/?s={search_term_string}"},"query-input":{"@type":"PropertyValueSpecification","valueRequired":true,"valueName":"search_term_string"}}],"inLanguage":"en-US"}]}},"_links":{"self":[{"href":"https:\/\/florisicadouri.ro\/en\/wp-json\/wp\/v2\/product\/3408","targetHints":{"allow":["GET"]}}],"collection":[{"href":"https:\/\/florisicadouri.ro\/en\/wp-json\/wp\/v2\/product"}],"about":[{"href":"https:\/\/florisicadouri.ro\/en\/wp-json\/wp\/v2\/types\/product"}],"wp:featuredmedia":[{"embeddable":true,"href":"https:\/\/florisicadouri.ro\/en\/wp-json\/wp\/v2\/media\/4230"}],"wp:attachment":[{"href":"https:\/\/florisicadouri.ro\/en\/wp-json\/wp\/v2\/media?parent=3408"}],"wp:term":[{"taxonomy":"product_brand","embeddable":true,"href":"https:\/\/florisicadouri.ro\/en\/wp-json\/wp\/v2\/product_brand?post=3408"},{"taxonomy":"product_cat","embeddable":true,"href":"https:\/\/florisicadouri.ro\/en\/wp-json\/wp\/v2\/product_cat?post=3408"},{"taxonomy":"product_tag","embeddable":true,"href":"https:\/\/florisicadouri.ro\/en\/wp-json\/wp\/v2\/product_tag?post=3408"}],"curies":[{"name":"wp","href":"https:\/\/api.w.org\/{rel}","templated":true}]}}