{"id":3491,"date":"2025-09-26T11:56:36","date_gmt":"2025-09-26T09:56:36","guid":{"rendered":"https:\/\/florisicadouri.ro\/?post_type=product&#038;p=3491"},"modified":"2026-02-24T10:41:49","modified_gmt":"2026-02-24T08:41:49","slug":"aranjament-cufarul-cu-flori","status":"publish","type":"product","link":"https:\/\/florisicadouri.ro\/en\/product\/aranjament-cufarul-cu-flori\/","title":{"rendered":"ARANJAMENT FLORAL \u201dCUF\u0102RUL CU FLORI\u201d"},"content":{"rendered":"","protected":false},"excerpt":{"rendered":"<p><strong>Acest produs se livreaz\u0103 doar pe raza municipiului Cluj Napoca.<\/strong><br \/>\nAcest aranjament floral elegant \u00een cuf\u0103r este o combina\u021bie armonioas\u0103 de flori delicate \u0219i texturi naturale, creat pentru a transmite rafinament \u0219i prospe\u021bime. Aranjamentul \u00eembin\u0103 flori pastelate, fine \u0219i accente bogate de verdea\u021b\u0103 natural\u0103, precum \u0219i o ram\u0103 foto deosebit\u0103, pentru a oferi o surpriz\u0103 nea\u0219teptat\u0103 destinatarului.<\/p>\n<p>Designul s\u0103u este ideal pentru decorarea unui living, birou sau spa\u021biu de primire, dar \u0219i ca dar special pentru anivers\u0103ri, onomastici, evenimente elegante sau momente de apreciere. Co\u0219ul confer\u0103 stabilitate \u0219i un aer natural, transform\u00e2nd aranjamentul \u00eentr-o pies\u0103 decorativ\u0103 complet\u0103, u\u0219or de integrat \u00een orice ambient.<\/p>\n<p>Fiecare aranjament este realizat manual, iar florile pot varia u\u0219or \u00een func\u021bie de disponibilitatea sezonier\u0103, p\u0103str\u00e2nd \u00eens\u0103 cromatica \u0219i stilul prezentat.<br \/>\n<strong>Completeaz\u0103 cadoul t\u0103u cu:<\/strong><br \/>\n<a href=\"https:\/\/florisicadouri.ro\/index.php\/product-category\/ciocolata\/\"><img loading=\"lazy\" decoding=\"async\" class=\"alignnone wp-image-1633 size-full\" src=\"https:\/\/florisicadouri.ro\/wp-content\/uploads\/2016\/11\/9025711112222-150x150-1.jpg\" alt=\"\" width=\"164\" height=\"150\" \/><\/a> <a href=\"https:\/\/florisicadouri.ro\/index.php\/product-category\/vinuri\/\"><img loading=\"lazy\" decoding=\"async\" class=\"alignnone size-full wp-image-1637\" src=\"https:\/\/florisicadouri.ro\/wp-content\/uploads\/2016\/11\/aurelia-visinescu-karakter-rose-1.jpg\" alt=\"\" width=\"84\" height=\"150\" \/><\/a><a href=\"https:\/\/florisicadouri.ro\/index.php\/product-category\/jucarii-plus\/\"><img loading=\"lazy\" decoding=\"async\" class=\"alignnone size-full wp-image-1636\" src=\"https:\/\/florisicadouri.ro\/wp-content\/uploads\/2016\/11\/th-150x150-1.jpg\" alt=\"\" width=\"150\" height=\"150\" srcset=\"https:\/\/florisicadouri.ro\/wp-content\/uploads\/2016\/11\/th-150x150-1.jpg 150w, https:\/\/florisicadouri.ro\/wp-content\/uploads\/2016\/11\/th-150x150-1-80x80.jpg 80w, https:\/\/florisicadouri.ro\/wp-content\/uploads\/2016\/11\/th-150x150-1-100x100.jpg 100w, https:\/\/florisicadouri.ro\/wp-content\/uploads\/2016\/11\/th-150x150-1-96x96.jpg 96w\" sizes=\"auto, (max-width: 150px) 100vw, 150px\" \/><\/a><a href=\"https:\/\/florisicadouri.ro\/index.php\/product-category\/ceai\/\"><img loading=\"lazy\" decoding=\"async\" class=\"alignnone wp-image-1648 size-full\" src=\"https:\/\/florisicadouri.ro\/wp-content\/uploads\/2024\/11\/file-copy.jpg\" alt=\"\" width=\"88\" height=\"150\" \/><\/a><\/p>\n<p>Not\u0103: Culoarea cutiei \u0219i a florilor poate varia fa\u021b\u0103 de imaginea prezentat\u0103, \u00een func\u021bie de stocul disponibil.<br \/>\nAranjamentul poate fi realizat \u0219i cu alte tipuri de flori \u0219i accesorii.<br \/>\nSpecifica\u021bi modific\u0103rile dorite \u00een nota de comand\u0103.<br \/>\nAceste produse nu sunt destinate consumului uman. Aceste produse sunt perisabile \u0219i nu se pot returna.<br \/>\n\u00cengrijire: A\u0219eza\u021bi florile departe de surse de c\u0103ldur\u0103 sau expunerea direct\u0103 la soare.<br \/>\nSe recomand\u0103 p\u0103strarea plantelor la o temperatur\u0103 de 18-20 \u00b0C.<br \/>\nRecomand\u0103m verificarea telefonic\u0103 a disponibilit\u0103\u021bii produsului \u00eenainte de finalizarea comenzii.<\/p>\n","protected":false},"featured_media":4020,"template":"","meta":[],"product_brand":[],"product_cat":[15],"product_tag":[],"class_list":{"0":"post-3491","1":"product","2":"type-product","3":"status-publish","4":"has-post-thumbnail","6":"product_cat-uncategorized","8":"first","9":"outofstock","10":"shipping-taxable","11":"purchasable","12":"product-type-simple"},"yoast_head":"<!-- This site is optimized with the Yoast SEO plugin v27.4 - https:\/\/yoast.com\/product\/yoast-seo-wordpress\/ -->\n<title>ARANJAMENT FLORAL \u201dCUF\u0102RUL CU FLORI\u201d - Flori si Cadouri<\/title>\n<meta name=\"description\" content=\"Aranjament Floral Elegant \u00een cutie tip cufar, cu flori pastelate si o rama foto eleganta. Aranjamentul e un cadou deosebit pentru ocazii speciale\" \/>\n<meta name=\"robots\" content=\"index, follow, max-snippet:-1, max-image-preview:large, max-video-preview:-1\" \/>\n<link rel=\"canonical\" href=\"https:\/\/florisicadouri.ro\/en\/product\/aranjament-cufarul-cu-flori\/\" \/>\n<meta property=\"og:locale\" content=\"en_US\" \/>\n<meta property=\"og:type\" content=\"article\" \/>\n<meta property=\"og:title\" content=\"ARANJAMENT FLORAL \u201dCUF\u0102RUL CU FLORI\u201d - Flori si Cadouri\" \/>\n<meta property=\"og:description\" content=\"Aranjament Floral Elegant \u00een cutie tip cufar, cu flori pastelate si o rama foto eleganta. Aranjamentul e un cadou deosebit pentru ocazii speciale\" \/>\n<meta property=\"og:url\" content=\"https:\/\/florisicadouri.ro\/en\/product\/aranjament-cufarul-cu-flori\/\" \/>\n<meta property=\"og:site_name\" content=\"Flori si Cadouri\" \/>\n<meta property=\"article:modified_time\" content=\"2026-02-24T08:41:49+00:00\" \/>\n<meta property=\"og:image\" content=\"https:\/\/florisicadouri.ro\/wp-content\/uploads\/2025\/09\/ARANJAMENT-FLORAL-CUFARUL-CU-FLORI.webp\" \/>\n\t<meta property=\"og:image:width\" content=\"1024\" \/>\n\t<meta property=\"og:image:height\" content=\"1024\" \/>\n\t<meta property=\"og:image:type\" content=\"image\/webp\" \/>\n<meta name=\"twitter:card\" content=\"summary_large_image\" \/>\n<meta name=\"twitter:label1\" content=\"Est. reading time\" \/>\n\t<meta name=\"twitter:data1\" content=\"1 minute\" \/>\n<script type=\"application\/ld+json\" class=\"yoast-schema-graph\">{\"@context\":\"https:\\\/\\\/schema.org\",\"@graph\":[{\"@type\":\"WebPage\",\"@id\":\"https:\\\/\\\/florisicadouri.ro\\\/en\\\/product\\\/aranjament-cufarul-cu-flori\\\/\",\"url\":\"https:\\\/\\\/florisicadouri.ro\\\/en\\\/product\\\/aranjament-cufarul-cu-flori\\\/\",\"name\":\"ARANJAMENT FLORAL \u201dCUF\u0102RUL CU FLORI\u201d - Flori si Cadouri\",\"isPartOf\":{\"@id\":\"https:\\\/\\\/florisicadouri.ro\\\/en\\\/#website\"},\"primaryImageOfPage\":{\"@id\":\"https:\\\/\\\/florisicadouri.ro\\\/en\\\/product\\\/aranjament-cufarul-cu-flori\\\/#primaryimage\"},\"image\":{\"@id\":\"https:\\\/\\\/florisicadouri.ro\\\/en\\\/product\\\/aranjament-cufarul-cu-flori\\\/#primaryimage\"},\"thumbnailUrl\":\"https:\\\/\\\/florisicadouri.ro\\\/wp-content\\\/uploads\\\/2025\\\/09\\\/ARANJAMENT-FLORAL-CUFARUL-CU-FLORI.webp\",\"datePublished\":\"2025-09-26T09:56:36+00:00\",\"dateModified\":\"2026-02-24T08:41:49+00:00\",\"description\":\"Aranjament Floral Elegant \u00een cutie tip cufar, cu flori pastelate si o rama foto eleganta. Aranjamentul e un cadou deosebit pentru ocazii speciale\",\"breadcrumb\":{\"@id\":\"https:\\\/\\\/florisicadouri.ro\\\/en\\\/product\\\/aranjament-cufarul-cu-flori\\\/#breadcrumb\"},\"inLanguage\":\"en-US\",\"potentialAction\":[{\"@type\":\"ReadAction\",\"target\":[\"https:\\\/\\\/florisicadouri.ro\\\/en\\\/product\\\/aranjament-cufarul-cu-flori\\\/\"]}]},{\"@type\":\"ImageObject\",\"inLanguage\":\"en-US\",\"@id\":\"https:\\\/\\\/florisicadouri.ro\\\/en\\\/product\\\/aranjament-cufarul-cu-flori\\\/#primaryimage\",\"url\":\"https:\\\/\\\/florisicadouri.ro\\\/wp-content\\\/uploads\\\/2025\\\/09\\\/ARANJAMENT-FLORAL-CUFARUL-CU-FLORI.webp\",\"contentUrl\":\"https:\\\/\\\/florisicadouri.ro\\\/wp-content\\\/uploads\\\/2025\\\/09\\\/ARANJAMENT-FLORAL-CUFARUL-CU-FLORI.webp\",\"width\":1024,\"height\":1024},{\"@type\":\"BreadcrumbList\",\"@id\":\"https:\\\/\\\/florisicadouri.ro\\\/en\\\/product\\\/aranjament-cufarul-cu-flori\\\/#breadcrumb\",\"itemListElement\":[{\"@type\":\"ListItem\",\"position\":1,\"name\":\"Prima pagin\u0103\",\"item\":\"https:\\\/\\\/florisicadouri.ro\\\/en\\\/\"},{\"@type\":\"ListItem\",\"position\":2,\"name\":\"Shop\",\"item\":\"https:\\\/\\\/florisicadouri.ro\\\/en\\\/shop\\\/\"},{\"@type\":\"ListItem\",\"position\":3,\"name\":\"ARANJAMENT FLORAL \u201dCUF\u0102RUL CU FLORI\u201d\"}]},{\"@type\":\"WebSite\",\"@id\":\"https:\\\/\\\/florisicadouri.ro\\\/en\\\/#website\",\"url\":\"https:\\\/\\\/florisicadouri.ro\\\/en\\\/\",\"name\":\"Flori\",\"description\":\"\",\"potentialAction\":[{\"@type\":\"SearchAction\",\"target\":{\"@type\":\"EntryPoint\",\"urlTemplate\":\"https:\\\/\\\/florisicadouri.ro\\\/en\\\/?s={search_term_string}\"},\"query-input\":{\"@type\":\"PropertyValueSpecification\",\"valueRequired\":true,\"valueName\":\"search_term_string\"}}],\"inLanguage\":\"en-US\"}]}<\/script>\n<!-- \/ Yoast SEO plugin. -->","yoast_head_json":{"title":"ARANJAMENT FLORAL \u201dCUF\u0102RUL CU FLORI\u201d - Flori si Cadouri","description":"Aranjament Floral Elegant \u00een cutie tip cufar, cu flori pastelate si o rama foto eleganta. Aranjamentul e un cadou deosebit pentru ocazii speciale","robots":{"index":"index","follow":"follow","max-snippet":"max-snippet:-1","max-image-preview":"max-image-preview:large","max-video-preview":"max-video-preview:-1"},"canonical":"https:\/\/florisicadouri.ro\/en\/product\/aranjament-cufarul-cu-flori\/","og_locale":"en_US","og_type":"article","og_title":"ARANJAMENT FLORAL \u201dCUF\u0102RUL CU FLORI\u201d - Flori si Cadouri","og_description":"Aranjament Floral Elegant \u00een cutie tip cufar, cu flori pastelate si o rama foto eleganta. Aranjamentul e un cadou deosebit pentru ocazii speciale","og_url":"https:\/\/florisicadouri.ro\/en\/product\/aranjament-cufarul-cu-flori\/","og_site_name":"Flori si Cadouri","article_modified_time":"2026-02-24T08:41:49+00:00","og_image":[{"width":1024,"height":1024,"url":"https:\/\/florisicadouri.ro\/wp-content\/uploads\/2025\/09\/ARANJAMENT-FLORAL-CUFARUL-CU-FLORI.webp","type":"image\/webp"}],"twitter_card":"summary_large_image","twitter_misc":{"Est. reading time":"1 minute"},"schema":{"@context":"https:\/\/schema.org","@graph":[{"@type":"WebPage","@id":"https:\/\/florisicadouri.ro\/en\/product\/aranjament-cufarul-cu-flori\/","url":"https:\/\/florisicadouri.ro\/en\/product\/aranjament-cufarul-cu-flori\/","name":"ARANJAMENT FLORAL \u201dCUF\u0102RUL CU FLORI\u201d - Flori si Cadouri","isPartOf":{"@id":"https:\/\/florisicadouri.ro\/en\/#website"},"primaryImageOfPage":{"@id":"https:\/\/florisicadouri.ro\/en\/product\/aranjament-cufarul-cu-flori\/#primaryimage"},"image":{"@id":"https:\/\/florisicadouri.ro\/en\/product\/aranjament-cufarul-cu-flori\/#primaryimage"},"thumbnailUrl":"https:\/\/florisicadouri.ro\/wp-content\/uploads\/2025\/09\/ARANJAMENT-FLORAL-CUFARUL-CU-FLORI.webp","datePublished":"2025-09-26T09:56:36+00:00","dateModified":"2026-02-24T08:41:49+00:00","description":"Aranjament Floral Elegant \u00een cutie tip cufar, cu flori pastelate si o rama foto eleganta. Aranjamentul e un cadou deosebit pentru ocazii speciale","breadcrumb":{"@id":"https:\/\/florisicadouri.ro\/en\/product\/aranjament-cufarul-cu-flori\/#breadcrumb"},"inLanguage":"en-US","potentialAction":[{"@type":"ReadAction","target":["https:\/\/florisicadouri.ro\/en\/product\/aranjament-cufarul-cu-flori\/"]}]},{"@type":"ImageObject","inLanguage":"en-US","@id":"https:\/\/florisicadouri.ro\/en\/product\/aranjament-cufarul-cu-flori\/#primaryimage","url":"https:\/\/florisicadouri.ro\/wp-content\/uploads\/2025\/09\/ARANJAMENT-FLORAL-CUFARUL-CU-FLORI.webp","contentUrl":"https:\/\/florisicadouri.ro\/wp-content\/uploads\/2025\/09\/ARANJAMENT-FLORAL-CUFARUL-CU-FLORI.webp","width":1024,"height":1024},{"@type":"BreadcrumbList","@id":"https:\/\/florisicadouri.ro\/en\/product\/aranjament-cufarul-cu-flori\/#breadcrumb","itemListElement":[{"@type":"ListItem","position":1,"name":"Prima pagin\u0103","item":"https:\/\/florisicadouri.ro\/en\/"},{"@type":"ListItem","position":2,"name":"Shop","item":"https:\/\/florisicadouri.ro\/en\/shop\/"},{"@type":"ListItem","position":3,"name":"ARANJAMENT FLORAL \u201dCUF\u0102RUL CU FLORI\u201d"}]},{"@type":"WebSite","@id":"https:\/\/florisicadouri.ro\/en\/#website","url":"https:\/\/florisicadouri.ro\/en\/","name":"Flori","description":"","potentialAction":[{"@type":"SearchAction","target":{"@type":"EntryPoint","urlTemplate":"https:\/\/florisicadouri.ro\/en\/?s={search_term_string}"},"query-input":{"@type":"PropertyValueSpecification","valueRequired":true,"valueName":"search_term_string"}}],"inLanguage":"en-US"}]}},"_links":{"self":[{"href":"https:\/\/florisicadouri.ro\/en\/wp-json\/wp\/v2\/product\/3491","targetHints":{"allow":["GET"]}}],"collection":[{"href":"https:\/\/florisicadouri.ro\/en\/wp-json\/wp\/v2\/product"}],"about":[{"href":"https:\/\/florisicadouri.ro\/en\/wp-json\/wp\/v2\/types\/product"}],"wp:featuredmedia":[{"embeddable":true,"href":"https:\/\/florisicadouri.ro\/en\/wp-json\/wp\/v2\/media\/4020"}],"wp:attachment":[{"href":"https:\/\/florisicadouri.ro\/en\/wp-json\/wp\/v2\/media?parent=3491"}],"wp:term":[{"taxonomy":"product_brand","embeddable":true,"href":"https:\/\/florisicadouri.ro\/en\/wp-json\/wp\/v2\/product_brand?post=3491"},{"taxonomy":"product_cat","embeddable":true,"href":"https:\/\/florisicadouri.ro\/en\/wp-json\/wp\/v2\/product_cat?post=3491"},{"taxonomy":"product_tag","embeddable":true,"href":"https:\/\/florisicadouri.ro\/en\/wp-json\/wp\/v2\/product_tag?post=3491"}],"curies":[{"name":"wp","href":"https:\/\/api.w.org\/{rel}","templated":true}]}}