{"id":3525,"date":"2025-10-13T12:03:29","date_gmt":"2025-10-13T10:03:29","guid":{"rendered":"https:\/\/florisicadouri.ro\/?post_type=product&#038;p=3525"},"modified":"2025-10-29T18:09:04","modified_gmt":"2025-10-29T16:09:04","slug":"coronita-funerara-white-calla-lilies","status":"publish","type":"product","link":"https:\/\/florisicadouri.ro\/en\/product\/coronita-funerara-white-calla-lilies\/","title":{"rendered":"CORONI\u021a\u0102 FUNERAR\u0102 \u201dWhite calla lilies\u201d"},"content":{"rendered":"","protected":false},"excerpt":{"rendered":"<p>Coronita funerar\u0103 L23x H25 cm \u2013 Aranjamentul permanent este realizat pe o coroni\u021b\u0103 din mu\u0219chi natural, cu flori si verdea\u021b\u0103 artificiale.<\/p>\n<p>Este o decora\u021biune potrivit\u0103 at\u00e2t pentru \u00eenmorm\u00e2ntare, c\u00e2t \u0219i pentru S\u0103rb\u0103toarea Lumina\u021biei\/1 Noiembrie.<br \/>\nSe poate ata\u0219a mesaj pe panglic\u0103 funerar\u0103.<br \/>\nSpecifica\u021bi modific\u0103rile dorite \u00een nota de comand\u0103 sau telefonic.<br \/>\nCuloarea accesoriilor poate varia fa\u021b\u0103 de imaginea prezentat\u0103.<br \/>\nRecomand\u0103m verificarea telefonic\u0103 a disponibilit\u0103\u021bii produsului \u00eenainte de finalizarea comenzii.<\/p>\n","protected":false},"featured_media":3526,"template":"","meta":[],"product_brand":[],"product_cat":[107,105],"product_tag":[],"class_list":{"0":"post-3525","1":"product","2":"type-product","3":"status-publish","4":"has-post-thumbnail","6":"product_cat-aranjamente-coroana","7":"product_cat-aranjamente-funerare-speciale","9":"first","10":"instock","11":"shipping-taxable","12":"purchasable","13":"product-type-simple"},"yoast_head":"<!-- This site is optimized with the Yoast SEO plugin v27.4 - https:\/\/yoast.com\/product\/yoast-seo-wordpress\/ -->\n<title>CORONI\u021a\u0102 FUNERAR\u0102 \u201dWhite calla lilies\u201d<\/title>\n<meta name=\"description\" content=\"CORONI\u021a\u0102 FUNERAR\u0102 \u201dWhite calla lilies\u201d produse aranjamente funerare flori inmormantare in memoriam livrare cluj coroana jerba\" \/>\n<meta name=\"robots\" content=\"index, follow, max-snippet:-1, max-image-preview:large, max-video-preview:-1\" \/>\n<link rel=\"canonical\" href=\"https:\/\/florisicadouri.ro\/en\/product\/coronita-funerara-white-calla-lilies\/\" \/>\n<meta property=\"og:locale\" content=\"en_US\" \/>\n<meta property=\"og:type\" content=\"article\" \/>\n<meta property=\"og:title\" content=\"CORONI\u021a\u0102 FUNERAR\u0102 \u201dWhite calla lilies\u201d\" \/>\n<meta property=\"og:description\" content=\"CORONI\u021a\u0102 FUNERAR\u0102 \u201dWhite calla lilies\u201d produse aranjamente funerare flori inmormantare in memoriam livrare cluj coroana jerba\" \/>\n<meta property=\"og:url\" content=\"https:\/\/florisicadouri.ro\/en\/product\/coronita-funerara-white-calla-lilies\/\" \/>\n<meta property=\"og:site_name\" content=\"Flori si Cadouri\" \/>\n<meta property=\"article:modified_time\" content=\"2025-10-29T16:09:04+00:00\" \/>\n<meta property=\"og:image\" content=\"https:\/\/florisicadouri.ro\/wp-content\/uploads\/2025\/10\/CORONITA-FUNERARA-White-calla-lilies.jpg\" \/>\n\t<meta property=\"og:image:width\" content=\"831\" \/>\n\t<meta property=\"og:image:height\" content=\"831\" \/>\n\t<meta property=\"og:image:type\" content=\"image\/jpeg\" \/>\n<meta name=\"twitter:card\" content=\"summary_large_image\" \/>\n<meta name=\"twitter:label1\" content=\"Est. reading time\" \/>\n\t<meta name=\"twitter:data1\" content=\"1 minute\" \/>\n<script type=\"application\/ld+json\" class=\"yoast-schema-graph\">{\"@context\":\"https:\\\/\\\/schema.org\",\"@graph\":[{\"@type\":\"WebPage\",\"@id\":\"https:\\\/\\\/florisicadouri.ro\\\/en\\\/product\\\/coronita-funerara-white-calla-lilies\\\/\",\"url\":\"https:\\\/\\\/florisicadouri.ro\\\/en\\\/product\\\/coronita-funerara-white-calla-lilies\\\/\",\"name\":\"CORONI\u021a\u0102 FUNERAR\u0102 \u201dWhite calla lilies\u201d\",\"isPartOf\":{\"@id\":\"https:\\\/\\\/florisicadouri.ro\\\/en\\\/#website\"},\"primaryImageOfPage\":{\"@id\":\"https:\\\/\\\/florisicadouri.ro\\\/en\\\/product\\\/coronita-funerara-white-calla-lilies\\\/#primaryimage\"},\"image\":{\"@id\":\"https:\\\/\\\/florisicadouri.ro\\\/en\\\/product\\\/coronita-funerara-white-calla-lilies\\\/#primaryimage\"},\"thumbnailUrl\":\"https:\\\/\\\/florisicadouri.ro\\\/wp-content\\\/uploads\\\/2025\\\/10\\\/CORONITA-FUNERARA-White-calla-lilies.jpg\",\"datePublished\":\"2025-10-13T10:03:29+00:00\",\"dateModified\":\"2025-10-29T16:09:04+00:00\",\"description\":\"CORONI\u021a\u0102 FUNERAR\u0102 \u201dWhite calla lilies\u201d produse aranjamente funerare flori inmormantare in memoriam livrare cluj coroana jerba\",\"breadcrumb\":{\"@id\":\"https:\\\/\\\/florisicadouri.ro\\\/en\\\/product\\\/coronita-funerara-white-calla-lilies\\\/#breadcrumb\"},\"inLanguage\":\"en-US\",\"potentialAction\":[{\"@type\":\"ReadAction\",\"target\":[\"https:\\\/\\\/florisicadouri.ro\\\/en\\\/product\\\/coronita-funerara-white-calla-lilies\\\/\"]}]},{\"@type\":\"ImageObject\",\"inLanguage\":\"en-US\",\"@id\":\"https:\\\/\\\/florisicadouri.ro\\\/en\\\/product\\\/coronita-funerara-white-calla-lilies\\\/#primaryimage\",\"url\":\"https:\\\/\\\/florisicadouri.ro\\\/wp-content\\\/uploads\\\/2025\\\/10\\\/CORONITA-FUNERARA-White-calla-lilies.jpg\",\"contentUrl\":\"https:\\\/\\\/florisicadouri.ro\\\/wp-content\\\/uploads\\\/2025\\\/10\\\/CORONITA-FUNERARA-White-calla-lilies.jpg\",\"width\":831,\"height\":831,\"caption\":\"CORONI\u021a\u0102 FUNERAR\u0102 \u201dWhite calla lilies\u201d\"},{\"@type\":\"BreadcrumbList\",\"@id\":\"https:\\\/\\\/florisicadouri.ro\\\/en\\\/product\\\/coronita-funerara-white-calla-lilies\\\/#breadcrumb\",\"itemListElement\":[{\"@type\":\"ListItem\",\"position\":1,\"name\":\"Prima pagin\u0103\",\"item\":\"https:\\\/\\\/florisicadouri.ro\\\/en\\\/\"},{\"@type\":\"ListItem\",\"position\":2,\"name\":\"Shop\",\"item\":\"https:\\\/\\\/florisicadouri.ro\\\/en\\\/shop\\\/\"},{\"@type\":\"ListItem\",\"position\":3,\"name\":\"CORONI\u021a\u0102 FUNERAR\u0102 \u201dWhite calla lilies\u201d\"}]},{\"@type\":\"WebSite\",\"@id\":\"https:\\\/\\\/florisicadouri.ro\\\/en\\\/#website\",\"url\":\"https:\\\/\\\/florisicadouri.ro\\\/en\\\/\",\"name\":\"Flori\",\"description\":\"\",\"potentialAction\":[{\"@type\":\"SearchAction\",\"target\":{\"@type\":\"EntryPoint\",\"urlTemplate\":\"https:\\\/\\\/florisicadouri.ro\\\/en\\\/?s={search_term_string}\"},\"query-input\":{\"@type\":\"PropertyValueSpecification\",\"valueRequired\":true,\"valueName\":\"search_term_string\"}}],\"inLanguage\":\"en-US\"}]}<\/script>\n<!-- \/ Yoast SEO plugin. -->","yoast_head_json":{"title":"CORONI\u021a\u0102 FUNERAR\u0102 \u201dWhite calla lilies\u201d","description":"CORONI\u021a\u0102 FUNERAR\u0102 \u201dWhite calla lilies\u201d produse aranjamente funerare flori inmormantare in memoriam livrare cluj coroana jerba","robots":{"index":"index","follow":"follow","max-snippet":"max-snippet:-1","max-image-preview":"max-image-preview:large","max-video-preview":"max-video-preview:-1"},"canonical":"https:\/\/florisicadouri.ro\/en\/product\/coronita-funerara-white-calla-lilies\/","og_locale":"en_US","og_type":"article","og_title":"CORONI\u021a\u0102 FUNERAR\u0102 \u201dWhite calla lilies\u201d","og_description":"CORONI\u021a\u0102 FUNERAR\u0102 \u201dWhite calla lilies\u201d produse aranjamente funerare flori inmormantare in memoriam livrare cluj coroana jerba","og_url":"https:\/\/florisicadouri.ro\/en\/product\/coronita-funerara-white-calla-lilies\/","og_site_name":"Flori si Cadouri","article_modified_time":"2025-10-29T16:09:04+00:00","og_image":[{"width":831,"height":831,"url":"https:\/\/florisicadouri.ro\/wp-content\/uploads\/2025\/10\/CORONITA-FUNERARA-White-calla-lilies.jpg","type":"image\/jpeg"}],"twitter_card":"summary_large_image","twitter_misc":{"Est. reading time":"1 minute"},"schema":{"@context":"https:\/\/schema.org","@graph":[{"@type":"WebPage","@id":"https:\/\/florisicadouri.ro\/en\/product\/coronita-funerara-white-calla-lilies\/","url":"https:\/\/florisicadouri.ro\/en\/product\/coronita-funerara-white-calla-lilies\/","name":"CORONI\u021a\u0102 FUNERAR\u0102 \u201dWhite calla lilies\u201d","isPartOf":{"@id":"https:\/\/florisicadouri.ro\/en\/#website"},"primaryImageOfPage":{"@id":"https:\/\/florisicadouri.ro\/en\/product\/coronita-funerara-white-calla-lilies\/#primaryimage"},"image":{"@id":"https:\/\/florisicadouri.ro\/en\/product\/coronita-funerara-white-calla-lilies\/#primaryimage"},"thumbnailUrl":"https:\/\/florisicadouri.ro\/wp-content\/uploads\/2025\/10\/CORONITA-FUNERARA-White-calla-lilies.jpg","datePublished":"2025-10-13T10:03:29+00:00","dateModified":"2025-10-29T16:09:04+00:00","description":"CORONI\u021a\u0102 FUNERAR\u0102 \u201dWhite calla lilies\u201d produse aranjamente funerare flori inmormantare in memoriam livrare cluj coroana jerba","breadcrumb":{"@id":"https:\/\/florisicadouri.ro\/en\/product\/coronita-funerara-white-calla-lilies\/#breadcrumb"},"inLanguage":"en-US","potentialAction":[{"@type":"ReadAction","target":["https:\/\/florisicadouri.ro\/en\/product\/coronita-funerara-white-calla-lilies\/"]}]},{"@type":"ImageObject","inLanguage":"en-US","@id":"https:\/\/florisicadouri.ro\/en\/product\/coronita-funerara-white-calla-lilies\/#primaryimage","url":"https:\/\/florisicadouri.ro\/wp-content\/uploads\/2025\/10\/CORONITA-FUNERARA-White-calla-lilies.jpg","contentUrl":"https:\/\/florisicadouri.ro\/wp-content\/uploads\/2025\/10\/CORONITA-FUNERARA-White-calla-lilies.jpg","width":831,"height":831,"caption":"CORONI\u021a\u0102 FUNERAR\u0102 \u201dWhite calla lilies\u201d"},{"@type":"BreadcrumbList","@id":"https:\/\/florisicadouri.ro\/en\/product\/coronita-funerara-white-calla-lilies\/#breadcrumb","itemListElement":[{"@type":"ListItem","position":1,"name":"Prima pagin\u0103","item":"https:\/\/florisicadouri.ro\/en\/"},{"@type":"ListItem","position":2,"name":"Shop","item":"https:\/\/florisicadouri.ro\/en\/shop\/"},{"@type":"ListItem","position":3,"name":"CORONI\u021a\u0102 FUNERAR\u0102 \u201dWhite calla lilies\u201d"}]},{"@type":"WebSite","@id":"https:\/\/florisicadouri.ro\/en\/#website","url":"https:\/\/florisicadouri.ro\/en\/","name":"Flori","description":"","potentialAction":[{"@type":"SearchAction","target":{"@type":"EntryPoint","urlTemplate":"https:\/\/florisicadouri.ro\/en\/?s={search_term_string}"},"query-input":{"@type":"PropertyValueSpecification","valueRequired":true,"valueName":"search_term_string"}}],"inLanguage":"en-US"}]}},"_links":{"self":[{"href":"https:\/\/florisicadouri.ro\/en\/wp-json\/wp\/v2\/product\/3525","targetHints":{"allow":["GET"]}}],"collection":[{"href":"https:\/\/florisicadouri.ro\/en\/wp-json\/wp\/v2\/product"}],"about":[{"href":"https:\/\/florisicadouri.ro\/en\/wp-json\/wp\/v2\/types\/product"}],"wp:featuredmedia":[{"embeddable":true,"href":"https:\/\/florisicadouri.ro\/en\/wp-json\/wp\/v2\/media\/3526"}],"wp:attachment":[{"href":"https:\/\/florisicadouri.ro\/en\/wp-json\/wp\/v2\/media?parent=3525"}],"wp:term":[{"taxonomy":"product_brand","embeddable":true,"href":"https:\/\/florisicadouri.ro\/en\/wp-json\/wp\/v2\/product_brand?post=3525"},{"taxonomy":"product_cat","embeddable":true,"href":"https:\/\/florisicadouri.ro\/en\/wp-json\/wp\/v2\/product_cat?post=3525"},{"taxonomy":"product_tag","embeddable":true,"href":"https:\/\/florisicadouri.ro\/en\/wp-json\/wp\/v2\/product_tag?post=3525"}],"curies":[{"name":"wp","href":"https:\/\/api.w.org\/{rel}","templated":true}]}}