{"id":4024,"date":"2026-02-03T15:57:56","date_gmt":"2026-02-03T13:57:56","guid":{"rendered":"https:\/\/florisicadouri.ro\/?post_type=product&#038;p=4024"},"modified":"2026-03-05T07:53:25","modified_gmt":"2026-03-05T05:53:25","slug":"aranjament-floral-velvet-feeling-1","status":"publish","type":"product","link":"https:\/\/florisicadouri.ro\/en\/product\/aranjament-floral-velvet-feeling-1\/","title":{"rendered":"ARANJAMENT FLORAL \u201dVELVET FEELING\u201d 1"},"content":{"rendered":"","protected":false},"excerpt":{"rendered":"<p>Acest aranjament floral roz pudrat este o expresie delicat\u0103 a rafinamentului \u0219i sensibilit\u0103\u021bii. Realizat \u00eentr-o cutie elegent\u0103 de catifea, aranjamentul \u00eembin\u0103 armonios un trandafir mov catifelat, miniroze roz pal, accente de bumbac decorativ \u0219i verdea\u021b\u0103 natural\u0103, cre\u00e2nd o compozi\u021bie echilibrat\u0103 \u0219i romantic\u0103.<br \/>\nNuan\u021bele pastelate \u0219i textura bogat\u0103 ofer\u0103 un aspect cald \u0219i sofisticat, ideal pentru decorarea unui living, dormitor sau birou. Este, totodat\u0103, un cadou inspirat pentru anivers\u0103ri, zile de na\u0219tere, evenimente speciale sau momente \u00een care vrei s\u0103 transmi\u021bi emo\u021bie \u0219i elegan\u021b\u0103, f\u0103r\u0103 a fi ostentativi.<\/p>\n<p><strong>Completeaz\u0103 cadoul t\u0103u cu:<\/strong><\/p>\n<p><a href=\"https:\/\/florisicadouri.ro\/index.php\/product-category\/ciocolata\/\"><img loading=\"lazy\" decoding=\"async\" class=\"alignnone wp-image-1633 size-full\" src=\"https:\/\/florisicadouri.ro\/wp-content\/uploads\/2016\/11\/9025711112222-150x150-1.jpg\" alt=\"\" width=\"164\" height=\"150\" \/><\/a> <a href=\"https:\/\/florisicadouri.ro\/index.php\/product-category\/vinuri\/\"><img loading=\"lazy\" decoding=\"async\" class=\"alignnone size-full wp-image-1637\" src=\"https:\/\/florisicadouri.ro\/wp-content\/uploads\/2016\/11\/aurelia-visinescu-karakter-rose-1.jpg\" alt=\"\" width=\"84\" height=\"150\" \/><\/a><a href=\"https:\/\/florisicadouri.ro\/index.php\/product-category\/jucarii-plus\/\"><img loading=\"lazy\" decoding=\"async\" class=\"alignnone size-full wp-image-1636\" src=\"https:\/\/florisicadouri.ro\/wp-content\/uploads\/2016\/11\/th-150x150-1.jpg\" alt=\"\" width=\"150\" height=\"150\" srcset=\"https:\/\/florisicadouri.ro\/wp-content\/uploads\/2016\/11\/th-150x150-1.jpg 150w, https:\/\/florisicadouri.ro\/wp-content\/uploads\/2016\/11\/th-150x150-1-80x80.jpg 80w, https:\/\/florisicadouri.ro\/wp-content\/uploads\/2016\/11\/th-150x150-1-100x100.jpg 100w, https:\/\/florisicadouri.ro\/wp-content\/uploads\/2016\/11\/th-150x150-1-96x96.jpg 96w\" sizes=\"auto, (max-width: 150px) 100vw, 150px\" \/><\/a><a href=\"https:\/\/florisicadouri.ro\/index.php\/product-category\/ceai\/\"><img loading=\"lazy\" decoding=\"async\" class=\"alignnone wp-image-1648 size-full\" src=\"https:\/\/florisicadouri.ro\/wp-content\/uploads\/2024\/11\/file-copy.jpg\" alt=\"\" width=\"88\" height=\"150\" \/><\/a><\/p>\n<p>Fiecare aranjament este realizat manual, cu aten\u021bie la detalii, iar micile varia\u021bii confer\u0103 unicitate fiec\u0103rei piese.<\/p>\n","protected":false},"featured_media":4027,"template":"","meta":[],"product_brand":[],"product_cat":[15],"product_tag":[],"class_list":{"0":"post-4024","1":"product","2":"type-product","3":"status-publish","4":"has-post-thumbnail","6":"product_cat-uncategorized","8":"first","9":"outofstock","10":"shipping-taxable","11":"purchasable","12":"product-type-simple"},"yoast_head":"<!-- This site is optimized with the Yoast SEO plugin v27.4 - https:\/\/yoast.com\/product\/yoast-seo-wordpress\/ -->\n<title>ARANJAMENT FLORAL \u201dVELVET FEELING\u201d 1 - Flori si Cadouri<\/title>\n<meta name=\"description\" content=\"Aranjament floral roz pudrat cu trandafir mov \u0219i bumbac decorativ, ideal pentru cadou elegant sau decor interior rafinat.\" \/>\n<meta name=\"robots\" content=\"index, follow, max-snippet:-1, max-image-preview:large, max-video-preview:-1\" \/>\n<link rel=\"canonical\" href=\"https:\/\/florisicadouri.ro\/en\/product\/aranjament-floral-velvet-feeling-1\/\" \/>\n<meta property=\"og:locale\" content=\"en_US\" \/>\n<meta property=\"og:type\" content=\"article\" \/>\n<meta property=\"og:title\" content=\"ARANJAMENT FLORAL \u201dVELVET FEELING\u201d 1 - Flori si Cadouri\" \/>\n<meta property=\"og:description\" content=\"Aranjament floral roz pudrat cu trandafir mov \u0219i bumbac decorativ, ideal pentru cadou elegant sau decor interior rafinat.\" \/>\n<meta property=\"og:url\" content=\"https:\/\/florisicadouri.ro\/en\/product\/aranjament-floral-velvet-feeling-1\/\" \/>\n<meta property=\"og:site_name\" content=\"Flori si Cadouri\" \/>\n<meta property=\"article:modified_time\" content=\"2026-03-05T05:53:25+00:00\" \/>\n<meta property=\"og:image\" content=\"https:\/\/florisicadouri.ro\/wp-content\/uploads\/2026\/02\/ARANJAMENT-FLORAL-VELVET-FEELING-1.webp\" \/>\n\t<meta property=\"og:image:width\" content=\"1024\" \/>\n\t<meta property=\"og:image:height\" content=\"1024\" \/>\n\t<meta property=\"og:image:type\" content=\"image\/webp\" \/>\n<meta name=\"twitter:card\" content=\"summary_large_image\" \/>\n<meta name=\"twitter:label1\" content=\"Est. reading time\" \/>\n\t<meta name=\"twitter:data1\" content=\"1 minute\" \/>\n<script type=\"application\/ld+json\" class=\"yoast-schema-graph\">{\"@context\":\"https:\\\/\\\/schema.org\",\"@graph\":[{\"@type\":\"WebPage\",\"@id\":\"https:\\\/\\\/florisicadouri.ro\\\/en\\\/product\\\/aranjament-floral-velvet-feeling-1\\\/\",\"url\":\"https:\\\/\\\/florisicadouri.ro\\\/en\\\/product\\\/aranjament-floral-velvet-feeling-1\\\/\",\"name\":\"ARANJAMENT FLORAL \u201dVELVET FEELING\u201d 1 - Flori si Cadouri\",\"isPartOf\":{\"@id\":\"https:\\\/\\\/florisicadouri.ro\\\/en\\\/#website\"},\"primaryImageOfPage\":{\"@id\":\"https:\\\/\\\/florisicadouri.ro\\\/en\\\/product\\\/aranjament-floral-velvet-feeling-1\\\/#primaryimage\"},\"image\":{\"@id\":\"https:\\\/\\\/florisicadouri.ro\\\/en\\\/product\\\/aranjament-floral-velvet-feeling-1\\\/#primaryimage\"},\"thumbnailUrl\":\"https:\\\/\\\/florisicadouri.ro\\\/wp-content\\\/uploads\\\/2026\\\/02\\\/ARANJAMENT-FLORAL-VELVET-FEELING-1.webp\",\"datePublished\":\"2026-02-03T13:57:56+00:00\",\"dateModified\":\"2026-03-05T05:53:25+00:00\",\"description\":\"Aranjament floral roz pudrat cu trandafir mov \u0219i bumbac decorativ, ideal pentru cadou elegant sau decor interior rafinat.\",\"breadcrumb\":{\"@id\":\"https:\\\/\\\/florisicadouri.ro\\\/en\\\/product\\\/aranjament-floral-velvet-feeling-1\\\/#breadcrumb\"},\"inLanguage\":\"en-US\",\"potentialAction\":[{\"@type\":\"ReadAction\",\"target\":[\"https:\\\/\\\/florisicadouri.ro\\\/en\\\/product\\\/aranjament-floral-velvet-feeling-1\\\/\"]}]},{\"@type\":\"ImageObject\",\"inLanguage\":\"en-US\",\"@id\":\"https:\\\/\\\/florisicadouri.ro\\\/en\\\/product\\\/aranjament-floral-velvet-feeling-1\\\/#primaryimage\",\"url\":\"https:\\\/\\\/florisicadouri.ro\\\/wp-content\\\/uploads\\\/2026\\\/02\\\/ARANJAMENT-FLORAL-VELVET-FEELING-1.webp\",\"contentUrl\":\"https:\\\/\\\/florisicadouri.ro\\\/wp-content\\\/uploads\\\/2026\\\/02\\\/ARANJAMENT-FLORAL-VELVET-FEELING-1.webp\",\"width\":1024,\"height\":1024},{\"@type\":\"BreadcrumbList\",\"@id\":\"https:\\\/\\\/florisicadouri.ro\\\/en\\\/product\\\/aranjament-floral-velvet-feeling-1\\\/#breadcrumb\",\"itemListElement\":[{\"@type\":\"ListItem\",\"position\":1,\"name\":\"Prima pagin\u0103\",\"item\":\"https:\\\/\\\/florisicadouri.ro\\\/en\\\/\"},{\"@type\":\"ListItem\",\"position\":2,\"name\":\"Shop\",\"item\":\"https:\\\/\\\/florisicadouri.ro\\\/en\\\/shop\\\/\"},{\"@type\":\"ListItem\",\"position\":3,\"name\":\"ARANJAMENT FLORAL \u201dVELVET FEELING\u201d 1\"}]},{\"@type\":\"WebSite\",\"@id\":\"https:\\\/\\\/florisicadouri.ro\\\/en\\\/#website\",\"url\":\"https:\\\/\\\/florisicadouri.ro\\\/en\\\/\",\"name\":\"Flori\",\"description\":\"\",\"potentialAction\":[{\"@type\":\"SearchAction\",\"target\":{\"@type\":\"EntryPoint\",\"urlTemplate\":\"https:\\\/\\\/florisicadouri.ro\\\/en\\\/?s={search_term_string}\"},\"query-input\":{\"@type\":\"PropertyValueSpecification\",\"valueRequired\":true,\"valueName\":\"search_term_string\"}}],\"inLanguage\":\"en-US\"}]}<\/script>\n<!-- \/ Yoast SEO plugin. -->","yoast_head_json":{"title":"ARANJAMENT FLORAL \u201dVELVET FEELING\u201d 1 - Flori si Cadouri","description":"Aranjament floral roz pudrat cu trandafir mov \u0219i bumbac decorativ, ideal pentru cadou elegant sau decor interior rafinat.","robots":{"index":"index","follow":"follow","max-snippet":"max-snippet:-1","max-image-preview":"max-image-preview:large","max-video-preview":"max-video-preview:-1"},"canonical":"https:\/\/florisicadouri.ro\/en\/product\/aranjament-floral-velvet-feeling-1\/","og_locale":"en_US","og_type":"article","og_title":"ARANJAMENT FLORAL \u201dVELVET FEELING\u201d 1 - Flori si Cadouri","og_description":"Aranjament floral roz pudrat cu trandafir mov \u0219i bumbac decorativ, ideal pentru cadou elegant sau decor interior rafinat.","og_url":"https:\/\/florisicadouri.ro\/en\/product\/aranjament-floral-velvet-feeling-1\/","og_site_name":"Flori si Cadouri","article_modified_time":"2026-03-05T05:53:25+00:00","og_image":[{"width":1024,"height":1024,"url":"https:\/\/florisicadouri.ro\/wp-content\/uploads\/2026\/02\/ARANJAMENT-FLORAL-VELVET-FEELING-1.webp","type":"image\/webp"}],"twitter_card":"summary_large_image","twitter_misc":{"Est. reading time":"1 minute"},"schema":{"@context":"https:\/\/schema.org","@graph":[{"@type":"WebPage","@id":"https:\/\/florisicadouri.ro\/en\/product\/aranjament-floral-velvet-feeling-1\/","url":"https:\/\/florisicadouri.ro\/en\/product\/aranjament-floral-velvet-feeling-1\/","name":"ARANJAMENT FLORAL \u201dVELVET FEELING\u201d 1 - Flori si Cadouri","isPartOf":{"@id":"https:\/\/florisicadouri.ro\/en\/#website"},"primaryImageOfPage":{"@id":"https:\/\/florisicadouri.ro\/en\/product\/aranjament-floral-velvet-feeling-1\/#primaryimage"},"image":{"@id":"https:\/\/florisicadouri.ro\/en\/product\/aranjament-floral-velvet-feeling-1\/#primaryimage"},"thumbnailUrl":"https:\/\/florisicadouri.ro\/wp-content\/uploads\/2026\/02\/ARANJAMENT-FLORAL-VELVET-FEELING-1.webp","datePublished":"2026-02-03T13:57:56+00:00","dateModified":"2026-03-05T05:53:25+00:00","description":"Aranjament floral roz pudrat cu trandafir mov \u0219i bumbac decorativ, ideal pentru cadou elegant sau decor interior rafinat.","breadcrumb":{"@id":"https:\/\/florisicadouri.ro\/en\/product\/aranjament-floral-velvet-feeling-1\/#breadcrumb"},"inLanguage":"en-US","potentialAction":[{"@type":"ReadAction","target":["https:\/\/florisicadouri.ro\/en\/product\/aranjament-floral-velvet-feeling-1\/"]}]},{"@type":"ImageObject","inLanguage":"en-US","@id":"https:\/\/florisicadouri.ro\/en\/product\/aranjament-floral-velvet-feeling-1\/#primaryimage","url":"https:\/\/florisicadouri.ro\/wp-content\/uploads\/2026\/02\/ARANJAMENT-FLORAL-VELVET-FEELING-1.webp","contentUrl":"https:\/\/florisicadouri.ro\/wp-content\/uploads\/2026\/02\/ARANJAMENT-FLORAL-VELVET-FEELING-1.webp","width":1024,"height":1024},{"@type":"BreadcrumbList","@id":"https:\/\/florisicadouri.ro\/en\/product\/aranjament-floral-velvet-feeling-1\/#breadcrumb","itemListElement":[{"@type":"ListItem","position":1,"name":"Prima pagin\u0103","item":"https:\/\/florisicadouri.ro\/en\/"},{"@type":"ListItem","position":2,"name":"Shop","item":"https:\/\/florisicadouri.ro\/en\/shop\/"},{"@type":"ListItem","position":3,"name":"ARANJAMENT FLORAL \u201dVELVET FEELING\u201d 1"}]},{"@type":"WebSite","@id":"https:\/\/florisicadouri.ro\/en\/#website","url":"https:\/\/florisicadouri.ro\/en\/","name":"Flori","description":"","potentialAction":[{"@type":"SearchAction","target":{"@type":"EntryPoint","urlTemplate":"https:\/\/florisicadouri.ro\/en\/?s={search_term_string}"},"query-input":{"@type":"PropertyValueSpecification","valueRequired":true,"valueName":"search_term_string"}}],"inLanguage":"en-US"}]}},"_links":{"self":[{"href":"https:\/\/florisicadouri.ro\/en\/wp-json\/wp\/v2\/product\/4024","targetHints":{"allow":["GET"]}}],"collection":[{"href":"https:\/\/florisicadouri.ro\/en\/wp-json\/wp\/v2\/product"}],"about":[{"href":"https:\/\/florisicadouri.ro\/en\/wp-json\/wp\/v2\/types\/product"}],"wp:featuredmedia":[{"embeddable":true,"href":"https:\/\/florisicadouri.ro\/en\/wp-json\/wp\/v2\/media\/4027"}],"wp:attachment":[{"href":"https:\/\/florisicadouri.ro\/en\/wp-json\/wp\/v2\/media?parent=4024"}],"wp:term":[{"taxonomy":"product_brand","embeddable":true,"href":"https:\/\/florisicadouri.ro\/en\/wp-json\/wp\/v2\/product_brand?post=4024"},{"taxonomy":"product_cat","embeddable":true,"href":"https:\/\/florisicadouri.ro\/en\/wp-json\/wp\/v2\/product_cat?post=4024"},{"taxonomy":"product_tag","embeddable":true,"href":"https:\/\/florisicadouri.ro\/en\/wp-json\/wp\/v2\/product_tag?post=4024"}],"curies":[{"name":"wp","href":"https:\/\/api.w.org\/{rel}","templated":true}]}}