{"id":4052,"date":"2026-02-03T21:50:21","date_gmt":"2026-02-03T19:50:21","guid":{"rendered":"https:\/\/florisicadouri.ro\/?post_type=product&#038;p=4052"},"modified":"2026-02-17T15:03:56","modified_gmt":"2026-02-17T13:03:56","slug":"aranjament-floral-poseta-in-flori-ta-roz","status":"publish","type":"product","link":"https:\/\/florisicadouri.ro\/en\/product\/aranjament-floral-poseta-in-flori-ta-roz\/","title":{"rendered":"ARANJAMENT FLORAL \u201dPO\u0218ETA IN-FLORI-T\u0102\u201d (roz)"},"content":{"rendered":"","protected":false},"excerpt":{"rendered":"<p><strong>Acest produs se livreaz\u0103 doar pe raza municipiului lui Cluj Napoca.<\/strong><br \/>\nAceast\u0103 po\u0219etu\u021b\u0103 floral\u0103 roz pastel este o expresie a rafinamentului \u0219i delicate\u021bii, creat\u0103 pentru a impresiona prin detalii fine \u0219i armonie cromatic\u0103. Aranjamentul este realizat \u00eentr-un suport decorativ tip po\u0219etu\u021b\u0103, \u00eembr\u0103cat \u00een material texturat, \u0219i este compus din trandafiri roz pal, trandafiri miniaturali, boboci fini, accente de verdea\u021b\u0103 natural\u0103 \u0219i elemente decorative atent alese.<br \/>\nCulorile pastelate \u0219i forma elegant\u0103 transform\u0103 acest aranjament \u00eentr-un cadou deosebit pentru anivers\u0103ri, zile de na\u0219tere, Ziua Mamei, Valentine\u2019s Day sau momente speciale, dar \u0219i \u00eentr-un element decorativ delicat pentru living, dormitor sau birou. Panglica fin\u0103 din organza completeaz\u0103 designul cu un plus de feminitate \u0219i stil.<\/p>\n<p><strong>Completeaz\u0103 cadoul t\u0103u cu:<\/strong><\/p>\n<p><a href=\"https:\/\/florisicadouri.ro\/index.php\/product-category\/ciocolata\/\"><img loading=\"lazy\" decoding=\"async\" class=\"alignnone wp-image-1633 size-full\" src=\"https:\/\/florisicadouri.ro\/wp-content\/uploads\/2016\/11\/9025711112222-150x150-1.jpg\" alt=\"\" width=\"164\" height=\"150\" \/><\/a> <a href=\"https:\/\/florisicadouri.ro\/index.php\/product-category\/vinuri\/\"><img loading=\"lazy\" decoding=\"async\" class=\"alignnone size-full wp-image-1637\" src=\"https:\/\/florisicadouri.ro\/wp-content\/uploads\/2016\/11\/aurelia-visinescu-karakter-rose-1.jpg\" alt=\"\" width=\"84\" height=\"150\" \/><\/a><a href=\"https:\/\/florisicadouri.ro\/index.php\/product-category\/jucarii-plus\/\"><img loading=\"lazy\" decoding=\"async\" class=\"alignnone size-full wp-image-1636\" src=\"https:\/\/florisicadouri.ro\/wp-content\/uploads\/2016\/11\/th-150x150-1.jpg\" alt=\"\" width=\"150\" height=\"150\" srcset=\"https:\/\/florisicadouri.ro\/wp-content\/uploads\/2016\/11\/th-150x150-1.jpg 150w, https:\/\/florisicadouri.ro\/wp-content\/uploads\/2016\/11\/th-150x150-1-80x80.jpg 80w, https:\/\/florisicadouri.ro\/wp-content\/uploads\/2016\/11\/th-150x150-1-100x100.jpg 100w, https:\/\/florisicadouri.ro\/wp-content\/uploads\/2016\/11\/th-150x150-1-96x96.jpg 96w\" sizes=\"auto, (max-width: 150px) 100vw, 150px\" \/><\/a><a href=\"https:\/\/florisicadouri.ro\/index.php\/product-category\/ceai\/\"><img loading=\"lazy\" decoding=\"async\" class=\"alignnone wp-image-1648 size-full\" src=\"https:\/\/florisicadouri.ro\/wp-content\/uploads\/2024\/11\/file-copy.jpg\" alt=\"\" width=\"88\" height=\"150\" \/><\/a><\/p>\n<p>Fiecare aranjament este realizat manual, iar florile pot varia u\u0219or \u00een func\u021bie de sezonalitate, p\u0103str\u00e2nd \u00eens\u0103 aspectul, cromatica \u0219i elegan\u021ba prezentate.<\/p>\n<p>Not\u0103: Florile pot diferi fa\u021b\u0103 de imaginea prezentat\u0103, \u00een func\u021bie de stocul disponibil.<br \/>\nCuloarea suportului \u0219i a florilor poate varia fa\u021b\u0103 de imaginea prezentat\u0103.<br \/>\nSpecifica\u021bi modific\u0103rile dorite \u00een nota de comand\u0103 sau telefonic.<br \/>\n\u00cengrijire: A\u0219eza\u021bi florile departe de surse de c\u0103ldur\u0103 sau expunerea direct\u0103 la soare.<br \/>\nAceste produse nu sunt destinate consumului uman, sunt perisabile, nu se pot returna \u0219i se livreaz\u0103 doar pe raza ora\u0219ului Cluj Napoca \u0219i a localit\u0103\u021bilor limitrofe.<br \/>\nRecomand\u0103m verificarea telefonic\u0103 a disponibilit\u0103\u021bii produsului \u00eenainte de finalizarea comenzii.<\/p>\n","protected":false},"featured_media":4050,"template":"","meta":[],"product_brand":[],"product_cat":[91,81],"product_tag":[],"class_list":{"0":"post-4052","1":"product","2":"type-product","3":"status-publish","4":"has-post-thumbnail","6":"product_cat-1-8-martie-flori-plante-buchete-martisoare-cadouri-lalele","7":"product_cat-aranjamente-flori-naturale","9":"first","10":"instock","11":"shipping-taxable","12":"purchasable","13":"product-type-simple"},"yoast_head":"<!-- This site is optimized with the Yoast SEO plugin v27.4 - https:\/\/yoast.com\/product\/yoast-seo-wordpress\/ -->\n<title>ARANJAMENT FLORAL \u201dPO\u0218ETA IN-FLORI-T\u0102\u201d (roz) - Flori si Cadouri<\/title>\n<meta name=\"description\" content=\"Po\u0219etu\u021b\u0103 floral\u0103 roz pastel cu trandafiri, miniroze dlicate si bumbac.Aranjament floral elegant pentru cadouri speciale \u0219i decor rafinat.\" \/>\n<meta name=\"robots\" content=\"index, follow, max-snippet:-1, max-image-preview:large, max-video-preview:-1\" \/>\n<link rel=\"canonical\" href=\"https:\/\/florisicadouri.ro\/en\/product\/aranjament-floral-poseta-in-flori-ta-roz\/\" \/>\n<meta property=\"og:locale\" content=\"en_US\" \/>\n<meta property=\"og:type\" content=\"article\" \/>\n<meta property=\"og:title\" content=\"ARANJAMENT FLORAL \u201dPO\u0218ETA IN-FLORI-T\u0102\u201d (roz) - Flori si Cadouri\" \/>\n<meta property=\"og:description\" content=\"Po\u0219etu\u021b\u0103 floral\u0103 roz pastel cu trandafiri, miniroze dlicate si bumbac.Aranjament floral elegant pentru cadouri speciale \u0219i decor rafinat.\" \/>\n<meta property=\"og:url\" content=\"https:\/\/florisicadouri.ro\/en\/product\/aranjament-floral-poseta-in-flori-ta-roz\/\" \/>\n<meta property=\"og:site_name\" content=\"Flori si Cadouri\" \/>\n<meta property=\"article:modified_time\" content=\"2026-02-17T13:03:56+00:00\" \/>\n<meta property=\"og:image\" content=\"https:\/\/florisicadouri.ro\/wp-content\/uploads\/2024\/11\/ARANJAMENT-FLORAL-POSETA-IN-FLORI-TAroz.webp\" \/>\n\t<meta property=\"og:image:width\" content=\"1024\" \/>\n\t<meta property=\"og:image:height\" content=\"1024\" \/>\n\t<meta property=\"og:image:type\" content=\"image\/webp\" \/>\n<meta name=\"twitter:card\" content=\"summary_large_image\" \/>\n<meta name=\"twitter:label1\" content=\"Est. reading time\" \/>\n\t<meta name=\"twitter:data1\" content=\"1 minute\" \/>\n<script type=\"application\/ld+json\" class=\"yoast-schema-graph\">{\"@context\":\"https:\\\/\\\/schema.org\",\"@graph\":[{\"@type\":\"WebPage\",\"@id\":\"https:\\\/\\\/florisicadouri.ro\\\/en\\\/product\\\/aranjament-floral-poseta-in-flori-ta-roz\\\/\",\"url\":\"https:\\\/\\\/florisicadouri.ro\\\/en\\\/product\\\/aranjament-floral-poseta-in-flori-ta-roz\\\/\",\"name\":\"ARANJAMENT FLORAL \u201dPO\u0218ETA IN-FLORI-T\u0102\u201d (roz) - Flori si Cadouri\",\"isPartOf\":{\"@id\":\"https:\\\/\\\/florisicadouri.ro\\\/en\\\/#website\"},\"primaryImageOfPage\":{\"@id\":\"https:\\\/\\\/florisicadouri.ro\\\/en\\\/product\\\/aranjament-floral-poseta-in-flori-ta-roz\\\/#primaryimage\"},\"image\":{\"@id\":\"https:\\\/\\\/florisicadouri.ro\\\/en\\\/product\\\/aranjament-floral-poseta-in-flori-ta-roz\\\/#primaryimage\"},\"thumbnailUrl\":\"https:\\\/\\\/florisicadouri.ro\\\/wp-content\\\/uploads\\\/2024\\\/11\\\/ARANJAMENT-FLORAL-POSETA-IN-FLORI-TAroz.webp\",\"datePublished\":\"2026-02-03T19:50:21+00:00\",\"dateModified\":\"2026-02-17T13:03:56+00:00\",\"description\":\"Po\u0219etu\u021b\u0103 floral\u0103 roz pastel cu trandafiri, miniroze dlicate si bumbac.Aranjament floral elegant pentru cadouri speciale \u0219i decor rafinat.\",\"breadcrumb\":{\"@id\":\"https:\\\/\\\/florisicadouri.ro\\\/en\\\/product\\\/aranjament-floral-poseta-in-flori-ta-roz\\\/#breadcrumb\"},\"inLanguage\":\"en-US\",\"potentialAction\":[{\"@type\":\"ReadAction\",\"target\":[\"https:\\\/\\\/florisicadouri.ro\\\/en\\\/product\\\/aranjament-floral-poseta-in-flori-ta-roz\\\/\"]}]},{\"@type\":\"ImageObject\",\"inLanguage\":\"en-US\",\"@id\":\"https:\\\/\\\/florisicadouri.ro\\\/en\\\/product\\\/aranjament-floral-poseta-in-flori-ta-roz\\\/#primaryimage\",\"url\":\"https:\\\/\\\/florisicadouri.ro\\\/wp-content\\\/uploads\\\/2024\\\/11\\\/ARANJAMENT-FLORAL-POSETA-IN-FLORI-TAroz.webp\",\"contentUrl\":\"https:\\\/\\\/florisicadouri.ro\\\/wp-content\\\/uploads\\\/2024\\\/11\\\/ARANJAMENT-FLORAL-POSETA-IN-FLORI-TAroz.webp\",\"width\":1024,\"height\":1024},{\"@type\":\"BreadcrumbList\",\"@id\":\"https:\\\/\\\/florisicadouri.ro\\\/en\\\/product\\\/aranjament-floral-poseta-in-flori-ta-roz\\\/#breadcrumb\",\"itemListElement\":[{\"@type\":\"ListItem\",\"position\":1,\"name\":\"Prima pagin\u0103\",\"item\":\"https:\\\/\\\/florisicadouri.ro\\\/en\\\/\"},{\"@type\":\"ListItem\",\"position\":2,\"name\":\"Shop\",\"item\":\"https:\\\/\\\/florisicadouri.ro\\\/en\\\/shop\\\/\"},{\"@type\":\"ListItem\",\"position\":3,\"name\":\"ARANJAMENT FLORAL \u201dPO\u0218ETA IN-FLORI-T\u0102\u201d (roz)\"}]},{\"@type\":\"WebSite\",\"@id\":\"https:\\\/\\\/florisicadouri.ro\\\/en\\\/#website\",\"url\":\"https:\\\/\\\/florisicadouri.ro\\\/en\\\/\",\"name\":\"Flori\",\"description\":\"\",\"potentialAction\":[{\"@type\":\"SearchAction\",\"target\":{\"@type\":\"EntryPoint\",\"urlTemplate\":\"https:\\\/\\\/florisicadouri.ro\\\/en\\\/?s={search_term_string}\"},\"query-input\":{\"@type\":\"PropertyValueSpecification\",\"valueRequired\":true,\"valueName\":\"search_term_string\"}}],\"inLanguage\":\"en-US\"}]}<\/script>\n<!-- \/ Yoast SEO plugin. -->","yoast_head_json":{"title":"ARANJAMENT FLORAL \u201dPO\u0218ETA IN-FLORI-T\u0102\u201d (roz) - Flori si Cadouri","description":"Po\u0219etu\u021b\u0103 floral\u0103 roz pastel cu trandafiri, miniroze dlicate si bumbac.Aranjament floral elegant pentru cadouri speciale \u0219i decor rafinat.","robots":{"index":"index","follow":"follow","max-snippet":"max-snippet:-1","max-image-preview":"max-image-preview:large","max-video-preview":"max-video-preview:-1"},"canonical":"https:\/\/florisicadouri.ro\/en\/product\/aranjament-floral-poseta-in-flori-ta-roz\/","og_locale":"en_US","og_type":"article","og_title":"ARANJAMENT FLORAL \u201dPO\u0218ETA IN-FLORI-T\u0102\u201d (roz) - Flori si Cadouri","og_description":"Po\u0219etu\u021b\u0103 floral\u0103 roz pastel cu trandafiri, miniroze dlicate si bumbac.Aranjament floral elegant pentru cadouri speciale \u0219i decor rafinat.","og_url":"https:\/\/florisicadouri.ro\/en\/product\/aranjament-floral-poseta-in-flori-ta-roz\/","og_site_name":"Flori si Cadouri","article_modified_time":"2026-02-17T13:03:56+00:00","og_image":[{"width":1024,"height":1024,"url":"https:\/\/florisicadouri.ro\/wp-content\/uploads\/2024\/11\/ARANJAMENT-FLORAL-POSETA-IN-FLORI-TAroz.webp","type":"image\/webp"}],"twitter_card":"summary_large_image","twitter_misc":{"Est. reading time":"1 minute"},"schema":{"@context":"https:\/\/schema.org","@graph":[{"@type":"WebPage","@id":"https:\/\/florisicadouri.ro\/en\/product\/aranjament-floral-poseta-in-flori-ta-roz\/","url":"https:\/\/florisicadouri.ro\/en\/product\/aranjament-floral-poseta-in-flori-ta-roz\/","name":"ARANJAMENT FLORAL \u201dPO\u0218ETA IN-FLORI-T\u0102\u201d (roz) - Flori si Cadouri","isPartOf":{"@id":"https:\/\/florisicadouri.ro\/en\/#website"},"primaryImageOfPage":{"@id":"https:\/\/florisicadouri.ro\/en\/product\/aranjament-floral-poseta-in-flori-ta-roz\/#primaryimage"},"image":{"@id":"https:\/\/florisicadouri.ro\/en\/product\/aranjament-floral-poseta-in-flori-ta-roz\/#primaryimage"},"thumbnailUrl":"https:\/\/florisicadouri.ro\/wp-content\/uploads\/2024\/11\/ARANJAMENT-FLORAL-POSETA-IN-FLORI-TAroz.webp","datePublished":"2026-02-03T19:50:21+00:00","dateModified":"2026-02-17T13:03:56+00:00","description":"Po\u0219etu\u021b\u0103 floral\u0103 roz pastel cu trandafiri, miniroze dlicate si bumbac.Aranjament floral elegant pentru cadouri speciale \u0219i decor rafinat.","breadcrumb":{"@id":"https:\/\/florisicadouri.ro\/en\/product\/aranjament-floral-poseta-in-flori-ta-roz\/#breadcrumb"},"inLanguage":"en-US","potentialAction":[{"@type":"ReadAction","target":["https:\/\/florisicadouri.ro\/en\/product\/aranjament-floral-poseta-in-flori-ta-roz\/"]}]},{"@type":"ImageObject","inLanguage":"en-US","@id":"https:\/\/florisicadouri.ro\/en\/product\/aranjament-floral-poseta-in-flori-ta-roz\/#primaryimage","url":"https:\/\/florisicadouri.ro\/wp-content\/uploads\/2024\/11\/ARANJAMENT-FLORAL-POSETA-IN-FLORI-TAroz.webp","contentUrl":"https:\/\/florisicadouri.ro\/wp-content\/uploads\/2024\/11\/ARANJAMENT-FLORAL-POSETA-IN-FLORI-TAroz.webp","width":1024,"height":1024},{"@type":"BreadcrumbList","@id":"https:\/\/florisicadouri.ro\/en\/product\/aranjament-floral-poseta-in-flori-ta-roz\/#breadcrumb","itemListElement":[{"@type":"ListItem","position":1,"name":"Prima pagin\u0103","item":"https:\/\/florisicadouri.ro\/en\/"},{"@type":"ListItem","position":2,"name":"Shop","item":"https:\/\/florisicadouri.ro\/en\/shop\/"},{"@type":"ListItem","position":3,"name":"ARANJAMENT FLORAL \u201dPO\u0218ETA IN-FLORI-T\u0102\u201d (roz)"}]},{"@type":"WebSite","@id":"https:\/\/florisicadouri.ro\/en\/#website","url":"https:\/\/florisicadouri.ro\/en\/","name":"Flori","description":"","potentialAction":[{"@type":"SearchAction","target":{"@type":"EntryPoint","urlTemplate":"https:\/\/florisicadouri.ro\/en\/?s={search_term_string}"},"query-input":{"@type":"PropertyValueSpecification","valueRequired":true,"valueName":"search_term_string"}}],"inLanguage":"en-US"}]}},"_links":{"self":[{"href":"https:\/\/florisicadouri.ro\/en\/wp-json\/wp\/v2\/product\/4052","targetHints":{"allow":["GET"]}}],"collection":[{"href":"https:\/\/florisicadouri.ro\/en\/wp-json\/wp\/v2\/product"}],"about":[{"href":"https:\/\/florisicadouri.ro\/en\/wp-json\/wp\/v2\/types\/product"}],"wp:featuredmedia":[{"embeddable":true,"href":"https:\/\/florisicadouri.ro\/en\/wp-json\/wp\/v2\/media\/4050"}],"wp:attachment":[{"href":"https:\/\/florisicadouri.ro\/en\/wp-json\/wp\/v2\/media?parent=4052"}],"wp:term":[{"taxonomy":"product_brand","embeddable":true,"href":"https:\/\/florisicadouri.ro\/en\/wp-json\/wp\/v2\/product_brand?post=4052"},{"taxonomy":"product_cat","embeddable":true,"href":"https:\/\/florisicadouri.ro\/en\/wp-json\/wp\/v2\/product_cat?post=4052"},{"taxonomy":"product_tag","embeddable":true,"href":"https:\/\/florisicadouri.ro\/en\/wp-json\/wp\/v2\/product_tag?post=4052"}],"curies":[{"name":"wp","href":"https:\/\/api.w.org\/{rel}","templated":true}]}}