{"id":4086,"date":"2026-02-20T08:01:49","date_gmt":"2026-02-20T06:01:49","guid":{"rendered":"https:\/\/florisicadouri.ro\/?post_type=product&#038;p=4086"},"modified":"2026-03-05T07:17:38","modified_gmt":"2026-03-05T05:17:38","slug":"martisor-anemone-primavaratice","status":"publish","type":"product","link":"https:\/\/florisicadouri.ro\/en\/product\/martisor-anemone-primavaratice\/","title":{"rendered":"M\u0102R\u021aI\u0218OR \u201dANEMONE PRIM\u0102V\u0102RATICE\u201d"},"content":{"rendered":"","protected":false},"excerpt":{"rendered":"<p>M\u0103r\u021bi\u0219or Bro\u0219\u0103 \u201eAnemone Prim\u0103v\u0103ratice\u201d \u2013 Elegan\u021b\u0103 floral\u0103 \u00een cutie cadou<br \/>\nCelebreaz\u0103 \u00eenceputul prim\u0103verii cu un m\u0103r\u021bi\u0219or delicat, inspirat de frumuse\u021bea anemonelor. Bro\u0219a \u201eAnemone Prim\u0103v\u0103ratice\u201d este realizat\u0103 cu aten\u021bie la detalii, av\u00e2nd un design floral rafinat \u0219i culori vibrante (mov, ro\u0219u sau roz pudrat), care aduc un plus de elegan\u021b\u0103 oric\u0103rei \u021binute.<br \/>\nFiecare pies\u0103 este ambalat\u0103 \u00eentr-o cutie ro\u0219ie de catifea, gata de oferit, transform\u00e2nd m\u0103r\u021bi\u0219orul \u00eentr-un cadou special \u0219i memorabil.<br \/>\n\u0218nur tradi\u021bional alb-ro\u0219u inclus.<br \/>\nEste un cadou simbolic pentru mame, doamne \u0219i domni\u0219oare, profesoare, colege sau prietene.<br \/>\n<strong>Completeaz\u0103 cadoul t\u0103u cu:<\/strong><\/p>\n<p><a href=\"https:\/\/florisicadouri.ro\/index.php\/product-category\/ciocolata\/\"><img loading=\"lazy\" decoding=\"async\" class=\"alignnone wp-image-1633 size-full\" src=\"https:\/\/florisicadouri.ro\/wp-content\/uploads\/2016\/11\/9025711112222-150x150-1.jpg\" alt=\"\" width=\"164\" height=\"150\" \/><\/a> <a href=\"https:\/\/florisicadouri.ro\/index.php\/product-category\/vinuri\/\"><img loading=\"lazy\" decoding=\"async\" class=\"alignnone size-full wp-image-1637\" src=\"https:\/\/florisicadouri.ro\/wp-content\/uploads\/2016\/11\/aurelia-visinescu-karakter-rose-1.jpg\" alt=\"\" width=\"84\" height=\"150\" \/><\/a><a href=\"https:\/\/florisicadouri.ro\/index.php\/product-category\/jucarii-plus\/\"><img loading=\"lazy\" decoding=\"async\" class=\"alignnone size-full wp-image-1636\" src=\"https:\/\/florisicadouri.ro\/wp-content\/uploads\/2016\/11\/th-150x150-1.jpg\" alt=\"\" width=\"150\" height=\"150\" srcset=\"https:\/\/florisicadouri.ro\/wp-content\/uploads\/2016\/11\/th-150x150-1.jpg 150w, https:\/\/florisicadouri.ro\/wp-content\/uploads\/2016\/11\/th-150x150-1-80x80.jpg 80w, https:\/\/florisicadouri.ro\/wp-content\/uploads\/2016\/11\/th-150x150-1-100x100.jpg 100w, https:\/\/florisicadouri.ro\/wp-content\/uploads\/2016\/11\/th-150x150-1-96x96.jpg 96w\" sizes=\"auto, (max-width: 150px) 100vw, 150px\" \/><\/a><a href=\"https:\/\/florisicadouri.ro\/index.php\/product-category\/ceai\/\"><img loading=\"lazy\" decoding=\"async\" class=\"alignnone wp-image-1648 size-full\" src=\"https:\/\/florisicadouri.ro\/wp-content\/uploads\/2024\/11\/file-copy.jpg\" alt=\"\" width=\"88\" height=\"150\" \/><\/a><\/p>\n","protected":false},"featured_media":4083,"template":"","meta":[],"product_brand":[],"product_cat":[15],"product_tag":[],"class_list":{"0":"post-4086","1":"product","2":"type-product","3":"status-publish","4":"has-post-thumbnail","6":"product_cat-uncategorized","8":"first","9":"outofstock","10":"shipping-taxable","11":"purchasable","12":"product-type-simple"},"yoast_head":"<!-- This site is optimized with the Yoast SEO plugin v27.5 - https:\/\/yoast.com\/product\/yoast-seo-wordpress\/ -->\n<title>M\u0102R\u021aI\u0218OR \u201dANEMONE PRIM\u0102V\u0102RATICE\u201d - Flori si Cadouri<\/title>\n<meta name=\"description\" content=\"M\u0103r\u021bi\u0219or bro\u0219\u0103 \u201eAnemone Prim\u0103v\u0103ratice\u201d, handmade, ambalat \u00een cutie elegant\u0103. Cadou delicat \u0219i rafinat pentru 1 Martie sau 8 Martie.\" \/>\n<meta name=\"robots\" content=\"index, follow, max-snippet:-1, max-image-preview:large, max-video-preview:-1\" \/>\n<link rel=\"canonical\" href=\"https:\/\/florisicadouri.ro\/en\/product\/martisor-anemone-primavaratice\/\" \/>\n<meta property=\"og:locale\" content=\"en_US\" \/>\n<meta property=\"og:type\" content=\"article\" \/>\n<meta property=\"og:title\" content=\"M\u0102R\u021aI\u0218OR \u201dANEMONE PRIM\u0102V\u0102RATICE\u201d - Flori si Cadouri\" \/>\n<meta property=\"og:description\" content=\"M\u0103r\u021bi\u0219or bro\u0219\u0103 \u201eAnemone Prim\u0103v\u0103ratice\u201d, handmade, ambalat \u00een cutie elegant\u0103. Cadou delicat \u0219i rafinat pentru 1 Martie sau 8 Martie.\" \/>\n<meta property=\"og:url\" content=\"https:\/\/florisicadouri.ro\/en\/product\/martisor-anemone-primavaratice\/\" \/>\n<meta property=\"og:site_name\" content=\"Flori si Cadouri\" \/>\n<meta property=\"article:modified_time\" content=\"2026-03-05T05:17:38+00:00\" \/>\n<meta property=\"og:image\" content=\"https:\/\/florisicadouri.ro\/wp-content\/uploads\/2026\/02\/Martisor-Anemone-Primavaratice.webp\" \/>\n\t<meta property=\"og:image:width\" content=\"1536\" \/>\n\t<meta property=\"og:image:height\" content=\"1536\" \/>\n\t<meta property=\"og:image:type\" content=\"image\/webp\" \/>\n<meta name=\"twitter:card\" content=\"summary_large_image\" \/>\n<meta name=\"twitter:label1\" content=\"Est. reading time\" \/>\n\t<meta name=\"twitter:data1\" content=\"1 minute\" \/>\n<script type=\"application\/ld+json\" class=\"yoast-schema-graph\">{\"@context\":\"https:\\\/\\\/schema.org\",\"@graph\":[{\"@type\":\"WebPage\",\"@id\":\"https:\\\/\\\/florisicadouri.ro\\\/en\\\/product\\\/martisor-anemone-primavaratice\\\/\",\"url\":\"https:\\\/\\\/florisicadouri.ro\\\/en\\\/product\\\/martisor-anemone-primavaratice\\\/\",\"name\":\"M\u0102R\u021aI\u0218OR \u201dANEMONE PRIM\u0102V\u0102RATICE\u201d - Flori si Cadouri\",\"isPartOf\":{\"@id\":\"https:\\\/\\\/florisicadouri.ro\\\/en\\\/#website\"},\"primaryImageOfPage\":{\"@id\":\"https:\\\/\\\/florisicadouri.ro\\\/en\\\/product\\\/martisor-anemone-primavaratice\\\/#primaryimage\"},\"image\":{\"@id\":\"https:\\\/\\\/florisicadouri.ro\\\/en\\\/product\\\/martisor-anemone-primavaratice\\\/#primaryimage\"},\"thumbnailUrl\":\"https:\\\/\\\/florisicadouri.ro\\\/wp-content\\\/uploads\\\/2026\\\/02\\\/Martisor-Anemone-Primavaratice.webp\",\"datePublished\":\"2026-02-20T06:01:49+00:00\",\"dateModified\":\"2026-03-05T05:17:38+00:00\",\"description\":\"M\u0103r\u021bi\u0219or bro\u0219\u0103 \u201eAnemone Prim\u0103v\u0103ratice\u201d, handmade, ambalat \u00een cutie elegant\u0103. Cadou delicat \u0219i rafinat pentru 1 Martie sau 8 Martie.\",\"breadcrumb\":{\"@id\":\"https:\\\/\\\/florisicadouri.ro\\\/en\\\/product\\\/martisor-anemone-primavaratice\\\/#breadcrumb\"},\"inLanguage\":\"en-US\",\"potentialAction\":[{\"@type\":\"ReadAction\",\"target\":[\"https:\\\/\\\/florisicadouri.ro\\\/en\\\/product\\\/martisor-anemone-primavaratice\\\/\"]}]},{\"@type\":\"ImageObject\",\"inLanguage\":\"en-US\",\"@id\":\"https:\\\/\\\/florisicadouri.ro\\\/en\\\/product\\\/martisor-anemone-primavaratice\\\/#primaryimage\",\"url\":\"https:\\\/\\\/florisicadouri.ro\\\/wp-content\\\/uploads\\\/2026\\\/02\\\/Martisor-Anemone-Primavaratice.webp\",\"contentUrl\":\"https:\\\/\\\/florisicadouri.ro\\\/wp-content\\\/uploads\\\/2026\\\/02\\\/Martisor-Anemone-Primavaratice.webp\",\"width\":1536,\"height\":1536},{\"@type\":\"BreadcrumbList\",\"@id\":\"https:\\\/\\\/florisicadouri.ro\\\/en\\\/product\\\/martisor-anemone-primavaratice\\\/#breadcrumb\",\"itemListElement\":[{\"@type\":\"ListItem\",\"position\":1,\"name\":\"Prima pagin\u0103\",\"item\":\"https:\\\/\\\/florisicadouri.ro\\\/en\\\/\"},{\"@type\":\"ListItem\",\"position\":2,\"name\":\"Shop\",\"item\":\"https:\\\/\\\/florisicadouri.ro\\\/en\\\/shop\\\/\"},{\"@type\":\"ListItem\",\"position\":3,\"name\":\"M\u0102R\u021aI\u0218OR \u201dANEMONE PRIM\u0102V\u0102RATICE\u201d\"}]},{\"@type\":\"WebSite\",\"@id\":\"https:\\\/\\\/florisicadouri.ro\\\/en\\\/#website\",\"url\":\"https:\\\/\\\/florisicadouri.ro\\\/en\\\/\",\"name\":\"Flori\",\"description\":\"\",\"potentialAction\":[{\"@type\":\"SearchAction\",\"target\":{\"@type\":\"EntryPoint\",\"urlTemplate\":\"https:\\\/\\\/florisicadouri.ro\\\/en\\\/?s={search_term_string}\"},\"query-input\":{\"@type\":\"PropertyValueSpecification\",\"valueRequired\":true,\"valueName\":\"search_term_string\"}}],\"inLanguage\":\"en-US\"}]}<\/script>\n<!-- \/ Yoast SEO plugin. -->","yoast_head_json":{"title":"M\u0102R\u021aI\u0218OR \u201dANEMONE PRIM\u0102V\u0102RATICE\u201d - Flori si Cadouri","description":"M\u0103r\u021bi\u0219or bro\u0219\u0103 \u201eAnemone Prim\u0103v\u0103ratice\u201d, handmade, ambalat \u00een cutie elegant\u0103. Cadou delicat \u0219i rafinat pentru 1 Martie sau 8 Martie.","robots":{"index":"index","follow":"follow","max-snippet":"max-snippet:-1","max-image-preview":"max-image-preview:large","max-video-preview":"max-video-preview:-1"},"canonical":"https:\/\/florisicadouri.ro\/en\/product\/martisor-anemone-primavaratice\/","og_locale":"en_US","og_type":"article","og_title":"M\u0102R\u021aI\u0218OR \u201dANEMONE PRIM\u0102V\u0102RATICE\u201d - Flori si Cadouri","og_description":"M\u0103r\u021bi\u0219or bro\u0219\u0103 \u201eAnemone Prim\u0103v\u0103ratice\u201d, handmade, ambalat \u00een cutie elegant\u0103. Cadou delicat \u0219i rafinat pentru 1 Martie sau 8 Martie.","og_url":"https:\/\/florisicadouri.ro\/en\/product\/martisor-anemone-primavaratice\/","og_site_name":"Flori si Cadouri","article_modified_time":"2026-03-05T05:17:38+00:00","og_image":[{"width":1536,"height":1536,"url":"https:\/\/florisicadouri.ro\/wp-content\/uploads\/2026\/02\/Martisor-Anemone-Primavaratice.webp","type":"image\/webp"}],"twitter_card":"summary_large_image","twitter_misc":{"Est. reading time":"1 minute"},"schema":{"@context":"https:\/\/schema.org","@graph":[{"@type":"WebPage","@id":"https:\/\/florisicadouri.ro\/en\/product\/martisor-anemone-primavaratice\/","url":"https:\/\/florisicadouri.ro\/en\/product\/martisor-anemone-primavaratice\/","name":"M\u0102R\u021aI\u0218OR \u201dANEMONE PRIM\u0102V\u0102RATICE\u201d - Flori si Cadouri","isPartOf":{"@id":"https:\/\/florisicadouri.ro\/en\/#website"},"primaryImageOfPage":{"@id":"https:\/\/florisicadouri.ro\/en\/product\/martisor-anemone-primavaratice\/#primaryimage"},"image":{"@id":"https:\/\/florisicadouri.ro\/en\/product\/martisor-anemone-primavaratice\/#primaryimage"},"thumbnailUrl":"https:\/\/florisicadouri.ro\/wp-content\/uploads\/2026\/02\/Martisor-Anemone-Primavaratice.webp","datePublished":"2026-02-20T06:01:49+00:00","dateModified":"2026-03-05T05:17:38+00:00","description":"M\u0103r\u021bi\u0219or bro\u0219\u0103 \u201eAnemone Prim\u0103v\u0103ratice\u201d, handmade, ambalat \u00een cutie elegant\u0103. Cadou delicat \u0219i rafinat pentru 1 Martie sau 8 Martie.","breadcrumb":{"@id":"https:\/\/florisicadouri.ro\/en\/product\/martisor-anemone-primavaratice\/#breadcrumb"},"inLanguage":"en-US","potentialAction":[{"@type":"ReadAction","target":["https:\/\/florisicadouri.ro\/en\/product\/martisor-anemone-primavaratice\/"]}]},{"@type":"ImageObject","inLanguage":"en-US","@id":"https:\/\/florisicadouri.ro\/en\/product\/martisor-anemone-primavaratice\/#primaryimage","url":"https:\/\/florisicadouri.ro\/wp-content\/uploads\/2026\/02\/Martisor-Anemone-Primavaratice.webp","contentUrl":"https:\/\/florisicadouri.ro\/wp-content\/uploads\/2026\/02\/Martisor-Anemone-Primavaratice.webp","width":1536,"height":1536},{"@type":"BreadcrumbList","@id":"https:\/\/florisicadouri.ro\/en\/product\/martisor-anemone-primavaratice\/#breadcrumb","itemListElement":[{"@type":"ListItem","position":1,"name":"Prima pagin\u0103","item":"https:\/\/florisicadouri.ro\/en\/"},{"@type":"ListItem","position":2,"name":"Shop","item":"https:\/\/florisicadouri.ro\/en\/shop\/"},{"@type":"ListItem","position":3,"name":"M\u0102R\u021aI\u0218OR \u201dANEMONE PRIM\u0102V\u0102RATICE\u201d"}]},{"@type":"WebSite","@id":"https:\/\/florisicadouri.ro\/en\/#website","url":"https:\/\/florisicadouri.ro\/en\/","name":"Flori","description":"","potentialAction":[{"@type":"SearchAction","target":{"@type":"EntryPoint","urlTemplate":"https:\/\/florisicadouri.ro\/en\/?s={search_term_string}"},"query-input":{"@type":"PropertyValueSpecification","valueRequired":true,"valueName":"search_term_string"}}],"inLanguage":"en-US"}]}},"_links":{"self":[{"href":"https:\/\/florisicadouri.ro\/en\/wp-json\/wp\/v2\/product\/4086","targetHints":{"allow":["GET"]}}],"collection":[{"href":"https:\/\/florisicadouri.ro\/en\/wp-json\/wp\/v2\/product"}],"about":[{"href":"https:\/\/florisicadouri.ro\/en\/wp-json\/wp\/v2\/types\/product"}],"wp:featuredmedia":[{"embeddable":true,"href":"https:\/\/florisicadouri.ro\/en\/wp-json\/wp\/v2\/media\/4083"}],"wp:attachment":[{"href":"https:\/\/florisicadouri.ro\/en\/wp-json\/wp\/v2\/media?parent=4086"}],"wp:term":[{"taxonomy":"product_brand","embeddable":true,"href":"https:\/\/florisicadouri.ro\/en\/wp-json\/wp\/v2\/product_brand?post=4086"},{"taxonomy":"product_cat","embeddable":true,"href":"https:\/\/florisicadouri.ro\/en\/wp-json\/wp\/v2\/product_cat?post=4086"},{"taxonomy":"product_tag","embeddable":true,"href":"https:\/\/florisicadouri.ro\/en\/wp-json\/wp\/v2\/product_tag?post=4086"}],"curies":[{"name":"wp","href":"https:\/\/api.w.org\/{rel}","templated":true}]}}