{"id":4092,"date":"2024-11-02T10:57:38","date_gmt":"2024-11-02T08:57:38","guid":{"rendered":"https:\/\/florisicadouri.ro\/?post_type=product&#038;p=4092"},"modified":"2026-03-05T08:49:48","modified_gmt":"2026-03-05T06:49:48","slug":"martisor-forever-rose","status":"publish","type":"product","link":"https:\/\/florisicadouri.ro\/en\/product\/martisor-forever-rose\/","title":{"rendered":"M\u0102R\u021aI\u0218OR \u201dFOREVER ROSE\u201d"},"content":{"rendered":"","protected":false},"excerpt":{"rendered":"<p>Cutie cadou de catifea cu trandafir ro\u0219u criogenat \u2013 Elegan\u021b\u0103 \u0219i romantism<br \/>\nSurprinde persoana drag\u0103 cu un cadou special, plin de rafinament \u0219i emo\u021bie.<br \/>\n\u00cen interior se reg\u0103se\u0219te un superb trandafir ro\u0219u etern, atent ales, completat de elemente decorative fine \u0219i accente naturale care creeaz\u0103 un design deosebit \u0219i sofisticat \u0219i este \u00eenso\u021bit de un \u0219nur de m\u0103r\u021bi\u0219or.<br \/>\nEste ideal pentru cadou de 1 Martie, 8 Martie sau alte ocazii, potrivit pentru doamne \u0219i domni\u0219oare, profesoare, colege, prietene.<br \/>\nUn m\u0103r\u021bi\u0219or elegant, practic \u0219i plin de semnifica\u021bie \u2013 un mic detaliu care aduce bucurie \u0219i prim\u0103var\u0103 \u00een suflet.<br \/>\n<strong>Completeaz\u0103 cadoul t\u0103u cu:<\/strong><\/p>\n<p><a href=\"https:\/\/florisicadouri.ro\/index.php\/product-category\/ciocolata\/\"><img loading=\"lazy\" decoding=\"async\" class=\"alignnone wp-image-1633 size-full\" src=\"https:\/\/florisicadouri.ro\/wp-content\/uploads\/2016\/11\/9025711112222-150x150-1.jpg\" alt=\"\" width=\"164\" height=\"150\" \/><\/a> <a href=\"https:\/\/florisicadouri.ro\/index.php\/product-category\/vinuri\/\"><img loading=\"lazy\" decoding=\"async\" class=\"alignnone size-full wp-image-1637\" src=\"https:\/\/florisicadouri.ro\/wp-content\/uploads\/2016\/11\/aurelia-visinescu-karakter-rose-1.jpg\" alt=\"\" width=\"84\" height=\"150\" \/><\/a><a href=\"https:\/\/florisicadouri.ro\/index.php\/product-category\/jucarii-plus\/\"><img loading=\"lazy\" decoding=\"async\" class=\"alignnone size-full wp-image-1636\" src=\"https:\/\/florisicadouri.ro\/wp-content\/uploads\/2016\/11\/th-150x150-1.jpg\" alt=\"\" width=\"150\" height=\"150\" srcset=\"https:\/\/florisicadouri.ro\/wp-content\/uploads\/2016\/11\/th-150x150-1.jpg 150w, https:\/\/florisicadouri.ro\/wp-content\/uploads\/2016\/11\/th-150x150-1-80x80.jpg 80w, https:\/\/florisicadouri.ro\/wp-content\/uploads\/2016\/11\/th-150x150-1-100x100.jpg 100w, https:\/\/florisicadouri.ro\/wp-content\/uploads\/2016\/11\/th-150x150-1-96x96.jpg 96w\" sizes=\"auto, (max-width: 150px) 100vw, 150px\" \/><\/a><a href=\"https:\/\/florisicadouri.ro\/index.php\/product-category\/ceai\/\"><img loading=\"lazy\" decoding=\"async\" class=\"alignnone wp-image-1648 size-full\" src=\"https:\/\/florisicadouri.ro\/wp-content\/uploads\/2024\/11\/file-copy.jpg\" alt=\"\" width=\"88\" height=\"150\" \/><\/a><\/p>\n","protected":false},"featured_media":4093,"template":"","meta":[],"product_brand":[],"product_cat":[91],"product_tag":[],"class_list":{"0":"post-4092","1":"product","2":"type-product","3":"status-publish","4":"has-post-thumbnail","6":"product_cat-1-8-martie-flori-plante-buchete-martisoare-cadouri-lalele","8":"first","9":"instock","10":"shipping-taxable","11":"purchasable","12":"product-type-simple"},"yoast_head":"<!-- This site is optimized with the Yoast SEO plugin v27.4 - https:\/\/yoast.com\/product\/yoast-seo-wordpress\/ -->\n<title>M\u0102R\u021aI\u0218OR \u201dFOREVER ROSE\u201d - Flori si Cadouri<\/title>\n<meta name=\"description\" content=\"Cutie cadou \u00een form\u0103 de inim\u0103 cu trandafir ro\u0219u criogenat \u0219i aranjament floral delicat. Un dar elegant \u0219i romantic, perfect pentru ocazii speciale.\" \/>\n<meta name=\"robots\" content=\"index, follow, max-snippet:-1, max-image-preview:large, max-video-preview:-1\" \/>\n<link rel=\"canonical\" href=\"https:\/\/florisicadouri.ro\/en\/product\/martisor-forever-rose\/\" \/>\n<meta property=\"og:locale\" content=\"en_US\" \/>\n<meta property=\"og:type\" content=\"article\" \/>\n<meta property=\"og:title\" content=\"M\u0102R\u021aI\u0218OR \u201dFOREVER ROSE\u201d - Flori si Cadouri\" \/>\n<meta property=\"og:description\" content=\"Cutie cadou \u00een form\u0103 de inim\u0103 cu trandafir ro\u0219u criogenat \u0219i aranjament floral delicat. Un dar elegant \u0219i romantic, perfect pentru ocazii speciale.\" \/>\n<meta property=\"og:url\" content=\"https:\/\/florisicadouri.ro\/en\/product\/martisor-forever-rose\/\" \/>\n<meta property=\"og:site_name\" content=\"Flori si Cadouri\" \/>\n<meta property=\"article:modified_time\" content=\"2026-03-05T06:49:48+00:00\" \/>\n<meta property=\"og:image\" content=\"https:\/\/florisicadouri.ro\/wp-content\/uploads\/2026\/02\/MARTISOR-FOREVER-ROSE-e1771492910293.webp\" \/>\n\t<meta property=\"og:image:width\" content=\"1024\" \/>\n\t<meta property=\"og:image:height\" content=\"1023\" \/>\n\t<meta property=\"og:image:type\" content=\"image\/webp\" \/>\n<meta name=\"twitter:card\" content=\"summary_large_image\" \/>\n<meta name=\"twitter:label1\" content=\"Est. reading time\" \/>\n\t<meta name=\"twitter:data1\" content=\"1 minute\" \/>\n<script type=\"application\/ld+json\" class=\"yoast-schema-graph\">{\"@context\":\"https:\\\/\\\/schema.org\",\"@graph\":[{\"@type\":\"WebPage\",\"@id\":\"https:\\\/\\\/florisicadouri.ro\\\/en\\\/product\\\/martisor-forever-rose\\\/\",\"url\":\"https:\\\/\\\/florisicadouri.ro\\\/en\\\/product\\\/martisor-forever-rose\\\/\",\"name\":\"M\u0102R\u021aI\u0218OR \u201dFOREVER ROSE\u201d - Flori si Cadouri\",\"isPartOf\":{\"@id\":\"https:\\\/\\\/florisicadouri.ro\\\/en\\\/#website\"},\"primaryImageOfPage\":{\"@id\":\"https:\\\/\\\/florisicadouri.ro\\\/en\\\/product\\\/martisor-forever-rose\\\/#primaryimage\"},\"image\":{\"@id\":\"https:\\\/\\\/florisicadouri.ro\\\/en\\\/product\\\/martisor-forever-rose\\\/#primaryimage\"},\"thumbnailUrl\":\"https:\\\/\\\/florisicadouri.ro\\\/wp-content\\\/uploads\\\/2026\\\/02\\\/MARTISOR-FOREVER-ROSE-e1771492910293.webp\",\"datePublished\":\"2024-11-02T08:57:38+00:00\",\"dateModified\":\"2026-03-05T06:49:48+00:00\",\"description\":\"Cutie cadou \u00een form\u0103 de inim\u0103 cu trandafir ro\u0219u criogenat \u0219i aranjament floral delicat. Un dar elegant \u0219i romantic, perfect pentru ocazii speciale.\",\"breadcrumb\":{\"@id\":\"https:\\\/\\\/florisicadouri.ro\\\/en\\\/product\\\/martisor-forever-rose\\\/#breadcrumb\"},\"inLanguage\":\"en-US\",\"potentialAction\":[{\"@type\":\"ReadAction\",\"target\":[\"https:\\\/\\\/florisicadouri.ro\\\/en\\\/product\\\/martisor-forever-rose\\\/\"]}]},{\"@type\":\"ImageObject\",\"inLanguage\":\"en-US\",\"@id\":\"https:\\\/\\\/florisicadouri.ro\\\/en\\\/product\\\/martisor-forever-rose\\\/#primaryimage\",\"url\":\"https:\\\/\\\/florisicadouri.ro\\\/wp-content\\\/uploads\\\/2026\\\/02\\\/MARTISOR-FOREVER-ROSE-e1771492910293.webp\",\"contentUrl\":\"https:\\\/\\\/florisicadouri.ro\\\/wp-content\\\/uploads\\\/2026\\\/02\\\/MARTISOR-FOREVER-ROSE-e1771492910293.webp\",\"width\":1024,\"height\":1023},{\"@type\":\"BreadcrumbList\",\"@id\":\"https:\\\/\\\/florisicadouri.ro\\\/en\\\/product\\\/martisor-forever-rose\\\/#breadcrumb\",\"itemListElement\":[{\"@type\":\"ListItem\",\"position\":1,\"name\":\"Prima pagin\u0103\",\"item\":\"https:\\\/\\\/florisicadouri.ro\\\/en\\\/\"},{\"@type\":\"ListItem\",\"position\":2,\"name\":\"Shop\",\"item\":\"https:\\\/\\\/florisicadouri.ro\\\/en\\\/shop\\\/\"},{\"@type\":\"ListItem\",\"position\":3,\"name\":\"M\u0102R\u021aI\u0218OR \u201dFOREVER ROSE\u201d\"}]},{\"@type\":\"WebSite\",\"@id\":\"https:\\\/\\\/florisicadouri.ro\\\/en\\\/#website\",\"url\":\"https:\\\/\\\/florisicadouri.ro\\\/en\\\/\",\"name\":\"Flori\",\"description\":\"\",\"potentialAction\":[{\"@type\":\"SearchAction\",\"target\":{\"@type\":\"EntryPoint\",\"urlTemplate\":\"https:\\\/\\\/florisicadouri.ro\\\/en\\\/?s={search_term_string}\"},\"query-input\":{\"@type\":\"PropertyValueSpecification\",\"valueRequired\":true,\"valueName\":\"search_term_string\"}}],\"inLanguage\":\"en-US\"}]}<\/script>\n<!-- \/ Yoast SEO plugin. -->","yoast_head_json":{"title":"M\u0102R\u021aI\u0218OR \u201dFOREVER ROSE\u201d - Flori si Cadouri","description":"Cutie cadou \u00een form\u0103 de inim\u0103 cu trandafir ro\u0219u criogenat \u0219i aranjament floral delicat. Un dar elegant \u0219i romantic, perfect pentru ocazii speciale.","robots":{"index":"index","follow":"follow","max-snippet":"max-snippet:-1","max-image-preview":"max-image-preview:large","max-video-preview":"max-video-preview:-1"},"canonical":"https:\/\/florisicadouri.ro\/en\/product\/martisor-forever-rose\/","og_locale":"en_US","og_type":"article","og_title":"M\u0102R\u021aI\u0218OR \u201dFOREVER ROSE\u201d - Flori si Cadouri","og_description":"Cutie cadou \u00een form\u0103 de inim\u0103 cu trandafir ro\u0219u criogenat \u0219i aranjament floral delicat. Un dar elegant \u0219i romantic, perfect pentru ocazii speciale.","og_url":"https:\/\/florisicadouri.ro\/en\/product\/martisor-forever-rose\/","og_site_name":"Flori si Cadouri","article_modified_time":"2026-03-05T06:49:48+00:00","og_image":[{"width":1024,"height":1023,"url":"https:\/\/florisicadouri.ro\/wp-content\/uploads\/2026\/02\/MARTISOR-FOREVER-ROSE-e1771492910293.webp","type":"image\/webp"}],"twitter_card":"summary_large_image","twitter_misc":{"Est. reading time":"1 minute"},"schema":{"@context":"https:\/\/schema.org","@graph":[{"@type":"WebPage","@id":"https:\/\/florisicadouri.ro\/en\/product\/martisor-forever-rose\/","url":"https:\/\/florisicadouri.ro\/en\/product\/martisor-forever-rose\/","name":"M\u0102R\u021aI\u0218OR \u201dFOREVER ROSE\u201d - Flori si Cadouri","isPartOf":{"@id":"https:\/\/florisicadouri.ro\/en\/#website"},"primaryImageOfPage":{"@id":"https:\/\/florisicadouri.ro\/en\/product\/martisor-forever-rose\/#primaryimage"},"image":{"@id":"https:\/\/florisicadouri.ro\/en\/product\/martisor-forever-rose\/#primaryimage"},"thumbnailUrl":"https:\/\/florisicadouri.ro\/wp-content\/uploads\/2026\/02\/MARTISOR-FOREVER-ROSE-e1771492910293.webp","datePublished":"2024-11-02T08:57:38+00:00","dateModified":"2026-03-05T06:49:48+00:00","description":"Cutie cadou \u00een form\u0103 de inim\u0103 cu trandafir ro\u0219u criogenat \u0219i aranjament floral delicat. Un dar elegant \u0219i romantic, perfect pentru ocazii speciale.","breadcrumb":{"@id":"https:\/\/florisicadouri.ro\/en\/product\/martisor-forever-rose\/#breadcrumb"},"inLanguage":"en-US","potentialAction":[{"@type":"ReadAction","target":["https:\/\/florisicadouri.ro\/en\/product\/martisor-forever-rose\/"]}]},{"@type":"ImageObject","inLanguage":"en-US","@id":"https:\/\/florisicadouri.ro\/en\/product\/martisor-forever-rose\/#primaryimage","url":"https:\/\/florisicadouri.ro\/wp-content\/uploads\/2026\/02\/MARTISOR-FOREVER-ROSE-e1771492910293.webp","contentUrl":"https:\/\/florisicadouri.ro\/wp-content\/uploads\/2026\/02\/MARTISOR-FOREVER-ROSE-e1771492910293.webp","width":1024,"height":1023},{"@type":"BreadcrumbList","@id":"https:\/\/florisicadouri.ro\/en\/product\/martisor-forever-rose\/#breadcrumb","itemListElement":[{"@type":"ListItem","position":1,"name":"Prima pagin\u0103","item":"https:\/\/florisicadouri.ro\/en\/"},{"@type":"ListItem","position":2,"name":"Shop","item":"https:\/\/florisicadouri.ro\/en\/shop\/"},{"@type":"ListItem","position":3,"name":"M\u0102R\u021aI\u0218OR \u201dFOREVER ROSE\u201d"}]},{"@type":"WebSite","@id":"https:\/\/florisicadouri.ro\/en\/#website","url":"https:\/\/florisicadouri.ro\/en\/","name":"Flori","description":"","potentialAction":[{"@type":"SearchAction","target":{"@type":"EntryPoint","urlTemplate":"https:\/\/florisicadouri.ro\/en\/?s={search_term_string}"},"query-input":{"@type":"PropertyValueSpecification","valueRequired":true,"valueName":"search_term_string"}}],"inLanguage":"en-US"}]}},"_links":{"self":[{"href":"https:\/\/florisicadouri.ro\/en\/wp-json\/wp\/v2\/product\/4092","targetHints":{"allow":["GET"]}}],"collection":[{"href":"https:\/\/florisicadouri.ro\/en\/wp-json\/wp\/v2\/product"}],"about":[{"href":"https:\/\/florisicadouri.ro\/en\/wp-json\/wp\/v2\/types\/product"}],"wp:featuredmedia":[{"embeddable":true,"href":"https:\/\/florisicadouri.ro\/en\/wp-json\/wp\/v2\/media\/4093"}],"wp:attachment":[{"href":"https:\/\/florisicadouri.ro\/en\/wp-json\/wp\/v2\/media?parent=4092"}],"wp:term":[{"taxonomy":"product_brand","embeddable":true,"href":"https:\/\/florisicadouri.ro\/en\/wp-json\/wp\/v2\/product_brand?post=4092"},{"taxonomy":"product_cat","embeddable":true,"href":"https:\/\/florisicadouri.ro\/en\/wp-json\/wp\/v2\/product_cat?post=4092"},{"taxonomy":"product_tag","embeddable":true,"href":"https:\/\/florisicadouri.ro\/en\/wp-json\/wp\/v2\/product_tag?post=4092"}],"curies":[{"name":"wp","href":"https:\/\/api.w.org\/{rel}","templated":true}]}}