{"id":4104,"date":"2026-02-16T15:26:51","date_gmt":"2026-02-16T13:26:51","guid":{"rendered":"https:\/\/florisicadouri.ro\/?post_type=product&#038;p=4104"},"modified":"2026-03-01T17:52:49","modified_gmt":"2026-03-01T15:52:49","slug":"tablou-floral-martisor-buchet-in-rama-aurie","status":"publish","type":"product","link":"https:\/\/florisicadouri.ro\/en\/product\/tablou-floral-martisor-buchet-in-rama-aurie\/","title":{"rendered":"TABLOU FLORAL M\u0102R\u021aI\u0218OR"},"content":{"rendered":"","protected":false},"excerpt":{"rendered":"<p>Tablou decorativ floral 3D (10&#215;15 cm)<br \/>\nTransform\u0103 orice spa\u021biu \u00eentr-un col\u021b plin de rafinament cu acest tablou decorativ handmade, ce surprinde frumuse\u021bea unui buchet floral \u00een nuan\u021be pastel \u2013 crem, piersic\u0103, roz \u0219i lila.<br \/>\nAranjamentul din flori artificiale este montat pe fundal texturat tip p\u00e2nz\u0103 \u0219i \u00eencadrat \u00eentr-o ram\u0103 aurie elegant\u0103, care ofer\u0103 un aer sofisticat \u0219i luminos. Al\u0103turi de tablou este a\u0219ezat un m\u0103r\u021bi\u0219or tradi\u021bional cu \u0219nur ro\u0219u-alb, simbol al norocului \u0219i al \u00eenceputurilor frumoase.<br \/>\nEste un cadou special pentru 1 Martie, mama, bunica, so\u021bia sau educatoarea sau pentru colege \u0219i persoane dragi.<br \/>\nUn obiect decorativ potrivit pentru living, birou sau dormitor, care combin\u0103 simbolul tradi\u021bional al m\u0103r\u021bi\u0219orului cu elegan\u021ba unui tablou floral modern.<\/p>\n","protected":false},"featured_media":4136,"template":"","meta":[],"product_brand":[],"product_cat":[15],"product_tag":[],"class_list":{"0":"post-4104","1":"product","2":"type-product","3":"status-publish","4":"has-post-thumbnail","6":"product_cat-uncategorized","8":"first","9":"outofstock","10":"shipping-taxable","11":"purchasable","12":"product-type-simple"},"yoast_head":"<!-- This site is optimized with the Yoast SEO plugin v27.4 - https:\/\/yoast.com\/product\/yoast-seo-wordpress\/ -->\n<title>TABLOU FLORAL M\u0102R\u021aI\u0218OR - Flori si Cadouri<\/title>\n<meta name=\"description\" content=\"Tablou decorativ cu buchet floral pastel \u00een ram\u0103 de lemn, realizat manual, cu \u0219nur de m\u0103r\u021bi\u0219or tradi\u021bional inclus. Cadou elegant \u0219i delicat pentru 1 Martie.\" \/>\n<meta name=\"robots\" content=\"index, follow, max-snippet:-1, max-image-preview:large, max-video-preview:-1\" \/>\n<link rel=\"canonical\" href=\"https:\/\/florisicadouri.ro\/en\/product\/tablou-floral-martisor-buchet-in-rama-aurie\/\" \/>\n<meta property=\"og:locale\" content=\"en_US\" \/>\n<meta property=\"og:type\" content=\"article\" \/>\n<meta property=\"og:title\" content=\"TABLOU FLORAL M\u0102R\u021aI\u0218OR - Flori si Cadouri\" \/>\n<meta property=\"og:description\" content=\"Tablou decorativ cu buchet floral pastel \u00een ram\u0103 de lemn, realizat manual, cu \u0219nur de m\u0103r\u021bi\u0219or tradi\u021bional inclus. Cadou elegant \u0219i delicat pentru 1 Martie.\" \/>\n<meta property=\"og:url\" content=\"https:\/\/florisicadouri.ro\/en\/product\/tablou-floral-martisor-buchet-in-rama-aurie\/\" \/>\n<meta property=\"og:site_name\" content=\"Flori si Cadouri\" \/>\n<meta property=\"article:modified_time\" content=\"2026-03-01T15:52:49+00:00\" \/>\n<meta property=\"og:image\" content=\"https:\/\/florisicadouri.ro\/wp-content\/uploads\/2026\/02\/TABLOU-MARTISOR-FLORAL.webp\" \/>\n\t<meta property=\"og:image:width\" content=\"1024\" \/>\n\t<meta property=\"og:image:height\" content=\"1024\" \/>\n\t<meta property=\"og:image:type\" content=\"image\/webp\" \/>\n<meta name=\"twitter:card\" content=\"summary_large_image\" \/>\n<meta name=\"twitter:label1\" content=\"Est. reading time\" \/>\n\t<meta name=\"twitter:data1\" content=\"1 minute\" \/>\n<script type=\"application\/ld+json\" class=\"yoast-schema-graph\">{\"@context\":\"https:\\\/\\\/schema.org\",\"@graph\":[{\"@type\":\"WebPage\",\"@id\":\"https:\\\/\\\/florisicadouri.ro\\\/en\\\/product\\\/tablou-floral-martisor-buchet-in-rama-aurie\\\/\",\"url\":\"https:\\\/\\\/florisicadouri.ro\\\/en\\\/product\\\/tablou-floral-martisor-buchet-in-rama-aurie\\\/\",\"name\":\"TABLOU FLORAL M\u0102R\u021aI\u0218OR - Flori si Cadouri\",\"isPartOf\":{\"@id\":\"https:\\\/\\\/florisicadouri.ro\\\/en\\\/#website\"},\"primaryImageOfPage\":{\"@id\":\"https:\\\/\\\/florisicadouri.ro\\\/en\\\/product\\\/tablou-floral-martisor-buchet-in-rama-aurie\\\/#primaryimage\"},\"image\":{\"@id\":\"https:\\\/\\\/florisicadouri.ro\\\/en\\\/product\\\/tablou-floral-martisor-buchet-in-rama-aurie\\\/#primaryimage\"},\"thumbnailUrl\":\"https:\\\/\\\/florisicadouri.ro\\\/wp-content\\\/uploads\\\/2026\\\/02\\\/TABLOU-MARTISOR-FLORAL-2.webp\",\"datePublished\":\"2026-02-16T13:26:51+00:00\",\"dateModified\":\"2026-03-01T15:52:49+00:00\",\"description\":\"Tablou decorativ cu buchet floral pastel \u00een ram\u0103 de lemn, realizat manual, cu \u0219nur de m\u0103r\u021bi\u0219or tradi\u021bional inclus. Cadou elegant \u0219i delicat pentru 1 Martie.\",\"breadcrumb\":{\"@id\":\"https:\\\/\\\/florisicadouri.ro\\\/en\\\/product\\\/tablou-floral-martisor-buchet-in-rama-aurie\\\/#breadcrumb\"},\"inLanguage\":\"en-US\",\"potentialAction\":[{\"@type\":\"ReadAction\",\"target\":[\"https:\\\/\\\/florisicadouri.ro\\\/en\\\/product\\\/tablou-floral-martisor-buchet-in-rama-aurie\\\/\"]}]},{\"@type\":\"ImageObject\",\"inLanguage\":\"en-US\",\"@id\":\"https:\\\/\\\/florisicadouri.ro\\\/en\\\/product\\\/tablou-floral-martisor-buchet-in-rama-aurie\\\/#primaryimage\",\"url\":\"https:\\\/\\\/florisicadouri.ro\\\/wp-content\\\/uploads\\\/2026\\\/02\\\/TABLOU-MARTISOR-FLORAL-2.webp\",\"contentUrl\":\"https:\\\/\\\/florisicadouri.ro\\\/wp-content\\\/uploads\\\/2026\\\/02\\\/TABLOU-MARTISOR-FLORAL-2.webp\",\"width\":1024,\"height\":1024},{\"@type\":\"BreadcrumbList\",\"@id\":\"https:\\\/\\\/florisicadouri.ro\\\/en\\\/product\\\/tablou-floral-martisor-buchet-in-rama-aurie\\\/#breadcrumb\",\"itemListElement\":[{\"@type\":\"ListItem\",\"position\":1,\"name\":\"Prima pagin\u0103\",\"item\":\"https:\\\/\\\/florisicadouri.ro\\\/en\\\/\"},{\"@type\":\"ListItem\",\"position\":2,\"name\":\"Shop\",\"item\":\"https:\\\/\\\/florisicadouri.ro\\\/en\\\/shop\\\/\"},{\"@type\":\"ListItem\",\"position\":3,\"name\":\"TABLOU FLORAL M\u0102R\u021aI\u0218OR\"}]},{\"@type\":\"WebSite\",\"@id\":\"https:\\\/\\\/florisicadouri.ro\\\/en\\\/#website\",\"url\":\"https:\\\/\\\/florisicadouri.ro\\\/en\\\/\",\"name\":\"Flori\",\"description\":\"\",\"potentialAction\":[{\"@type\":\"SearchAction\",\"target\":{\"@type\":\"EntryPoint\",\"urlTemplate\":\"https:\\\/\\\/florisicadouri.ro\\\/en\\\/?s={search_term_string}\"},\"query-input\":{\"@type\":\"PropertyValueSpecification\",\"valueRequired\":true,\"valueName\":\"search_term_string\"}}],\"inLanguage\":\"en-US\"}]}<\/script>\n<!-- \/ Yoast SEO plugin. -->","yoast_head_json":{"title":"TABLOU FLORAL M\u0102R\u021aI\u0218OR - Flori si Cadouri","description":"Tablou decorativ cu buchet floral pastel \u00een ram\u0103 de lemn, realizat manual, cu \u0219nur de m\u0103r\u021bi\u0219or tradi\u021bional inclus. Cadou elegant \u0219i delicat pentru 1 Martie.","robots":{"index":"index","follow":"follow","max-snippet":"max-snippet:-1","max-image-preview":"max-image-preview:large","max-video-preview":"max-video-preview:-1"},"canonical":"https:\/\/florisicadouri.ro\/en\/product\/tablou-floral-martisor-buchet-in-rama-aurie\/","og_locale":"en_US","og_type":"article","og_title":"TABLOU FLORAL M\u0102R\u021aI\u0218OR - Flori si Cadouri","og_description":"Tablou decorativ cu buchet floral pastel \u00een ram\u0103 de lemn, realizat manual, cu \u0219nur de m\u0103r\u021bi\u0219or tradi\u021bional inclus. Cadou elegant \u0219i delicat pentru 1 Martie.","og_url":"https:\/\/florisicadouri.ro\/en\/product\/tablou-floral-martisor-buchet-in-rama-aurie\/","og_site_name":"Flori si Cadouri","article_modified_time":"2026-03-01T15:52:49+00:00","og_image":[{"width":1024,"height":1024,"url":"https:\/\/florisicadouri.ro\/wp-content\/uploads\/2026\/02\/TABLOU-MARTISOR-FLORAL.webp","type":"image\/webp"}],"twitter_card":"summary_large_image","twitter_misc":{"Est. reading time":"1 minute"},"schema":{"@context":"https:\/\/schema.org","@graph":[{"@type":"WebPage","@id":"https:\/\/florisicadouri.ro\/en\/product\/tablou-floral-martisor-buchet-in-rama-aurie\/","url":"https:\/\/florisicadouri.ro\/en\/product\/tablou-floral-martisor-buchet-in-rama-aurie\/","name":"TABLOU FLORAL M\u0102R\u021aI\u0218OR - Flori si Cadouri","isPartOf":{"@id":"https:\/\/florisicadouri.ro\/en\/#website"},"primaryImageOfPage":{"@id":"https:\/\/florisicadouri.ro\/en\/product\/tablou-floral-martisor-buchet-in-rama-aurie\/#primaryimage"},"image":{"@id":"https:\/\/florisicadouri.ro\/en\/product\/tablou-floral-martisor-buchet-in-rama-aurie\/#primaryimage"},"thumbnailUrl":"https:\/\/florisicadouri.ro\/wp-content\/uploads\/2026\/02\/TABLOU-MARTISOR-FLORAL-2.webp","datePublished":"2026-02-16T13:26:51+00:00","dateModified":"2026-03-01T15:52:49+00:00","description":"Tablou decorativ cu buchet floral pastel \u00een ram\u0103 de lemn, realizat manual, cu \u0219nur de m\u0103r\u021bi\u0219or tradi\u021bional inclus. Cadou elegant \u0219i delicat pentru 1 Martie.","breadcrumb":{"@id":"https:\/\/florisicadouri.ro\/en\/product\/tablou-floral-martisor-buchet-in-rama-aurie\/#breadcrumb"},"inLanguage":"en-US","potentialAction":[{"@type":"ReadAction","target":["https:\/\/florisicadouri.ro\/en\/product\/tablou-floral-martisor-buchet-in-rama-aurie\/"]}]},{"@type":"ImageObject","inLanguage":"en-US","@id":"https:\/\/florisicadouri.ro\/en\/product\/tablou-floral-martisor-buchet-in-rama-aurie\/#primaryimage","url":"https:\/\/florisicadouri.ro\/wp-content\/uploads\/2026\/02\/TABLOU-MARTISOR-FLORAL-2.webp","contentUrl":"https:\/\/florisicadouri.ro\/wp-content\/uploads\/2026\/02\/TABLOU-MARTISOR-FLORAL-2.webp","width":1024,"height":1024},{"@type":"BreadcrumbList","@id":"https:\/\/florisicadouri.ro\/en\/product\/tablou-floral-martisor-buchet-in-rama-aurie\/#breadcrumb","itemListElement":[{"@type":"ListItem","position":1,"name":"Prima pagin\u0103","item":"https:\/\/florisicadouri.ro\/en\/"},{"@type":"ListItem","position":2,"name":"Shop","item":"https:\/\/florisicadouri.ro\/en\/shop\/"},{"@type":"ListItem","position":3,"name":"TABLOU FLORAL M\u0102R\u021aI\u0218OR"}]},{"@type":"WebSite","@id":"https:\/\/florisicadouri.ro\/en\/#website","url":"https:\/\/florisicadouri.ro\/en\/","name":"Flori","description":"","potentialAction":[{"@type":"SearchAction","target":{"@type":"EntryPoint","urlTemplate":"https:\/\/florisicadouri.ro\/en\/?s={search_term_string}"},"query-input":{"@type":"PropertyValueSpecification","valueRequired":true,"valueName":"search_term_string"}}],"inLanguage":"en-US"}]}},"_links":{"self":[{"href":"https:\/\/florisicadouri.ro\/en\/wp-json\/wp\/v2\/product\/4104","targetHints":{"allow":["GET"]}}],"collection":[{"href":"https:\/\/florisicadouri.ro\/en\/wp-json\/wp\/v2\/product"}],"about":[{"href":"https:\/\/florisicadouri.ro\/en\/wp-json\/wp\/v2\/types\/product"}],"wp:featuredmedia":[{"embeddable":true,"href":"https:\/\/florisicadouri.ro\/en\/wp-json\/wp\/v2\/media\/4136"}],"wp:attachment":[{"href":"https:\/\/florisicadouri.ro\/en\/wp-json\/wp\/v2\/media?parent=4104"}],"wp:term":[{"taxonomy":"product_brand","embeddable":true,"href":"https:\/\/florisicadouri.ro\/en\/wp-json\/wp\/v2\/product_brand?post=4104"},{"taxonomy":"product_cat","embeddable":true,"href":"https:\/\/florisicadouri.ro\/en\/wp-json\/wp\/v2\/product_cat?post=4104"},{"taxonomy":"product_tag","embeddable":true,"href":"https:\/\/florisicadouri.ro\/en\/wp-json\/wp\/v2\/product_tag?post=4104"}],"curies":[{"name":"wp","href":"https:\/\/api.w.org\/{rel}","templated":true}]}}