{"id":4109,"date":"2026-02-13T09:37:20","date_gmt":"2026-02-13T07:37:20","guid":{"rendered":"https:\/\/florisicadouri.ro\/?post_type=product&#038;p=4109"},"modified":"2026-03-18T17:19:48","modified_gmt":"2026-03-18T15:19:48","slug":"buchet-vibrant-flower-bouquet","status":"publish","type":"product","link":"https:\/\/florisicadouri.ro\/en\/product\/buchet-vibrant-flower-bouquet\/","title":{"rendered":"BUCHET \u201dVIBRANT FLOWER BOUQUET\u201d"},"content":{"rendered":"","protected":false},"excerpt":{"rendered":"<p><strong>Acest produs se livreaz\u0103 doar pe raza municipiului Cluj Napoca.<\/strong><br \/>\nAdu culoare \u0219i energie \u00een orice zi cu acest buchet spectaculos \u00een tonuri vibrante \u0219i vesele.<br \/>\nBuchetul combin\u0103 armonios trandafiri \u00een nuan\u021be de piersic\u0103, galben \u0219i roz intens, minigerbera fucsia vibrante \u0219i accente delicate de flori decorative mov, completate de verdea\u021b\u0103 proasp\u0103t\u0103 \u0219i ambalaj elegant \u00een h\u00e2rtie verde.<br \/>\nEste alegerea ideal\u0103 pentru:<br \/>\n\ud83c\udf89 Anivers\u0103ri<br \/>\n\ud83d\udc90 Zi de na\u0219tere<br \/>\n\ud83d\udc9b Mul\u021bumiri speciale<br \/>\n\ud83c\udf37 Surprize spontane<br \/>\n\ud83c\udf1e Mesaje de \u00eencurajare<\/p>\n<p>Buchetul este realizat manual de flori\u0219tii no\u0219tri, cu aten\u021bie la detalii, pentru a transmite emo\u021bie, elegan\u021b\u0103 \u0219i bucurie la prima vedere.<\/p>\n<p>\ud83d\udce6 Livrare rapid\u0103 \u0219i ambalare premium.<br \/>\n\ud83d\udc8c Posibilitate de a ad\u0103uga mesaj personalizat.<\/p>\n<p><strong>Completeaz\u0103 cadoul t\u0103u cu:<\/strong><\/p>\n<p><a href=\"https:\/\/florisicadouri.ro\/index.php\/product-category\/vaze\/\"><strong><img loading=\"lazy\" decoding=\"async\" class=\"alignnone wp-image-1654 size-full\" src=\"https:\/\/florisicadouri.ro\/wp-content\/uploads\/2024\/11\/vaza.jpg\" alt=\"\" width=\"80\" height=\"150\" \/><\/strong><\/a><\/p>\n<p><strong>Completeaz\u0103 cadoul t\u0103u cu:<\/strong><\/p>\n<p><a href=\"https:\/\/florisicadouri.ro\/index.php\/product-category\/ciocolata\/\"><img loading=\"lazy\" decoding=\"async\" class=\"alignnone wp-image-1633 size-full\" src=\"https:\/\/florisicadouri.ro\/wp-content\/uploads\/2016\/11\/9025711112222-150x150-1.jpg\" alt=\"\" width=\"164\" height=\"150\" \/><\/a> <a href=\"https:\/\/florisicadouri.ro\/index.php\/product-category\/vinuri\/\"><img loading=\"lazy\" decoding=\"async\" class=\"alignnone size-full wp-image-1637\" src=\"https:\/\/florisicadouri.ro\/wp-content\/uploads\/2016\/11\/aurelia-visinescu-karakter-rose-1.jpg\" alt=\"\" width=\"84\" height=\"150\" \/><\/a><a href=\"https:\/\/florisicadouri.ro\/index.php\/product-category\/jucarii-plus\/\"><img loading=\"lazy\" decoding=\"async\" class=\"alignnone size-full wp-image-1636\" src=\"https:\/\/florisicadouri.ro\/wp-content\/uploads\/2016\/11\/th-150x150-1.jpg\" alt=\"\" width=\"150\" height=\"150\" srcset=\"https:\/\/florisicadouri.ro\/wp-content\/uploads\/2016\/11\/th-150x150-1.jpg 150w, https:\/\/florisicadouri.ro\/wp-content\/uploads\/2016\/11\/th-150x150-1-80x80.jpg 80w, https:\/\/florisicadouri.ro\/wp-content\/uploads\/2016\/11\/th-150x150-1-100x100.jpg 100w, https:\/\/florisicadouri.ro\/wp-content\/uploads\/2016\/11\/th-150x150-1-96x96.jpg 96w\" sizes=\"auto, (max-width: 150px) 100vw, 150px\" \/><\/a><a href=\"https:\/\/florisicadouri.ro\/index.php\/product-category\/ceai\/\"><img loading=\"lazy\" decoding=\"async\" class=\"alignnone wp-image-1648 size-full\" src=\"https:\/\/florisicadouri.ro\/wp-content\/uploads\/2024\/11\/file-copy.jpg\" alt=\"\" width=\"88\" height=\"150\" \/><\/a><\/p>\n<p>Not\u0103: Florile pot diferi fa\u021b\u0103 de imaginea prezentat\u0103, \u00een func\u021bie de stocul disponibil.<br \/>\n\u00cengrijire: A\u0219eza\u021bi florile departe de surse de c\u0103ldur\u0103 sau expunerea direct\u0103 la soare.<br \/>\nT\u0103ia\u021bi periodic tijele florilor \u0219i a verde\u021burilor cu un cu\u021bit, \u00eentr-un unghi de 45 grade la aprox.2-3 cm de baz\u0103.<br \/>\nSchimba\u021bi apa cel pu\u021bin odat\u0103 la 2-3 zile \u0219i ad\u0103uga\u021bi hran\u0103 floral\u0103.<br \/>\nRecomand\u0103m verificarea telefonic\u0103 a disponibilit\u0103\u021bii produsului \u00eenainte de finalizarea comenzii.<br \/>\nAcest produs nu este destinat consumului uman, este perisabil, nu se poate returna.<\/p>\n","protected":false},"featured_media":4110,"template":"","meta":[],"product_brand":[],"product_cat":[91,80],"product_tag":[],"class_list":{"0":"post-4109","1":"product","2":"type-product","3":"status-publish","4":"has-post-thumbnail","6":"product_cat-1-8-martie-flori-plante-buchete-martisoare-cadouri-lalele","7":"product_cat-buchete-cochete","9":"first","10":"instock","11":"shipping-taxable","12":"purchasable","13":"product-type-simple"},"yoast_head":"<!-- This site is optimized with the Yoast SEO plugin v27.4 - https:\/\/yoast.com\/product\/yoast-seo-wordpress\/ -->\n<title>BUCHET \u201dVIBRANT FLOWER BOUQUET\u201d - Flori si Cadouri<\/title>\n<meta name=\"description\" content=\"Buchet vibrant cu trandafiri, minigerbera \u0219i flori decorative \u00een nuan\u021be de roz, galben \u0219i portocaliu. Cadoul perfect pentru anivers\u0103ri \u0219i momente speciale.\" \/>\n<meta name=\"robots\" content=\"index, follow, max-snippet:-1, max-image-preview:large, max-video-preview:-1\" \/>\n<link rel=\"canonical\" href=\"https:\/\/florisicadouri.ro\/en\/product\/buchet-vibrant-flower-bouquet\/\" \/>\n<meta property=\"og:locale\" content=\"en_US\" \/>\n<meta property=\"og:type\" content=\"article\" \/>\n<meta property=\"og:title\" content=\"BUCHET \u201dVIBRANT FLOWER BOUQUET\u201d - Flori si Cadouri\" \/>\n<meta property=\"og:description\" content=\"Buchet vibrant cu trandafiri, minigerbera \u0219i flori decorative \u00een nuan\u021be de roz, galben \u0219i portocaliu. Cadoul perfect pentru anivers\u0103ri \u0219i momente speciale.\" \/>\n<meta property=\"og:url\" content=\"https:\/\/florisicadouri.ro\/en\/product\/buchet-vibrant-flower-bouquet\/\" \/>\n<meta property=\"og:site_name\" content=\"Flori si Cadouri\" \/>\n<meta property=\"article:modified_time\" content=\"2026-03-18T15:19:48+00:00\" \/>\n<meta property=\"og:image\" content=\"https:\/\/florisicadouri.ro\/wp-content\/uploads\/2026\/02\/BUCHET-VIBRANT-FLOWER-BOUQUET-e1772688624424.webp\" \/>\n\t<meta property=\"og:image:width\" content=\"1024\" \/>\n\t<meta property=\"og:image:height\" content=\"1024\" \/>\n\t<meta property=\"og:image:type\" content=\"image\/webp\" \/>\n<meta name=\"twitter:card\" content=\"summary_large_image\" \/>\n<meta name=\"twitter:label1\" content=\"Est. reading time\" \/>\n\t<meta name=\"twitter:data1\" content=\"1 minute\" \/>\n<script type=\"application\/ld+json\" class=\"yoast-schema-graph\">{\"@context\":\"https:\\\/\\\/schema.org\",\"@graph\":[{\"@type\":\"WebPage\",\"@id\":\"https:\\\/\\\/florisicadouri.ro\\\/en\\\/product\\\/buchet-vibrant-flower-bouquet\\\/\",\"url\":\"https:\\\/\\\/florisicadouri.ro\\\/en\\\/product\\\/buchet-vibrant-flower-bouquet\\\/\",\"name\":\"BUCHET \u201dVIBRANT FLOWER BOUQUET\u201d - Flori si Cadouri\",\"isPartOf\":{\"@id\":\"https:\\\/\\\/florisicadouri.ro\\\/en\\\/#website\"},\"primaryImageOfPage\":{\"@id\":\"https:\\\/\\\/florisicadouri.ro\\\/en\\\/product\\\/buchet-vibrant-flower-bouquet\\\/#primaryimage\"},\"image\":{\"@id\":\"https:\\\/\\\/florisicadouri.ro\\\/en\\\/product\\\/buchet-vibrant-flower-bouquet\\\/#primaryimage\"},\"thumbnailUrl\":\"https:\\\/\\\/florisicadouri.ro\\\/wp-content\\\/uploads\\\/2026\\\/02\\\/BUCHET-VIBRANT-FLOWER-BOUQUET-e1772688624424.webp\",\"datePublished\":\"2026-02-13T07:37:20+00:00\",\"dateModified\":\"2026-03-18T15:19:48+00:00\",\"description\":\"Buchet vibrant cu trandafiri, minigerbera \u0219i flori decorative \u00een nuan\u021be de roz, galben \u0219i portocaliu. Cadoul perfect pentru anivers\u0103ri \u0219i momente speciale.\",\"breadcrumb\":{\"@id\":\"https:\\\/\\\/florisicadouri.ro\\\/en\\\/product\\\/buchet-vibrant-flower-bouquet\\\/#breadcrumb\"},\"inLanguage\":\"en-US\",\"potentialAction\":[{\"@type\":\"ReadAction\",\"target\":[\"https:\\\/\\\/florisicadouri.ro\\\/en\\\/product\\\/buchet-vibrant-flower-bouquet\\\/\"]}]},{\"@type\":\"ImageObject\",\"inLanguage\":\"en-US\",\"@id\":\"https:\\\/\\\/florisicadouri.ro\\\/en\\\/product\\\/buchet-vibrant-flower-bouquet\\\/#primaryimage\",\"url\":\"https:\\\/\\\/florisicadouri.ro\\\/wp-content\\\/uploads\\\/2026\\\/02\\\/BUCHET-VIBRANT-FLOWER-BOUQUET-e1772688624424.webp\",\"contentUrl\":\"https:\\\/\\\/florisicadouri.ro\\\/wp-content\\\/uploads\\\/2026\\\/02\\\/BUCHET-VIBRANT-FLOWER-BOUQUET-e1772688624424.webp\",\"width\":1024,\"height\":1024,\"caption\":\"Buchet \u201eVibrant Flower Bouquet\u201d \u2013 combina\u021bie spectaculoas\u0103 de trandafiri, mingerbera \u0219i flori decorative \u00een nuan\u021be intense\"},{\"@type\":\"BreadcrumbList\",\"@id\":\"https:\\\/\\\/florisicadouri.ro\\\/en\\\/product\\\/buchet-vibrant-flower-bouquet\\\/#breadcrumb\",\"itemListElement\":[{\"@type\":\"ListItem\",\"position\":1,\"name\":\"Prima pagin\u0103\",\"item\":\"https:\\\/\\\/florisicadouri.ro\\\/en\\\/\"},{\"@type\":\"ListItem\",\"position\":2,\"name\":\"Shop\",\"item\":\"https:\\\/\\\/florisicadouri.ro\\\/en\\\/shop\\\/\"},{\"@type\":\"ListItem\",\"position\":3,\"name\":\"BUCHET \u201dVIBRANT FLOWER BOUQUET\u201d\"}]},{\"@type\":\"WebSite\",\"@id\":\"https:\\\/\\\/florisicadouri.ro\\\/en\\\/#website\",\"url\":\"https:\\\/\\\/florisicadouri.ro\\\/en\\\/\",\"name\":\"Flori\",\"description\":\"\",\"potentialAction\":[{\"@type\":\"SearchAction\",\"target\":{\"@type\":\"EntryPoint\",\"urlTemplate\":\"https:\\\/\\\/florisicadouri.ro\\\/en\\\/?s={search_term_string}\"},\"query-input\":{\"@type\":\"PropertyValueSpecification\",\"valueRequired\":true,\"valueName\":\"search_term_string\"}}],\"inLanguage\":\"en-US\"}]}<\/script>\n<!-- \/ Yoast SEO plugin. -->","yoast_head_json":{"title":"BUCHET \u201dVIBRANT FLOWER BOUQUET\u201d - Flori si Cadouri","description":"Buchet vibrant cu trandafiri, minigerbera \u0219i flori decorative \u00een nuan\u021be de roz, galben \u0219i portocaliu. Cadoul perfect pentru anivers\u0103ri \u0219i momente speciale.","robots":{"index":"index","follow":"follow","max-snippet":"max-snippet:-1","max-image-preview":"max-image-preview:large","max-video-preview":"max-video-preview:-1"},"canonical":"https:\/\/florisicadouri.ro\/en\/product\/buchet-vibrant-flower-bouquet\/","og_locale":"en_US","og_type":"article","og_title":"BUCHET \u201dVIBRANT FLOWER BOUQUET\u201d - Flori si Cadouri","og_description":"Buchet vibrant cu trandafiri, minigerbera \u0219i flori decorative \u00een nuan\u021be de roz, galben \u0219i portocaliu. Cadoul perfect pentru anivers\u0103ri \u0219i momente speciale.","og_url":"https:\/\/florisicadouri.ro\/en\/product\/buchet-vibrant-flower-bouquet\/","og_site_name":"Flori si Cadouri","article_modified_time":"2026-03-18T15:19:48+00:00","og_image":[{"width":1024,"height":1024,"url":"https:\/\/florisicadouri.ro\/wp-content\/uploads\/2026\/02\/BUCHET-VIBRANT-FLOWER-BOUQUET-e1772688624424.webp","type":"image\/webp"}],"twitter_card":"summary_large_image","twitter_misc":{"Est. reading time":"1 minute"},"schema":{"@context":"https:\/\/schema.org","@graph":[{"@type":"WebPage","@id":"https:\/\/florisicadouri.ro\/en\/product\/buchet-vibrant-flower-bouquet\/","url":"https:\/\/florisicadouri.ro\/en\/product\/buchet-vibrant-flower-bouquet\/","name":"BUCHET \u201dVIBRANT FLOWER BOUQUET\u201d - Flori si Cadouri","isPartOf":{"@id":"https:\/\/florisicadouri.ro\/en\/#website"},"primaryImageOfPage":{"@id":"https:\/\/florisicadouri.ro\/en\/product\/buchet-vibrant-flower-bouquet\/#primaryimage"},"image":{"@id":"https:\/\/florisicadouri.ro\/en\/product\/buchet-vibrant-flower-bouquet\/#primaryimage"},"thumbnailUrl":"https:\/\/florisicadouri.ro\/wp-content\/uploads\/2026\/02\/BUCHET-VIBRANT-FLOWER-BOUQUET-e1772688624424.webp","datePublished":"2026-02-13T07:37:20+00:00","dateModified":"2026-03-18T15:19:48+00:00","description":"Buchet vibrant cu trandafiri, minigerbera \u0219i flori decorative \u00een nuan\u021be de roz, galben \u0219i portocaliu. Cadoul perfect pentru anivers\u0103ri \u0219i momente speciale.","breadcrumb":{"@id":"https:\/\/florisicadouri.ro\/en\/product\/buchet-vibrant-flower-bouquet\/#breadcrumb"},"inLanguage":"en-US","potentialAction":[{"@type":"ReadAction","target":["https:\/\/florisicadouri.ro\/en\/product\/buchet-vibrant-flower-bouquet\/"]}]},{"@type":"ImageObject","inLanguage":"en-US","@id":"https:\/\/florisicadouri.ro\/en\/product\/buchet-vibrant-flower-bouquet\/#primaryimage","url":"https:\/\/florisicadouri.ro\/wp-content\/uploads\/2026\/02\/BUCHET-VIBRANT-FLOWER-BOUQUET-e1772688624424.webp","contentUrl":"https:\/\/florisicadouri.ro\/wp-content\/uploads\/2026\/02\/BUCHET-VIBRANT-FLOWER-BOUQUET-e1772688624424.webp","width":1024,"height":1024,"caption":"Buchet \u201eVibrant Flower Bouquet\u201d \u2013 combina\u021bie spectaculoas\u0103 de trandafiri, mingerbera \u0219i flori decorative \u00een nuan\u021be intense"},{"@type":"BreadcrumbList","@id":"https:\/\/florisicadouri.ro\/en\/product\/buchet-vibrant-flower-bouquet\/#breadcrumb","itemListElement":[{"@type":"ListItem","position":1,"name":"Prima pagin\u0103","item":"https:\/\/florisicadouri.ro\/en\/"},{"@type":"ListItem","position":2,"name":"Shop","item":"https:\/\/florisicadouri.ro\/en\/shop\/"},{"@type":"ListItem","position":3,"name":"BUCHET \u201dVIBRANT FLOWER BOUQUET\u201d"}]},{"@type":"WebSite","@id":"https:\/\/florisicadouri.ro\/en\/#website","url":"https:\/\/florisicadouri.ro\/en\/","name":"Flori","description":"","potentialAction":[{"@type":"SearchAction","target":{"@type":"EntryPoint","urlTemplate":"https:\/\/florisicadouri.ro\/en\/?s={search_term_string}"},"query-input":{"@type":"PropertyValueSpecification","valueRequired":true,"valueName":"search_term_string"}}],"inLanguage":"en-US"}]}},"_links":{"self":[{"href":"https:\/\/florisicadouri.ro\/en\/wp-json\/wp\/v2\/product\/4109","targetHints":{"allow":["GET"]}}],"collection":[{"href":"https:\/\/florisicadouri.ro\/en\/wp-json\/wp\/v2\/product"}],"about":[{"href":"https:\/\/florisicadouri.ro\/en\/wp-json\/wp\/v2\/types\/product"}],"wp:featuredmedia":[{"embeddable":true,"href":"https:\/\/florisicadouri.ro\/en\/wp-json\/wp\/v2\/media\/4110"}],"wp:attachment":[{"href":"https:\/\/florisicadouri.ro\/en\/wp-json\/wp\/v2\/media?parent=4109"}],"wp:term":[{"taxonomy":"product_brand","embeddable":true,"href":"https:\/\/florisicadouri.ro\/en\/wp-json\/wp\/v2\/product_brand?post=4109"},{"taxonomy":"product_cat","embeddable":true,"href":"https:\/\/florisicadouri.ro\/en\/wp-json\/wp\/v2\/product_cat?post=4109"},{"taxonomy":"product_tag","embeddable":true,"href":"https:\/\/florisicadouri.ro\/en\/wp-json\/wp\/v2\/product_tag?post=4109"}],"curies":[{"name":"wp","href":"https:\/\/api.w.org\/{rel}","templated":true}]}}