{"id":4161,"date":"2026-02-14T09:00:25","date_gmt":"2026-02-14T07:00:25","guid":{"rendered":"https:\/\/florisicadouri.ro\/?post_type=product&#038;p=4161"},"modified":"2026-03-05T08:02:26","modified_gmt":"2026-03-05T06:02:26","slug":"buchet-lalele-martisor","status":"publish","type":"product","link":"https:\/\/florisicadouri.ro\/en\/product\/buchet-lalele-martisor\/","title":{"rendered":"BUCHET \u201dBUCURIE CU LALELE\u201d"},"content":{"rendered":"","protected":false},"excerpt":{"rendered":"<p><strong>Acest produs se livreaz\u0103 doar pe raza municipiului lui Cluj Napoca.<\/strong><br \/>\nAdu prim\u0103vara mai aproape cu acest aranjament delicat din lalele roz \u0219i fucsia, a\u0219ezate elegant \u00eentr-o vaz\u0103 kraft, decorat\u0103 cu fund\u0103 fin\u0103 \u0219i un m\u0103r\u021bi\u0219or handmade.<br \/>\nEste un cadou accesibil, dar de efect, potrivit pentru 1 Martie, \u00eenceputul prim\u0103verii, anivers\u0103ri sau pentru a surprinde o persoan\u0103 drag\u0103 cu un gest simplu \u0219i elegant.<br \/>\nAranjamentul con\u021bine 9 lalele proaspete \u00een nuan\u021be de roz \u0219i fucsia, m\u00e2\u021bi\u0219ori , fund\u0103 delicat\u0103 \u00een tonuri pastel \u0219i un accesoriu tematic de prim\u0103var\u0103<\/p>\n<p><strong>Completeaz\u0103 cadoul t\u0103u cu:<\/strong><\/p>\n<p><a href=\"https:\/\/florisicadouri.ro\/index.php\/product-category\/ciocolata\/\"><img loading=\"lazy\" decoding=\"async\" class=\"alignnone wp-image-1633 size-full\" src=\"https:\/\/florisicadouri.ro\/wp-content\/uploads\/2016\/11\/9025711112222-150x150-1.jpg\" alt=\"\" width=\"164\" height=\"150\" \/><\/a> <a href=\"https:\/\/florisicadouri.ro\/index.php\/product-category\/vinuri\/\"><img loading=\"lazy\" decoding=\"async\" class=\"alignnone size-full wp-image-1637\" src=\"https:\/\/florisicadouri.ro\/wp-content\/uploads\/2016\/11\/aurelia-visinescu-karakter-rose-1.jpg\" alt=\"\" width=\"84\" height=\"150\" \/><\/a><a href=\"https:\/\/florisicadouri.ro\/index.php\/product-category\/jucarii-plus\/\"><img loading=\"lazy\" decoding=\"async\" class=\"alignnone size-full wp-image-1636\" src=\"https:\/\/florisicadouri.ro\/wp-content\/uploads\/2016\/11\/th-150x150-1.jpg\" alt=\"\" width=\"150\" height=\"150\" srcset=\"https:\/\/florisicadouri.ro\/wp-content\/uploads\/2016\/11\/th-150x150-1.jpg 150w, https:\/\/florisicadouri.ro\/wp-content\/uploads\/2016\/11\/th-150x150-1-80x80.jpg 80w, https:\/\/florisicadouri.ro\/wp-content\/uploads\/2016\/11\/th-150x150-1-100x100.jpg 100w, https:\/\/florisicadouri.ro\/wp-content\/uploads\/2016\/11\/th-150x150-1-96x96.jpg 96w\" sizes=\"auto, (max-width: 150px) 100vw, 150px\" \/><\/a><a href=\"https:\/\/florisicadouri.ro\/index.php\/product-category\/ceai\/\"><img loading=\"lazy\" decoding=\"async\" class=\"alignnone wp-image-1648 size-full\" src=\"https:\/\/florisicadouri.ro\/wp-content\/uploads\/2024\/11\/file-copy.jpg\" alt=\"\" width=\"88\" height=\"150\" \/><\/a><\/p>\n<p>\u2728 De ce s\u0103 \u00eel alegi:<\/p>\n<p>Design modern \u0219i natural<br \/>\nU\u0219or de oferit (nu necesit\u0103 vaz\u0103)<br \/>\nPotrivit pentru bugete accesibile<br \/>\nIdeal pentru cadouri corporate sau personale<br \/>\nUn aranjament simplu, luminos \u0219i plin de prospe\u021bime \u2013 perfect pentru a spune \u201eO prim\u0103var\u0103 frumoas\u0103!\u201d \ud83c\udf38<\/p>\n","protected":false},"featured_media":4162,"template":"","meta":[],"product_brand":[],"product_cat":[91],"product_tag":[],"class_list":{"0":"post-4161","1":"product","2":"type-product","3":"status-publish","4":"has-post-thumbnail","6":"product_cat-1-8-martie-flori-plante-buchete-martisoare-cadouri-lalele","8":"first","9":"instock","10":"shipping-taxable","11":"purchasable","12":"product-type-simple"},"yoast_head":"<!-- This site is optimized with the Yoast SEO plugin v27.4 - https:\/\/yoast.com\/product\/yoast-seo-wordpress\/ -->\n<title>BUCHET \u201dBUCURIE CU LALELE\u201d - Flori si Cadouri<\/title>\n<meta name=\"description\" content=\"Aranjament cu lalele \u00een cutie kraft, decorat cu un m\u0103r\u021bi\u0219or handmade. Cadou accesibil de prim\u0103var\u0103, ideal pentru 1 Martie sau zile speciale.\" \/>\n<meta name=\"robots\" content=\"index, follow, max-snippet:-1, max-image-preview:large, max-video-preview:-1\" \/>\n<link rel=\"canonical\" href=\"https:\/\/florisicadouri.ro\/en\/product\/buchet-lalele-martisor\/\" \/>\n<meta property=\"og:locale\" content=\"en_US\" \/>\n<meta property=\"og:type\" content=\"article\" \/>\n<meta property=\"og:title\" content=\"BUCHET \u201dBUCURIE CU LALELE\u201d - Flori si Cadouri\" \/>\n<meta property=\"og:description\" content=\"Aranjament cu lalele \u00een cutie kraft, decorat cu un m\u0103r\u021bi\u0219or handmade. Cadou accesibil de prim\u0103var\u0103, ideal pentru 1 Martie sau zile speciale.\" \/>\n<meta property=\"og:url\" content=\"https:\/\/florisicadouri.ro\/en\/product\/buchet-lalele-martisor\/\" \/>\n<meta property=\"og:site_name\" content=\"Flori si Cadouri\" \/>\n<meta property=\"article:modified_time\" content=\"2026-03-05T06:02:26+00:00\" \/>\n<meta property=\"og:image\" content=\"https:\/\/florisicadouri.ro\/wp-content\/uploads\/2026\/02\/BUCHET-BUCURIE-CU-LALELE.webp\" \/>\n\t<meta property=\"og:image:width\" content=\"1024\" \/>\n\t<meta property=\"og:image:height\" content=\"1024\" \/>\n\t<meta property=\"og:image:type\" content=\"image\/webp\" \/>\n<meta name=\"twitter:card\" content=\"summary_large_image\" \/>\n<meta name=\"twitter:label1\" content=\"Est. reading time\" \/>\n\t<meta name=\"twitter:data1\" content=\"1 minute\" \/>\n<script type=\"application\/ld+json\" class=\"yoast-schema-graph\">{\"@context\":\"https:\\\/\\\/schema.org\",\"@graph\":[{\"@type\":\"WebPage\",\"@id\":\"https:\\\/\\\/florisicadouri.ro\\\/en\\\/product\\\/buchet-lalele-martisor\\\/\",\"url\":\"https:\\\/\\\/florisicadouri.ro\\\/en\\\/product\\\/buchet-lalele-martisor\\\/\",\"name\":\"BUCHET \u201dBUCURIE CU LALELE\u201d - Flori si Cadouri\",\"isPartOf\":{\"@id\":\"https:\\\/\\\/florisicadouri.ro\\\/en\\\/#website\"},\"primaryImageOfPage\":{\"@id\":\"https:\\\/\\\/florisicadouri.ro\\\/en\\\/product\\\/buchet-lalele-martisor\\\/#primaryimage\"},\"image\":{\"@id\":\"https:\\\/\\\/florisicadouri.ro\\\/en\\\/product\\\/buchet-lalele-martisor\\\/#primaryimage\"},\"thumbnailUrl\":\"https:\\\/\\\/florisicadouri.ro\\\/wp-content\\\/uploads\\\/2026\\\/02\\\/BUCHET-BUCURIE-CU-LALELE.webp\",\"datePublished\":\"2026-02-14T07:00:25+00:00\",\"dateModified\":\"2026-03-05T06:02:26+00:00\",\"description\":\"Aranjament cu lalele \u00een cutie kraft, decorat cu un m\u0103r\u021bi\u0219or handmade. Cadou accesibil de prim\u0103var\u0103, ideal pentru 1 Martie sau zile speciale.\",\"breadcrumb\":{\"@id\":\"https:\\\/\\\/florisicadouri.ro\\\/en\\\/product\\\/buchet-lalele-martisor\\\/#breadcrumb\"},\"inLanguage\":\"en-US\",\"potentialAction\":[{\"@type\":\"ReadAction\",\"target\":[\"https:\\\/\\\/florisicadouri.ro\\\/en\\\/product\\\/buchet-lalele-martisor\\\/\"]}]},{\"@type\":\"ImageObject\",\"inLanguage\":\"en-US\",\"@id\":\"https:\\\/\\\/florisicadouri.ro\\\/en\\\/product\\\/buchet-lalele-martisor\\\/#primaryimage\",\"url\":\"https:\\\/\\\/florisicadouri.ro\\\/wp-content\\\/uploads\\\/2026\\\/02\\\/BUCHET-BUCURIE-CU-LALELE.webp\",\"contentUrl\":\"https:\\\/\\\/florisicadouri.ro\\\/wp-content\\\/uploads\\\/2026\\\/02\\\/BUCHET-BUCURIE-CU-LALELE.webp\",\"width\":1024,\"height\":1024,\"caption\":\"Buchetul \u201eBucurie cu Lalele\u201d este un aranjament floral delicat, plin de prospe\u021bime, perfect pentru a transmite emo\u021bie \u0219i bucurie.\"},{\"@type\":\"BreadcrumbList\",\"@id\":\"https:\\\/\\\/florisicadouri.ro\\\/en\\\/product\\\/buchet-lalele-martisor\\\/#breadcrumb\",\"itemListElement\":[{\"@type\":\"ListItem\",\"position\":1,\"name\":\"Prima pagin\u0103\",\"item\":\"https:\\\/\\\/florisicadouri.ro\\\/en\\\/\"},{\"@type\":\"ListItem\",\"position\":2,\"name\":\"Shop\",\"item\":\"https:\\\/\\\/florisicadouri.ro\\\/en\\\/shop\\\/\"},{\"@type\":\"ListItem\",\"position\":3,\"name\":\"BUCHET \u201dBUCURIE CU LALELE\u201d\"}]},{\"@type\":\"WebSite\",\"@id\":\"https:\\\/\\\/florisicadouri.ro\\\/en\\\/#website\",\"url\":\"https:\\\/\\\/florisicadouri.ro\\\/en\\\/\",\"name\":\"Flori\",\"description\":\"\",\"potentialAction\":[{\"@type\":\"SearchAction\",\"target\":{\"@type\":\"EntryPoint\",\"urlTemplate\":\"https:\\\/\\\/florisicadouri.ro\\\/en\\\/?s={search_term_string}\"},\"query-input\":{\"@type\":\"PropertyValueSpecification\",\"valueRequired\":true,\"valueName\":\"search_term_string\"}}],\"inLanguage\":\"en-US\"}]}<\/script>\n<!-- \/ Yoast SEO plugin. -->","yoast_head_json":{"title":"BUCHET \u201dBUCURIE CU LALELE\u201d - Flori si Cadouri","description":"Aranjament cu lalele \u00een cutie kraft, decorat cu un m\u0103r\u021bi\u0219or handmade. Cadou accesibil de prim\u0103var\u0103, ideal pentru 1 Martie sau zile speciale.","robots":{"index":"index","follow":"follow","max-snippet":"max-snippet:-1","max-image-preview":"max-image-preview:large","max-video-preview":"max-video-preview:-1"},"canonical":"https:\/\/florisicadouri.ro\/en\/product\/buchet-lalele-martisor\/","og_locale":"en_US","og_type":"article","og_title":"BUCHET \u201dBUCURIE CU LALELE\u201d - Flori si Cadouri","og_description":"Aranjament cu lalele \u00een cutie kraft, decorat cu un m\u0103r\u021bi\u0219or handmade. Cadou accesibil de prim\u0103var\u0103, ideal pentru 1 Martie sau zile speciale.","og_url":"https:\/\/florisicadouri.ro\/en\/product\/buchet-lalele-martisor\/","og_site_name":"Flori si Cadouri","article_modified_time":"2026-03-05T06:02:26+00:00","og_image":[{"width":1024,"height":1024,"url":"https:\/\/florisicadouri.ro\/wp-content\/uploads\/2026\/02\/BUCHET-BUCURIE-CU-LALELE.webp","type":"image\/webp"}],"twitter_card":"summary_large_image","twitter_misc":{"Est. reading time":"1 minute"},"schema":{"@context":"https:\/\/schema.org","@graph":[{"@type":"WebPage","@id":"https:\/\/florisicadouri.ro\/en\/product\/buchet-lalele-martisor\/","url":"https:\/\/florisicadouri.ro\/en\/product\/buchet-lalele-martisor\/","name":"BUCHET \u201dBUCURIE CU LALELE\u201d - Flori si Cadouri","isPartOf":{"@id":"https:\/\/florisicadouri.ro\/en\/#website"},"primaryImageOfPage":{"@id":"https:\/\/florisicadouri.ro\/en\/product\/buchet-lalele-martisor\/#primaryimage"},"image":{"@id":"https:\/\/florisicadouri.ro\/en\/product\/buchet-lalele-martisor\/#primaryimage"},"thumbnailUrl":"https:\/\/florisicadouri.ro\/wp-content\/uploads\/2026\/02\/BUCHET-BUCURIE-CU-LALELE.webp","datePublished":"2026-02-14T07:00:25+00:00","dateModified":"2026-03-05T06:02:26+00:00","description":"Aranjament cu lalele \u00een cutie kraft, decorat cu un m\u0103r\u021bi\u0219or handmade. Cadou accesibil de prim\u0103var\u0103, ideal pentru 1 Martie sau zile speciale.","breadcrumb":{"@id":"https:\/\/florisicadouri.ro\/en\/product\/buchet-lalele-martisor\/#breadcrumb"},"inLanguage":"en-US","potentialAction":[{"@type":"ReadAction","target":["https:\/\/florisicadouri.ro\/en\/product\/buchet-lalele-martisor\/"]}]},{"@type":"ImageObject","inLanguage":"en-US","@id":"https:\/\/florisicadouri.ro\/en\/product\/buchet-lalele-martisor\/#primaryimage","url":"https:\/\/florisicadouri.ro\/wp-content\/uploads\/2026\/02\/BUCHET-BUCURIE-CU-LALELE.webp","contentUrl":"https:\/\/florisicadouri.ro\/wp-content\/uploads\/2026\/02\/BUCHET-BUCURIE-CU-LALELE.webp","width":1024,"height":1024,"caption":"Buchetul \u201eBucurie cu Lalele\u201d este un aranjament floral delicat, plin de prospe\u021bime, perfect pentru a transmite emo\u021bie \u0219i bucurie."},{"@type":"BreadcrumbList","@id":"https:\/\/florisicadouri.ro\/en\/product\/buchet-lalele-martisor\/#breadcrumb","itemListElement":[{"@type":"ListItem","position":1,"name":"Prima pagin\u0103","item":"https:\/\/florisicadouri.ro\/en\/"},{"@type":"ListItem","position":2,"name":"Shop","item":"https:\/\/florisicadouri.ro\/en\/shop\/"},{"@type":"ListItem","position":3,"name":"BUCHET \u201dBUCURIE CU LALELE\u201d"}]},{"@type":"WebSite","@id":"https:\/\/florisicadouri.ro\/en\/#website","url":"https:\/\/florisicadouri.ro\/en\/","name":"Flori","description":"","potentialAction":[{"@type":"SearchAction","target":{"@type":"EntryPoint","urlTemplate":"https:\/\/florisicadouri.ro\/en\/?s={search_term_string}"},"query-input":{"@type":"PropertyValueSpecification","valueRequired":true,"valueName":"search_term_string"}}],"inLanguage":"en-US"}]}},"_links":{"self":[{"href":"https:\/\/florisicadouri.ro\/en\/wp-json\/wp\/v2\/product\/4161","targetHints":{"allow":["GET"]}}],"collection":[{"href":"https:\/\/florisicadouri.ro\/en\/wp-json\/wp\/v2\/product"}],"about":[{"href":"https:\/\/florisicadouri.ro\/en\/wp-json\/wp\/v2\/types\/product"}],"wp:featuredmedia":[{"embeddable":true,"href":"https:\/\/florisicadouri.ro\/en\/wp-json\/wp\/v2\/media\/4162"}],"wp:attachment":[{"href":"https:\/\/florisicadouri.ro\/en\/wp-json\/wp\/v2\/media?parent=4161"}],"wp:term":[{"taxonomy":"product_brand","embeddable":true,"href":"https:\/\/florisicadouri.ro\/en\/wp-json\/wp\/v2\/product_brand?post=4161"},{"taxonomy":"product_cat","embeddable":true,"href":"https:\/\/florisicadouri.ro\/en\/wp-json\/wp\/v2\/product_cat?post=4161"},{"taxonomy":"product_tag","embeddable":true,"href":"https:\/\/florisicadouri.ro\/en\/wp-json\/wp\/v2\/product_tag?post=4161"}],"curies":[{"name":"wp","href":"https:\/\/api.w.org\/{rel}","templated":true}]}}