{"id":4307,"date":"2026-03-26T10:20:55","date_gmt":"2026-03-26T08:20:55","guid":{"rendered":"https:\/\/florisicadouri.ro\/?post_type=product&#038;p=4307"},"modified":"2026-03-26T10:56:07","modified_gmt":"2026-03-26T08:56:07","slug":"aranjament-floral-easter-colourful-flowers","status":"publish","type":"product","link":"https:\/\/florisicadouri.ro\/en\/product\/aranjament-floral-easter-colourful-flowers\/","title":{"rendered":"ARANJAMENT FLORAL \u201dEaster colourful flowers\u201d"},"content":{"rendered":"","protected":false},"excerpt":{"rendered":"<p><strong>Acest produs se livreaz\u0103 doar pe raza municipiului lui Cluj Napoca.<\/strong><br \/>\nUn aranjament floral deosebit, creat special pentru a aduce farmecul prim\u0103verii \u0219i bucuria s\u0103rb\u0103torilor de Pa\u0219te \u00een orice spa\u021biu.<br \/>\nRealizat \u00eentr-un vas ceramic decorativ cu motive florale, acest aranjament \u00eembin\u0103 armonios flori \u00een nuan\u021be pastelate \u2013 galben, roz, mov \u0219i crem \u2013 cu accente proaspete de verdea\u021b\u0103. Ou\u0103le decorative, atent integrate \u0219i discret r\u0103sfirate printre flori, completeaz\u0103 perfect tema pascal\u0103, oferind un aspect natural \u0219i echilibrat.<br \/>\n<strong>Completeaz\u0103 cadoul t\u0103u cu:<\/strong><\/p>\n<p><a href=\"https:\/\/florisicadouri.ro\/index.php\/product-category\/ciocolata\/\"><img loading=\"lazy\" decoding=\"async\" class=\"alignnone wp-image-1633 size-full\" src=\"https:\/\/florisicadouri.ro\/wp-content\/uploads\/2016\/11\/9025711112222-150x150-1.jpg\" alt=\"\" width=\"164\" height=\"150\" \/><\/a> <a href=\"https:\/\/florisicadouri.ro\/index.php\/product-category\/vinuri\/\"><img loading=\"lazy\" decoding=\"async\" class=\"alignnone size-full wp-image-1637\" src=\"https:\/\/florisicadouri.ro\/wp-content\/uploads\/2016\/11\/aurelia-visinescu-karakter-rose-1.jpg\" alt=\"\" width=\"84\" height=\"150\" \/><\/a><a href=\"https:\/\/florisicadouri.ro\/index.php\/product-category\/jucarii-plus\/\"><img loading=\"lazy\" decoding=\"async\" class=\"alignnone size-full wp-image-1636\" src=\"https:\/\/florisicadouri.ro\/wp-content\/uploads\/2016\/11\/th-150x150-1.jpg\" alt=\"\" width=\"150\" height=\"150\" srcset=\"https:\/\/florisicadouri.ro\/wp-content\/uploads\/2016\/11\/th-150x150-1.jpg 150w, https:\/\/florisicadouri.ro\/wp-content\/uploads\/2016\/11\/th-150x150-1-80x80.jpg 80w, https:\/\/florisicadouri.ro\/wp-content\/uploads\/2016\/11\/th-150x150-1-100x100.jpg 100w, https:\/\/florisicadouri.ro\/wp-content\/uploads\/2016\/11\/th-150x150-1-96x96.jpg 96w\" sizes=\"auto, (max-width: 150px) 100vw, 150px\" \/><\/a><a href=\"https:\/\/florisicadouri.ro\/index.php\/product-category\/ceai\/\"><img loading=\"lazy\" decoding=\"async\" class=\"alignnone wp-image-1648 size-full\" src=\"https:\/\/florisicadouri.ro\/wp-content\/uploads\/2024\/11\/file-copy.jpg\" alt=\"\" width=\"88\" height=\"150\" \/><\/a><\/p>\n<p>Designul este elegant \u0219i aerisit, p\u0103str\u00e2nd forma rotund\u0103 a buchetului, f\u0103r\u0103 a \u00eenc\u0103rca vizual compozi\u021bia. Este ideal at\u00e2t pentru decorul casei, c\u00e2t \u0219i ca un cadou rafinat pentru cei dragi.<br \/>\n\u2728 Potrivit pentru:<\/p>\n<p>&#8211; decor de Pa\u0219te<br \/>\n&#8211; cadou de prim\u0103var\u0103<br \/>\n&#8211; aranjamente pentru mas\u0103 festiv\u0103<\/p>\n<p>Un aranjament delicat \u0219i luminos, care aduce atmosfera s\u0103rb\u0103torilor direct \u00een casa ta.<\/p>\n","protected":false},"featured_media":4308,"template":"","meta":[],"product_brand":[],"product_cat":[90],"product_tag":[],"class_list":{"0":"post-4307","1":"product","2":"type-product","3":"status-publish","4":"has-post-thumbnail","6":"product_cat-decoratiuni-paste","8":"first","9":"instock","10":"shipping-taxable","11":"purchasable","12":"product-type-simple"},"yoast_head":"<!-- This site is optimized with the Yoast SEO plugin v27.4 - https:\/\/yoast.com\/product\/yoast-seo-wordpress\/ -->\n<title>ARANJAMENT FLORAL \u201dEaster colourful flowers\u201d - Flori si Cadouri<\/title>\n<meta name=\"description\" content=\"Aranjament floral \u201dEaster colourful flowers\u201d \u00een vas ceramic, cu flori naturale pastel \u0219i ou\u0103 decorative. Cadoul perfect pentru Pa\u0219te, elegant \u0219i delicat.\" \/>\n<meta name=\"robots\" content=\"index, follow, max-snippet:-1, max-image-preview:large, max-video-preview:-1\" \/>\n<link rel=\"canonical\" href=\"https:\/\/florisicadouri.ro\/en\/product\/aranjament-floral-easter-colourful-flowers\/\" \/>\n<meta property=\"og:locale\" content=\"en_US\" \/>\n<meta property=\"og:type\" content=\"article\" \/>\n<meta property=\"og:title\" content=\"ARANJAMENT FLORAL \u201dEaster colourful flowers\u201d - Flori si Cadouri\" \/>\n<meta property=\"og:description\" content=\"Aranjament floral \u201dEaster colourful flowers\u201d \u00een vas ceramic, cu flori naturale pastel \u0219i ou\u0103 decorative. Cadoul perfect pentru Pa\u0219te, elegant \u0219i delicat.\" \/>\n<meta property=\"og:url\" content=\"https:\/\/florisicadouri.ro\/en\/product\/aranjament-floral-easter-colourful-flowers\/\" \/>\n<meta property=\"og:site_name\" content=\"Flori si Cadouri\" \/>\n<meta property=\"article:modified_time\" content=\"2026-03-26T08:56:07+00:00\" \/>\n<meta property=\"og:image\" content=\"https:\/\/florisicadouri.ro\/wp-content\/uploads\/2026\/03\/ARANJAMENT-FLORAL-Easter-colourful-flowers-e1774515360554.webp\" \/>\n\t<meta property=\"og:image:width\" content=\"1024\" \/>\n\t<meta property=\"og:image:height\" content=\"1030\" \/>\n\t<meta property=\"og:image:type\" content=\"image\/webp\" \/>\n<meta name=\"twitter:card\" content=\"summary_large_image\" \/>\n<meta name=\"twitter:label1\" content=\"Est. reading time\" \/>\n\t<meta name=\"twitter:data1\" content=\"1 minute\" \/>\n<script type=\"application\/ld+json\" class=\"yoast-schema-graph\">{\"@context\":\"https:\\\/\\\/schema.org\",\"@graph\":[{\"@type\":\"WebPage\",\"@id\":\"https:\\\/\\\/florisicadouri.ro\\\/en\\\/product\\\/aranjament-floral-easter-colourful-flowers\\\/\",\"url\":\"https:\\\/\\\/florisicadouri.ro\\\/en\\\/product\\\/aranjament-floral-easter-colourful-flowers\\\/\",\"name\":\"ARANJAMENT FLORAL \u201dEaster colourful flowers\u201d - Flori si Cadouri\",\"isPartOf\":{\"@id\":\"https:\\\/\\\/florisicadouri.ro\\\/en\\\/#website\"},\"primaryImageOfPage\":{\"@id\":\"https:\\\/\\\/florisicadouri.ro\\\/en\\\/product\\\/aranjament-floral-easter-colourful-flowers\\\/#primaryimage\"},\"image\":{\"@id\":\"https:\\\/\\\/florisicadouri.ro\\\/en\\\/product\\\/aranjament-floral-easter-colourful-flowers\\\/#primaryimage\"},\"thumbnailUrl\":\"https:\\\/\\\/florisicadouri.ro\\\/wp-content\\\/uploads\\\/2026\\\/03\\\/ARANJAMENT-FLORAL-Easter-colourful-flowers-e1774515360554.webp\",\"datePublished\":\"2026-03-26T08:20:55+00:00\",\"dateModified\":\"2026-03-26T08:56:07+00:00\",\"description\":\"Aranjament floral \u201dEaster colourful flowers\u201d \u00een vas ceramic, cu flori naturale pastel \u0219i ou\u0103 decorative. Cadoul perfect pentru Pa\u0219te, elegant \u0219i delicat.\",\"breadcrumb\":{\"@id\":\"https:\\\/\\\/florisicadouri.ro\\\/en\\\/product\\\/aranjament-floral-easter-colourful-flowers\\\/#breadcrumb\"},\"inLanguage\":\"en-US\",\"potentialAction\":[{\"@type\":\"ReadAction\",\"target\":[\"https:\\\/\\\/florisicadouri.ro\\\/en\\\/product\\\/aranjament-floral-easter-colourful-flowers\\\/\"]}]},{\"@type\":\"ImageObject\",\"inLanguage\":\"en-US\",\"@id\":\"https:\\\/\\\/florisicadouri.ro\\\/en\\\/product\\\/aranjament-floral-easter-colourful-flowers\\\/#primaryimage\",\"url\":\"https:\\\/\\\/florisicadouri.ro\\\/wp-content\\\/uploads\\\/2026\\\/03\\\/ARANJAMENT-FLORAL-Easter-colourful-flowers-e1774515360554.webp\",\"contentUrl\":\"https:\\\/\\\/florisicadouri.ro\\\/wp-content\\\/uploads\\\/2026\\\/03\\\/ARANJAMENT-FLORAL-Easter-colourful-flowers-e1774515360554.webp\",\"width\":1024,\"height\":1030},{\"@type\":\"BreadcrumbList\",\"@id\":\"https:\\\/\\\/florisicadouri.ro\\\/en\\\/product\\\/aranjament-floral-easter-colourful-flowers\\\/#breadcrumb\",\"itemListElement\":[{\"@type\":\"ListItem\",\"position\":1,\"name\":\"Prima pagin\u0103\",\"item\":\"https:\\\/\\\/florisicadouri.ro\\\/en\\\/\"},{\"@type\":\"ListItem\",\"position\":2,\"name\":\"Shop\",\"item\":\"https:\\\/\\\/florisicadouri.ro\\\/en\\\/shop\\\/\"},{\"@type\":\"ListItem\",\"position\":3,\"name\":\"ARANJAMENT FLORAL \u201dEaster colourful flowers\u201d\"}]},{\"@type\":\"WebSite\",\"@id\":\"https:\\\/\\\/florisicadouri.ro\\\/en\\\/#website\",\"url\":\"https:\\\/\\\/florisicadouri.ro\\\/en\\\/\",\"name\":\"Flori\",\"description\":\"\",\"potentialAction\":[{\"@type\":\"SearchAction\",\"target\":{\"@type\":\"EntryPoint\",\"urlTemplate\":\"https:\\\/\\\/florisicadouri.ro\\\/en\\\/?s={search_term_string}\"},\"query-input\":{\"@type\":\"PropertyValueSpecification\",\"valueRequired\":true,\"valueName\":\"search_term_string\"}}],\"inLanguage\":\"en-US\"}]}<\/script>\n<!-- \/ Yoast SEO plugin. -->","yoast_head_json":{"title":"ARANJAMENT FLORAL \u201dEaster colourful flowers\u201d - Flori si Cadouri","description":"Aranjament floral \u201dEaster colourful flowers\u201d \u00een vas ceramic, cu flori naturale pastel \u0219i ou\u0103 decorative. Cadoul perfect pentru Pa\u0219te, elegant \u0219i delicat.","robots":{"index":"index","follow":"follow","max-snippet":"max-snippet:-1","max-image-preview":"max-image-preview:large","max-video-preview":"max-video-preview:-1"},"canonical":"https:\/\/florisicadouri.ro\/en\/product\/aranjament-floral-easter-colourful-flowers\/","og_locale":"en_US","og_type":"article","og_title":"ARANJAMENT FLORAL \u201dEaster colourful flowers\u201d - Flori si Cadouri","og_description":"Aranjament floral \u201dEaster colourful flowers\u201d \u00een vas ceramic, cu flori naturale pastel \u0219i ou\u0103 decorative. Cadoul perfect pentru Pa\u0219te, elegant \u0219i delicat.","og_url":"https:\/\/florisicadouri.ro\/en\/product\/aranjament-floral-easter-colourful-flowers\/","og_site_name":"Flori si Cadouri","article_modified_time":"2026-03-26T08:56:07+00:00","og_image":[{"width":1024,"height":1030,"url":"https:\/\/florisicadouri.ro\/wp-content\/uploads\/2026\/03\/ARANJAMENT-FLORAL-Easter-colourful-flowers-e1774515360554.webp","type":"image\/webp"}],"twitter_card":"summary_large_image","twitter_misc":{"Est. reading time":"1 minute"},"schema":{"@context":"https:\/\/schema.org","@graph":[{"@type":"WebPage","@id":"https:\/\/florisicadouri.ro\/en\/product\/aranjament-floral-easter-colourful-flowers\/","url":"https:\/\/florisicadouri.ro\/en\/product\/aranjament-floral-easter-colourful-flowers\/","name":"ARANJAMENT FLORAL \u201dEaster colourful flowers\u201d - Flori si Cadouri","isPartOf":{"@id":"https:\/\/florisicadouri.ro\/en\/#website"},"primaryImageOfPage":{"@id":"https:\/\/florisicadouri.ro\/en\/product\/aranjament-floral-easter-colourful-flowers\/#primaryimage"},"image":{"@id":"https:\/\/florisicadouri.ro\/en\/product\/aranjament-floral-easter-colourful-flowers\/#primaryimage"},"thumbnailUrl":"https:\/\/florisicadouri.ro\/wp-content\/uploads\/2026\/03\/ARANJAMENT-FLORAL-Easter-colourful-flowers-e1774515360554.webp","datePublished":"2026-03-26T08:20:55+00:00","dateModified":"2026-03-26T08:56:07+00:00","description":"Aranjament floral \u201dEaster colourful flowers\u201d \u00een vas ceramic, cu flori naturale pastel \u0219i ou\u0103 decorative. Cadoul perfect pentru Pa\u0219te, elegant \u0219i delicat.","breadcrumb":{"@id":"https:\/\/florisicadouri.ro\/en\/product\/aranjament-floral-easter-colourful-flowers\/#breadcrumb"},"inLanguage":"en-US","potentialAction":[{"@type":"ReadAction","target":["https:\/\/florisicadouri.ro\/en\/product\/aranjament-floral-easter-colourful-flowers\/"]}]},{"@type":"ImageObject","inLanguage":"en-US","@id":"https:\/\/florisicadouri.ro\/en\/product\/aranjament-floral-easter-colourful-flowers\/#primaryimage","url":"https:\/\/florisicadouri.ro\/wp-content\/uploads\/2026\/03\/ARANJAMENT-FLORAL-Easter-colourful-flowers-e1774515360554.webp","contentUrl":"https:\/\/florisicadouri.ro\/wp-content\/uploads\/2026\/03\/ARANJAMENT-FLORAL-Easter-colourful-flowers-e1774515360554.webp","width":1024,"height":1030},{"@type":"BreadcrumbList","@id":"https:\/\/florisicadouri.ro\/en\/product\/aranjament-floral-easter-colourful-flowers\/#breadcrumb","itemListElement":[{"@type":"ListItem","position":1,"name":"Prima pagin\u0103","item":"https:\/\/florisicadouri.ro\/en\/"},{"@type":"ListItem","position":2,"name":"Shop","item":"https:\/\/florisicadouri.ro\/en\/shop\/"},{"@type":"ListItem","position":3,"name":"ARANJAMENT FLORAL \u201dEaster colourful flowers\u201d"}]},{"@type":"WebSite","@id":"https:\/\/florisicadouri.ro\/en\/#website","url":"https:\/\/florisicadouri.ro\/en\/","name":"Flori","description":"","potentialAction":[{"@type":"SearchAction","target":{"@type":"EntryPoint","urlTemplate":"https:\/\/florisicadouri.ro\/en\/?s={search_term_string}"},"query-input":{"@type":"PropertyValueSpecification","valueRequired":true,"valueName":"search_term_string"}}],"inLanguage":"en-US"}]}},"_links":{"self":[{"href":"https:\/\/florisicadouri.ro\/en\/wp-json\/wp\/v2\/product\/4307","targetHints":{"allow":["GET"]}}],"collection":[{"href":"https:\/\/florisicadouri.ro\/en\/wp-json\/wp\/v2\/product"}],"about":[{"href":"https:\/\/florisicadouri.ro\/en\/wp-json\/wp\/v2\/types\/product"}],"wp:featuredmedia":[{"embeddable":true,"href":"https:\/\/florisicadouri.ro\/en\/wp-json\/wp\/v2\/media\/4308"}],"wp:attachment":[{"href":"https:\/\/florisicadouri.ro\/en\/wp-json\/wp\/v2\/media?parent=4307"}],"wp:term":[{"taxonomy":"product_brand","embeddable":true,"href":"https:\/\/florisicadouri.ro\/en\/wp-json\/wp\/v2\/product_brand?post=4307"},{"taxonomy":"product_cat","embeddable":true,"href":"https:\/\/florisicadouri.ro\/en\/wp-json\/wp\/v2\/product_cat?post=4307"},{"taxonomy":"product_tag","embeddable":true,"href":"https:\/\/florisicadouri.ro\/en\/wp-json\/wp\/v2\/product_tag?post=4307"}],"curies":[{"name":"wp","href":"https:\/\/api.w.org\/{rel}","templated":true}]}}