{"id":4325,"date":"2026-03-27T08:31:09","date_gmt":"2026-03-27T06:31:09","guid":{"rendered":"https:\/\/florisicadouri.ro\/?post_type=product&#038;p=4325"},"modified":"2026-03-27T13:54:13","modified_gmt":"2026-03-27T11:54:13","slug":"aranjament-paste-easter-basket-2","status":"publish","type":"product","link":"https:\/\/florisicadouri.ro\/en\/product\/aranjament-paste-easter-basket-2\/","title":{"rendered":"ARANJAMENT PASTE \u201dEaster basket\u201d 2"},"content":{"rendered":"","protected":false},"excerpt":{"rendered":"<p>Aranjament de Pa\u0219te \u201dEaster basket\u201d cu r\u0103\u021bu\u0219c\u0103, ou\u0103 decorative \u0219i flori artificiale \u2013 co\u0219 rustic de prim\u0103var\u0103.(22cmx26cm)<br \/>\nAdaug\u0103 un aer proasp\u0103t \u0219i festiv locuin\u021bei tale cu acest aranjament de Pa\u0219te realizat manual, \u00eentr-un co\u0219 rustic decorat cu mu\u0219chi natural.<br \/>\n<strong>Completeaz\u0103 cadoul t\u0103u cu:<\/strong><br \/>\n<a href=\"https:\/\/florisicadouri.ro\/index.php\/product-category\/ciocolata\/\"><img loading=\"lazy\" decoding=\"async\" class=\"alignnone wp-image-1633 size-full\" src=\"https:\/\/florisicadouri.ro\/wp-content\/uploads\/2016\/11\/9025711112222-150x150-1.jpg\" alt=\"\" width=\"164\" height=\"150\" \/><\/a> <a href=\"https:\/\/florisicadouri.ro\/index.php\/product-category\/vinuri\/\"><img loading=\"lazy\" decoding=\"async\" class=\"alignnone size-full wp-image-1637\" src=\"https:\/\/florisicadouri.ro\/wp-content\/uploads\/2016\/11\/aurelia-visinescu-karakter-rose-1.jpg\" alt=\"\" width=\"84\" height=\"150\" \/><\/a><a href=\"https:\/\/florisicadouri.ro\/index.php\/product-category\/jucarii-plus\/\"><img loading=\"lazy\" decoding=\"async\" class=\"alignnone size-full wp-image-1636\" src=\"https:\/\/florisicadouri.ro\/wp-content\/uploads\/2016\/11\/th-150x150-1.jpg\" alt=\"\" width=\"150\" height=\"150\" srcset=\"https:\/\/florisicadouri.ro\/wp-content\/uploads\/2016\/11\/th-150x150-1.jpg 150w, https:\/\/florisicadouri.ro\/wp-content\/uploads\/2016\/11\/th-150x150-1-80x80.jpg 80w, https:\/\/florisicadouri.ro\/wp-content\/uploads\/2016\/11\/th-150x150-1-100x100.jpg 100w, https:\/\/florisicadouri.ro\/wp-content\/uploads\/2016\/11\/th-150x150-1-96x96.jpg 96w\" sizes=\"auto, (max-width: 150px) 100vw, 150px\" \/><\/a><a href=\"https:\/\/florisicadouri.ro\/index.php\/product-category\/ceai\/\"><img loading=\"lazy\" decoding=\"async\" class=\"alignnone wp-image-1648 size-full\" src=\"https:\/\/florisicadouri.ro\/wp-content\/uploads\/2024\/11\/file-copy.jpg\" alt=\"\" width=\"88\" height=\"150\" \/><\/a><br \/>\nCompozi\u021bia \u00eembin\u0103 armonios o r\u0103\u021bu\u0219c\u0103 decorativ\u0103, ou\u0103 pastelate \u0219i flori delicate de prim\u0103var\u0103, oferind un design echilibrat \u0219i plin de culoare. Elementele naturale \u0219i detaliile atent lucrate creeaz\u0103 un decor autentic, perfect pentru s\u0103rb\u0103torile pascale.<\/p>\n<p>Acest aranjament decorativ de Pa\u0219te este ideal pentru:<br \/>\n\u2714 decorarea mesei festive<br \/>\n\u2714 \u00eenfrumuse\u021barea casei sau a biroului<br \/>\n\u2714 oferirea unui cadou original \u0219i simpatic<\/p>\n<p>Datorit\u0103 stilului rustic \u0219i culorilor calde, produsul se integreaz\u0103 u\u0219or \u00een orice tip de decor \u0219i aduce o atmosfer\u0103 primitoare \u0219i vesel\u0103.<\/p>\n","protected":false},"featured_media":4332,"template":"","meta":[],"product_brand":[],"product_cat":[90],"product_tag":[],"class_list":{"0":"post-4325","1":"product","2":"type-product","3":"status-publish","4":"has-post-thumbnail","6":"product_cat-decoratiuni-paste","8":"first","9":"instock","10":"shipping-taxable","11":"purchasable","12":"product-type-simple"},"yoast_head":"<!-- This site is optimized with the Yoast SEO plugin v27.4 - https:\/\/yoast.com\/product\/yoast-seo-wordpress\/ -->\n<title>ARANJAMENT PASTE \u201dEaster basket\u201d 2 - Flori si Cadouri<\/title>\n<meta name=\"description\" content=\"Aranjament de Pa\u0219te Easter baskett, cu r\u0103\u021bu\u0219c\u0103 decorativ\u0103, ou\u0103 pastel \u0219i flori artificiale, \u00een co\u0219 rustic. Ideal pentru decor festiv sau cadou de Paste.\" \/>\n<meta name=\"robots\" content=\"index, follow, max-snippet:-1, max-image-preview:large, max-video-preview:-1\" \/>\n<link rel=\"canonical\" href=\"https:\/\/florisicadouri.ro\/en\/product\/aranjament-paste-easter-basket-2\/\" \/>\n<meta property=\"og:locale\" content=\"en_US\" \/>\n<meta property=\"og:type\" content=\"article\" \/>\n<meta property=\"og:title\" content=\"ARANJAMENT PASTE \u201dEaster basket\u201d 2 - Flori si Cadouri\" \/>\n<meta property=\"og:description\" content=\"Aranjament de Pa\u0219te Easter baskett, cu r\u0103\u021bu\u0219c\u0103 decorativ\u0103, ou\u0103 pastel \u0219i flori artificiale, \u00een co\u0219 rustic. Ideal pentru decor festiv sau cadou de Paste.\" \/>\n<meta property=\"og:url\" content=\"https:\/\/florisicadouri.ro\/en\/product\/aranjament-paste-easter-basket-2\/\" \/>\n<meta property=\"og:site_name\" content=\"Flori si Cadouri\" \/>\n<meta property=\"article:modified_time\" content=\"2026-03-27T11:54:13+00:00\" \/>\n<meta property=\"og:image\" content=\"https:\/\/florisicadouri.ro\/wp-content\/uploads\/2026\/03\/ARANJAMENT-PASTEEaster-basket2.png\" \/>\n\t<meta property=\"og:image:width\" content=\"1024\" \/>\n\t<meta property=\"og:image:height\" content=\"1024\" \/>\n\t<meta property=\"og:image:type\" content=\"image\/png\" \/>\n<meta name=\"twitter:card\" content=\"summary_large_image\" \/>\n<meta name=\"twitter:label1\" content=\"Est. reading time\" \/>\n\t<meta name=\"twitter:data1\" content=\"1 minute\" \/>\n<script type=\"application\/ld+json\" class=\"yoast-schema-graph\">{\"@context\":\"https:\\\/\\\/schema.org\",\"@graph\":[{\"@type\":\"WebPage\",\"@id\":\"https:\\\/\\\/florisicadouri.ro\\\/en\\\/product\\\/aranjament-paste-easter-basket-2\\\/\",\"url\":\"https:\\\/\\\/florisicadouri.ro\\\/en\\\/product\\\/aranjament-paste-easter-basket-2\\\/\",\"name\":\"ARANJAMENT PASTE \u201dEaster basket\u201d 2 - Flori si Cadouri\",\"isPartOf\":{\"@id\":\"https:\\\/\\\/florisicadouri.ro\\\/en\\\/#website\"},\"primaryImageOfPage\":{\"@id\":\"https:\\\/\\\/florisicadouri.ro\\\/en\\\/product\\\/aranjament-paste-easter-basket-2\\\/#primaryimage\"},\"image\":{\"@id\":\"https:\\\/\\\/florisicadouri.ro\\\/en\\\/product\\\/aranjament-paste-easter-basket-2\\\/#primaryimage\"},\"thumbnailUrl\":\"https:\\\/\\\/florisicadouri.ro\\\/wp-content\\\/uploads\\\/2026\\\/03\\\/ARANJAMENT-PASTEEaster-basket2.png\",\"datePublished\":\"2026-03-27T06:31:09+00:00\",\"dateModified\":\"2026-03-27T11:54:13+00:00\",\"description\":\"Aranjament de Pa\u0219te Easter baskett, cu r\u0103\u021bu\u0219c\u0103 decorativ\u0103, ou\u0103 pastel \u0219i flori artificiale, \u00een co\u0219 rustic. Ideal pentru decor festiv sau cadou de Paste.\",\"breadcrumb\":{\"@id\":\"https:\\\/\\\/florisicadouri.ro\\\/en\\\/product\\\/aranjament-paste-easter-basket-2\\\/#breadcrumb\"},\"inLanguage\":\"en-US\",\"potentialAction\":[{\"@type\":\"ReadAction\",\"target\":[\"https:\\\/\\\/florisicadouri.ro\\\/en\\\/product\\\/aranjament-paste-easter-basket-2\\\/\"]}]},{\"@type\":\"ImageObject\",\"inLanguage\":\"en-US\",\"@id\":\"https:\\\/\\\/florisicadouri.ro\\\/en\\\/product\\\/aranjament-paste-easter-basket-2\\\/#primaryimage\",\"url\":\"https:\\\/\\\/florisicadouri.ro\\\/wp-content\\\/uploads\\\/2026\\\/03\\\/ARANJAMENT-PASTEEaster-basket2.png\",\"contentUrl\":\"https:\\\/\\\/florisicadouri.ro\\\/wp-content\\\/uploads\\\/2026\\\/03\\\/ARANJAMENT-PASTEEaster-basket2.png\",\"width\":1024,\"height\":1024,\"caption\":\"Co\u0219 decorativ de Pa\u0219te realizat manual, cu r\u0103\u021bu\u0219c\u0103, ou\u0103 decorative \u0219i flori de prim\u0103var\u0103, ideal pentru decor sau cadou festiv.\"},{\"@type\":\"BreadcrumbList\",\"@id\":\"https:\\\/\\\/florisicadouri.ro\\\/en\\\/product\\\/aranjament-paste-easter-basket-2\\\/#breadcrumb\",\"itemListElement\":[{\"@type\":\"ListItem\",\"position\":1,\"name\":\"Prima pagin\u0103\",\"item\":\"https:\\\/\\\/florisicadouri.ro\\\/en\\\/\"},{\"@type\":\"ListItem\",\"position\":2,\"name\":\"Shop\",\"item\":\"https:\\\/\\\/florisicadouri.ro\\\/en\\\/shop\\\/\"},{\"@type\":\"ListItem\",\"position\":3,\"name\":\"ARANJAMENT PASTE \u201dEaster basket\u201d 2\"}]},{\"@type\":\"WebSite\",\"@id\":\"https:\\\/\\\/florisicadouri.ro\\\/en\\\/#website\",\"url\":\"https:\\\/\\\/florisicadouri.ro\\\/en\\\/\",\"name\":\"Flori\",\"description\":\"\",\"potentialAction\":[{\"@type\":\"SearchAction\",\"target\":{\"@type\":\"EntryPoint\",\"urlTemplate\":\"https:\\\/\\\/florisicadouri.ro\\\/en\\\/?s={search_term_string}\"},\"query-input\":{\"@type\":\"PropertyValueSpecification\",\"valueRequired\":true,\"valueName\":\"search_term_string\"}}],\"inLanguage\":\"en-US\"}]}<\/script>\n<!-- \/ Yoast SEO plugin. -->","yoast_head_json":{"title":"ARANJAMENT PASTE \u201dEaster basket\u201d 2 - Flori si Cadouri","description":"Aranjament de Pa\u0219te Easter baskett, cu r\u0103\u021bu\u0219c\u0103 decorativ\u0103, ou\u0103 pastel \u0219i flori artificiale, \u00een co\u0219 rustic. Ideal pentru decor festiv sau cadou de Paste.","robots":{"index":"index","follow":"follow","max-snippet":"max-snippet:-1","max-image-preview":"max-image-preview:large","max-video-preview":"max-video-preview:-1"},"canonical":"https:\/\/florisicadouri.ro\/en\/product\/aranjament-paste-easter-basket-2\/","og_locale":"en_US","og_type":"article","og_title":"ARANJAMENT PASTE \u201dEaster basket\u201d 2 - Flori si Cadouri","og_description":"Aranjament de Pa\u0219te Easter baskett, cu r\u0103\u021bu\u0219c\u0103 decorativ\u0103, ou\u0103 pastel \u0219i flori artificiale, \u00een co\u0219 rustic. Ideal pentru decor festiv sau cadou de Paste.","og_url":"https:\/\/florisicadouri.ro\/en\/product\/aranjament-paste-easter-basket-2\/","og_site_name":"Flori si Cadouri","article_modified_time":"2026-03-27T11:54:13+00:00","og_image":[{"width":1024,"height":1024,"url":"https:\/\/florisicadouri.ro\/wp-content\/uploads\/2026\/03\/ARANJAMENT-PASTEEaster-basket2.png","type":"image\/png"}],"twitter_card":"summary_large_image","twitter_misc":{"Est. reading time":"1 minute"},"schema":{"@context":"https:\/\/schema.org","@graph":[{"@type":"WebPage","@id":"https:\/\/florisicadouri.ro\/en\/product\/aranjament-paste-easter-basket-2\/","url":"https:\/\/florisicadouri.ro\/en\/product\/aranjament-paste-easter-basket-2\/","name":"ARANJAMENT PASTE \u201dEaster basket\u201d 2 - Flori si Cadouri","isPartOf":{"@id":"https:\/\/florisicadouri.ro\/en\/#website"},"primaryImageOfPage":{"@id":"https:\/\/florisicadouri.ro\/en\/product\/aranjament-paste-easter-basket-2\/#primaryimage"},"image":{"@id":"https:\/\/florisicadouri.ro\/en\/product\/aranjament-paste-easter-basket-2\/#primaryimage"},"thumbnailUrl":"https:\/\/florisicadouri.ro\/wp-content\/uploads\/2026\/03\/ARANJAMENT-PASTEEaster-basket2.png","datePublished":"2026-03-27T06:31:09+00:00","dateModified":"2026-03-27T11:54:13+00:00","description":"Aranjament de Pa\u0219te Easter baskett, cu r\u0103\u021bu\u0219c\u0103 decorativ\u0103, ou\u0103 pastel \u0219i flori artificiale, \u00een co\u0219 rustic. Ideal pentru decor festiv sau cadou de Paste.","breadcrumb":{"@id":"https:\/\/florisicadouri.ro\/en\/product\/aranjament-paste-easter-basket-2\/#breadcrumb"},"inLanguage":"en-US","potentialAction":[{"@type":"ReadAction","target":["https:\/\/florisicadouri.ro\/en\/product\/aranjament-paste-easter-basket-2\/"]}]},{"@type":"ImageObject","inLanguage":"en-US","@id":"https:\/\/florisicadouri.ro\/en\/product\/aranjament-paste-easter-basket-2\/#primaryimage","url":"https:\/\/florisicadouri.ro\/wp-content\/uploads\/2026\/03\/ARANJAMENT-PASTEEaster-basket2.png","contentUrl":"https:\/\/florisicadouri.ro\/wp-content\/uploads\/2026\/03\/ARANJAMENT-PASTEEaster-basket2.png","width":1024,"height":1024,"caption":"Co\u0219 decorativ de Pa\u0219te realizat manual, cu r\u0103\u021bu\u0219c\u0103, ou\u0103 decorative \u0219i flori de prim\u0103var\u0103, ideal pentru decor sau cadou festiv."},{"@type":"BreadcrumbList","@id":"https:\/\/florisicadouri.ro\/en\/product\/aranjament-paste-easter-basket-2\/#breadcrumb","itemListElement":[{"@type":"ListItem","position":1,"name":"Prima pagin\u0103","item":"https:\/\/florisicadouri.ro\/en\/"},{"@type":"ListItem","position":2,"name":"Shop","item":"https:\/\/florisicadouri.ro\/en\/shop\/"},{"@type":"ListItem","position":3,"name":"ARANJAMENT PASTE \u201dEaster basket\u201d 2"}]},{"@type":"WebSite","@id":"https:\/\/florisicadouri.ro\/en\/#website","url":"https:\/\/florisicadouri.ro\/en\/","name":"Flori","description":"","potentialAction":[{"@type":"SearchAction","target":{"@type":"EntryPoint","urlTemplate":"https:\/\/florisicadouri.ro\/en\/?s={search_term_string}"},"query-input":{"@type":"PropertyValueSpecification","valueRequired":true,"valueName":"search_term_string"}}],"inLanguage":"en-US"}]}},"_links":{"self":[{"href":"https:\/\/florisicadouri.ro\/en\/wp-json\/wp\/v2\/product\/4325","targetHints":{"allow":["GET"]}}],"collection":[{"href":"https:\/\/florisicadouri.ro\/en\/wp-json\/wp\/v2\/product"}],"about":[{"href":"https:\/\/florisicadouri.ro\/en\/wp-json\/wp\/v2\/types\/product"}],"wp:featuredmedia":[{"embeddable":true,"href":"https:\/\/florisicadouri.ro\/en\/wp-json\/wp\/v2\/media\/4332"}],"wp:attachment":[{"href":"https:\/\/florisicadouri.ro\/en\/wp-json\/wp\/v2\/media?parent=4325"}],"wp:term":[{"taxonomy":"product_brand","embeddable":true,"href":"https:\/\/florisicadouri.ro\/en\/wp-json\/wp\/v2\/product_brand?post=4325"},{"taxonomy":"product_cat","embeddable":true,"href":"https:\/\/florisicadouri.ro\/en\/wp-json\/wp\/v2\/product_cat?post=4325"},{"taxonomy":"product_tag","embeddable":true,"href":"https:\/\/florisicadouri.ro\/en\/wp-json\/wp\/v2\/product_tag?post=4325"}],"curies":[{"name":"wp","href":"https:\/\/api.w.org\/{rel}","templated":true}]}}