{"id":4335,"date":"2026-03-27T14:04:49","date_gmt":"2026-03-27T12:04:49","guid":{"rendered":"https:\/\/florisicadouri.ro\/?post_type=product&#038;p=4335"},"modified":"2026-03-27T14:14:03","modified_gmt":"2026-03-27T12:14:03","slug":"aranjament-paste-easter-basket-1","status":"publish","type":"product","link":"https:\/\/florisicadouri.ro\/en\/product\/aranjament-paste-easter-basket-1\/","title":{"rendered":"ARANJAMENT PA\u0218TE \u201dEaster basket\u201d 1"},"content":{"rendered":"","protected":false},"excerpt":{"rendered":"<p>Adaug\u0103 un strop de farmec \u0219i prospe\u021bime decorului t\u0103u de s\u0103rb\u0103toare cu acest aranjament de Pa\u0219te elegant \u0219i plin de culoare. Realizat \u00eentr-un co\u0219 decorativ \u00eembr\u0103cat \u00een mu\u0219chi verde, acesta este accesorizat cu un simpatic iepura\u0219 din fibr\u0103 natural\u0103, simbol al s\u0103rb\u0103torii.<br \/>\n<strong>Completeaz\u0103 cadoul t\u0103u cu:<\/strong><br \/>\n<a href=\"https:\/\/florisicadouri.ro\/index.php\/product-category\/ciocolata\/\"><img loading=\"lazy\" decoding=\"async\" class=\"alignnone wp-image-1633 size-full\" src=\"https:\/\/florisicadouri.ro\/wp-content\/uploads\/2016\/11\/9025711112222-150x150-1.jpg\" alt=\"\" width=\"164\" height=\"150\" \/><\/a> <a href=\"https:\/\/florisicadouri.ro\/index.php\/product-category\/vinuri\/\"><img loading=\"lazy\" decoding=\"async\" class=\"alignnone size-full wp-image-1637\" src=\"https:\/\/florisicadouri.ro\/wp-content\/uploads\/2016\/11\/aurelia-visinescu-karakter-rose-1.jpg\" alt=\"\" width=\"84\" height=\"150\" \/><\/a><a href=\"https:\/\/florisicadouri.ro\/index.php\/product-category\/jucarii-plus\/\"><img loading=\"lazy\" decoding=\"async\" class=\"alignnone size-full wp-image-1636\" src=\"https:\/\/florisicadouri.ro\/wp-content\/uploads\/2016\/11\/th-150x150-1.jpg\" alt=\"\" width=\"150\" height=\"150\" srcset=\"https:\/\/florisicadouri.ro\/wp-content\/uploads\/2016\/11\/th-150x150-1.jpg 150w, https:\/\/florisicadouri.ro\/wp-content\/uploads\/2016\/11\/th-150x150-1-80x80.jpg 80w, https:\/\/florisicadouri.ro\/wp-content\/uploads\/2016\/11\/th-150x150-1-100x100.jpg 100w, https:\/\/florisicadouri.ro\/wp-content\/uploads\/2016\/11\/th-150x150-1-96x96.jpg 96w\" sizes=\"auto, (max-width: 150px) 100vw, 150px\" \/><\/a><a href=\"https:\/\/florisicadouri.ro\/index.php\/product-category\/ceai\/\"><img loading=\"lazy\" decoding=\"async\" class=\"alignnone wp-image-1648 size-full\" src=\"https:\/\/florisicadouri.ro\/wp-content\/uploads\/2024\/11\/file-copy.jpg\" alt=\"\" width=\"88\" height=\"150\" \/><\/a><\/p>\n<p>Compozi\u021bia este \u00eembog\u0103\u021bit\u0103 cu flori artificiale atent alese \u00een nuan\u021be pastelate, ou\u0103 decorative colorate \u0219i detalii delicate care creeaz\u0103 o atmosfer\u0103 cald\u0103 \u0219i primitoare. Fundi\u021ba rustic\u0103 din iut\u0103 \u0219i elementul floral decorativ completeaz\u0103 armonios designul natural.<\/p>\n<p>Perfect pentru decorarea mesei de Pa\u0219te, a livingului sau pentru a fi oferit cadou celor dragi, acest aranjament aduce bucuria prim\u0103verii \u00een orice spa\u021biu.<\/p>\n<p>Caracteristici:<\/p>\n<p>Design tematic de Pa\u0219te<br \/>\nElemente decorative: iepura\u0219, ou\u0103 colorate, flori artificiale<br \/>\nStil rustic-natural<br \/>\nIdeal pentru decor sau cadou<\/p>\n","protected":false},"featured_media":4321,"template":"","meta":[],"product_brand":[],"product_cat":[90],"product_tag":[],"class_list":{"0":"post-4335","1":"product","2":"type-product","3":"status-publish","4":"has-post-thumbnail","6":"product_cat-decoratiuni-paste","8":"first","9":"instock","10":"shipping-taxable","11":"purchasable","12":"product-type-simple"},"yoast_head":"<!-- This site is optimized with the Yoast SEO plugin v27.4 - https:\/\/yoast.com\/product\/yoast-seo-wordpress\/ -->\n<title>ARANJAMENT PA\u0218TE \u201dEaster basket\u201d 1 - Flori si Cadouri<\/title>\n<meta name=\"description\" content=\"Aranjament de Pa\u0219te \u00een co\u0219 \u00eembr\u0103cat \u00een mu\u0219chi natural, cu flori delicate artificiale \u0219i ou\u0103 colorate \u2013 ideal pentru decor festiv sau cadou special.\" \/>\n<meta name=\"robots\" content=\"index, follow, max-snippet:-1, max-image-preview:large, max-video-preview:-1\" \/>\n<link rel=\"canonical\" href=\"https:\/\/florisicadouri.ro\/en\/product\/aranjament-paste-easter-basket-1\/\" \/>\n<meta property=\"og:locale\" content=\"en_US\" \/>\n<meta property=\"og:type\" content=\"article\" \/>\n<meta property=\"og:title\" content=\"ARANJAMENT PA\u0218TE \u201dEaster basket\u201d 1 - Flori si Cadouri\" \/>\n<meta property=\"og:description\" content=\"Aranjament de Pa\u0219te \u00een co\u0219 \u00eembr\u0103cat \u00een mu\u0219chi natural, cu flori delicate artificiale \u0219i ou\u0103 colorate \u2013 ideal pentru decor festiv sau cadou special.\" \/>\n<meta property=\"og:url\" content=\"https:\/\/florisicadouri.ro\/en\/product\/aranjament-paste-easter-basket-1\/\" \/>\n<meta property=\"og:site_name\" content=\"Flori si Cadouri\" \/>\n<meta property=\"article:modified_time\" content=\"2026-03-27T12:14:03+00:00\" \/>\n<meta property=\"og:image\" content=\"https:\/\/florisicadouri.ro\/wp-content\/uploads\/2026\/03\/ARANJAMENT-PASTE-Easter-basket1.webp\" \/>\n\t<meta property=\"og:image:width\" content=\"1024\" \/>\n\t<meta property=\"og:image:height\" content=\"1024\" \/>\n\t<meta property=\"og:image:type\" content=\"image\/webp\" \/>\n<meta name=\"twitter:card\" content=\"summary_large_image\" \/>\n<meta name=\"twitter:label1\" content=\"Est. reading time\" \/>\n\t<meta name=\"twitter:data1\" content=\"1 minute\" \/>\n<script type=\"application\/ld+json\" class=\"yoast-schema-graph\">{\"@context\":\"https:\\\/\\\/schema.org\",\"@graph\":[{\"@type\":\"WebPage\",\"@id\":\"https:\\\/\\\/florisicadouri.ro\\\/en\\\/product\\\/aranjament-paste-easter-basket-1\\\/\",\"url\":\"https:\\\/\\\/florisicadouri.ro\\\/en\\\/product\\\/aranjament-paste-easter-basket-1\\\/\",\"name\":\"ARANJAMENT PA\u0218TE \u201dEaster basket\u201d 1 - Flori si Cadouri\",\"isPartOf\":{\"@id\":\"https:\\\/\\\/florisicadouri.ro\\\/en\\\/#website\"},\"primaryImageOfPage\":{\"@id\":\"https:\\\/\\\/florisicadouri.ro\\\/en\\\/product\\\/aranjament-paste-easter-basket-1\\\/#primaryimage\"},\"image\":{\"@id\":\"https:\\\/\\\/florisicadouri.ro\\\/en\\\/product\\\/aranjament-paste-easter-basket-1\\\/#primaryimage\"},\"thumbnailUrl\":\"https:\\\/\\\/florisicadouri.ro\\\/wp-content\\\/uploads\\\/2026\\\/03\\\/ARANJAMENT-PASTE-Easter-basket1.webp\",\"datePublished\":\"2026-03-27T12:04:49+00:00\",\"dateModified\":\"2026-03-27T12:14:03+00:00\",\"description\":\"Aranjament de Pa\u0219te \u00een co\u0219 \u00eembr\u0103cat \u00een mu\u0219chi natural, cu flori delicate artificiale \u0219i ou\u0103 colorate \u2013 ideal pentru decor festiv sau cadou special.\",\"breadcrumb\":{\"@id\":\"https:\\\/\\\/florisicadouri.ro\\\/en\\\/product\\\/aranjament-paste-easter-basket-1\\\/#breadcrumb\"},\"inLanguage\":\"en-US\",\"potentialAction\":[{\"@type\":\"ReadAction\",\"target\":[\"https:\\\/\\\/florisicadouri.ro\\\/en\\\/product\\\/aranjament-paste-easter-basket-1\\\/\"]}]},{\"@type\":\"ImageObject\",\"inLanguage\":\"en-US\",\"@id\":\"https:\\\/\\\/florisicadouri.ro\\\/en\\\/product\\\/aranjament-paste-easter-basket-1\\\/#primaryimage\",\"url\":\"https:\\\/\\\/florisicadouri.ro\\\/wp-content\\\/uploads\\\/2026\\\/03\\\/ARANJAMENT-PASTE-Easter-basket1.webp\",\"contentUrl\":\"https:\\\/\\\/florisicadouri.ro\\\/wp-content\\\/uploads\\\/2026\\\/03\\\/ARANJAMENT-PASTE-Easter-basket1.webp\",\"width\":1024,\"height\":1024,\"caption\":\"Aranjament decorativ de Pa\u0219te realizat manual, \u00een co\u0219 alb rustic, cu iepura\u0219 verde, flori delicate albe \u0219i accente galbene, completat de ou\u0103 decorative pastel \u2013 ideal pentru decor de Paste sau cadou.\"},{\"@type\":\"BreadcrumbList\",\"@id\":\"https:\\\/\\\/florisicadouri.ro\\\/en\\\/product\\\/aranjament-paste-easter-basket-1\\\/#breadcrumb\",\"itemListElement\":[{\"@type\":\"ListItem\",\"position\":1,\"name\":\"Prima pagin\u0103\",\"item\":\"https:\\\/\\\/florisicadouri.ro\\\/en\\\/\"},{\"@type\":\"ListItem\",\"position\":2,\"name\":\"Shop\",\"item\":\"https:\\\/\\\/florisicadouri.ro\\\/en\\\/shop\\\/\"},{\"@type\":\"ListItem\",\"position\":3,\"name\":\"ARANJAMENT PA\u0218TE \u201dEaster basket\u201d 1\"}]},{\"@type\":\"WebSite\",\"@id\":\"https:\\\/\\\/florisicadouri.ro\\\/en\\\/#website\",\"url\":\"https:\\\/\\\/florisicadouri.ro\\\/en\\\/\",\"name\":\"Flori\",\"description\":\"\",\"potentialAction\":[{\"@type\":\"SearchAction\",\"target\":{\"@type\":\"EntryPoint\",\"urlTemplate\":\"https:\\\/\\\/florisicadouri.ro\\\/en\\\/?s={search_term_string}\"},\"query-input\":{\"@type\":\"PropertyValueSpecification\",\"valueRequired\":true,\"valueName\":\"search_term_string\"}}],\"inLanguage\":\"en-US\"}]}<\/script>\n<!-- \/ Yoast SEO plugin. -->","yoast_head_json":{"title":"ARANJAMENT PA\u0218TE \u201dEaster basket\u201d 1 - Flori si Cadouri","description":"Aranjament de Pa\u0219te \u00een co\u0219 \u00eembr\u0103cat \u00een mu\u0219chi natural, cu flori delicate artificiale \u0219i ou\u0103 colorate \u2013 ideal pentru decor festiv sau cadou special.","robots":{"index":"index","follow":"follow","max-snippet":"max-snippet:-1","max-image-preview":"max-image-preview:large","max-video-preview":"max-video-preview:-1"},"canonical":"https:\/\/florisicadouri.ro\/en\/product\/aranjament-paste-easter-basket-1\/","og_locale":"en_US","og_type":"article","og_title":"ARANJAMENT PA\u0218TE \u201dEaster basket\u201d 1 - Flori si Cadouri","og_description":"Aranjament de Pa\u0219te \u00een co\u0219 \u00eembr\u0103cat \u00een mu\u0219chi natural, cu flori delicate artificiale \u0219i ou\u0103 colorate \u2013 ideal pentru decor festiv sau cadou special.","og_url":"https:\/\/florisicadouri.ro\/en\/product\/aranjament-paste-easter-basket-1\/","og_site_name":"Flori si Cadouri","article_modified_time":"2026-03-27T12:14:03+00:00","og_image":[{"width":1024,"height":1024,"url":"https:\/\/florisicadouri.ro\/wp-content\/uploads\/2026\/03\/ARANJAMENT-PASTE-Easter-basket1.webp","type":"image\/webp"}],"twitter_card":"summary_large_image","twitter_misc":{"Est. reading time":"1 minute"},"schema":{"@context":"https:\/\/schema.org","@graph":[{"@type":"WebPage","@id":"https:\/\/florisicadouri.ro\/en\/product\/aranjament-paste-easter-basket-1\/","url":"https:\/\/florisicadouri.ro\/en\/product\/aranjament-paste-easter-basket-1\/","name":"ARANJAMENT PA\u0218TE \u201dEaster basket\u201d 1 - Flori si Cadouri","isPartOf":{"@id":"https:\/\/florisicadouri.ro\/en\/#website"},"primaryImageOfPage":{"@id":"https:\/\/florisicadouri.ro\/en\/product\/aranjament-paste-easter-basket-1\/#primaryimage"},"image":{"@id":"https:\/\/florisicadouri.ro\/en\/product\/aranjament-paste-easter-basket-1\/#primaryimage"},"thumbnailUrl":"https:\/\/florisicadouri.ro\/wp-content\/uploads\/2026\/03\/ARANJAMENT-PASTE-Easter-basket1.webp","datePublished":"2026-03-27T12:04:49+00:00","dateModified":"2026-03-27T12:14:03+00:00","description":"Aranjament de Pa\u0219te \u00een co\u0219 \u00eembr\u0103cat \u00een mu\u0219chi natural, cu flori delicate artificiale \u0219i ou\u0103 colorate \u2013 ideal pentru decor festiv sau cadou special.","breadcrumb":{"@id":"https:\/\/florisicadouri.ro\/en\/product\/aranjament-paste-easter-basket-1\/#breadcrumb"},"inLanguage":"en-US","potentialAction":[{"@type":"ReadAction","target":["https:\/\/florisicadouri.ro\/en\/product\/aranjament-paste-easter-basket-1\/"]}]},{"@type":"ImageObject","inLanguage":"en-US","@id":"https:\/\/florisicadouri.ro\/en\/product\/aranjament-paste-easter-basket-1\/#primaryimage","url":"https:\/\/florisicadouri.ro\/wp-content\/uploads\/2026\/03\/ARANJAMENT-PASTE-Easter-basket1.webp","contentUrl":"https:\/\/florisicadouri.ro\/wp-content\/uploads\/2026\/03\/ARANJAMENT-PASTE-Easter-basket1.webp","width":1024,"height":1024,"caption":"Aranjament decorativ de Pa\u0219te realizat manual, \u00een co\u0219 alb rustic, cu iepura\u0219 verde, flori delicate albe \u0219i accente galbene, completat de ou\u0103 decorative pastel \u2013 ideal pentru decor de Paste sau cadou."},{"@type":"BreadcrumbList","@id":"https:\/\/florisicadouri.ro\/en\/product\/aranjament-paste-easter-basket-1\/#breadcrumb","itemListElement":[{"@type":"ListItem","position":1,"name":"Prima pagin\u0103","item":"https:\/\/florisicadouri.ro\/en\/"},{"@type":"ListItem","position":2,"name":"Shop","item":"https:\/\/florisicadouri.ro\/en\/shop\/"},{"@type":"ListItem","position":3,"name":"ARANJAMENT PA\u0218TE \u201dEaster basket\u201d 1"}]},{"@type":"WebSite","@id":"https:\/\/florisicadouri.ro\/en\/#website","url":"https:\/\/florisicadouri.ro\/en\/","name":"Flori","description":"","potentialAction":[{"@type":"SearchAction","target":{"@type":"EntryPoint","urlTemplate":"https:\/\/florisicadouri.ro\/en\/?s={search_term_string}"},"query-input":{"@type":"PropertyValueSpecification","valueRequired":true,"valueName":"search_term_string"}}],"inLanguage":"en-US"}]}},"_links":{"self":[{"href":"https:\/\/florisicadouri.ro\/en\/wp-json\/wp\/v2\/product\/4335","targetHints":{"allow":["GET"]}}],"collection":[{"href":"https:\/\/florisicadouri.ro\/en\/wp-json\/wp\/v2\/product"}],"about":[{"href":"https:\/\/florisicadouri.ro\/en\/wp-json\/wp\/v2\/types\/product"}],"wp:featuredmedia":[{"embeddable":true,"href":"https:\/\/florisicadouri.ro\/en\/wp-json\/wp\/v2\/media\/4321"}],"wp:attachment":[{"href":"https:\/\/florisicadouri.ro\/en\/wp-json\/wp\/v2\/media?parent=4335"}],"wp:term":[{"taxonomy":"product_brand","embeddable":true,"href":"https:\/\/florisicadouri.ro\/en\/wp-json\/wp\/v2\/product_brand?post=4335"},{"taxonomy":"product_cat","embeddable":true,"href":"https:\/\/florisicadouri.ro\/en\/wp-json\/wp\/v2\/product_cat?post=4335"},{"taxonomy":"product_tag","embeddable":true,"href":"https:\/\/florisicadouri.ro\/en\/wp-json\/wp\/v2\/product_tag?post=4335"}],"curies":[{"name":"wp","href":"https:\/\/api.w.org\/{rel}","templated":true}]}}