{"id":4415,"date":"2026-04-23T09:34:54","date_gmt":"2026-04-23T07:34:54","guid":{"rendered":"https:\/\/florisicadouri.ro\/?post_type=product&#038;p=4415"},"modified":"2026-04-23T10:03:34","modified_gmt":"2026-04-23T08:03:34","slug":"aranjament-cu-plante-special-basket","status":"publish","type":"product","link":"https:\/\/florisicadouri.ro\/en\/product\/aranjament-cu-plante-special-basket\/","title":{"rendered":"ARANJAMENT CU PLANTE \u201dSpecial basket\u201d"},"content":{"rendered":"","protected":false},"excerpt":{"rendered":"<p><strong>Acest produs se livreaz\u0103 doar pe raza municipiului Cluj Napoca.<\/strong><br \/>\nAcest aranjament cu plante este o mic\u0103 gr\u0103din\u0103 de interior, a\u0219ezat\u0103 cu grij\u0103 \u00eentr-un co\u0219 rustic din r\u0103chit\u0103, care \u00eembin\u0103 naturale\u021bea cu elegan\u021ba. Orhideea roz, vedeta compozi\u021biei, aduce un aer rafinat, \u00een timp ce kalanchoe-ul \u00eenflorit \u0219i plantele verzi decorative completeaz\u0103 armonios ansamblul.<br \/>\nUn cadou viu, care dureaz\u0103 \u0219i \u00eenc\u00e2nt\u0103 zi de zi.<\/p>\n<p><strong>Completeaz\u0103 cadoul t\u0103u cu:<\/strong><\/p>\n<p><a href=\"https:\/\/florisicadouri.ro\/index.php\/product-category\/ciocolata\/\"><img loading=\"lazy\" decoding=\"async\" class=\"alignnone wp-image-1633 size-full\" src=\"https:\/\/florisicadouri.ro\/wp-content\/uploads\/2016\/11\/9025711112222-150x150-1.jpg\" alt=\"\" width=\"164\" height=\"150\" \/><\/a> <a href=\"https:\/\/florisicadouri.ro\/index.php\/product-category\/vinuri\/\"><img loading=\"lazy\" decoding=\"async\" class=\"alignnone size-full wp-image-1637\" src=\"https:\/\/florisicadouri.ro\/wp-content\/uploads\/2016\/11\/aurelia-visinescu-karakter-rose-1.jpg\" alt=\"\" width=\"84\" height=\"150\" \/><\/a><a href=\"https:\/\/florisicadouri.ro\/index.php\/product-category\/jucarii-plus\/\"><img loading=\"lazy\" decoding=\"async\" class=\"alignnone size-full wp-image-1636\" src=\"https:\/\/florisicadouri.ro\/wp-content\/uploads\/2016\/11\/th-150x150-1.jpg\" alt=\"\" width=\"150\" height=\"150\" srcset=\"https:\/\/florisicadouri.ro\/wp-content\/uploads\/2016\/11\/th-150x150-1.jpg 150w, https:\/\/florisicadouri.ro\/wp-content\/uploads\/2016\/11\/th-150x150-1-80x80.jpg 80w, https:\/\/florisicadouri.ro\/wp-content\/uploads\/2016\/11\/th-150x150-1-100x100.jpg 100w, https:\/\/florisicadouri.ro\/wp-content\/uploads\/2016\/11\/th-150x150-1-96x96.jpg 96w\" sizes=\"auto, (max-width: 150px) 100vw, 150px\" \/><\/a><a href=\"https:\/\/florisicadouri.ro\/index.php\/product-category\/ceai\/\"><img loading=\"lazy\" decoding=\"async\" class=\"alignnone wp-image-1648 size-full\" src=\"https:\/\/florisicadouri.ro\/wp-content\/uploads\/2024\/11\/file-copy.jpg\" alt=\"\" width=\"88\" height=\"150\" \/><\/a>.<br \/>\nDecorat cu o fund\u0103 delicat\u0103, aranjamentul este perfect pentru a transmite emo\u021bii sincere, fie c\u0103 este vorba despre un cadou aniversar, o surpriz\u0103 pentru cineva drag sau un gest de apreciere. Este u\u0219or de \u00eentre\u021binut \u0219i potrivit pentru orice spa\u021biu, de la locuin\u021be luminoase p\u00e2n\u0103 la birouri elegante.<br \/>\nNot\u0103: Culoarea vasului \u0219i a plantelor poate varia fa\u021b\u0103 de imaginea prezentat\u0103, \u00een func\u021bie de stocul disponibil.<br \/>\nAceste produse nu sunt destinate consumului uman, sunt perisabile \u0219i nu se pot returna.<\/p>\n","protected":false},"featured_media":4416,"template":"","meta":[],"product_brand":[],"product_cat":[82],"product_tag":[],"class_list":{"0":"post-4415","1":"product","2":"type-product","3":"status-publish","4":"has-post-thumbnail","6":"product_cat-aranjamente-plante-naturale","8":"first","9":"instock","10":"shipping-taxable","11":"purchasable","12":"product-type-simple"},"yoast_head":"<!-- This site is optimized with the Yoast SEO plugin v27.6 - https:\/\/yoast.com\/product\/yoast-seo-wordpress\/ -->\n<title>ARANJAMENT CU PLANTE \u201dSpecial basket\u201d - Flori si Cadouri<\/title>\n<meta name=\"description\" content=\"Aranjament elegant cu orhidee, kalanchoe \u0219i plante decorative verzi, \u00een co\u0219 natur. Ideal pentru cadouri speciale. Livrare rapid\u0103 \u00een Cluj-Napoca.\" \/>\n<meta name=\"robots\" content=\"index, follow, max-snippet:-1, max-image-preview:large, max-video-preview:-1\" \/>\n<link rel=\"canonical\" href=\"https:\/\/florisicadouri.ro\/en\/product\/aranjament-cu-plante-special-basket\/\" \/>\n<meta property=\"og:locale\" content=\"en_US\" \/>\n<meta property=\"og:type\" content=\"article\" \/>\n<meta property=\"og:title\" content=\"ARANJAMENT CU PLANTE \u201dSpecial basket\u201d - Flori si Cadouri\" \/>\n<meta property=\"og:description\" content=\"Aranjament elegant cu orhidee, kalanchoe \u0219i plante decorative verzi, \u00een co\u0219 natur. Ideal pentru cadouri speciale. Livrare rapid\u0103 \u00een Cluj-Napoca.\" \/>\n<meta property=\"og:url\" content=\"https:\/\/florisicadouri.ro\/en\/product\/aranjament-cu-plante-special-basket\/\" \/>\n<meta property=\"og:site_name\" content=\"Flori si Cadouri\" \/>\n<meta property=\"article:modified_time\" content=\"2026-04-23T08:03:34+00:00\" \/>\n<meta property=\"og:image\" content=\"https:\/\/florisicadouri.ro\/wp-content\/uploads\/2026\/04\/ARANJAMENT-CU-PLANTE-Special-basket.webp\" \/>\n\t<meta property=\"og:image:width\" content=\"1086\" \/>\n\t<meta property=\"og:image:height\" content=\"1448\" \/>\n\t<meta property=\"og:image:type\" content=\"image\/webp\" \/>\n<meta name=\"twitter:card\" content=\"summary_large_image\" \/>\n<meta name=\"twitter:label1\" content=\"Est. reading time\" \/>\n\t<meta name=\"twitter:data1\" content=\"1 minute\" \/>\n<script type=\"application\/ld+json\" class=\"yoast-schema-graph\">{\"@context\":\"https:\\\/\\\/schema.org\",\"@graph\":[{\"@type\":\"WebPage\",\"@id\":\"https:\\\/\\\/florisicadouri.ro\\\/en\\\/product\\\/aranjament-cu-plante-special-basket\\\/\",\"url\":\"https:\\\/\\\/florisicadouri.ro\\\/en\\\/product\\\/aranjament-cu-plante-special-basket\\\/\",\"name\":\"ARANJAMENT CU PLANTE \u201dSpecial basket\u201d - Flori si Cadouri\",\"isPartOf\":{\"@id\":\"https:\\\/\\\/florisicadouri.ro\\\/en\\\/#website\"},\"primaryImageOfPage\":{\"@id\":\"https:\\\/\\\/florisicadouri.ro\\\/en\\\/product\\\/aranjament-cu-plante-special-basket\\\/#primaryimage\"},\"image\":{\"@id\":\"https:\\\/\\\/florisicadouri.ro\\\/en\\\/product\\\/aranjament-cu-plante-special-basket\\\/#primaryimage\"},\"thumbnailUrl\":\"https:\\\/\\\/florisicadouri.ro\\\/wp-content\\\/uploads\\\/2026\\\/04\\\/ARANJAMENT-CU-PLANTE-Special-basket.webp\",\"datePublished\":\"2026-04-23T07:34:54+00:00\",\"dateModified\":\"2026-04-23T08:03:34+00:00\",\"description\":\"Aranjament elegant cu orhidee, kalanchoe \u0219i plante decorative verzi, \u00een co\u0219 natur. Ideal pentru cadouri speciale. Livrare rapid\u0103 \u00een Cluj-Napoca.\",\"breadcrumb\":{\"@id\":\"https:\\\/\\\/florisicadouri.ro\\\/en\\\/product\\\/aranjament-cu-plante-special-basket\\\/#breadcrumb\"},\"inLanguage\":\"en-US\",\"potentialAction\":[{\"@type\":\"ReadAction\",\"target\":[\"https:\\\/\\\/florisicadouri.ro\\\/en\\\/product\\\/aranjament-cu-plante-special-basket\\\/\"]}]},{\"@type\":\"ImageObject\",\"inLanguage\":\"en-US\",\"@id\":\"https:\\\/\\\/florisicadouri.ro\\\/en\\\/product\\\/aranjament-cu-plante-special-basket\\\/#primaryimage\",\"url\":\"https:\\\/\\\/florisicadouri.ro\\\/wp-content\\\/uploads\\\/2026\\\/04\\\/ARANJAMENT-CU-PLANTE-Special-basket.webp\",\"contentUrl\":\"https:\\\/\\\/florisicadouri.ro\\\/wp-content\\\/uploads\\\/2026\\\/04\\\/ARANJAMENT-CU-PLANTE-Special-basket.webp\",\"width\":1086,\"height\":1448,\"caption\":\"Co\u0219 natur cu plante naturale, ideal pentru cadouri rafinate \u0219i ocazii speciale. Con\u021bine orhidee roz \u0219i plante decorative, livrare rapid\u0103 \u00een Cluj-Napoca.\"},{\"@type\":\"BreadcrumbList\",\"@id\":\"https:\\\/\\\/florisicadouri.ro\\\/en\\\/product\\\/aranjament-cu-plante-special-basket\\\/#breadcrumb\",\"itemListElement\":[{\"@type\":\"ListItem\",\"position\":1,\"name\":\"Prima pagin\u0103\",\"item\":\"https:\\\/\\\/florisicadouri.ro\\\/en\\\/\"},{\"@type\":\"ListItem\",\"position\":2,\"name\":\"Shop\",\"item\":\"https:\\\/\\\/florisicadouri.ro\\\/en\\\/shop\\\/\"},{\"@type\":\"ListItem\",\"position\":3,\"name\":\"ARANJAMENT CU PLANTE \u201dSpecial basket\u201d\"}]},{\"@type\":\"WebSite\",\"@id\":\"https:\\\/\\\/florisicadouri.ro\\\/en\\\/#website\",\"url\":\"https:\\\/\\\/florisicadouri.ro\\\/en\\\/\",\"name\":\"Flori\",\"description\":\"\",\"potentialAction\":[{\"@type\":\"SearchAction\",\"target\":{\"@type\":\"EntryPoint\",\"urlTemplate\":\"https:\\\/\\\/florisicadouri.ro\\\/en\\\/?s={search_term_string}\"},\"query-input\":{\"@type\":\"PropertyValueSpecification\",\"valueRequired\":true,\"valueName\":\"search_term_string\"}}],\"inLanguage\":\"en-US\"}]}<\/script>\n<!-- \/ Yoast SEO plugin. -->","yoast_head_json":{"title":"ARANJAMENT CU PLANTE \u201dSpecial basket\u201d - Flori si Cadouri","description":"Aranjament elegant cu orhidee, kalanchoe \u0219i plante decorative verzi, \u00een co\u0219 natur. Ideal pentru cadouri speciale. Livrare rapid\u0103 \u00een Cluj-Napoca.","robots":{"index":"index","follow":"follow","max-snippet":"max-snippet:-1","max-image-preview":"max-image-preview:large","max-video-preview":"max-video-preview:-1"},"canonical":"https:\/\/florisicadouri.ro\/en\/product\/aranjament-cu-plante-special-basket\/","og_locale":"en_US","og_type":"article","og_title":"ARANJAMENT CU PLANTE \u201dSpecial basket\u201d - Flori si Cadouri","og_description":"Aranjament elegant cu orhidee, kalanchoe \u0219i plante decorative verzi, \u00een co\u0219 natur. Ideal pentru cadouri speciale. Livrare rapid\u0103 \u00een Cluj-Napoca.","og_url":"https:\/\/florisicadouri.ro\/en\/product\/aranjament-cu-plante-special-basket\/","og_site_name":"Flori si Cadouri","article_modified_time":"2026-04-23T08:03:34+00:00","og_image":[{"width":1086,"height":1448,"url":"https:\/\/florisicadouri.ro\/wp-content\/uploads\/2026\/04\/ARANJAMENT-CU-PLANTE-Special-basket.webp","type":"image\/webp"}],"twitter_card":"summary_large_image","twitter_misc":{"Est. reading time":"1 minute"},"schema":{"@context":"https:\/\/schema.org","@graph":[{"@type":"WebPage","@id":"https:\/\/florisicadouri.ro\/en\/product\/aranjament-cu-plante-special-basket\/","url":"https:\/\/florisicadouri.ro\/en\/product\/aranjament-cu-plante-special-basket\/","name":"ARANJAMENT CU PLANTE \u201dSpecial basket\u201d - Flori si Cadouri","isPartOf":{"@id":"https:\/\/florisicadouri.ro\/en\/#website"},"primaryImageOfPage":{"@id":"https:\/\/florisicadouri.ro\/en\/product\/aranjament-cu-plante-special-basket\/#primaryimage"},"image":{"@id":"https:\/\/florisicadouri.ro\/en\/product\/aranjament-cu-plante-special-basket\/#primaryimage"},"thumbnailUrl":"https:\/\/florisicadouri.ro\/wp-content\/uploads\/2026\/04\/ARANJAMENT-CU-PLANTE-Special-basket.webp","datePublished":"2026-04-23T07:34:54+00:00","dateModified":"2026-04-23T08:03:34+00:00","description":"Aranjament elegant cu orhidee, kalanchoe \u0219i plante decorative verzi, \u00een co\u0219 natur. Ideal pentru cadouri speciale. Livrare rapid\u0103 \u00een Cluj-Napoca.","breadcrumb":{"@id":"https:\/\/florisicadouri.ro\/en\/product\/aranjament-cu-plante-special-basket\/#breadcrumb"},"inLanguage":"en-US","potentialAction":[{"@type":"ReadAction","target":["https:\/\/florisicadouri.ro\/en\/product\/aranjament-cu-plante-special-basket\/"]}]},{"@type":"ImageObject","inLanguage":"en-US","@id":"https:\/\/florisicadouri.ro\/en\/product\/aranjament-cu-plante-special-basket\/#primaryimage","url":"https:\/\/florisicadouri.ro\/wp-content\/uploads\/2026\/04\/ARANJAMENT-CU-PLANTE-Special-basket.webp","contentUrl":"https:\/\/florisicadouri.ro\/wp-content\/uploads\/2026\/04\/ARANJAMENT-CU-PLANTE-Special-basket.webp","width":1086,"height":1448,"caption":"Co\u0219 natur cu plante naturale, ideal pentru cadouri rafinate \u0219i ocazii speciale. Con\u021bine orhidee roz \u0219i plante decorative, livrare rapid\u0103 \u00een Cluj-Napoca."},{"@type":"BreadcrumbList","@id":"https:\/\/florisicadouri.ro\/en\/product\/aranjament-cu-plante-special-basket\/#breadcrumb","itemListElement":[{"@type":"ListItem","position":1,"name":"Prima pagin\u0103","item":"https:\/\/florisicadouri.ro\/en\/"},{"@type":"ListItem","position":2,"name":"Shop","item":"https:\/\/florisicadouri.ro\/en\/shop\/"},{"@type":"ListItem","position":3,"name":"ARANJAMENT CU PLANTE \u201dSpecial basket\u201d"}]},{"@type":"WebSite","@id":"https:\/\/florisicadouri.ro\/en\/#website","url":"https:\/\/florisicadouri.ro\/en\/","name":"Flori","description":"","potentialAction":[{"@type":"SearchAction","target":{"@type":"EntryPoint","urlTemplate":"https:\/\/florisicadouri.ro\/en\/?s={search_term_string}"},"query-input":{"@type":"PropertyValueSpecification","valueRequired":true,"valueName":"search_term_string"}}],"inLanguage":"en-US"}]}},"_links":{"self":[{"href":"https:\/\/florisicadouri.ro\/en\/wp-json\/wp\/v2\/product\/4415","targetHints":{"allow":["GET"]}}],"collection":[{"href":"https:\/\/florisicadouri.ro\/en\/wp-json\/wp\/v2\/product"}],"about":[{"href":"https:\/\/florisicadouri.ro\/en\/wp-json\/wp\/v2\/types\/product"}],"wp:featuredmedia":[{"embeddable":true,"href":"https:\/\/florisicadouri.ro\/en\/wp-json\/wp\/v2\/media\/4416"}],"wp:attachment":[{"href":"https:\/\/florisicadouri.ro\/en\/wp-json\/wp\/v2\/media?parent=4415"}],"wp:term":[{"taxonomy":"product_brand","embeddable":true,"href":"https:\/\/florisicadouri.ro\/en\/wp-json\/wp\/v2\/product_brand?post=4415"},{"taxonomy":"product_cat","embeddable":true,"href":"https:\/\/florisicadouri.ro\/en\/wp-json\/wp\/v2\/product_cat?post=4415"},{"taxonomy":"product_tag","embeddable":true,"href":"https:\/\/florisicadouri.ro\/en\/wp-json\/wp\/v2\/product_tag?post=4415"}],"curies":[{"name":"wp","href":"https:\/\/api.w.org\/{rel}","templated":true}]}}