{"id":4490,"date":"2026-05-14T17:57:19","date_gmt":"2026-05-14T15:57:19","guid":{"rendered":"https:\/\/florisicadouri.ro\/?post_type=product&#038;p=4490"},"modified":"2026-05-14T18:03:36","modified_gmt":"2026-05-14T16:03:36","slug":"buchet-splendoare-cu-bujori","status":"publish","type":"product","link":"https:\/\/florisicadouri.ro\/en\/product\/buchet-splendoare-cu-bujori\/","title":{"rendered":"BUCHET \u201dSplendoare cu bujori\u201d"},"content":{"rendered":"","protected":false},"excerpt":{"rendered":"<p><strong>Acest produs se livreaz\u0103 doar pe raza municipiului Cluj Napoca.<\/strong><br \/>\nUn buchet care pare desprins dintr-o diminea\u021b\u0103 de mai \ud83c\udf38<br \/>\nAcest aranjament floral \u00eembin\u0103 frumuse\u021bea spectaculoas\u0103 a bujorilor roz cu delicate\u021bea florilor albe de mu\u0219e\u021bel, cre\u00e2nd un contrast proasp\u0103t, romantic \u0219i luminos. Fiecare floare este atent selec\u021bionat\u0103 \u0219i aranjat\u0103 pentru a transmite elegan\u021b\u0103 natural\u0103 \u0219i rafinament.<br \/>\n<strong>Completeaz\u0103 cadoul t\u0103u cu:<\/strong><\/p>\n<p><a href=\"https:\/\/florisicadouri.ro\/index.php\/product-category\/vaze\/\"><strong><img loading=\"lazy\" decoding=\"async\" class=\"alignnone wp-image-1654 size-full\" src=\"https:\/\/florisicadouri.ro\/wp-content\/uploads\/2024\/11\/vaza.jpg\" alt=\"\" width=\"80\" height=\"150\" \/><\/strong><\/a><\/p>\n<p><strong>Completeaz\u0103 cadoul t\u0103u cu:<\/strong><\/p>\n<p><a href=\"https:\/\/florisicadouri.ro\/index.php\/product-category\/ciocolata\/\"><img loading=\"lazy\" decoding=\"async\" class=\"alignnone wp-image-1633 size-full\" src=\"https:\/\/florisicadouri.ro\/wp-content\/uploads\/2016\/11\/9025711112222-150x150-1.jpg\" alt=\"\" width=\"164\" height=\"150\" \/><\/a> <a href=\"https:\/\/florisicadouri.ro\/index.php\/product-category\/vinuri\/\"><img loading=\"lazy\" decoding=\"async\" class=\"alignnone size-full wp-image-1637\" src=\"https:\/\/florisicadouri.ro\/wp-content\/uploads\/2016\/11\/aurelia-visinescu-karakter-rose-1.jpg\" alt=\"\" width=\"84\" height=\"150\" \/><\/a><a href=\"https:\/\/florisicadouri.ro\/index.php\/product-category\/jucarii-plus\/\"><img loading=\"lazy\" decoding=\"async\" class=\"alignnone size-full wp-image-1636\" src=\"https:\/\/florisicadouri.ro\/wp-content\/uploads\/2016\/11\/th-150x150-1.jpg\" alt=\"\" width=\"150\" height=\"150\" srcset=\"https:\/\/florisicadouri.ro\/wp-content\/uploads\/2016\/11\/th-150x150-1.jpg 150w, https:\/\/florisicadouri.ro\/wp-content\/uploads\/2016\/11\/th-150x150-1-80x80.jpg 80w, https:\/\/florisicadouri.ro\/wp-content\/uploads\/2016\/11\/th-150x150-1-100x100.jpg 100w, https:\/\/florisicadouri.ro\/wp-content\/uploads\/2016\/11\/th-150x150-1-96x96.jpg 96w\" sizes=\"auto, (max-width: 150px) 100vw, 150px\" \/><\/a><a href=\"https:\/\/florisicadouri.ro\/index.php\/product-category\/ceai\/\"><img loading=\"lazy\" decoding=\"async\" class=\"alignnone wp-image-1648 size-full\" src=\"https:\/\/florisicadouri.ro\/wp-content\/uploads\/2024\/11\/file-copy.jpg\" alt=\"\" width=\"88\" height=\"150\" \/><\/a><br \/>\nAmbalat \u00een h\u00e2rtie verde pastel \u0219i accesorizat cu o fundi\u021b\u0103 satinat\u0103, buchetul este potrivit pentru anivers\u0103ri, zile de na\u0219tere, mul\u021bumiri, declara\u021bii delicate sau pur \u0219i simplu pentru a aduce un z\u00e2mbet nea\u0219teptat.<\/p>\n<p>\u2714 Bujori proaspe\u021bi \u0219i volumino\u0219i<br \/>\n\u2714 Accente florale delicate \u0219i naturale<br \/>\n\u2714 Design modern \u0219i elegant<br \/>\n\u2714 Potrivit pentru orice ocazie special\u0103<br \/>\n\u2714 Livrare \u00een condi\u021bii optime<br \/>\nUn buchet care transform\u0103 orice \u00eenc\u0103pere \u00eentr-un mic col\u021b de gr\u0103din\u0103 parfumat\u0103.<\/p>\n<p>Not\u0103: Florile pot diferi fa\u021b\u0103 de imaginea prezentat\u0103, \u00een func\u021bie de stocul disponibil.<br \/>\nBuchetul poate fi realizat \u0219i cu alte tipuri de flori \u0219i accesorii.<br \/>\nSpecifica\u021bi modific\u0103rile dorite \u00een nota de comand\u0103.<br \/>\n\u00cengrijire: A\u0219eza\u021bi florile departe de surse de c\u0103ldur\u0103 sau expunerea direct\u0103 la soare.<br \/>\nT\u0103ia\u021bi periodic tijele florilor \u0219i a verde\u021burilor cu un cu\u021bit, \u00eentr-un unghi de 45 grade la aprox.2-3 cm de baz\u0103.<br \/>\nSchimba\u021bi apa cel pu\u021bin odat\u0103 la 2-3 zile \u0219i ad\u0103uga\u021bi hran\u0103 floral\u0103.<br \/>\nRecomand\u0103m verificarea telefonic\u0103 a disponibilit\u0103\u021bii produsului \u00eenainte de finalizarea comenzii.<br \/>\nAcest produs nu este destinat consumului uman, este perisabil, nu se poate returna.<\/p>\n","protected":false},"featured_media":4491,"template":"","meta":[],"product_brand":[],"product_cat":[80,87],"product_tag":[],"class_list":{"0":"post-4490","1":"product","2":"type-product","3":"status-publish","4":"has-post-thumbnail","6":"product_cat-buchete-cochete","7":"product_cat-flori-si-cadouri-absolvire","9":"first","10":"instock","11":"shipping-taxable","12":"purchasable","13":"product-type-simple"},"yoast_head":"<!-- This site is optimized with the Yoast SEO plugin v27.6 - https:\/\/yoast.com\/product\/yoast-seo-wordpress\/ -->\n<title>BUCHET \u201dSplendoare cu bujori\u201d - Flori si Cadouri<\/title>\n<meta name=\"description\" content=\"Buchet elegant cu bujori corai, completat de flori delicate de tanacetum. Un cadou floral rafinat pentru anivers\u0103ri, zile speciale alte momente speciale.\" \/>\n<meta name=\"robots\" content=\"index, follow, max-snippet:-1, max-image-preview:large, max-video-preview:-1\" \/>\n<link rel=\"canonical\" href=\"https:\/\/florisicadouri.ro\/en\/product\/buchet-splendoare-cu-bujori\/\" \/>\n<meta property=\"og:locale\" content=\"en_US\" \/>\n<meta property=\"og:type\" content=\"article\" \/>\n<meta property=\"og:title\" content=\"BUCHET \u201dSplendoare cu bujori\u201d - Flori si Cadouri\" \/>\n<meta property=\"og:description\" content=\"Buchet elegant cu bujori corai, completat de flori delicate de tanacetum. Un cadou floral rafinat pentru anivers\u0103ri, zile speciale alte momente speciale.\" \/>\n<meta property=\"og:url\" content=\"https:\/\/florisicadouri.ro\/en\/product\/buchet-splendoare-cu-bujori\/\" \/>\n<meta property=\"og:site_name\" content=\"Flori si Cadouri\" \/>\n<meta property=\"article:modified_time\" content=\"2026-05-14T16:03:36+00:00\" \/>\n<meta property=\"og:image\" content=\"https:\/\/florisicadouri.ro\/wp-content\/uploads\/2026\/05\/BUCHET-Splendoare-cu-bujori.webp\" \/>\n\t<meta property=\"og:image:width\" content=\"1024\" \/>\n\t<meta property=\"og:image:height\" content=\"1536\" \/>\n\t<meta property=\"og:image:type\" content=\"image\/webp\" \/>\n<meta name=\"twitter:card\" content=\"summary_large_image\" \/>\n<meta name=\"twitter:label1\" content=\"Est. reading time\" \/>\n\t<meta name=\"twitter:data1\" content=\"1 minute\" \/>\n<script type=\"application\/ld+json\" class=\"yoast-schema-graph\">{\"@context\":\"https:\\\/\\\/schema.org\",\"@graph\":[{\"@type\":\"WebPage\",\"@id\":\"https:\\\/\\\/florisicadouri.ro\\\/en\\\/product\\\/buchet-splendoare-cu-bujori\\\/\",\"url\":\"https:\\\/\\\/florisicadouri.ro\\\/en\\\/product\\\/buchet-splendoare-cu-bujori\\\/\",\"name\":\"BUCHET \u201dSplendoare cu bujori\u201d - Flori si Cadouri\",\"isPartOf\":{\"@id\":\"https:\\\/\\\/florisicadouri.ro\\\/en\\\/#website\"},\"primaryImageOfPage\":{\"@id\":\"https:\\\/\\\/florisicadouri.ro\\\/en\\\/product\\\/buchet-splendoare-cu-bujori\\\/#primaryimage\"},\"image\":{\"@id\":\"https:\\\/\\\/florisicadouri.ro\\\/en\\\/product\\\/buchet-splendoare-cu-bujori\\\/#primaryimage\"},\"thumbnailUrl\":\"https:\\\/\\\/florisicadouri.ro\\\/wp-content\\\/uploads\\\/2026\\\/05\\\/BUCHET-Splendoare-cu-bujori.webp\",\"datePublished\":\"2026-05-14T15:57:19+00:00\",\"dateModified\":\"2026-05-14T16:03:36+00:00\",\"description\":\"Buchet elegant cu bujori corai, completat de flori delicate de tanacetum. Un cadou floral rafinat pentru anivers\u0103ri, zile speciale alte momente speciale.\",\"breadcrumb\":{\"@id\":\"https:\\\/\\\/florisicadouri.ro\\\/en\\\/product\\\/buchet-splendoare-cu-bujori\\\/#breadcrumb\"},\"inLanguage\":\"en-US\",\"potentialAction\":[{\"@type\":\"ReadAction\",\"target\":[\"https:\\\/\\\/florisicadouri.ro\\\/en\\\/product\\\/buchet-splendoare-cu-bujori\\\/\"]}]},{\"@type\":\"ImageObject\",\"inLanguage\":\"en-US\",\"@id\":\"https:\\\/\\\/florisicadouri.ro\\\/en\\\/product\\\/buchet-splendoare-cu-bujori\\\/#primaryimage\",\"url\":\"https:\\\/\\\/florisicadouri.ro\\\/wp-content\\\/uploads\\\/2026\\\/05\\\/BUCHET-Splendoare-cu-bujori.webp\",\"contentUrl\":\"https:\\\/\\\/florisicadouri.ro\\\/wp-content\\\/uploads\\\/2026\\\/05\\\/BUCHET-Splendoare-cu-bujori.webp\",\"width\":1024,\"height\":1536,\"caption\":\"Buchet rafinat cu bujori roz \u0219i accente florale albe, ideal pentru anivers\u0103ri, surprize romantice \u0219i momente speciale.Buchet rafinat cu bujori roz \u0219i accente florale albe, ideal pentru anivers\u0103ri, surprize romantice \u0219i momente speciale.\"},{\"@type\":\"BreadcrumbList\",\"@id\":\"https:\\\/\\\/florisicadouri.ro\\\/en\\\/product\\\/buchet-splendoare-cu-bujori\\\/#breadcrumb\",\"itemListElement\":[{\"@type\":\"ListItem\",\"position\":1,\"name\":\"Prima pagin\u0103\",\"item\":\"https:\\\/\\\/florisicadouri.ro\\\/en\\\/\"},{\"@type\":\"ListItem\",\"position\":2,\"name\":\"Shop\",\"item\":\"https:\\\/\\\/florisicadouri.ro\\\/en\\\/shop\\\/\"},{\"@type\":\"ListItem\",\"position\":3,\"name\":\"BUCHET \u201dSplendoare cu bujori\u201d\"}]},{\"@type\":\"WebSite\",\"@id\":\"https:\\\/\\\/florisicadouri.ro\\\/en\\\/#website\",\"url\":\"https:\\\/\\\/florisicadouri.ro\\\/en\\\/\",\"name\":\"Flori\",\"description\":\"\",\"potentialAction\":[{\"@type\":\"SearchAction\",\"target\":{\"@type\":\"EntryPoint\",\"urlTemplate\":\"https:\\\/\\\/florisicadouri.ro\\\/en\\\/?s={search_term_string}\"},\"query-input\":{\"@type\":\"PropertyValueSpecification\",\"valueRequired\":true,\"valueName\":\"search_term_string\"}}],\"inLanguage\":\"en-US\"}]}<\/script>\n<!-- \/ Yoast SEO plugin. -->","yoast_head_json":{"title":"BUCHET \u201dSplendoare cu bujori\u201d - Flori si Cadouri","description":"Buchet elegant cu bujori corai, completat de flori delicate de tanacetum. Un cadou floral rafinat pentru anivers\u0103ri, zile speciale alte momente speciale.","robots":{"index":"index","follow":"follow","max-snippet":"max-snippet:-1","max-image-preview":"max-image-preview:large","max-video-preview":"max-video-preview:-1"},"canonical":"https:\/\/florisicadouri.ro\/en\/product\/buchet-splendoare-cu-bujori\/","og_locale":"en_US","og_type":"article","og_title":"BUCHET \u201dSplendoare cu bujori\u201d - Flori si Cadouri","og_description":"Buchet elegant cu bujori corai, completat de flori delicate de tanacetum. Un cadou floral rafinat pentru anivers\u0103ri, zile speciale alte momente speciale.","og_url":"https:\/\/florisicadouri.ro\/en\/product\/buchet-splendoare-cu-bujori\/","og_site_name":"Flori si Cadouri","article_modified_time":"2026-05-14T16:03:36+00:00","og_image":[{"width":1024,"height":1536,"url":"https:\/\/florisicadouri.ro\/wp-content\/uploads\/2026\/05\/BUCHET-Splendoare-cu-bujori.webp","type":"image\/webp"}],"twitter_card":"summary_large_image","twitter_misc":{"Est. reading time":"1 minute"},"schema":{"@context":"https:\/\/schema.org","@graph":[{"@type":"WebPage","@id":"https:\/\/florisicadouri.ro\/en\/product\/buchet-splendoare-cu-bujori\/","url":"https:\/\/florisicadouri.ro\/en\/product\/buchet-splendoare-cu-bujori\/","name":"BUCHET \u201dSplendoare cu bujori\u201d - Flori si Cadouri","isPartOf":{"@id":"https:\/\/florisicadouri.ro\/en\/#website"},"primaryImageOfPage":{"@id":"https:\/\/florisicadouri.ro\/en\/product\/buchet-splendoare-cu-bujori\/#primaryimage"},"image":{"@id":"https:\/\/florisicadouri.ro\/en\/product\/buchet-splendoare-cu-bujori\/#primaryimage"},"thumbnailUrl":"https:\/\/florisicadouri.ro\/wp-content\/uploads\/2026\/05\/BUCHET-Splendoare-cu-bujori.webp","datePublished":"2026-05-14T15:57:19+00:00","dateModified":"2026-05-14T16:03:36+00:00","description":"Buchet elegant cu bujori corai, completat de flori delicate de tanacetum. Un cadou floral rafinat pentru anivers\u0103ri, zile speciale alte momente speciale.","breadcrumb":{"@id":"https:\/\/florisicadouri.ro\/en\/product\/buchet-splendoare-cu-bujori\/#breadcrumb"},"inLanguage":"en-US","potentialAction":[{"@type":"ReadAction","target":["https:\/\/florisicadouri.ro\/en\/product\/buchet-splendoare-cu-bujori\/"]}]},{"@type":"ImageObject","inLanguage":"en-US","@id":"https:\/\/florisicadouri.ro\/en\/product\/buchet-splendoare-cu-bujori\/#primaryimage","url":"https:\/\/florisicadouri.ro\/wp-content\/uploads\/2026\/05\/BUCHET-Splendoare-cu-bujori.webp","contentUrl":"https:\/\/florisicadouri.ro\/wp-content\/uploads\/2026\/05\/BUCHET-Splendoare-cu-bujori.webp","width":1024,"height":1536,"caption":"Buchet rafinat cu bujori roz \u0219i accente florale albe, ideal pentru anivers\u0103ri, surprize romantice \u0219i momente speciale.Buchet rafinat cu bujori roz \u0219i accente florale albe, ideal pentru anivers\u0103ri, surprize romantice \u0219i momente speciale."},{"@type":"BreadcrumbList","@id":"https:\/\/florisicadouri.ro\/en\/product\/buchet-splendoare-cu-bujori\/#breadcrumb","itemListElement":[{"@type":"ListItem","position":1,"name":"Prima pagin\u0103","item":"https:\/\/florisicadouri.ro\/en\/"},{"@type":"ListItem","position":2,"name":"Shop","item":"https:\/\/florisicadouri.ro\/en\/shop\/"},{"@type":"ListItem","position":3,"name":"BUCHET \u201dSplendoare cu bujori\u201d"}]},{"@type":"WebSite","@id":"https:\/\/florisicadouri.ro\/en\/#website","url":"https:\/\/florisicadouri.ro\/en\/","name":"Flori","description":"","potentialAction":[{"@type":"SearchAction","target":{"@type":"EntryPoint","urlTemplate":"https:\/\/florisicadouri.ro\/en\/?s={search_term_string}"},"query-input":{"@type":"PropertyValueSpecification","valueRequired":true,"valueName":"search_term_string"}}],"inLanguage":"en-US"}]}},"_links":{"self":[{"href":"https:\/\/florisicadouri.ro\/en\/wp-json\/wp\/v2\/product\/4490","targetHints":{"allow":["GET"]}}],"collection":[{"href":"https:\/\/florisicadouri.ro\/en\/wp-json\/wp\/v2\/product"}],"about":[{"href":"https:\/\/florisicadouri.ro\/en\/wp-json\/wp\/v2\/types\/product"}],"wp:featuredmedia":[{"embeddable":true,"href":"https:\/\/florisicadouri.ro\/en\/wp-json\/wp\/v2\/media\/4491"}],"wp:attachment":[{"href":"https:\/\/florisicadouri.ro\/en\/wp-json\/wp\/v2\/media?parent=4490"}],"wp:term":[{"taxonomy":"product_brand","embeddable":true,"href":"https:\/\/florisicadouri.ro\/en\/wp-json\/wp\/v2\/product_brand?post=4490"},{"taxonomy":"product_cat","embeddable":true,"href":"https:\/\/florisicadouri.ro\/en\/wp-json\/wp\/v2\/product_cat?post=4490"},{"taxonomy":"product_tag","embeddable":true,"href":"https:\/\/florisicadouri.ro\/en\/wp-json\/wp\/v2\/product_tag?post=4490"}],"curies":[{"name":"wp","href":"https:\/\/api.w.org\/{rel}","templated":true}]}}